{"id":950,"date":"2019-06-13T17:34:48","date_gmt":"2019-06-13T17:34:48","guid":{"rendered":"http:\/\/laboratorios.ufrrj.br\/npqm\/?page_id=950"},"modified":"2019-06-13T17:34:48","modified_gmt":"2019-06-13T17:34:48","slug":"fisica-e-secagem-da-madeira-2","status":"publish","type":"page","link":"https:\/\/laboratorios.ufrrj.br\/npqm\/fisica-e-secagem-da-madeira-2\/","title":{"rendered":"F\u00edsica e Secagem da Madeira"},"content":{"rendered":"<table width=\"748\">\n<tbody>\n<tr>\n<td width=\"92\"><strong>Respons\u00e1vel:<\/strong><\/td>\n<td colspan=\"2\" width=\"327\"><a href=\"http:\/\/buscatextual.cnpq.br\/buscatextual\/visualizacv.do?metodo=apresentar&amp;id=K4796501D0\"><strong>Prof. Dr. Jo\u00e3o Vicente de Figueiredo Latorraca<\/strong><\/a><\/td>\n<\/tr>\n<tr>\n<td width=\"92\">&nbsp;<\/td>\n<td colspan=\"2\" width=\"327\">&nbsp;<\/td>\n<\/tr>\n<tr>\n<td width=\"92\"><strong>Descri\u00e7\u00e3o:<\/strong><\/td>\n<td colspan=\"2\" width=\"327\">O <em>Laborat\u00f3rio de F\u00edsica e Secagem da Madeira<\/em>, do Departamento de Produtos Florestais, conta com uma das mais modernas plantas piloto de secagem da madeira do Brasil, desenvolvendo programas de secagem para diferentes esp\u00e9cies e dimens\u00f5es de pe\u00e7as de madeira, atrav\u00e9s do controle automatizado de todas as vari\u00e1veis. No Laborat\u00f3rio s\u00e3o ministradas aulas pr\u00e1ticas da disciplina Secagem da Madeira, do curso de Engenharia Florestal da UFRRJ, ilustrando o carregamento e empilhamento da madeira, e o acompanhamento das intera\u00e7\u00f5es das vari\u00e1veis envolvidas na secagem da madeira, al\u00e9m da avalia\u00e7\u00e3o da qualidade final das pe\u00e7as secas. As pesquisas envolvem alunos de gradua\u00e7\u00e3o e p\u00f3s-gradua\u00e7\u00e3o, em projetos de inicia\u00e7\u00e3o cient\u00edfica, mestrado e doutorado, nas \u00e1reas de f\u00edsica e secagem da madeira, tratamento t\u00e9rmico de madeira serrada e produtos como embalagens de madeira.<\/td>\n<\/tr>\n<tr>\n<td width=\"92\"><strong>Equipe Atuante<\/strong>:<\/td>\n<td colspan=\"2\" width=\"327\">&nbsp;<\/td>\n<\/tr>\n<tr>\n<td width=\"92\">&nbsp;<\/td>\n<td width=\"133\"><strong><em>Pesquisadores<\/em><\/strong><\/td>\n<td>&nbsp;<\/td>\n<\/tr>\n<tr>\n<td width=\"92\">&nbsp;<\/td>\n<td width=\"133\">&nbsp;<\/td>\n<td width=\"192\">Dr. Jo\u00e3o Vicente de Figueiredo Latorraca<br \/>\nDr. Alexandre Monteiro de Carvalho<\/td>\n<\/tr>\n<tr>\n<td width=\"92\">&nbsp;<\/td>\n<td width=\"133\"><strong><em>Discentes<\/em><\/strong><\/td>\n<td>&nbsp;<\/td>\n<\/tr>\n<tr>\n<td width=\"92\">&nbsp;<\/td>\n<td width=\"133\">&nbsp;<\/td>\n<td>&nbsp;<\/td>\n<\/tr>\n<tr>\n<td width=\"92\"><strong>Projetos:<\/strong><\/td>\n<td colspan=\"2\" width=\"327\"><a href=\"http:\/\/laboratorios.ufrrj.br\/npqm\/projetos-de-pesquisa\/\">Ver<\/a><\/td>\n<\/tr>\n<tr>\n<td width=\"92\"><strong>Infraestrutura:<\/strong><\/td>\n<td colspan=\"2\" width=\"327\">\u2013 Estufa de secagem para 4 m3 de madeiras e para secagem de part\u00edculas de madeira, com CLP;<br \/>\n\u2013 Estufas de laborat\u00f3rio;<br \/>\n\u2013 Balan\u00e7as anal\u00edticas;<br \/>\n\u2013 Mufla de 1m3;<br \/>\n\u2013 Classificadora de part\u00edculas;<br \/>\n\u2013 Sistema de aquisi\u00e7\u00e3o de dados de temperatura;&nbsp;<br \/>\n\u2013 Micr\u00f4metros e paqu\u00edmetros digitais.<\/td>\n<\/tr>\n<\/tbody>\n<\/table>\n","protected":false},"excerpt":{"rendered":"<p>Respons\u00e1vel: Prof. Dr. Jo\u00e3o Vicente de Figueiredo Latorraca &nbsp; &nbsp; Descri\u00e7\u00e3o: O Laborat\u00f3rio de F\u00edsica e Secagem da Madeira, do <a class=\"read-more\" href=\"https:\/\/laboratorios.ufrrj.br\/npqm\/fisica-e-secagem-da-madeira-2\/ \" >&#8230; <span class=\"font-italic\">leia mais <i class=\"fas fa-angle-right\"><\/i><\/span><\/a><\/p>\n","protected":false},"author":9,"featured_media":0,"parent":0,"menu_order":0,"comment_status":"closed","ping_status":"closed","template":"","meta":{"_acf_changed":false,"ngg_post_thumbnail":0,"footnotes":""},"class_list":["post-950","page","type-page","status-publish","hentry"],"acf":[],"yoast_head":"<!-- This site is optimized with the Yoast SEO plugin v26.8 - https:\/\/yoast.com\/product\/yoast-seo-wordpress\/ -->\n<title>F\u00edsica e Secagem da Madeira - N\u00facleo de Pesquisa em Qualidade de \u00c1rvores e Madeira<\/title>\n<meta name=\"robots\" content=\"index, follow, max-snippet:-1, max-image-preview:large, max-video-preview:-1\" \/>\n<link rel=\"canonical\" href=\"https:\/\/laboratorios.ufrrj.br\/npqm\/fisica-e-secagem-da-madeira-2\/\" \/>\n<meta property=\"og:locale\" content=\"pt_BR\" \/>\n<meta property=\"og:type\" content=\"article\" \/>\n<meta property=\"og:title\" content=\"F\u00edsica e Secagem da Madeira - N\u00facleo de Pesquisa em Qualidade de \u00c1rvores e Madeira\" \/>\n<meta property=\"og:description\" content=\"Respons\u00e1vel: Prof. Dr. Jo\u00e3o Vicente de Figueiredo Latorraca &nbsp; &nbsp; Descri\u00e7\u00e3o: O Laborat\u00f3rio de F\u00edsica e Secagem da Madeira, do ... leia mais\" \/>\n<meta property=\"og:url\" content=\"https:\/\/laboratorios.ufrrj.br\/npqm\/fisica-e-secagem-da-madeira-2\/\" \/>\n<meta property=\"og:site_name\" content=\"N\u00facleo de Pesquisa em Qualidade de \u00c1rvores e Madeira\" \/>\n<meta name=\"twitter:card\" content=\"summary_large_image\" \/>\n<meta name=\"twitter:label1\" content=\"Est. tempo de leitura\" \/>\n\t<meta name=\"twitter:data1\" content=\"1 minuto\" \/>\n<script type=\"application\/ld+json\" class=\"yoast-schema-graph\">{\"@context\":\"https:\/\/schema.org\",\"@graph\":[{\"@type\":\"WebPage\",\"@id\":\"https:\/\/laboratorios.ufrrj.br\/npqm\/fisica-e-secagem-da-madeira-2\/\",\"url\":\"https:\/\/laboratorios.ufrrj.br\/npqm\/fisica-e-secagem-da-madeira-2\/\",\"name\":\"F\u00edsica e Secagem da Madeira - N\u00facleo de Pesquisa em Qualidade de \u00c1rvores e Madeira\",\"isPartOf\":{\"@id\":\"https:\/\/laboratorios.ufrrj.br\/npqm\/#website\"},\"datePublished\":\"2019-06-13T17:34:48+00:00\",\"breadcrumb\":{\"@id\":\"https:\/\/laboratorios.ufrrj.br\/npqm\/fisica-e-secagem-da-madeira-2\/#breadcrumb\"},\"inLanguage\":\"pt-BR\",\"potentialAction\":[{\"@type\":\"ReadAction\",\"target\":[\"https:\/\/laboratorios.ufrrj.br\/npqm\/fisica-e-secagem-da-madeira-2\/\"]}]},{\"@type\":\"BreadcrumbList\",\"@id\":\"https:\/\/laboratorios.ufrrj.br\/npqm\/fisica-e-secagem-da-madeira-2\/#breadcrumb\",\"itemListElement\":[{\"@type\":\"ListItem\",\"position\":1,\"name\":\"In\u00edcio\",\"item\":\"https:\/\/laboratorios.ufrrj.br\/npqm\/\"},{\"@type\":\"ListItem\",\"position\":2,\"name\":\"F\u00edsica e Secagem da Madeira\"}]},{\"@type\":\"WebSite\",\"@id\":\"https:\/\/laboratorios.ufrrj.br\/npqm\/#website\",\"url\":\"https:\/\/laboratorios.ufrrj.br\/npqm\/\",\"name\":\"N\u00facleo de Pesquisa em Qualidade de \u00c1rvores e Madeira\",\"description\":\"\",\"publisher\":{\"@id\":\"https:\/\/laboratorios.ufrrj.br\/npqm\/#organization\"},\"potentialAction\":[{\"@type\":\"SearchAction\",\"target\":{\"@type\":\"EntryPoint\",\"urlTemplate\":\"https:\/\/laboratorios.ufrrj.br\/npqm\/?s={search_term_string}\"},\"query-input\":{\"@type\":\"PropertyValueSpecification\",\"valueRequired\":true,\"valueName\":\"search_term_string\"}}],\"inLanguage\":\"pt-BR\"},{\"@type\":\"Organization\",\"@id\":\"https:\/\/laboratorios.ufrrj.br\/npqm\/#organization\",\"name\":\"UFRRJ - Universidade Federal Rural do Rio de Janeiro\",\"url\":\"https:\/\/laboratorios.ufrrj.br\/npqm\/\",\"logo\":{\"@type\":\"ImageObject\",\"inLanguage\":\"pt-BR\",\"@id\":\"https:\/\/laboratorios.ufrrj.br\/npqm\/#\/schema\/logo\/image\/\",\"url\":\"https:\/\/laboratorios.ufrrj.br\/npqm\/wp-content\/uploads\/sites\/4\/2025\/07\/LOGO_NPQAM2.png\",\"contentUrl\":\"https:\/\/laboratorios.ufrrj.br\/npqm\/wp-content\/uploads\/sites\/4\/2025\/07\/LOGO_NPQAM2.png\",\"width\":1806,\"height\":1806,\"caption\":\"UFRRJ - Universidade Federal Rural do Rio de Janeiro\"},\"image\":{\"@id\":\"https:\/\/laboratorios.ufrrj.br\/npqm\/#\/schema\/logo\/image\/\"}}]}<\/script>\n<!-- \/ Yoast SEO plugin. -->","yoast_head_json":{"title":"F\u00edsica e Secagem da Madeira - N\u00facleo de Pesquisa em Qualidade de \u00c1rvores e Madeira","robots":{"index":"index","follow":"follow","max-snippet":"max-snippet:-1","max-image-preview":"max-image-preview:large","max-video-preview":"max-video-preview:-1"},"canonical":"https:\/\/laboratorios.ufrrj.br\/npqm\/fisica-e-secagem-da-madeira-2\/","og_locale":"pt_BR","og_type":"article","og_title":"F\u00edsica e Secagem da Madeira - N\u00facleo de Pesquisa em Qualidade de \u00c1rvores e Madeira","og_description":"Respons\u00e1vel: Prof. Dr. Jo\u00e3o Vicente de Figueiredo Latorraca &nbsp; &nbsp; Descri\u00e7\u00e3o: O Laborat\u00f3rio de F\u00edsica e Secagem da Madeira, do ... leia mais","og_url":"https:\/\/laboratorios.ufrrj.br\/npqm\/fisica-e-secagem-da-madeira-2\/","og_site_name":"N\u00facleo de Pesquisa em Qualidade de \u00c1rvores e Madeira","twitter_card":"summary_large_image","twitter_misc":{"Est. tempo de leitura":"1 minuto"},"schema":{"@context":"https:\/\/schema.org","@graph":[{"@type":"WebPage","@id":"https:\/\/laboratorios.ufrrj.br\/npqm\/fisica-e-secagem-da-madeira-2\/","url":"https:\/\/laboratorios.ufrrj.br\/npqm\/fisica-e-secagem-da-madeira-2\/","name":"F\u00edsica e Secagem da Madeira - N\u00facleo de Pesquisa em Qualidade de \u00c1rvores e Madeira","isPartOf":{"@id":"https:\/\/laboratorios.ufrrj.br\/npqm\/#website"},"datePublished":"2019-06-13T17:34:48+00:00","breadcrumb":{"@id":"https:\/\/laboratorios.ufrrj.br\/npqm\/fisica-e-secagem-da-madeira-2\/#breadcrumb"},"inLanguage":"pt-BR","potentialAction":[{"@type":"ReadAction","target":["https:\/\/laboratorios.ufrrj.br\/npqm\/fisica-e-secagem-da-madeira-2\/"]}]},{"@type":"BreadcrumbList","@id":"https:\/\/laboratorios.ufrrj.br\/npqm\/fisica-e-secagem-da-madeira-2\/#breadcrumb","itemListElement":[{"@type":"ListItem","position":1,"name":"In\u00edcio","item":"https:\/\/laboratorios.ufrrj.br\/npqm\/"},{"@type":"ListItem","position":2,"name":"F\u00edsica e Secagem da Madeira"}]},{"@type":"WebSite","@id":"https:\/\/laboratorios.ufrrj.br\/npqm\/#website","url":"https:\/\/laboratorios.ufrrj.br\/npqm\/","name":"N\u00facleo de Pesquisa em Qualidade de \u00c1rvores e Madeira","description":"","publisher":{"@id":"https:\/\/laboratorios.ufrrj.br\/npqm\/#organization"},"potentialAction":[{"@type":"SearchAction","target":{"@type":"EntryPoint","urlTemplate":"https:\/\/laboratorios.ufrrj.br\/npqm\/?s={search_term_string}"},"query-input":{"@type":"PropertyValueSpecification","valueRequired":true,"valueName":"search_term_string"}}],"inLanguage":"pt-BR"},{"@type":"Organization","@id":"https:\/\/laboratorios.ufrrj.br\/npqm\/#organization","name":"UFRRJ - Universidade Federal Rural do Rio de Janeiro","url":"https:\/\/laboratorios.ufrrj.br\/npqm\/","logo":{"@type":"ImageObject","inLanguage":"pt-BR","@id":"https:\/\/laboratorios.ufrrj.br\/npqm\/#\/schema\/logo\/image\/","url":"https:\/\/laboratorios.ufrrj.br\/npqm\/wp-content\/uploads\/sites\/4\/2025\/07\/LOGO_NPQAM2.png","contentUrl":"https:\/\/laboratorios.ufrrj.br\/npqm\/wp-content\/uploads\/sites\/4\/2025\/07\/LOGO_NPQAM2.png","width":1806,"height":1806,"caption":"UFRRJ - Universidade Federal Rural do Rio de Janeiro"},"image":{"@id":"https:\/\/laboratorios.ufrrj.br\/npqm\/#\/schema\/logo\/image\/"}}]}},"_links":{"self":[{"href":"https:\/\/laboratorios.ufrrj.br\/npqm\/wp-json\/wp\/v2\/pages\/950","targetHints":{"allow":["GET"]}}],"collection":[{"href":"https:\/\/laboratorios.ufrrj.br\/npqm\/wp-json\/wp\/v2\/pages"}],"about":[{"href":"https:\/\/laboratorios.ufrrj.br\/npqm\/wp-json\/wp\/v2\/types\/page"}],"author":[{"embeddable":true,"href":"https:\/\/laboratorios.ufrrj.br\/npqm\/wp-json\/wp\/v2\/users\/9"}],"replies":[{"embeddable":true,"href":"https:\/\/laboratorios.ufrrj.br\/npqm\/wp-json\/wp\/v2\/comments?post=950"}],"version-history":[{"count":1,"href":"https:\/\/laboratorios.ufrrj.br\/npqm\/wp-json\/wp\/v2\/pages\/950\/revisions"}],"predecessor-version":[{"id":951,"href":"https:\/\/laboratorios.ufrrj.br\/npqm\/wp-json\/wp\/v2\/pages\/950\/revisions\/951"}],"wp:attachment":[{"href":"https:\/\/laboratorios.ufrrj.br\/npqm\/wp-json\/wp\/v2\/media?parent=950"}],"curies":[{"name":"wp","href":"https:\/\/api.w.org\/{rel}","templated":true}]}}