{"id":939,"date":"2019-06-05T16:55:39","date_gmt":"2019-06-05T16:55:39","guid":{"rendered":"http:\/\/laboratorios.ufrrj.br\/npqm\/?page_id=939"},"modified":"2019-06-05T16:55:39","modified_gmt":"2019-06-05T16:55:39","slug":"producao-cientifica-3","status":"publish","type":"page","link":"https:\/\/laboratorios.ufrrj.br\/npqm\/producao-cientifica-3\/","title":{"rendered":"Produ\u00e7\u00e3o Cient\u00edfica"},"content":{"rendered":"<p><strong>Produ\u00e7\u00e3o Cient\u00edfica 2015<\/strong><\/p>\n<p><strong>ARTIGOS CIENT\u00cdFICOS:<\/strong><\/p>\n<p>PALERMO, G. P. M.; <strong>Latorraca, Jo\u00e3o Vicente de Figueiredo<\/strong>; CARVALHO, A. M.; SEVERO, Elias Taylor Durgante; CALONEGO, FRED WILLIANS. Anatomical properties of Eucalyptus grandis wood and transition age between the juvenile and mature woods. Holz als Roh- und Werkstoff (Print) \/ European Journal of Wood and Wood Products (Print). , v.73, p.775 &#8211; 780, 2015.<\/p>\n<p>&nbsp;<\/p>\n<p><strong>Jo\u00e3o Vicente Figueiredo Latorraca<\/strong>; DIAS JUNIOR, A. F.; SILVA, Gilmar Correia; CARVALHO, Alexandre Monteiro de. Anelamento e vaporiza\u00e7\u00e3o de toras visando otimiza\u00e7\u00e3o do processo de secagem da madeira eucalipto. Agr\u00e1ria (Recife. Online). , v.10, p.273 &#8211; 279, 2015.<\/p>\n<p>&nbsp;<\/p>\n<p>PALERMO, G. P. M.; <strong>Latorraca, Jo\u00e3o Vicente de Figueiredo<\/strong>; CARVALHO, A. M.; Garcia, R.A. AVALIA\u00c7\u00c3O DA SUPERF\u00cdCIE DA MADEIRA DE &lt;i&gt;Eucalyptus grandis&lt;\/i&gt; Hill ex Maiden TRATADA TERMICAMENTE. http:\/\/dx.doi.org\/10.5902\/198050987550. , v.25, p.145 &#8211; 152, 2015.<\/p>\n<p>&nbsp;<\/p>\n<p><strong>Jo\u00e3o Vicente Figueiredo Latorraca<\/strong>; SOUZA, M. T.; SILVA, L. D. S. A. B.; RAMOS, L. M. S. DENDROCRONOLOGIA DE \u00c1RVORES DE Schizolobium parahyba (Vell.) S. F. Blake DE OCORR\u00caNCIA NA REBIO DE TINGU\u00c1-RJ. Revista \u00c1rvore (Online). , v.39, p.385 &#8211; 394, 2015.<\/p>\n<p>&nbsp;<\/p>\n<p>Teixeira, Juliana Grillo; <strong>Jo\u00e3o Vicente Figueiredo Latorraca<\/strong>; TREVISAN, H.; PAES, J. B. Efici\u00eancia do \u00f3leo de neem e dos res\u00edduos de candeia sobre a inibi\u00e7\u00e3o do desenvolvimento de fungos xil\u00f3fagos. Scientia Forestalis (IPEF). , v.43, p.1 &#8211; 16, 2015.<\/p>\n<p>&nbsp;<\/p>\n<p><strong>Latorraca, Jo\u00e3o Vicente de Figueiredo<\/strong>; D\u00fcnisch, O. The Assimilate Partitioning Importance for Heartwood Extractives Formation in Robinia Pseudoacacia l. of Different Ages. FLORAM &#8211; Revista Floresta e Ambiente. , v.22, p.400 &#8211; 407, 2015.<\/p>\n<p>&nbsp;<\/p>\n<p>&nbsp;<\/p>\n<p><strong>Produ\u00e7\u00e3o Cient\u00edfica 2014<\/strong><\/p>\n<div class=\"artigo-completo\">\n<div class=\"layout-cell layout-cell-11\">\n<div class=\"layout-cell-pad-5\">\n<p><a href=\"http:\/\/laboratorios.ufrrj.br\/npqm\/wp-content\/uploads\/sites\/4\/2015\/05\/28958-136389-1-PB.pdf\" target=\"_blank\" rel=\"noopener\">CARMO, Jair Figueiredo Do ; <b>Latorraca, Jo\u00e3o Vicente de Figueiredo<\/b> ; ROCHA, M\u00e1rcio Pereira da ; BRITO, Edv\u00e1 Oliveira . INFLUE\u0302NCIA DA GEOMETRIA DOS DENTES DAS LA\u0302MINAS DE SERRA-FITA NA QUALIDADE E PRODUTIVIDADE DA MADEIRA SERRADA. Floresta (Online) (Curitiba), v. 44, p. 291-302, 2014.<\/a><\/p>\n<div class=\"citado\">&nbsp;<\/div>\n<\/div>\n<\/div>\n<\/div>\n<div class=\"artigo-completo\">\n<div class=\"layout-cell layout-cell-1 text-align-right\">\n<div class=\"layout-cell-pad-5 text-align-right\"><a href=\"http:\/\/laboratorios.ufrrj.br\/npqm\/wp-content\/uploads\/sites\/4\/2015\/05\/aop3714.pdf\" target=\"_blank\" rel=\"noopener\">Garcia, R.A. ; Lopes, Juliana de Oliveira ; CARVALHO, A. M. ; <b>Latorraca, Jo\u00e3o Vicente de Figueiredo<\/b> . Color stability of weathered heat-treated teak wood. Maderas. Ciencia y Tecnolog\u00eda (En l\u00ednea)<sup><img decoding=\"async\" id=\"0718221X_3\" class=\"ajaxJCR jcrTip\" src=\"http:\/\/buscatextual.cnpq.br\/buscatextual\/images\/curriculo\/jcr.gif\" alt=\"\"><\/sup>, v. 16, p. 453-462, 2014.&nbsp;<\/a><\/div>\n<\/div>\n<div class=\"layout-cell layout-cell-11\">\n<div class=\"layout-cell-pad-5\">\n<div class=\"citado\">&nbsp;<\/div>\n<div class=\"citado\"><a href=\"http:\/\/laboratorios.ufrrj.br\/npqm\/wp-content\/uploads\/sites\/4\/2015\/05\/v21n1a14.pdf\" target=\"_blank\" rel=\"noopener\">CALONEGO, FRED WILLIANS ; SEVERO, Elias Taylor Durgante ; <b>latorraca, Jo\u00e3o Vicente<\/b> . Effect of Thermal Modification on the Physical Properties of Juvenile and Mature Woods of Eucalyptus grandis. Floresta e Ambiente, v. 21, p. 108-113, 2014.<\/a><\/div>\n<\/div>\n<\/div>\n<\/div>\n<div class=\"artigo-completo\">\n<div class=\"layout-cell layout-cell-11\">\n<div class=\"layout-cell-pad-5\">\n<div class=\"citado\">&nbsp;<\/div>\n<\/div>\n<\/div>\n<\/div>\n<div class=\"artigo-completo\">\n<div class=\"layout-cell layout-cell-1 text-align-right\">\n<div class=\"layout-cell-pad-5 text-align-right\">TREVISAN, HENRIQUE ; <b>DE FIGUEIREDO LATORRACA, JO\u00c3O VICENTE<\/b> ; Teixeira, Juliana Grilo ; DE CARVALHO, ACACIO GERALDO . Analysis of rigidity loss and deterioration from exposure in a decay test field of thermorectificated Eucalyptus grandis wood. Maderas. Ciencia y Tecnolog\u00eda (En l\u00ednea)<sup><img decoding=\"async\" id=\"0718221X_5\" class=\"ajaxJCR jcrTip\" src=\"http:\/\/buscatextual.cnpq.br\/buscatextual\/images\/curriculo\/jcr.gif\" alt=\"\"><\/sup>, v. 16, p. 217-226, 2014.<\/div>\n<\/div>\n<div class=\"layout-cell layout-cell-11\">\n<div class=\"layout-cell-pad-5\">\n<div class=\"citado\">&nbsp;<\/div>\n<\/div>\n<\/div>\n<\/div>\n<div class=\"artigo-completo\">\n<div class=\"layout-cell layout-cell-1 text-align-right\">\n<div class=\"layout-cell-pad-5 text-align-right\">DE MOURA PALERMO, GILMARA PIRES ; <b>DE FIGUEIREDO LATORRACA, JO\u00c3O VICENTE<\/b> ; DE MOURA, LUIZ FERNANDO ; NOLASCO, ADRIANA MARIA ; MONTEIRO DE CARVALHO, ALEXANDRE ; Garcia, Rosilei Aparecida . Surface roughness of heat treated Eucalyptus grandis wood. Maderas. Ciencia y Tecnolog\u00eda (En l\u00ednea)<sup><img decoding=\"async\" id=\"0718221X_6\" class=\"ajaxJCR jcrTip\" src=\"http:\/\/buscatextual.cnpq.br\/buscatextual\/images\/curriculo\/jcr.gif\" alt=\"\"><\/sup>, v. 16, p. 3-12, 2014.<\/div>\n<\/div>\n<div class=\"layout-cell layout-cell-11\">\n<div class=\"layout-cell-pad-5\">\n<div class=\"citado\">&nbsp;<\/div>\n<\/div>\n<\/div>\n<\/div>\n<div class=\"artigo-completo\">\n<div class=\"layout-cell layout-cell-1 text-align-right\">\n<div class=\"layout-cell-pad-5 text-align-right\">OLIVEIRA, B. R. U. ; <b>LATORRACA, J.V.F.<\/b> ; TOMAZELLO FILHO, M. . Tree-ring growth response of teak (Tectona grandis L.f.) to climatic variables in central-west region of Brazil. Scientia Forestalis (IPEF)<sup><img decoding=\"async\" id=\"14139324_7\" class=\"ajaxJCR jcrTip\" src=\"http:\/\/buscatextual.cnpq.br\/buscatextual\/images\/curriculo\/jcr.gif\" alt=\"\"><\/sup>, v. 42, p. 473-482, 2014.<\/div>\n<\/div>\n<div class=\"layout-cell layout-cell-11\">\n<div class=\"layout-cell-pad-5\">\n<div class=\"citado\">&nbsp;<\/div>\n<\/div>\n<\/div>\n<\/div>\n<div class=\"artigo-completo\">\n<div class=\"layout-cell layout-cell-1 text-align-right\">\n<div class=\"layout-cell-pad-5 text-align-right\">Lopes, Juliana de Oliveira ; Garcia, Rosilei Aparecida ; NASCIMENTO, A. M. ; <b>Jo\u00e3o Vicente Figueiredo Latorraca<\/b> . Propriedades f\u00edsicas da madeira de teca termorretificada. FLORAM &#8211; Revista Floresta e Ambiente, v. 21, p. 569-577, 2014.<\/div>\n<\/div>\n<div class=\"layout-cell layout-cell-11\">\n<div class=\"layout-cell-pad-5\">\n<div class=\"citado\">&nbsp;<\/div>\n<\/div>\n<\/div>\n<\/div>\n<div class=\"artigo-completo\">\n<div class=\"layout-cell layout-cell-1 text-align-right\">\n<div class=\"layout-cell-pad-5 text-align-right\">Lopes, Juliana de Oliveira ; Garcia, R.A. ; NASCIMENTO, A. M. ; CARVALHO, Alexandre Monteiro de ; <b>Latorraca, Jo\u00e3o Vicente de Figueiredo<\/b> . UNIFORMIZA\u00c7\u00c3O DA COR DA MADEIRA JOVEM DE TECA PELA TERMORRETIFICA\u00c7\u00c3O. Revista \u00c1rvore (Online)<sup><img decoding=\"async\" id=\"18069088_9\" class=\"ajaxJCR jcrTip\" src=\"http:\/\/buscatextual.cnpq.br\/buscatextual\/images\/curriculo\/jcr.gif\" alt=\"\"><\/sup>, v. 38, p. 561-568, 2014.<\/div>\n<\/div>\n<div class=\"layout-cell layout-cell-11\">\n<div class=\"layout-cell-pad-5\">\n<div class=\"citado\">&nbsp;<\/div>\n<\/div>\n<\/div>\n<\/div>\n<div class=\"artigo-completo\">\n<div class=\"layout-cell layout-cell-11\">\n<div class=\"layout-cell-pad-5\">\n<p>SILVA, C. R. P. ; <b>LATORRACA, J. V. F.<\/b> ; CARMO, Jair Figueiredo Do ; MOJENA, P. A. . LUMBER YELD IN FUNCTION OF DIAMETER CLASSES AND QUALITY STANDARDS OF LOGS. Floresta (Online) (Curitiba), v. 44, p. 709-714, 2014.<\/p>\n<div class=\"citado\">&nbsp;<\/div>\n<\/div>\n<\/div>\n<\/div>\n<div class=\"artigo-completo\">\n<div class=\"layout-cell layout-cell-1 text-align-right\">\n<div class=\"layout-cell-pad-5 text-align-right\">Lopes, Juliana de Oliveira ; Garcia, Rosilei Aparecida ; <b>Latorraca, Jo\u00e3o Vicente de Figueiredo<\/b> ; NASCIMENTO, Alexandre Miguel Do . Altera\u00e7\u00e3o da cor da madeira de teca por tratamento t\u00e9rmico. FLORAM &#8211; Revista Floresta e Ambiente, v. 21, p. 521-534, 2014.<\/div>\n<\/div>\n<\/div>\n","protected":false},"excerpt":{"rendered":"<p>Produ\u00e7\u00e3o Cient\u00edfica 2015 ARTIGOS CIENT\u00cdFICOS: PALERMO, G. P. M.; Latorraca, Jo\u00e3o Vicente de Figueiredo; CARVALHO, A. M.; SEVERO, Elias Taylor <a class=\"read-more\" href=\"https:\/\/laboratorios.ufrrj.br\/npqm\/producao-cientifica-3\/ \" >&#8230; <span class=\"font-italic\">leia mais <i class=\"fas fa-angle-right\"><\/i><\/span><\/a><\/p>\n","protected":false},"author":9,"featured_media":0,"parent":0,"menu_order":0,"comment_status":"closed","ping_status":"closed","template":"","meta":{"_acf_changed":false,"ngg_post_thumbnail":0,"footnotes":""},"class_list":["post-939","page","type-page","status-publish","hentry"],"acf":[],"yoast_head":"<!-- This site is optimized with the Yoast SEO plugin v26.8 - https:\/\/yoast.com\/product\/yoast-seo-wordpress\/ -->\n<title>Produ\u00e7\u00e3o Cient\u00edfica - N\u00facleo de Pesquisa em Qualidade de \u00c1rvores e Madeira<\/title>\n<meta name=\"robots\" content=\"index, follow, max-snippet:-1, max-image-preview:large, max-video-preview:-1\" \/>\n<link rel=\"canonical\" href=\"https:\/\/laboratorios.ufrrj.br\/npqm\/producao-cientifica-3\/\" \/>\n<meta property=\"og:locale\" content=\"pt_BR\" \/>\n<meta property=\"og:type\" content=\"article\" \/>\n<meta property=\"og:title\" content=\"Produ\u00e7\u00e3o Cient\u00edfica - N\u00facleo de Pesquisa em Qualidade de \u00c1rvores e Madeira\" \/>\n<meta property=\"og:description\" content=\"Produ\u00e7\u00e3o Cient\u00edfica 2015 ARTIGOS CIENT\u00cdFICOS: PALERMO, G. P. M.; Latorraca, Jo\u00e3o Vicente de Figueiredo; CARVALHO, A. M.; SEVERO, Elias Taylor ... leia mais\" \/>\n<meta property=\"og:url\" content=\"https:\/\/laboratorios.ufrrj.br\/npqm\/producao-cientifica-3\/\" \/>\n<meta property=\"og:site_name\" content=\"N\u00facleo de Pesquisa em Qualidade de \u00c1rvores e Madeira\" \/>\n<meta property=\"og:image\" content=\"http:\/\/buscatextual.cnpq.br\/buscatextual\/images\/curriculo\/jcr.gif\" \/>\n<meta name=\"twitter:card\" content=\"summary_large_image\" \/>\n<meta name=\"twitter:label1\" content=\"Est. tempo de leitura\" \/>\n\t<meta name=\"twitter:data1\" content=\"3 minutos\" \/>\n<script type=\"application\/ld+json\" class=\"yoast-schema-graph\">{\"@context\":\"https:\/\/schema.org\",\"@graph\":[{\"@type\":\"WebPage\",\"@id\":\"https:\/\/laboratorios.ufrrj.br\/npqm\/producao-cientifica-3\/\",\"url\":\"https:\/\/laboratorios.ufrrj.br\/npqm\/producao-cientifica-3\/\",\"name\":\"Produ\u00e7\u00e3o Cient\u00edfica - N\u00facleo de Pesquisa em Qualidade de \u00c1rvores e Madeira\",\"isPartOf\":{\"@id\":\"https:\/\/laboratorios.ufrrj.br\/npqm\/#website\"},\"primaryImageOfPage\":{\"@id\":\"https:\/\/laboratorios.ufrrj.br\/npqm\/producao-cientifica-3\/#primaryimage\"},\"image\":{\"@id\":\"https:\/\/laboratorios.ufrrj.br\/npqm\/producao-cientifica-3\/#primaryimage\"},\"thumbnailUrl\":\"http:\/\/buscatextual.cnpq.br\/buscatextual\/images\/curriculo\/jcr.gif\",\"datePublished\":\"2019-06-05T16:55:39+00:00\",\"breadcrumb\":{\"@id\":\"https:\/\/laboratorios.ufrrj.br\/npqm\/producao-cientifica-3\/#breadcrumb\"},\"inLanguage\":\"pt-BR\",\"potentialAction\":[{\"@type\":\"ReadAction\",\"target\":[\"https:\/\/laboratorios.ufrrj.br\/npqm\/producao-cientifica-3\/\"]}]},{\"@type\":\"ImageObject\",\"inLanguage\":\"pt-BR\",\"@id\":\"https:\/\/laboratorios.ufrrj.br\/npqm\/producao-cientifica-3\/#primaryimage\",\"url\":\"http:\/\/buscatextual.cnpq.br\/buscatextual\/images\/curriculo\/jcr.gif\",\"contentUrl\":\"http:\/\/buscatextual.cnpq.br\/buscatextual\/images\/curriculo\/jcr.gif\"},{\"@type\":\"BreadcrumbList\",\"@id\":\"https:\/\/laboratorios.ufrrj.br\/npqm\/producao-cientifica-3\/#breadcrumb\",\"itemListElement\":[{\"@type\":\"ListItem\",\"position\":1,\"name\":\"In\u00edcio\",\"item\":\"https:\/\/laboratorios.ufrrj.br\/npqm\/\"},{\"@type\":\"ListItem\",\"position\":2,\"name\":\"Produ\u00e7\u00e3o Cient\u00edfica\"}]},{\"@type\":\"WebSite\",\"@id\":\"https:\/\/laboratorios.ufrrj.br\/npqm\/#website\",\"url\":\"https:\/\/laboratorios.ufrrj.br\/npqm\/\",\"name\":\"N\u00facleo de Pesquisa em Qualidade de \u00c1rvores e Madeira\",\"description\":\"\",\"publisher\":{\"@id\":\"https:\/\/laboratorios.ufrrj.br\/npqm\/#organization\"},\"potentialAction\":[{\"@type\":\"SearchAction\",\"target\":{\"@type\":\"EntryPoint\",\"urlTemplate\":\"https:\/\/laboratorios.ufrrj.br\/npqm\/?s={search_term_string}\"},\"query-input\":{\"@type\":\"PropertyValueSpecification\",\"valueRequired\":true,\"valueName\":\"search_term_string\"}}],\"inLanguage\":\"pt-BR\"},{\"@type\":\"Organization\",\"@id\":\"https:\/\/laboratorios.ufrrj.br\/npqm\/#organization\",\"name\":\"UFRRJ - Universidade Federal Rural do Rio de Janeiro\",\"url\":\"https:\/\/laboratorios.ufrrj.br\/npqm\/\",\"logo\":{\"@type\":\"ImageObject\",\"inLanguage\":\"pt-BR\",\"@id\":\"https:\/\/laboratorios.ufrrj.br\/npqm\/#\/schema\/logo\/image\/\",\"url\":\"https:\/\/laboratorios.ufrrj.br\/npqm\/wp-content\/uploads\/sites\/4\/2025\/07\/LOGO_NPQAM2.png\",\"contentUrl\":\"https:\/\/laboratorios.ufrrj.br\/npqm\/wp-content\/uploads\/sites\/4\/2025\/07\/LOGO_NPQAM2.png\",\"width\":1806,\"height\":1806,\"caption\":\"UFRRJ - Universidade Federal Rural do Rio de Janeiro\"},\"image\":{\"@id\":\"https:\/\/laboratorios.ufrrj.br\/npqm\/#\/schema\/logo\/image\/\"}}]}<\/script>\n<!-- \/ Yoast SEO plugin. -->","yoast_head_json":{"title":"Produ\u00e7\u00e3o Cient\u00edfica - N\u00facleo de Pesquisa em Qualidade de \u00c1rvores e Madeira","robots":{"index":"index","follow":"follow","max-snippet":"max-snippet:-1","max-image-preview":"max-image-preview:large","max-video-preview":"max-video-preview:-1"},"canonical":"https:\/\/laboratorios.ufrrj.br\/npqm\/producao-cientifica-3\/","og_locale":"pt_BR","og_type":"article","og_title":"Produ\u00e7\u00e3o Cient\u00edfica - N\u00facleo de Pesquisa em Qualidade de \u00c1rvores e Madeira","og_description":"Produ\u00e7\u00e3o Cient\u00edfica 2015 ARTIGOS CIENT\u00cdFICOS: PALERMO, G. P. M.; Latorraca, Jo\u00e3o Vicente de Figueiredo; CARVALHO, A. M.; SEVERO, Elias Taylor ... leia mais","og_url":"https:\/\/laboratorios.ufrrj.br\/npqm\/producao-cientifica-3\/","og_site_name":"N\u00facleo de Pesquisa em Qualidade de \u00c1rvores e Madeira","og_image":[{"url":"http:\/\/buscatextual.cnpq.br\/buscatextual\/images\/curriculo\/jcr.gif","type":"","width":"","height":""}],"twitter_card":"summary_large_image","twitter_misc":{"Est. tempo de leitura":"3 minutos"},"schema":{"@context":"https:\/\/schema.org","@graph":[{"@type":"WebPage","@id":"https:\/\/laboratorios.ufrrj.br\/npqm\/producao-cientifica-3\/","url":"https:\/\/laboratorios.ufrrj.br\/npqm\/producao-cientifica-3\/","name":"Produ\u00e7\u00e3o Cient\u00edfica - N\u00facleo de Pesquisa em Qualidade de \u00c1rvores e Madeira","isPartOf":{"@id":"https:\/\/laboratorios.ufrrj.br\/npqm\/#website"},"primaryImageOfPage":{"@id":"https:\/\/laboratorios.ufrrj.br\/npqm\/producao-cientifica-3\/#primaryimage"},"image":{"@id":"https:\/\/laboratorios.ufrrj.br\/npqm\/producao-cientifica-3\/#primaryimage"},"thumbnailUrl":"http:\/\/buscatextual.cnpq.br\/buscatextual\/images\/curriculo\/jcr.gif","datePublished":"2019-06-05T16:55:39+00:00","breadcrumb":{"@id":"https:\/\/laboratorios.ufrrj.br\/npqm\/producao-cientifica-3\/#breadcrumb"},"inLanguage":"pt-BR","potentialAction":[{"@type":"ReadAction","target":["https:\/\/laboratorios.ufrrj.br\/npqm\/producao-cientifica-3\/"]}]},{"@type":"ImageObject","inLanguage":"pt-BR","@id":"https:\/\/laboratorios.ufrrj.br\/npqm\/producao-cientifica-3\/#primaryimage","url":"http:\/\/buscatextual.cnpq.br\/buscatextual\/images\/curriculo\/jcr.gif","contentUrl":"http:\/\/buscatextual.cnpq.br\/buscatextual\/images\/curriculo\/jcr.gif"},{"@type":"BreadcrumbList","@id":"https:\/\/laboratorios.ufrrj.br\/npqm\/producao-cientifica-3\/#breadcrumb","itemListElement":[{"@type":"ListItem","position":1,"name":"In\u00edcio","item":"https:\/\/laboratorios.ufrrj.br\/npqm\/"},{"@type":"ListItem","position":2,"name":"Produ\u00e7\u00e3o Cient\u00edfica"}]},{"@type":"WebSite","@id":"https:\/\/laboratorios.ufrrj.br\/npqm\/#website","url":"https:\/\/laboratorios.ufrrj.br\/npqm\/","name":"N\u00facleo de Pesquisa em Qualidade de \u00c1rvores e Madeira","description":"","publisher":{"@id":"https:\/\/laboratorios.ufrrj.br\/npqm\/#organization"},"potentialAction":[{"@type":"SearchAction","target":{"@type":"EntryPoint","urlTemplate":"https:\/\/laboratorios.ufrrj.br\/npqm\/?s={search_term_string}"},"query-input":{"@type":"PropertyValueSpecification","valueRequired":true,"valueName":"search_term_string"}}],"inLanguage":"pt-BR"},{"@type":"Organization","@id":"https:\/\/laboratorios.ufrrj.br\/npqm\/#organization","name":"UFRRJ - Universidade Federal Rural do Rio de Janeiro","url":"https:\/\/laboratorios.ufrrj.br\/npqm\/","logo":{"@type":"ImageObject","inLanguage":"pt-BR","@id":"https:\/\/laboratorios.ufrrj.br\/npqm\/#\/schema\/logo\/image\/","url":"https:\/\/laboratorios.ufrrj.br\/npqm\/wp-content\/uploads\/sites\/4\/2025\/07\/LOGO_NPQAM2.png","contentUrl":"https:\/\/laboratorios.ufrrj.br\/npqm\/wp-content\/uploads\/sites\/4\/2025\/07\/LOGO_NPQAM2.png","width":1806,"height":1806,"caption":"UFRRJ - Universidade Federal Rural do Rio de Janeiro"},"image":{"@id":"https:\/\/laboratorios.ufrrj.br\/npqm\/#\/schema\/logo\/image\/"}}]}},"_links":{"self":[{"href":"https:\/\/laboratorios.ufrrj.br\/npqm\/wp-json\/wp\/v2\/pages\/939","targetHints":{"allow":["GET"]}}],"collection":[{"href":"https:\/\/laboratorios.ufrrj.br\/npqm\/wp-json\/wp\/v2\/pages"}],"about":[{"href":"https:\/\/laboratorios.ufrrj.br\/npqm\/wp-json\/wp\/v2\/types\/page"}],"author":[{"embeddable":true,"href":"https:\/\/laboratorios.ufrrj.br\/npqm\/wp-json\/wp\/v2\/users\/9"}],"replies":[{"embeddable":true,"href":"https:\/\/laboratorios.ufrrj.br\/npqm\/wp-json\/wp\/v2\/comments?post=939"}],"version-history":[{"count":1,"href":"https:\/\/laboratorios.ufrrj.br\/npqm\/wp-json\/wp\/v2\/pages\/939\/revisions"}],"predecessor-version":[{"id":940,"href":"https:\/\/laboratorios.ufrrj.br\/npqm\/wp-json\/wp\/v2\/pages\/939\/revisions\/940"}],"wp:attachment":[{"href":"https:\/\/laboratorios.ufrrj.br\/npqm\/wp-json\/wp\/v2\/media?parent=939"}],"curies":[{"name":"wp","href":"https:\/\/api.w.org\/{rel}","templated":true}]}}