{"id":936,"date":"2019-06-05T16:50:40","date_gmt":"2019-06-05T16:50:40","guid":{"rendered":"http:\/\/laboratorios.ufrrj.br\/npqm\/?page_id=936"},"modified":"2019-06-05T16:50:40","modified_gmt":"2019-06-05T16:50:40","slug":"livros","status":"publish","type":"page","link":"https:\/\/laboratorios.ufrrj.br\/npqm\/livros\/","title":{"rendered":"Livros"},"content":{"rendered":"<p><strong>Livros 2018<\/strong><\/p>\n<div><b>LATORRACA, JO\u00c3O VICENTE FIGUEIREDO<\/b>; CASTRO, J. P. ; SANTOS, G. C. V. . Guia para Identifica\u00e7\u00e3o Macrosc\u00f3pica de Madeiras. 1. ed. Serop\u00e9dica: EDUR, 2018. v. 1. 52p .<\/div>\n<div>&nbsp;<\/div>\n<div>\n<div class=\"layout-cell layout-cell-11\">\n<div class=\"layout-cell-pad-5\">CARVALHO, A. M.&nbsp;;&nbsp;<b>Latorraca, Jo\u00e3o Vicente de Figueiredo<\/b>&nbsp;; REIS, C. A. ; SILVA, C. E. S. ; CARVALHO, P. C. L. E. ; MACIEL, N. S. R. ; PACE, J. H. C. ; CASTRO, J. P. ; SANTOS, G. C. V. ; FERREIRA, M. E. S. ; SAKAI, E. S. ; JESUS, R. M. . Avalia\u00e7\u00f5es de qualidade da madeira em esp\u00e9cies nativas de plantios florestais. In: Samir G. Rolim; Daniel Piotto. (Org.). Silvicultura e Tecnologia de Esp\u00e9cies da Mata Atl\u00e2ntica. 1ed.Belo Horizonte: Editora Rona, 2018, v. 1, p. 45-52.<\/div>\n<\/div>\n<div class=\"layout-cell layout-cell-1 text-align-right\">\n<div class=\"layout-cell-pad-5 text-align-right\">&nbsp;<\/div>\n<\/div>\n<div class=\"layout-cell layout-cell-11\">\n<div class=\"layout-cell-pad-5\">ROLIM, S. G. ; PIOTO, D. ;&nbsp;CARVALHO, Alexandre Monteiro de&nbsp;;&nbsp;<b>LATORRACA, JO\u00c3O VICENTE FIGUEIREDO<\/b>&nbsp;; REIS, C. A. ; SOUZA, J. ; SIQUEIRA, G. S. ; ORELLANA, E. ; SILVA, C. E. S. ; CARVALHO, P. C. L. E. ; MACIEL, N. S. R. ; PACE, J. H. C. ; CASTRO, J. P. ; SANTOS, G. C. V. ; FERREIRA, M. E. S. ; SAKAI, E. S. ; JESUS, R. M. . Crescimento e Caracter\u00edstica da Madeira de Esp\u00e9cies Arb\u00f3reas em Experimentos Silviculturais no Norte do Esp\u00edrito Santo. In: Samir G. Rolim; Daniel Pioto. (Org.). Silvicultura e Tecnologia de Esp\u00e9cies da Mata Atl\u00e2ntica. 1ed.Belo Horizonte: Editora Rona, 2018, v. 1, p. 53-159.<\/div>\n<\/div>\n<\/div>\n","protected":false},"excerpt":{"rendered":"<p>Livros 2018 LATORRACA, JO\u00c3O VICENTE FIGUEIREDO; CASTRO, J. P. ; SANTOS, G. C. V. . Guia para Identifica\u00e7\u00e3o Macrosc\u00f3pica de <a class=\"read-more\" href=\"https:\/\/laboratorios.ufrrj.br\/npqm\/livros\/ \" >&#8230; <span class=\"font-italic\">leia mais <i class=\"fas fa-angle-right\"><\/i><\/span><\/a><\/p>\n","protected":false},"author":9,"featured_media":0,"parent":0,"menu_order":0,"comment_status":"closed","ping_status":"closed","template":"","meta":{"_acf_changed":false,"ngg_post_thumbnail":0,"footnotes":""},"class_list":["post-936","page","type-page","status-publish","hentry"],"acf":[],"yoast_head":"<!-- This site is optimized with the Yoast SEO plugin v26.8 - https:\/\/yoast.com\/product\/yoast-seo-wordpress\/ -->\n<title>Livros - N\u00facleo de Pesquisa em Qualidade de \u00c1rvores e Madeira<\/title>\n<meta name=\"robots\" content=\"index, follow, max-snippet:-1, max-image-preview:large, max-video-preview:-1\" \/>\n<link rel=\"canonical\" href=\"https:\/\/laboratorios.ufrrj.br\/npqm\/livros\/\" \/>\n<meta property=\"og:locale\" content=\"pt_BR\" \/>\n<meta property=\"og:type\" content=\"article\" \/>\n<meta property=\"og:title\" content=\"Livros - N\u00facleo de Pesquisa em Qualidade de \u00c1rvores e Madeira\" \/>\n<meta property=\"og:description\" content=\"Livros 2018 LATORRACA, JO\u00c3O VICENTE FIGUEIREDO; CASTRO, J. P. ; SANTOS, G. C. V. . Guia para Identifica\u00e7\u00e3o Macrosc\u00f3pica de ... leia mais\" \/>\n<meta property=\"og:url\" content=\"https:\/\/laboratorios.ufrrj.br\/npqm\/livros\/\" \/>\n<meta property=\"og:site_name\" content=\"N\u00facleo de Pesquisa em Qualidade de \u00c1rvores e Madeira\" \/>\n<meta name=\"twitter:card\" content=\"summary_large_image\" \/>\n<meta name=\"twitter:label1\" content=\"Est. tempo de leitura\" \/>\n\t<meta name=\"twitter:data1\" content=\"1 minuto\" \/>\n<script type=\"application\/ld+json\" class=\"yoast-schema-graph\">{\"@context\":\"https:\/\/schema.org\",\"@graph\":[{\"@type\":\"WebPage\",\"@id\":\"https:\/\/laboratorios.ufrrj.br\/npqm\/livros\/\",\"url\":\"https:\/\/laboratorios.ufrrj.br\/npqm\/livros\/\",\"name\":\"Livros - N\u00facleo de Pesquisa em Qualidade de \u00c1rvores e Madeira\",\"isPartOf\":{\"@id\":\"https:\/\/laboratorios.ufrrj.br\/npqm\/#website\"},\"datePublished\":\"2019-06-05T16:50:40+00:00\",\"breadcrumb\":{\"@id\":\"https:\/\/laboratorios.ufrrj.br\/npqm\/livros\/#breadcrumb\"},\"inLanguage\":\"pt-BR\",\"potentialAction\":[{\"@type\":\"ReadAction\",\"target\":[\"https:\/\/laboratorios.ufrrj.br\/npqm\/livros\/\"]}]},{\"@type\":\"BreadcrumbList\",\"@id\":\"https:\/\/laboratorios.ufrrj.br\/npqm\/livros\/#breadcrumb\",\"itemListElement\":[{\"@type\":\"ListItem\",\"position\":1,\"name\":\"In\u00edcio\",\"item\":\"https:\/\/laboratorios.ufrrj.br\/npqm\/\"},{\"@type\":\"ListItem\",\"position\":2,\"name\":\"Livros\"}]},{\"@type\":\"WebSite\",\"@id\":\"https:\/\/laboratorios.ufrrj.br\/npqm\/#website\",\"url\":\"https:\/\/laboratorios.ufrrj.br\/npqm\/\",\"name\":\"N\u00facleo de Pesquisa em Qualidade de \u00c1rvores e Madeira\",\"description\":\"\",\"publisher\":{\"@id\":\"https:\/\/laboratorios.ufrrj.br\/npqm\/#organization\"},\"potentialAction\":[{\"@type\":\"SearchAction\",\"target\":{\"@type\":\"EntryPoint\",\"urlTemplate\":\"https:\/\/laboratorios.ufrrj.br\/npqm\/?s={search_term_string}\"},\"query-input\":{\"@type\":\"PropertyValueSpecification\",\"valueRequired\":true,\"valueName\":\"search_term_string\"}}],\"inLanguage\":\"pt-BR\"},{\"@type\":\"Organization\",\"@id\":\"https:\/\/laboratorios.ufrrj.br\/npqm\/#organization\",\"name\":\"UFRRJ - Universidade Federal Rural do Rio de Janeiro\",\"url\":\"https:\/\/laboratorios.ufrrj.br\/npqm\/\",\"logo\":{\"@type\":\"ImageObject\",\"inLanguage\":\"pt-BR\",\"@id\":\"https:\/\/laboratorios.ufrrj.br\/npqm\/#\/schema\/logo\/image\/\",\"url\":\"https:\/\/laboratorios.ufrrj.br\/npqm\/wp-content\/uploads\/sites\/4\/2025\/07\/LOGO_NPQAM2.png\",\"contentUrl\":\"https:\/\/laboratorios.ufrrj.br\/npqm\/wp-content\/uploads\/sites\/4\/2025\/07\/LOGO_NPQAM2.png\",\"width\":1806,\"height\":1806,\"caption\":\"UFRRJ - Universidade Federal Rural do Rio de Janeiro\"},\"image\":{\"@id\":\"https:\/\/laboratorios.ufrrj.br\/npqm\/#\/schema\/logo\/image\/\"}}]}<\/script>\n<!-- \/ Yoast SEO plugin. -->","yoast_head_json":{"title":"Livros - N\u00facleo de Pesquisa em Qualidade de \u00c1rvores e Madeira","robots":{"index":"index","follow":"follow","max-snippet":"max-snippet:-1","max-image-preview":"max-image-preview:large","max-video-preview":"max-video-preview:-1"},"canonical":"https:\/\/laboratorios.ufrrj.br\/npqm\/livros\/","og_locale":"pt_BR","og_type":"article","og_title":"Livros - N\u00facleo de Pesquisa em Qualidade de \u00c1rvores e Madeira","og_description":"Livros 2018 LATORRACA, JO\u00c3O VICENTE FIGUEIREDO; CASTRO, J. P. ; SANTOS, G. C. V. . Guia para Identifica\u00e7\u00e3o Macrosc\u00f3pica de ... leia mais","og_url":"https:\/\/laboratorios.ufrrj.br\/npqm\/livros\/","og_site_name":"N\u00facleo de Pesquisa em Qualidade de \u00c1rvores e Madeira","twitter_card":"summary_large_image","twitter_misc":{"Est. tempo de leitura":"1 minuto"},"schema":{"@context":"https:\/\/schema.org","@graph":[{"@type":"WebPage","@id":"https:\/\/laboratorios.ufrrj.br\/npqm\/livros\/","url":"https:\/\/laboratorios.ufrrj.br\/npqm\/livros\/","name":"Livros - N\u00facleo de Pesquisa em Qualidade de \u00c1rvores e Madeira","isPartOf":{"@id":"https:\/\/laboratorios.ufrrj.br\/npqm\/#website"},"datePublished":"2019-06-05T16:50:40+00:00","breadcrumb":{"@id":"https:\/\/laboratorios.ufrrj.br\/npqm\/livros\/#breadcrumb"},"inLanguage":"pt-BR","potentialAction":[{"@type":"ReadAction","target":["https:\/\/laboratorios.ufrrj.br\/npqm\/livros\/"]}]},{"@type":"BreadcrumbList","@id":"https:\/\/laboratorios.ufrrj.br\/npqm\/livros\/#breadcrumb","itemListElement":[{"@type":"ListItem","position":1,"name":"In\u00edcio","item":"https:\/\/laboratorios.ufrrj.br\/npqm\/"},{"@type":"ListItem","position":2,"name":"Livros"}]},{"@type":"WebSite","@id":"https:\/\/laboratorios.ufrrj.br\/npqm\/#website","url":"https:\/\/laboratorios.ufrrj.br\/npqm\/","name":"N\u00facleo de Pesquisa em Qualidade de \u00c1rvores e Madeira","description":"","publisher":{"@id":"https:\/\/laboratorios.ufrrj.br\/npqm\/#organization"},"potentialAction":[{"@type":"SearchAction","target":{"@type":"EntryPoint","urlTemplate":"https:\/\/laboratorios.ufrrj.br\/npqm\/?s={search_term_string}"},"query-input":{"@type":"PropertyValueSpecification","valueRequired":true,"valueName":"search_term_string"}}],"inLanguage":"pt-BR"},{"@type":"Organization","@id":"https:\/\/laboratorios.ufrrj.br\/npqm\/#organization","name":"UFRRJ - Universidade Federal Rural do Rio de Janeiro","url":"https:\/\/laboratorios.ufrrj.br\/npqm\/","logo":{"@type":"ImageObject","inLanguage":"pt-BR","@id":"https:\/\/laboratorios.ufrrj.br\/npqm\/#\/schema\/logo\/image\/","url":"https:\/\/laboratorios.ufrrj.br\/npqm\/wp-content\/uploads\/sites\/4\/2025\/07\/LOGO_NPQAM2.png","contentUrl":"https:\/\/laboratorios.ufrrj.br\/npqm\/wp-content\/uploads\/sites\/4\/2025\/07\/LOGO_NPQAM2.png","width":1806,"height":1806,"caption":"UFRRJ - Universidade Federal Rural do Rio de Janeiro"},"image":{"@id":"https:\/\/laboratorios.ufrrj.br\/npqm\/#\/schema\/logo\/image\/"}}]}},"_links":{"self":[{"href":"https:\/\/laboratorios.ufrrj.br\/npqm\/wp-json\/wp\/v2\/pages\/936","targetHints":{"allow":["GET"]}}],"collection":[{"href":"https:\/\/laboratorios.ufrrj.br\/npqm\/wp-json\/wp\/v2\/pages"}],"about":[{"href":"https:\/\/laboratorios.ufrrj.br\/npqm\/wp-json\/wp\/v2\/types\/page"}],"author":[{"embeddable":true,"href":"https:\/\/laboratorios.ufrrj.br\/npqm\/wp-json\/wp\/v2\/users\/9"}],"replies":[{"embeddable":true,"href":"https:\/\/laboratorios.ufrrj.br\/npqm\/wp-json\/wp\/v2\/comments?post=936"}],"version-history":[{"count":1,"href":"https:\/\/laboratorios.ufrrj.br\/npqm\/wp-json\/wp\/v2\/pages\/936\/revisions"}],"predecessor-version":[{"id":937,"href":"https:\/\/laboratorios.ufrrj.br\/npqm\/wp-json\/wp\/v2\/pages\/936\/revisions\/937"}],"wp:attachment":[{"href":"https:\/\/laboratorios.ufrrj.br\/npqm\/wp-json\/wp\/v2\/media?parent=936"}],"curies":[{"name":"wp","href":"https:\/\/api.w.org\/{rel}","templated":true}]}}