{"id":933,"date":"2019-06-05T16:48:41","date_gmt":"2019-06-05T16:48:41","guid":{"rendered":"http:\/\/laboratorios.ufrrj.br\/npqm\/?page_id=933"},"modified":"2020-07-18T23:58:48","modified_gmt":"2020-07-18T23:58:48","slug":"linhas-de-pesquisa-2","status":"publish","type":"page","link":"https:\/\/laboratorios.ufrrj.br\/npqm\/linhas-de-pesquisa-2\/","title":{"rendered":"Linhas de Pesquisa"},"content":{"rendered":"<ul>\n<li><strong>Anatomia da Madeira <\/strong>-Desenvolve projetos de pesquisa que visam estudar a estrutura e ultraestrutura da madeira e suas interrela\u00e7\u00f5es com as propriedades e comportamento tecnol\u00f3gico da madeira.<\/li>\n<li><strong>Biomec\u00e2nica e An\u00e1lise de Risco de \u00c1rvores Urbanas<\/strong> &#8211; Desenvolver pesquisa que visam avaliar&nbsp;o risco de queda de \u00e1rvores urbanas a partir de an\u00e1lises integradas da presen\u00e7a de defeitos internos e biomec\u00e2nica.<\/li>\n<li><strong>Biorrefinaria Lignocelul\u00f3sica<\/strong> &#8211;&nbsp;Desenvolver pesquisas que visem \u00e0 convers\u00e3o da biomassa lignocelul\u00f3sica em uma gama de produtos, com baixo desperd\u00edcio e m\u00ednimas emiss\u00f5es. \u00c9 aplicado \u00e0 ind\u00fastria que transforma materiais brutos de fontes renov\u00e1veis (baga\u00e7o-de-cana, bambu, palha de cereais, madeira, licor negro kraft, etc.) em produtos de maior valor agregado (energia, materiais e produtos qu\u00edmicos).<\/li>\n<li><strong>Dendrocronologia <\/strong>&#8211;&nbsp;Desenvolve projetos de pesquisa que visam estudar a data\u00e7\u00e3o dos an\u00e9is de crescimento de \u00e1rvores nativas e ex\u00f3ticas para analisar padr\u00f5es espaciais e temporais de natureza biol\u00f3gica, f\u00edsica ou cultural.<\/li>\n<li><strong>F\u00edsica e Secagem da Madeira <\/strong>&#8211;&nbsp;Desenvolve projetos de pesquisa que visam estudar a rela\u00e7\u00e3o \u00e1gua-madeira, processos de secagem da madeira e avalia\u00e7\u00e3o da qualidade de produtos naturais preservativos da madeira.<\/li>\n<li><strong>Papel e Celulose &#8211;&nbsp;<\/strong>Desenvolver pesquisas que visem desenvolver novos processos, bem como os aperfei\u00e7oamentos de tecnologias j\u00e1 existentes para o setor de Celulose e Papel.<\/li>\n<li>&nbsp;<\/li>\n<\/ul>\n","protected":false},"excerpt":{"rendered":"<p>Anatomia da Madeira -Desenvolve projetos de pesquisa que visam estudar a estrutura e ultraestrutura da madeira e suas interrela\u00e7\u00f5es com <a class=\"read-more\" href=\"https:\/\/laboratorios.ufrrj.br\/npqm\/linhas-de-pesquisa-2\/ \" >&#8230; <span class=\"font-italic\">leia mais <i class=\"fas fa-angle-right\"><\/i><\/span><\/a><\/p>\n","protected":false},"author":9,"featured_media":0,"parent":0,"menu_order":0,"comment_status":"closed","ping_status":"closed","template":"","meta":{"_acf_changed":false,"ngg_post_thumbnail":0,"footnotes":""},"class_list":["post-933","page","type-page","status-publish","hentry"],"acf":[],"yoast_head":"<!-- This site is optimized with the Yoast SEO plugin v26.8 - https:\/\/yoast.com\/product\/yoast-seo-wordpress\/ -->\n<title>Linhas de Pesquisa - N\u00facleo de Pesquisa em Qualidade de \u00c1rvores e Madeira<\/title>\n<meta name=\"robots\" content=\"index, follow, max-snippet:-1, max-image-preview:large, max-video-preview:-1\" \/>\n<link rel=\"canonical\" href=\"https:\/\/laboratorios.ufrrj.br\/npqm\/linhas-de-pesquisa-2\/\" \/>\n<meta property=\"og:locale\" content=\"pt_BR\" \/>\n<meta property=\"og:type\" content=\"article\" \/>\n<meta property=\"og:title\" content=\"Linhas de Pesquisa - N\u00facleo de Pesquisa em Qualidade de \u00c1rvores e Madeira\" \/>\n<meta property=\"og:description\" content=\"Anatomia da Madeira -Desenvolve projetos de pesquisa que visam estudar a estrutura e ultraestrutura da madeira e suas interrela\u00e7\u00f5es com ... leia mais\" \/>\n<meta property=\"og:url\" content=\"https:\/\/laboratorios.ufrrj.br\/npqm\/linhas-de-pesquisa-2\/\" \/>\n<meta property=\"og:site_name\" content=\"N\u00facleo de Pesquisa em Qualidade de \u00c1rvores e Madeira\" \/>\n<meta property=\"article:modified_time\" content=\"2020-07-18T23:58:48+00:00\" \/>\n<meta name=\"twitter:card\" content=\"summary_large_image\" \/>\n<meta name=\"twitter:label1\" content=\"Est. tempo de leitura\" \/>\n\t<meta name=\"twitter:data1\" content=\"1 minuto\" \/>\n<script type=\"application\/ld+json\" class=\"yoast-schema-graph\">{\"@context\":\"https:\/\/schema.org\",\"@graph\":[{\"@type\":\"WebPage\",\"@id\":\"https:\/\/laboratorios.ufrrj.br\/npqm\/linhas-de-pesquisa-2\/\",\"url\":\"https:\/\/laboratorios.ufrrj.br\/npqm\/linhas-de-pesquisa-2\/\",\"name\":\"Linhas de Pesquisa - N\u00facleo de Pesquisa em Qualidade de \u00c1rvores e Madeira\",\"isPartOf\":{\"@id\":\"https:\/\/laboratorios.ufrrj.br\/npqm\/#website\"},\"datePublished\":\"2019-06-05T16:48:41+00:00\",\"dateModified\":\"2020-07-18T23:58:48+00:00\",\"breadcrumb\":{\"@id\":\"https:\/\/laboratorios.ufrrj.br\/npqm\/linhas-de-pesquisa-2\/#breadcrumb\"},\"inLanguage\":\"pt-BR\",\"potentialAction\":[{\"@type\":\"ReadAction\",\"target\":[\"https:\/\/laboratorios.ufrrj.br\/npqm\/linhas-de-pesquisa-2\/\"]}]},{\"@type\":\"BreadcrumbList\",\"@id\":\"https:\/\/laboratorios.ufrrj.br\/npqm\/linhas-de-pesquisa-2\/#breadcrumb\",\"itemListElement\":[{\"@type\":\"ListItem\",\"position\":1,\"name\":\"In\u00edcio\",\"item\":\"https:\/\/laboratorios.ufrrj.br\/npqm\/\"},{\"@type\":\"ListItem\",\"position\":2,\"name\":\"Linhas de Pesquisa\"}]},{\"@type\":\"WebSite\",\"@id\":\"https:\/\/laboratorios.ufrrj.br\/npqm\/#website\",\"url\":\"https:\/\/laboratorios.ufrrj.br\/npqm\/\",\"name\":\"N\u00facleo de Pesquisa em Qualidade de \u00c1rvores e Madeira\",\"description\":\"\",\"publisher\":{\"@id\":\"https:\/\/laboratorios.ufrrj.br\/npqm\/#organization\"},\"potentialAction\":[{\"@type\":\"SearchAction\",\"target\":{\"@type\":\"EntryPoint\",\"urlTemplate\":\"https:\/\/laboratorios.ufrrj.br\/npqm\/?s={search_term_string}\"},\"query-input\":{\"@type\":\"PropertyValueSpecification\",\"valueRequired\":true,\"valueName\":\"search_term_string\"}}],\"inLanguage\":\"pt-BR\"},{\"@type\":\"Organization\",\"@id\":\"https:\/\/laboratorios.ufrrj.br\/npqm\/#organization\",\"name\":\"UFRRJ - Universidade Federal Rural do Rio de Janeiro\",\"url\":\"https:\/\/laboratorios.ufrrj.br\/npqm\/\",\"logo\":{\"@type\":\"ImageObject\",\"inLanguage\":\"pt-BR\",\"@id\":\"https:\/\/laboratorios.ufrrj.br\/npqm\/#\/schema\/logo\/image\/\",\"url\":\"https:\/\/laboratorios.ufrrj.br\/npqm\/wp-content\/uploads\/sites\/4\/2025\/07\/LOGO_NPQAM2.png\",\"contentUrl\":\"https:\/\/laboratorios.ufrrj.br\/npqm\/wp-content\/uploads\/sites\/4\/2025\/07\/LOGO_NPQAM2.png\",\"width\":1806,\"height\":1806,\"caption\":\"UFRRJ - Universidade Federal Rural do Rio de Janeiro\"},\"image\":{\"@id\":\"https:\/\/laboratorios.ufrrj.br\/npqm\/#\/schema\/logo\/image\/\"}}]}<\/script>\n<!-- \/ Yoast SEO plugin. -->","yoast_head_json":{"title":"Linhas de Pesquisa - N\u00facleo de Pesquisa em Qualidade de \u00c1rvores e Madeira","robots":{"index":"index","follow":"follow","max-snippet":"max-snippet:-1","max-image-preview":"max-image-preview:large","max-video-preview":"max-video-preview:-1"},"canonical":"https:\/\/laboratorios.ufrrj.br\/npqm\/linhas-de-pesquisa-2\/","og_locale":"pt_BR","og_type":"article","og_title":"Linhas de Pesquisa - N\u00facleo de Pesquisa em Qualidade de \u00c1rvores e Madeira","og_description":"Anatomia da Madeira -Desenvolve projetos de pesquisa que visam estudar a estrutura e ultraestrutura da madeira e suas interrela\u00e7\u00f5es com ... leia mais","og_url":"https:\/\/laboratorios.ufrrj.br\/npqm\/linhas-de-pesquisa-2\/","og_site_name":"N\u00facleo de Pesquisa em Qualidade de \u00c1rvores e Madeira","article_modified_time":"2020-07-18T23:58:48+00:00","twitter_card":"summary_large_image","twitter_misc":{"Est. tempo de leitura":"1 minuto"},"schema":{"@context":"https:\/\/schema.org","@graph":[{"@type":"WebPage","@id":"https:\/\/laboratorios.ufrrj.br\/npqm\/linhas-de-pesquisa-2\/","url":"https:\/\/laboratorios.ufrrj.br\/npqm\/linhas-de-pesquisa-2\/","name":"Linhas de Pesquisa - N\u00facleo de Pesquisa em Qualidade de \u00c1rvores e Madeira","isPartOf":{"@id":"https:\/\/laboratorios.ufrrj.br\/npqm\/#website"},"datePublished":"2019-06-05T16:48:41+00:00","dateModified":"2020-07-18T23:58:48+00:00","breadcrumb":{"@id":"https:\/\/laboratorios.ufrrj.br\/npqm\/linhas-de-pesquisa-2\/#breadcrumb"},"inLanguage":"pt-BR","potentialAction":[{"@type":"ReadAction","target":["https:\/\/laboratorios.ufrrj.br\/npqm\/linhas-de-pesquisa-2\/"]}]},{"@type":"BreadcrumbList","@id":"https:\/\/laboratorios.ufrrj.br\/npqm\/linhas-de-pesquisa-2\/#breadcrumb","itemListElement":[{"@type":"ListItem","position":1,"name":"In\u00edcio","item":"https:\/\/laboratorios.ufrrj.br\/npqm\/"},{"@type":"ListItem","position":2,"name":"Linhas de Pesquisa"}]},{"@type":"WebSite","@id":"https:\/\/laboratorios.ufrrj.br\/npqm\/#website","url":"https:\/\/laboratorios.ufrrj.br\/npqm\/","name":"N\u00facleo de Pesquisa em Qualidade de \u00c1rvores e Madeira","description":"","publisher":{"@id":"https:\/\/laboratorios.ufrrj.br\/npqm\/#organization"},"potentialAction":[{"@type":"SearchAction","target":{"@type":"EntryPoint","urlTemplate":"https:\/\/laboratorios.ufrrj.br\/npqm\/?s={search_term_string}"},"query-input":{"@type":"PropertyValueSpecification","valueRequired":true,"valueName":"search_term_string"}}],"inLanguage":"pt-BR"},{"@type":"Organization","@id":"https:\/\/laboratorios.ufrrj.br\/npqm\/#organization","name":"UFRRJ - Universidade Federal Rural do Rio de Janeiro","url":"https:\/\/laboratorios.ufrrj.br\/npqm\/","logo":{"@type":"ImageObject","inLanguage":"pt-BR","@id":"https:\/\/laboratorios.ufrrj.br\/npqm\/#\/schema\/logo\/image\/","url":"https:\/\/laboratorios.ufrrj.br\/npqm\/wp-content\/uploads\/sites\/4\/2025\/07\/LOGO_NPQAM2.png","contentUrl":"https:\/\/laboratorios.ufrrj.br\/npqm\/wp-content\/uploads\/sites\/4\/2025\/07\/LOGO_NPQAM2.png","width":1806,"height":1806,"caption":"UFRRJ - Universidade Federal Rural do Rio de Janeiro"},"image":{"@id":"https:\/\/laboratorios.ufrrj.br\/npqm\/#\/schema\/logo\/image\/"}}]}},"_links":{"self":[{"href":"https:\/\/laboratorios.ufrrj.br\/npqm\/wp-json\/wp\/v2\/pages\/933","targetHints":{"allow":["GET"]}}],"collection":[{"href":"https:\/\/laboratorios.ufrrj.br\/npqm\/wp-json\/wp\/v2\/pages"}],"about":[{"href":"https:\/\/laboratorios.ufrrj.br\/npqm\/wp-json\/wp\/v2\/types\/page"}],"author":[{"embeddable":true,"href":"https:\/\/laboratorios.ufrrj.br\/npqm\/wp-json\/wp\/v2\/users\/9"}],"replies":[{"embeddable":true,"href":"https:\/\/laboratorios.ufrrj.br\/npqm\/wp-json\/wp\/v2\/comments?post=933"}],"version-history":[{"count":8,"href":"https:\/\/laboratorios.ufrrj.br\/npqm\/wp-json\/wp\/v2\/pages\/933\/revisions"}],"predecessor-version":[{"id":1043,"href":"https:\/\/laboratorios.ufrrj.br\/npqm\/wp-json\/wp\/v2\/pages\/933\/revisions\/1043"}],"wp:attachment":[{"href":"https:\/\/laboratorios.ufrrj.br\/npqm\/wp-json\/wp\/v2\/media?parent=933"}],"curies":[{"name":"wp","href":"https:\/\/api.w.org\/{rel}","templated":true}]}}