{"id":911,"date":"2019-06-04T13:33:39","date_gmt":"2019-06-04T13:33:39","guid":{"rendered":"http:\/\/laboratorios.ufrrj.br\/npqm\/?page_id=911"},"modified":"2019-06-04T13:33:39","modified_gmt":"2019-06-04T13:33:39","slug":"artigo-cientifico","status":"publish","type":"page","link":"https:\/\/laboratorios.ufrrj.br\/npqm\/artigo-cientifico\/","title":{"rendered":"Artigo Cient\u00edfico"},"content":{"rendered":"<p><strong>Artigos 2019<\/strong><\/p>\n<div class=\"artigo-completo\">\n<div class=\"layout-cell layout-cell-11\">\n<div class=\"layout-cell-pad-5\">\n<p>PORTAL CAHUANA, LEIF ARMANDO ; VIEIRA DOS SANTOS, GLAYCIANNE CHRISTINE ;&nbsp;<b>Figueiredo Latorraca, Jo\u00e3o Vicente<\/b>&nbsp;; OLIVEIRA LIMA, DAYANE ; FIGUEIREDO DO CARMO, JAIR ; ALVES RAMOS, LET\u00cdCIA MARIA ; CAMARGO PACE, JOS\u00c9 HENRIQUE . Variabilidad radial f\u00edsica y anat\u00f3mica del le\u00f1o de \u00e1rboles de Amburana cearensis. COLOMBIA FORESTAL, v. 22, p. 17-26, 2019.<\/p>\n<div class=\"citado\">&nbsp;<\/div>\n<\/div>\n<\/div>\n<\/div>\n<div class=\"artigo-completo\">\n<div class=\"layout-cell layout-cell-1 text-align-right\">\n<div class=\"layout-cell-pad-5 text-align-right\">SANTOS, G. C. V. ;&nbsp;<b>Latorraca, Jo\u00e3o Vicente de Figueiredo<\/b>&nbsp;; TONIASSO, L. F. L. ; RAMOS, L. M. A. ; PACE, J. H. C. ; ALMEIDA, S. M. ; CASTOR NETO, T. C. . Does a Graft Located in the Canopy of a Rubber Tree Affect the Morphologies of Cells in the Adjacent wood?. BioResources<sup><img decoding=\"async\" id=\"19302126_2\" class=\"ajaxJCR jcrTip\" src=\"http:\/\/buscatextual.cnpq.br\/buscatextual\/images\/curriculo\/jcr.gif\" data-issn=\"19302126\"><\/sup>, v. 14, p. 1794-11818, 2019.<\/div>\n<\/div>\n<\/div>\n<div class=\"citado\">&nbsp;<\/div>\n<div>&nbsp;<\/div>\n<p><strong>Artigos 2018<\/strong><\/p>\n<div class=\"artigo-completo\">DE MIRANDA, DIRCEU LUCIO C. ; HIGUCHI, NIRO ; TRUMBORE, SUSAN E. ;&nbsp;<b>LATORRACA, JO\u00c3O VICENTE F.<\/b>&nbsp;; DO CARMO, JAIR F. ; LIMA, ADRIANO J. N. . Using radiocarbon-calibrated dendrochronology to improve tree-cutting cycle estimates for timber management in southern Amazon forests. TREES (BERLIN. INTERNET)<sup><img decoding=\"async\" id=\"14322285_3\" class=\"ajaxJCR jcrTip\" src=\"http:\/\/buscatextual.cnpq.br\/buscatextual\/images\/curriculo\/jcr.gif\" data-issn=\"14322285\"><\/sup>, v. x, p. x-x, 2018.<\/div>\n<div class=\"artigo-completo\">\n<div class=\"layout-cell layout-cell-11\">\n<div class=\"layout-cell-pad-5\">\n<div class=\"citado\">&nbsp;<\/div>\n<\/div>\n<\/div>\n<\/div>\n<div class=\"artigo-completo\">\n<div class=\"layout-cell layout-cell-1 text-align-right\">\n<div class=\"layout-cell-pad-5 text-align-right\">RAMOS, L. M. A. ;&nbsp;<b>Figueiredo Latorraca, Jo\u00e3o Vicente<\/b>&nbsp;; Lima, H.R.P ; SANTOS, G. C. V. . VARIAC\u0327A\u0303O INTRAESPECI\u0301FICA NA ANATOMIA DO LENHO DE Hevea brasiliensis (Willd. ex A. Juss.) Mull. Arg. RELACIONADA A\u0300 EXTRAC\u0327A\u0303O DE LA\u0301TEX. FLORESTA (ONLINE) (CURITIBA), v. 48, p. 255-264, 2018.<\/div>\n<\/div>\n<div class=\"layout-cell layout-cell-11\">\n<div class=\"layout-cell-pad-5\">\n<div class=\"citado\">&nbsp;<\/div>\n<\/div>\n<\/div>\n<\/div>\n<div class=\"artigo-completo\">\n<div class=\"layout-cell layout-cell-1 text-align-right\">\n<div class=\"layout-cell-pad-5 text-align-right\">RODRIGUES1, P. L. M. ;&nbsp;SEVERO, Elias Taylor Durgante&nbsp;; CALONEGO, F. W. ; PELOZZI, M. M. A. ;&nbsp;<b>Latorraca, Jo\u00e3o Vicente de Figueiredo<\/b>&nbsp;. Physical Properties of Wood from Steamed Eucalyptus grandis Logs. FLORAM, v. 25, p. e20150195, 2018.<\/div>\n<\/div>\n<div class=\"layout-cell layout-cell-11\">\n<div class=\"layout-cell-pad-5\">\n<div class=\"citado\">&nbsp;<\/div>\n<\/div>\n<\/div>\n<\/div>\n<div class=\"artigo-completo\">\n<div class=\"layout-cell layout-cell-1 text-align-right\">\n<div class=\"layout-cell-pad-5 text-align-right\">SORANSO, D. R. ;&nbsp;VIDAURRE, G. B.&nbsp;; OLIVEIRA, J. T. S. ; CHAGAS, M. ; SILVA, J. G. M. ;&nbsp;<b>Latorraca, Jo\u00e3o Vicente de Figueiredo<\/b>&nbsp;. RADIAL GROWTH DYNAMICS OF Khaya ivorensis TREES FROM EXPERIMENTAL PLANTATION. REVISTA ARVORE<sup><img decoding=\"async\" id=\"01006762_6\" class=\"ajaxJCR jcrTip\" src=\"http:\/\/buscatextual.cnpq.br\/buscatextual\/images\/curriculo\/jcr.gif\" data-issn=\"01006762\"><\/sup>, v. 42, p. e420207, 2018.<\/div>\n<\/div>\n<div class=\"layout-cell layout-cell-11\">\n<div class=\"layout-cell-pad-5\">\n<div class=\"citado\">&nbsp;<\/div>\n<\/div>\n<\/div>\n<\/div>\n<div class=\"artigo-completo\">\n<div class=\"layout-cell layout-cell-1 text-align-right\">\n<div class=\"layout-cell-pad-5 text-align-right\">PACE, J.H.C.&nbsp;; MONTEIRO DE CARVALHO, ALEXANDRE ;&nbsp;NASCIMENTO, A. M.&nbsp;;&nbsp;<b>Latorraca, Jo\u00e3o Vicente de Figueiredo<\/b>&nbsp;;&nbsp;DIAS JUNIOR, A. F.&nbsp;. A a\u00e7\u00e3o do intemperismo interfere no acabamento superficial e na colora\u00e7\u00e3o da madeira de esp\u00e9cies florestais. AMAZONIAN JOURNAL OF AGRICULTURAL AND ENVIRONMENTAL SCIENCES \/ REVISTA DE CI\u00caNCIAS AGR\u00c1RIAS, v. 61, p. 1-7, 2018.<\/div>\n<\/div>\n<div class=\"layout-cell layout-cell-11\">\n<div class=\"layout-cell-pad-5\">\n<div class=\"citado\">&nbsp;<\/div>\n<\/div>\n<\/div>\n<\/div>\n<div class=\"artigo-completo\">\n<div class=\"layout-cell layout-cell-1 text-align-right\">\n<div class=\"layout-cell-pad-5 text-align-right\">CARVALHO, DANIEL COSTA DE ; PEREIRA, MARCOS GERVASIO GERVASIO ;&nbsp;CARMO, Jair Figueiredo Do&nbsp;; COSTA, JOS\u00c9 HENRIQUE ; SILVA, LEONARDO DAVI SILVEIRA AUGUSTO BAPTISTA DA ;&nbsp;<b>LATORRACA, JO\u00c3O VICENTE FIGUEIREDO<\/b>&nbsp;. Dendrochronology and growth of Copaifera langsdorffii wood in the vegetation dynamics of the Pirapitinga Ecological Station, state of Minas Gerais, Brazil. FLORESTA (ONLINE) (CURITIBA), v. 48, p. 49-58, 2018.<\/div>\n<\/div>\n<div class=\"layout-cell layout-cell-11\">\n<div class=\"layout-cell-pad-5\">\n<div class=\"citado\">&nbsp;<\/div>\n<\/div>\n<\/div>\n<\/div>\n<div class=\"artigo-completo\">\n<div class=\"layout-cell layout-cell-1 text-align-right\">\n<div class=\"layout-cell-pad-5 text-align-right\">DO CARMO, JAIR FIGUEIREDO ;&nbsp;<b>Latorraca, Jo\u00e3o Vicente de Figueiredo<\/b>&nbsp;; SANTOS, GLAYCIANNE CHRISTINE VIEIRA DOS ; CARMO, F\u00c1BIO HENRIQUE DELLA JUSTINA DO ; MIRANDA, DIRCEU L\u00daCIO CARNEIRO DE ; LOUSADA, JOS\u00c9 LUIS PENETRA CERVEIRA . DIAMETRIC GROWTH AND PROPERTIES OF Copaifera langsdorffii DESF. BY SECOND CUTTING CYCLE. FLORESTA (ONLINE) (CURITIBA), v. 48, p. 435-442, 2018.<\/div>\n<\/div>\n<\/div>\n<div>&nbsp;<\/div>\n<div>&nbsp;<\/div>\n<p><strong>Artigos 2017<\/strong><\/p>\n<p>TOMAZELLO FILHO, M.&nbsp;;&nbsp;<b>Latorraca, Jo\u00e3o Vicente de Figueiredo<\/b>&nbsp;; FISCHER, F. M. ; MUNIZ, Graciela In\u00eas Bolzon de ; STASIAK, P. .. ; MELANDRI, J. L. ; TORRES, M. A. ; PICCION, W. J. ; HOFFMANN, H. A. ; SILVA, L. D. . AVALIA\u00c7\u00c3O DA DISPERS\u00c3O DE SEMENTES DE Pinus taeda L. PELA AN\u00c1LISE DOS AN\u00c9IS DE CRESCIMENTO DE \u00c1RVORES DE REGENERA\u00c7\u00c3O NATURAL. FLORAM &#8211; Revista Floresta e Ambiente, v. 24, p. e00040913-x, 2017.<\/p>\n<div class=\"artigo-completo\">\n<div class=\"layout-cell layout-cell-11\">\n<div class=\"layout-cell-pad-5\">\n<div class=\"citado\">&nbsp;<\/div>\n<\/div>\n<\/div>\n<\/div>\n<div class=\"artigo-completo\">\n<div class=\"layout-cell layout-cell-11\">\n<div class=\"layout-cell-pad-5\">SILVA, C. E. S. ; XAVIER, C. N. ; SANTOS, P. V. ;&nbsp;CARVALHO, A. M.&nbsp;;&nbsp;<b>LATORRACA, J. V. F.<\/b>&nbsp;; BRANCALION, P. H. S. . Estimativa da densidade da madeira em \u00e1rvores vivas de Cedrela fissilis Vell. atrav\u00e9s de resistografia. Scientia Forestalis, v. 45, p. 139-144, 2017.<\/div>\n<\/div>\n<\/div>\n<div>&nbsp;<\/div>\n<div>&nbsp;<\/div>\n<p><strong>Artigos 2016<\/strong><\/p>\n<p>RAMOS, L. M. A.; <strong>Latorraca, Jo\u00e3o Vicente de Figueiredo<\/strong>; CASTOR NETO, T. C.; MARTINS, L. S.; SEVERO, Elias Taylor Durgante. ANATOMICAL CHARACTERIZATION OF TENSION WOOD IN Hevea brasiliensis (Willd. ex A. Juss.) MULL. ARG.. Revista \u00c1rvore (Impresso). , v.40, p.123 &#8211; 129, 2016.<\/p>\n<p>&nbsp;<\/p>\n<p>CARMO, Jair Figueiredo Do; MIRANDA, I.; QUILHO, T.; CARVALHO, Alexandre Monteiro de; CARMO, F. H. D. J.; <strong>Latorraca, Jo\u00e3o Vicente de Figueiredo<\/strong>; PEREIRA, H. Bark Characterisation of the Brazilian Hardwood Goupia glabra in Terms of Its Valorisation. Bioresources (Raleigh, N.C). , v.11, p.4794 &#8211; 4807, 2016.<\/p>\n<p>&nbsp;<\/p>\n<p>CARMO, JAIR F.; MIRANDA, ISABEL; QUILH\u00d3, TERESA; SOUSA, VICELINA B.; CARMO, F\u00c1BIO H. D. J.; <strong>LATORRACA, JO\u00c3O V. F.<\/strong>; PEREIRA, HELENA. Chemical and structural characterization of the bark of Albizia niopoides trees from the Amazon. Wood Science and Technology. , v.50, p.677 &#8211; 692, 2016.<\/p>\n<p>&nbsp;<\/p>\n<p>CARMO, JAIR F.; MIRANDA, ISABEL; QUILH\u00d3, TERESA; SOUSA, VICELINA B.; CARDOSO, SOFIA; CARVALHO, ALEXANDRE M.; CARMO, F\u00c1BIO H.D.J.; <strong>LATORRACA, JO\u00c3O V.F.<\/strong>; PEREIRA, HELENA. Copaifera langsdorffii Bark as a Source of Chemicals: Structural and Chemical Characterization. Journal of Wood Chemistry and Technology. v.00, p.1 &#8211; 13, 2016.<\/p>\n<p>&nbsp;<\/p>\n<p>D\u00fcnisch, O.; <strong>Latorraca, Jo\u00e3o Vicente de Figueiredo. <\/strong>Impact of Site Conditions Changes on the Tree Ring Records Suitability as Climate Proxies in the Brazilian Amazon. FLORAM &#8211; Revista Floresta e Ambiente. , v.23, p.258 &#8211; 269, 2016.<\/p>\n<p>&nbsp;<\/p>\n<p><strong>Artigos 2013<\/strong><\/p>\n<p>CALONEGO, FRED WILLIANS; ANDRADE, MEIRE CRISTINA NOGUEIRA DE; NEGR\u00c3O, DJANIRA RODRIGUES; ROCHA, CINTHIA DIAS; MINHONI, MARLI TEIXEIRA DE ALMEIDA; <strong>latorraca, Jo\u00e3o Vicente<\/strong>; SEVERO, Elias Taylor Durgante. Behavior of the Brown-rot Fungus Gloeophyllum trabeum on Thermally-modified Eucalyptus grandis Wood. FLORAM &#8211; Revista Floresta e Ambiente. , v.20, p.417 &#8211; 423, 2013.<\/p>\n<p>&nbsp;<\/p>\n<p>DIAS J\u00daNIOR, A.F.; SANTOS, P.V.; PACE, J.H.C.; CARVALHO, A.M.; <strong>LATORRACA, J.V.F. <\/strong>Caracteriza\u00e7\u00e3o da Madeira de Quatro Esp\u00e9cies Florestais para Uso em Movelaria. Ci\u00eancia da Madeira. , v.4, p.93 &#8211; 107, 2013.<\/p>\n<p>&nbsp;<\/p>\n<p>PALERMO, G. P. M.; LATORRACA, J. V. F.; SEVERO, E. T. D.; NASCIMENTO, A. M.; REZENDE, M.A. Delimita\u00e7\u00e3o entre os lenhos juvenil e adulto de Pinus elliottii Engelm.. Revista \u00c1rvore (Online). , v.37, p.191 &#8211; 200, 2013.<\/p>\n<p>&nbsp;<\/p>\n<p><strong>Artigos 2012<\/strong><\/p>\n<p>TEIXEIRA, J. G.; OLIVEIRA, B. R. O.; LATORRACA, J. V. F.; AMODEI, J.B.; GURGEL, M. M. Emiss\u00e3o de fluoresc\u00eancia do cerne de esp\u00e9cies tropicais. Ci\u00eancia da Madeira. , v.03, p.11 &#8211; 21, 2012.<\/p>\n<p>Lemos, Andr\u00e9 Luiz Ferreira; Garcia, Rosilei Aparecida; Lopes, Juliana de Oliveira; CARVALHO, Alexandre Monteiro de; <strong>Latorraca, Jo\u00e3o Vicente de Figueiredo. <\/strong>Madeira de Corymbia citriodora (Hook.) K.D. Hill &amp;amp; L.A.S. Johnson sob Aspectos F\u00edsicos e Anat\u00f4micos como Fatores Qualitativos. Floresta e Ambiente. , v.19, p.1 &#8211; 8, 2012.<\/p>\n<p>&nbsp;<\/p>\n<p>Oliveira, Bruna Roque Ugulino de; <strong>LATORRACA, J. V. F.<\/strong>; Tomazello Filho, M\u00e1rio; PALERMO, Gilmara Pires de Moura; Carvalho, Alexandre Monteiro; PASTRO, M. S. Microdensitometria de Raios X Aplicada na Determina\u00e7\u00e3o da Varia\u00e7\u00e3o da Densidade do Lenho de \u00c1rvores de Eucalyptus grandis W. Hill. Scientia Forestalis (IPEF). , v.40, p.103 &#8211; 112, 2012.<\/p>\n<p>&nbsp;<\/p>\n<p>Garcia, R.A.; CARVALHO, Alexandre Monteiro de; <strong>Latorraca, Jo\u00e3o Vicente de Figueiredo<\/strong>; Matos, Jorge Luis Monteiro; SANTOS, W. A.; SILVA, R. F. M. Nondestructive evaluation of heat-treated Eucalyptus grandis Hill ex Maiden wood using stress wave method. Wood Science and Technology (Print). , v.46, p.41 &#8211; 52, 2012.<\/p>\n<p>&nbsp;<\/p>\n<p><strong>Latorraca, Jo\u00e3o Vicente de Figueiredo<\/strong>; SILVA, Gilmar Correia; LIMA, L. G. S. Physical Properties and Heat Transfer of Tectona grandis L.f. Wood. Journal of Environmental Science and Engineering B. , v.1, p.1303 &#8211; , 2012.<\/p>\n","protected":false},"excerpt":{"rendered":"<p>Artigos 2019 PORTAL CAHUANA, LEIF ARMANDO ; VIEIRA DOS SANTOS, GLAYCIANNE CHRISTINE ;&nbsp;Figueiredo Latorraca, Jo\u00e3o Vicente&nbsp;; OLIVEIRA LIMA, DAYANE ; <a class=\"read-more\" href=\"https:\/\/laboratorios.ufrrj.br\/npqm\/artigo-cientifico\/ \" >&#8230; <span class=\"font-italic\">leia mais <i class=\"fas fa-angle-right\"><\/i><\/span><\/a><\/p>\n","protected":false},"author":9,"featured_media":0,"parent":0,"menu_order":0,"comment_status":"closed","ping_status":"closed","template":"","meta":{"_acf_changed":false,"ngg_post_thumbnail":0,"footnotes":""},"class_list":["post-911","page","type-page","status-publish","hentry"],"acf":[],"yoast_head":"<!-- This site is optimized with the Yoast SEO plugin v26.8 - https:\/\/yoast.com\/product\/yoast-seo-wordpress\/ -->\n<title>Artigo Cient\u00edfico - N\u00facleo de Pesquisa em Qualidade de \u00c1rvores e Madeira<\/title>\n<meta name=\"robots\" content=\"index, follow, max-snippet:-1, max-image-preview:large, max-video-preview:-1\" \/>\n<link rel=\"canonical\" href=\"https:\/\/laboratorios.ufrrj.br\/npqm\/artigo-cientifico\/\" \/>\n<meta property=\"og:locale\" content=\"pt_BR\" \/>\n<meta property=\"og:type\" content=\"article\" \/>\n<meta property=\"og:title\" content=\"Artigo Cient\u00edfico - N\u00facleo de Pesquisa em Qualidade de \u00c1rvores e Madeira\" \/>\n<meta property=\"og:description\" content=\"Artigos 2019 PORTAL CAHUANA, LEIF ARMANDO ; VIEIRA DOS SANTOS, GLAYCIANNE CHRISTINE ;&nbsp;Figueiredo Latorraca, Jo\u00e3o Vicente&nbsp;; OLIVEIRA LIMA, DAYANE ; ... leia mais\" \/>\n<meta property=\"og:url\" content=\"https:\/\/laboratorios.ufrrj.br\/npqm\/artigo-cientifico\/\" \/>\n<meta property=\"og:site_name\" content=\"N\u00facleo de Pesquisa em Qualidade de \u00c1rvores e Madeira\" \/>\n<meta property=\"og:image\" content=\"http:\/\/buscatextual.cnpq.br\/buscatextual\/images\/curriculo\/jcr.gif\" \/>\n<meta name=\"twitter:card\" content=\"summary_large_image\" \/>\n<meta name=\"twitter:label1\" content=\"Est. tempo de leitura\" \/>\n\t<meta name=\"twitter:data1\" content=\"6 minutos\" \/>\n<script type=\"application\/ld+json\" class=\"yoast-schema-graph\">{\"@context\":\"https:\/\/schema.org\",\"@graph\":[{\"@type\":\"WebPage\",\"@id\":\"https:\/\/laboratorios.ufrrj.br\/npqm\/artigo-cientifico\/\",\"url\":\"https:\/\/laboratorios.ufrrj.br\/npqm\/artigo-cientifico\/\",\"name\":\"Artigo Cient\u00edfico - N\u00facleo de Pesquisa em Qualidade de \u00c1rvores e Madeira\",\"isPartOf\":{\"@id\":\"https:\/\/laboratorios.ufrrj.br\/npqm\/#website\"},\"primaryImageOfPage\":{\"@id\":\"https:\/\/laboratorios.ufrrj.br\/npqm\/artigo-cientifico\/#primaryimage\"},\"image\":{\"@id\":\"https:\/\/laboratorios.ufrrj.br\/npqm\/artigo-cientifico\/#primaryimage\"},\"thumbnailUrl\":\"http:\/\/buscatextual.cnpq.br\/buscatextual\/images\/curriculo\/jcr.gif\",\"datePublished\":\"2019-06-04T13:33:39+00:00\",\"breadcrumb\":{\"@id\":\"https:\/\/laboratorios.ufrrj.br\/npqm\/artigo-cientifico\/#breadcrumb\"},\"inLanguage\":\"pt-BR\",\"potentialAction\":[{\"@type\":\"ReadAction\",\"target\":[\"https:\/\/laboratorios.ufrrj.br\/npqm\/artigo-cientifico\/\"]}]},{\"@type\":\"ImageObject\",\"inLanguage\":\"pt-BR\",\"@id\":\"https:\/\/laboratorios.ufrrj.br\/npqm\/artigo-cientifico\/#primaryimage\",\"url\":\"http:\/\/buscatextual.cnpq.br\/buscatextual\/images\/curriculo\/jcr.gif\",\"contentUrl\":\"http:\/\/buscatextual.cnpq.br\/buscatextual\/images\/curriculo\/jcr.gif\"},{\"@type\":\"BreadcrumbList\",\"@id\":\"https:\/\/laboratorios.ufrrj.br\/npqm\/artigo-cientifico\/#breadcrumb\",\"itemListElement\":[{\"@type\":\"ListItem\",\"position\":1,\"name\":\"In\u00edcio\",\"item\":\"https:\/\/laboratorios.ufrrj.br\/npqm\/\"},{\"@type\":\"ListItem\",\"position\":2,\"name\":\"Artigo Cient\u00edfico\"}]},{\"@type\":\"WebSite\",\"@id\":\"https:\/\/laboratorios.ufrrj.br\/npqm\/#website\",\"url\":\"https:\/\/laboratorios.ufrrj.br\/npqm\/\",\"name\":\"N\u00facleo de Pesquisa em Qualidade de \u00c1rvores e Madeira\",\"description\":\"\",\"publisher\":{\"@id\":\"https:\/\/laboratorios.ufrrj.br\/npqm\/#organization\"},\"potentialAction\":[{\"@type\":\"SearchAction\",\"target\":{\"@type\":\"EntryPoint\",\"urlTemplate\":\"https:\/\/laboratorios.ufrrj.br\/npqm\/?s={search_term_string}\"},\"query-input\":{\"@type\":\"PropertyValueSpecification\",\"valueRequired\":true,\"valueName\":\"search_term_string\"}}],\"inLanguage\":\"pt-BR\"},{\"@type\":\"Organization\",\"@id\":\"https:\/\/laboratorios.ufrrj.br\/npqm\/#organization\",\"name\":\"UFRRJ - Universidade Federal Rural do Rio de Janeiro\",\"url\":\"https:\/\/laboratorios.ufrrj.br\/npqm\/\",\"logo\":{\"@type\":\"ImageObject\",\"inLanguage\":\"pt-BR\",\"@id\":\"https:\/\/laboratorios.ufrrj.br\/npqm\/#\/schema\/logo\/image\/\",\"url\":\"https:\/\/laboratorios.ufrrj.br\/npqm\/wp-content\/uploads\/sites\/4\/2025\/07\/LOGO_NPQAM2.png\",\"contentUrl\":\"https:\/\/laboratorios.ufrrj.br\/npqm\/wp-content\/uploads\/sites\/4\/2025\/07\/LOGO_NPQAM2.png\",\"width\":1806,\"height\":1806,\"caption\":\"UFRRJ - Universidade Federal Rural do Rio de Janeiro\"},\"image\":{\"@id\":\"https:\/\/laboratorios.ufrrj.br\/npqm\/#\/schema\/logo\/image\/\"}}]}<\/script>\n<!-- \/ Yoast SEO plugin. -->","yoast_head_json":{"title":"Artigo Cient\u00edfico - N\u00facleo de Pesquisa em Qualidade de \u00c1rvores e Madeira","robots":{"index":"index","follow":"follow","max-snippet":"max-snippet:-1","max-image-preview":"max-image-preview:large","max-video-preview":"max-video-preview:-1"},"canonical":"https:\/\/laboratorios.ufrrj.br\/npqm\/artigo-cientifico\/","og_locale":"pt_BR","og_type":"article","og_title":"Artigo Cient\u00edfico - N\u00facleo de Pesquisa em Qualidade de \u00c1rvores e Madeira","og_description":"Artigos 2019 PORTAL CAHUANA, LEIF ARMANDO ; VIEIRA DOS SANTOS, GLAYCIANNE CHRISTINE ;&nbsp;Figueiredo Latorraca, Jo\u00e3o Vicente&nbsp;; OLIVEIRA LIMA, DAYANE ; ... leia mais","og_url":"https:\/\/laboratorios.ufrrj.br\/npqm\/artigo-cientifico\/","og_site_name":"N\u00facleo de Pesquisa em Qualidade de \u00c1rvores e Madeira","og_image":[{"url":"http:\/\/buscatextual.cnpq.br\/buscatextual\/images\/curriculo\/jcr.gif","type":"","width":"","height":""}],"twitter_card":"summary_large_image","twitter_misc":{"Est. tempo de leitura":"6 minutos"},"schema":{"@context":"https:\/\/schema.org","@graph":[{"@type":"WebPage","@id":"https:\/\/laboratorios.ufrrj.br\/npqm\/artigo-cientifico\/","url":"https:\/\/laboratorios.ufrrj.br\/npqm\/artigo-cientifico\/","name":"Artigo Cient\u00edfico - N\u00facleo de Pesquisa em Qualidade de \u00c1rvores e Madeira","isPartOf":{"@id":"https:\/\/laboratorios.ufrrj.br\/npqm\/#website"},"primaryImageOfPage":{"@id":"https:\/\/laboratorios.ufrrj.br\/npqm\/artigo-cientifico\/#primaryimage"},"image":{"@id":"https:\/\/laboratorios.ufrrj.br\/npqm\/artigo-cientifico\/#primaryimage"},"thumbnailUrl":"http:\/\/buscatextual.cnpq.br\/buscatextual\/images\/curriculo\/jcr.gif","datePublished":"2019-06-04T13:33:39+00:00","breadcrumb":{"@id":"https:\/\/laboratorios.ufrrj.br\/npqm\/artigo-cientifico\/#breadcrumb"},"inLanguage":"pt-BR","potentialAction":[{"@type":"ReadAction","target":["https:\/\/laboratorios.ufrrj.br\/npqm\/artigo-cientifico\/"]}]},{"@type":"ImageObject","inLanguage":"pt-BR","@id":"https:\/\/laboratorios.ufrrj.br\/npqm\/artigo-cientifico\/#primaryimage","url":"http:\/\/buscatextual.cnpq.br\/buscatextual\/images\/curriculo\/jcr.gif","contentUrl":"http:\/\/buscatextual.cnpq.br\/buscatextual\/images\/curriculo\/jcr.gif"},{"@type":"BreadcrumbList","@id":"https:\/\/laboratorios.ufrrj.br\/npqm\/artigo-cientifico\/#breadcrumb","itemListElement":[{"@type":"ListItem","position":1,"name":"In\u00edcio","item":"https:\/\/laboratorios.ufrrj.br\/npqm\/"},{"@type":"ListItem","position":2,"name":"Artigo Cient\u00edfico"}]},{"@type":"WebSite","@id":"https:\/\/laboratorios.ufrrj.br\/npqm\/#website","url":"https:\/\/laboratorios.ufrrj.br\/npqm\/","name":"N\u00facleo de Pesquisa em Qualidade de \u00c1rvores e Madeira","description":"","publisher":{"@id":"https:\/\/laboratorios.ufrrj.br\/npqm\/#organization"},"potentialAction":[{"@type":"SearchAction","target":{"@type":"EntryPoint","urlTemplate":"https:\/\/laboratorios.ufrrj.br\/npqm\/?s={search_term_string}"},"query-input":{"@type":"PropertyValueSpecification","valueRequired":true,"valueName":"search_term_string"}}],"inLanguage":"pt-BR"},{"@type":"Organization","@id":"https:\/\/laboratorios.ufrrj.br\/npqm\/#organization","name":"UFRRJ - Universidade Federal Rural do Rio de Janeiro","url":"https:\/\/laboratorios.ufrrj.br\/npqm\/","logo":{"@type":"ImageObject","inLanguage":"pt-BR","@id":"https:\/\/laboratorios.ufrrj.br\/npqm\/#\/schema\/logo\/image\/","url":"https:\/\/laboratorios.ufrrj.br\/npqm\/wp-content\/uploads\/sites\/4\/2025\/07\/LOGO_NPQAM2.png","contentUrl":"https:\/\/laboratorios.ufrrj.br\/npqm\/wp-content\/uploads\/sites\/4\/2025\/07\/LOGO_NPQAM2.png","width":1806,"height":1806,"caption":"UFRRJ - Universidade Federal Rural do Rio de Janeiro"},"image":{"@id":"https:\/\/laboratorios.ufrrj.br\/npqm\/#\/schema\/logo\/image\/"}}]}},"_links":{"self":[{"href":"https:\/\/laboratorios.ufrrj.br\/npqm\/wp-json\/wp\/v2\/pages\/911","targetHints":{"allow":["GET"]}}],"collection":[{"href":"https:\/\/laboratorios.ufrrj.br\/npqm\/wp-json\/wp\/v2\/pages"}],"about":[{"href":"https:\/\/laboratorios.ufrrj.br\/npqm\/wp-json\/wp\/v2\/types\/page"}],"author":[{"embeddable":true,"href":"https:\/\/laboratorios.ufrrj.br\/npqm\/wp-json\/wp\/v2\/users\/9"}],"replies":[{"embeddable":true,"href":"https:\/\/laboratorios.ufrrj.br\/npqm\/wp-json\/wp\/v2\/comments?post=911"}],"version-history":[{"count":1,"href":"https:\/\/laboratorios.ufrrj.br\/npqm\/wp-json\/wp\/v2\/pages\/911\/revisions"}],"predecessor-version":[{"id":912,"href":"https:\/\/laboratorios.ufrrj.br\/npqm\/wp-json\/wp\/v2\/pages\/911\/revisions\/912"}],"wp:attachment":[{"href":"https:\/\/laboratorios.ufrrj.br\/npqm\/wp-json\/wp\/v2\/media?parent=911"}],"curies":[{"name":"wp","href":"https:\/\/api.w.org\/{rel}","templated":true}]}}