{"id":8,"date":"2015-03-16T17:11:38","date_gmt":"2015-03-16T17:11:38","guid":{"rendered":"http:\/\/laboratorios.ufrrj.br\/npqm\/?page_id=8"},"modified":"2020-07-19T14:38:11","modified_gmt":"2020-07-19T14:38:11","slug":"coordenador","status":"publish","type":"page","link":"https:\/\/laboratorios.ufrrj.br\/npqm\/coordenador\/","title":{"rendered":"Coordenador"},"content":{"rendered":"<table style=\"height: 529px\" width=\"621\">\n<tbody>\n<tr>\n<td rowspan=\"4\" width=\"92\"><a href=\"http:\/\/laboratorios.ufrrj.br\/npqm\/wp-content\/uploads\/sites\/4\/2019\/02\/joao.png\"><img loading=\"lazy\" decoding=\"async\" class=\"aligncenter wp-image-699\" src=\"http:\/\/laboratorios.ufrrj.br\/npqm\/wp-content\/uploads\/sites\/4\/2019\/02\/joao.png\" alt=\"\" width=\"108\" height=\"140\"><\/a><a href=\"http:\/\/laboratorios.ufrrj.br\/npqm\/wp-content\/uploads\/sites\/4\/2019\/02\/joao.png\"><br \/>\n<\/a><\/td>\n<td width=\"274\"><em>Dr.<\/em>&nbsp;Jo\u00e3o Vicente de Figueiredo Latorraca&nbsp;<\/td>\n<\/tr>\n<tr>\n<td width=\"274\"><strong>E-mail<\/strong>: latorraca@hotmail.com<\/td>\n<\/tr>\n<tr>\n<td width=\"274\"><a href=\"http:\/\/buscatextual.cnpq.br\/buscatextual\/visualizacv.do?id=K4796501D0\" target=\"_blank\" rel=\"noopener\"><img loading=\"lazy\" decoding=\"async\" class=\"alignnone wp-image-329\" src=\"http:\/\/laboratorios.ufrrj.br\/npqm\/wp-content\/uploads\/sites\/4\/2015\/03\/lattesdownload.jpeg\" alt=\"lattesdownload\" width=\"73\" height=\"26\"><\/a><\/td>\n<\/tr>\n<tr>\n<td width=\"274\"><a href=\"http:\/\/dgp.cnpq.br\/dgp\/espelhorh\/9612404360795583\" target=\"_blank\" rel=\"noopener\"><img loading=\"lazy\" decoding=\"async\" class=\"alignnone wp-image-330\" src=\"http:\/\/laboratorios.ufrrj.br\/npqm\/wp-content\/uploads\/sites\/4\/2015\/03\/grupo-de-pesquisadownload.png\" alt=\"grupo de pesquisadownload\" width=\"81\" height=\"30\"><\/a><\/td>\n<\/tr>\n<tr>\n<td width=\"92\"><strong>Gradua\u00e7\u00e3o:<\/strong><\/td>\n<td width=\"274\">Engenharia Florestal (UFMT\/1984)<\/td>\n<\/tr>\n<tr>\n<td rowspan=\"4\" width=\"92\"><strong>P\u00f3s Gradua\u00e7\u00e3o:<\/strong><\/td>\n<td width=\"274\">P\u00f3s Doc (<em>Universit\u00e4t Hamburg &#8211; Alemanha\/2007<\/em>)<\/td>\n<\/tr>\n<tr>\n<td width=\"274\">Doutorado (<em>UFPR\/2000<\/em>)<\/td>\n<\/tr>\n<tr>\n<td width=\"274\">Mestrado (<em>UFPR\/1996<\/em>)<\/td>\n<\/tr>\n<tr>\n<td width=\"274\">Especializa\u00e7\u00e3o (<em>UFMT\/1995<\/em>)<\/td>\n<\/tr>\n<tr>\n<td width=\"92\"><strong>Atua\u00e7\u00e3o:<\/strong><\/td>\n<td width=\"274\">An\u00e1lise Tecnol\u00f3gica da Qualidade de \u00c1rvores e Madeiras&nbsp;<\/td>\n<\/tr>\n<\/tbody>\n<\/table>\n","protected":false},"excerpt":{"rendered":"<p>Dr.&nbsp;Jo\u00e3o Vicente de Figueiredo Latorraca&nbsp; E-mail: latorraca@hotmail.com Gradua\u00e7\u00e3o: Engenharia Florestal (UFMT\/1984) P\u00f3s Gradua\u00e7\u00e3o: P\u00f3s Doc (Universit\u00e4t Hamburg &#8211; Alemanha\/2007) Doutorado <a class=\"read-more\" href=\"https:\/\/laboratorios.ufrrj.br\/npqm\/coordenador\/ \" >&#8230; <span class=\"font-italic\">leia mais <i class=\"fas fa-angle-right\"><\/i><\/span><\/a><\/p>\n","protected":false},"author":9,"featured_media":326,"parent":0,"menu_order":0,"comment_status":"open","ping_status":"open","template":"","meta":{"_acf_changed":false,"ngg_post_thumbnail":0,"footnotes":""},"class_list":["post-8","page","type-page","status-publish","has-post-thumbnail","hentry"],"acf":[],"yoast_head":"<!-- This site is optimized with the Yoast SEO plugin v26.8 - https:\/\/yoast.com\/product\/yoast-seo-wordpress\/ -->\n<title>Coordenador - N\u00facleo de Pesquisa em Qualidade de \u00c1rvores e Madeira<\/title>\n<meta name=\"robots\" content=\"index, follow, max-snippet:-1, max-image-preview:large, max-video-preview:-1\" \/>\n<link rel=\"canonical\" href=\"https:\/\/laboratorios.ufrrj.br\/npqm\/coordenador\/\" \/>\n<meta property=\"og:locale\" content=\"pt_BR\" \/>\n<meta property=\"og:type\" content=\"article\" \/>\n<meta property=\"og:title\" content=\"Coordenador - N\u00facleo de Pesquisa em Qualidade de \u00c1rvores e Madeira\" \/>\n<meta property=\"og:description\" content=\"Dr.&nbsp;Jo\u00e3o Vicente de Figueiredo Latorraca&nbsp; E-mail: latorraca@hotmail.com Gradua\u00e7\u00e3o: Engenharia Florestal (UFMT\/1984) P\u00f3s Gradua\u00e7\u00e3o: P\u00f3s Doc (Universit\u00e4t Hamburg &#8211; Alemanha\/2007) Doutorado ... leia mais\" \/>\n<meta property=\"og:url\" content=\"https:\/\/laboratorios.ufrrj.br\/npqm\/coordenador\/\" \/>\n<meta property=\"og:site_name\" content=\"N\u00facleo de Pesquisa em Qualidade de \u00c1rvores e Madeira\" \/>\n<meta property=\"article:modified_time\" content=\"2020-07-19T14:38:11+00:00\" \/>\n<meta property=\"og:image\" content=\"https:\/\/laboratorios.ufrrj.br\/npqm\/wp-content\/uploads\/sites\/4\/2015\/03\/joao.jpg\" \/>\n\t<meta property=\"og:image:width\" content=\"377\" \/>\n\t<meta property=\"og:image:height\" content=\"527\" \/>\n\t<meta property=\"og:image:type\" content=\"image\/jpeg\" \/>\n<meta name=\"twitter:card\" content=\"summary_large_image\" \/>\n<script type=\"application\/ld+json\" class=\"yoast-schema-graph\">{\"@context\":\"https:\/\/schema.org\",\"@graph\":[{\"@type\":\"WebPage\",\"@id\":\"https:\/\/laboratorios.ufrrj.br\/npqm\/coordenador\/\",\"url\":\"https:\/\/laboratorios.ufrrj.br\/npqm\/coordenador\/\",\"name\":\"Coordenador - N\u00facleo de Pesquisa em Qualidade de \u00c1rvores e Madeira\",\"isPartOf\":{\"@id\":\"https:\/\/laboratorios.ufrrj.br\/npqm\/#website\"},\"primaryImageOfPage\":{\"@id\":\"https:\/\/laboratorios.ufrrj.br\/npqm\/coordenador\/#primaryimage\"},\"image\":{\"@id\":\"https:\/\/laboratorios.ufrrj.br\/npqm\/coordenador\/#primaryimage\"},\"thumbnailUrl\":\"https:\/\/laboratorios.ufrrj.br\/npqm\/wp-content\/uploads\/sites\/4\/2015\/03\/joao.jpg\",\"datePublished\":\"2015-03-16T17:11:38+00:00\",\"dateModified\":\"2020-07-19T14:38:11+00:00\",\"breadcrumb\":{\"@id\":\"https:\/\/laboratorios.ufrrj.br\/npqm\/coordenador\/#breadcrumb\"},\"inLanguage\":\"pt-BR\",\"potentialAction\":[{\"@type\":\"ReadAction\",\"target\":[\"https:\/\/laboratorios.ufrrj.br\/npqm\/coordenador\/\"]}]},{\"@type\":\"ImageObject\",\"inLanguage\":\"pt-BR\",\"@id\":\"https:\/\/laboratorios.ufrrj.br\/npqm\/coordenador\/#primaryimage\",\"url\":\"https:\/\/laboratorios.ufrrj.br\/npqm\/wp-content\/uploads\/sites\/4\/2015\/03\/joao.jpg\",\"contentUrl\":\"https:\/\/laboratorios.ufrrj.br\/npqm\/wp-content\/uploads\/sites\/4\/2015\/03\/joao.jpg\",\"width\":377,\"height\":527},{\"@type\":\"BreadcrumbList\",\"@id\":\"https:\/\/laboratorios.ufrrj.br\/npqm\/coordenador\/#breadcrumb\",\"itemListElement\":[{\"@type\":\"ListItem\",\"position\":1,\"name\":\"In\u00edcio\",\"item\":\"https:\/\/laboratorios.ufrrj.br\/npqm\/\"},{\"@type\":\"ListItem\",\"position\":2,\"name\":\"Coordenador\"}]},{\"@type\":\"WebSite\",\"@id\":\"https:\/\/laboratorios.ufrrj.br\/npqm\/#website\",\"url\":\"https:\/\/laboratorios.ufrrj.br\/npqm\/\",\"name\":\"N\u00facleo de Pesquisa em Qualidade de \u00c1rvores e Madeira\",\"description\":\"\",\"publisher\":{\"@id\":\"https:\/\/laboratorios.ufrrj.br\/npqm\/#organization\"},\"potentialAction\":[{\"@type\":\"SearchAction\",\"target\":{\"@type\":\"EntryPoint\",\"urlTemplate\":\"https:\/\/laboratorios.ufrrj.br\/npqm\/?s={search_term_string}\"},\"query-input\":{\"@type\":\"PropertyValueSpecification\",\"valueRequired\":true,\"valueName\":\"search_term_string\"}}],\"inLanguage\":\"pt-BR\"},{\"@type\":\"Organization\",\"@id\":\"https:\/\/laboratorios.ufrrj.br\/npqm\/#organization\",\"name\":\"UFRRJ - Universidade Federal Rural do Rio de Janeiro\",\"url\":\"https:\/\/laboratorios.ufrrj.br\/npqm\/\",\"logo\":{\"@type\":\"ImageObject\",\"inLanguage\":\"pt-BR\",\"@id\":\"https:\/\/laboratorios.ufrrj.br\/npqm\/#\/schema\/logo\/image\/\",\"url\":\"https:\/\/laboratorios.ufrrj.br\/npqm\/wp-content\/uploads\/sites\/4\/2025\/07\/LOGO_NPQAM2.png\",\"contentUrl\":\"https:\/\/laboratorios.ufrrj.br\/npqm\/wp-content\/uploads\/sites\/4\/2025\/07\/LOGO_NPQAM2.png\",\"width\":1806,\"height\":1806,\"caption\":\"UFRRJ - Universidade Federal Rural do Rio de Janeiro\"},\"image\":{\"@id\":\"https:\/\/laboratorios.ufrrj.br\/npqm\/#\/schema\/logo\/image\/\"}}]}<\/script>\n<!-- \/ Yoast SEO plugin. -->","yoast_head_json":{"title":"Coordenador - N\u00facleo de Pesquisa em Qualidade de \u00c1rvores e Madeira","robots":{"index":"index","follow":"follow","max-snippet":"max-snippet:-1","max-image-preview":"max-image-preview:large","max-video-preview":"max-video-preview:-1"},"canonical":"https:\/\/laboratorios.ufrrj.br\/npqm\/coordenador\/","og_locale":"pt_BR","og_type":"article","og_title":"Coordenador - N\u00facleo de Pesquisa em Qualidade de \u00c1rvores e Madeira","og_description":"Dr.&nbsp;Jo\u00e3o Vicente de Figueiredo Latorraca&nbsp; E-mail: latorraca@hotmail.com Gradua\u00e7\u00e3o: Engenharia Florestal (UFMT\/1984) P\u00f3s Gradua\u00e7\u00e3o: P\u00f3s Doc (Universit\u00e4t Hamburg &#8211; Alemanha\/2007) Doutorado ... leia mais","og_url":"https:\/\/laboratorios.ufrrj.br\/npqm\/coordenador\/","og_site_name":"N\u00facleo de Pesquisa em Qualidade de \u00c1rvores e Madeira","article_modified_time":"2020-07-19T14:38:11+00:00","og_image":[{"width":377,"height":527,"url":"https:\/\/laboratorios.ufrrj.br\/npqm\/wp-content\/uploads\/sites\/4\/2015\/03\/joao.jpg","type":"image\/jpeg"}],"twitter_card":"summary_large_image","schema":{"@context":"https:\/\/schema.org","@graph":[{"@type":"WebPage","@id":"https:\/\/laboratorios.ufrrj.br\/npqm\/coordenador\/","url":"https:\/\/laboratorios.ufrrj.br\/npqm\/coordenador\/","name":"Coordenador - N\u00facleo de Pesquisa em Qualidade de \u00c1rvores e Madeira","isPartOf":{"@id":"https:\/\/laboratorios.ufrrj.br\/npqm\/#website"},"primaryImageOfPage":{"@id":"https:\/\/laboratorios.ufrrj.br\/npqm\/coordenador\/#primaryimage"},"image":{"@id":"https:\/\/laboratorios.ufrrj.br\/npqm\/coordenador\/#primaryimage"},"thumbnailUrl":"https:\/\/laboratorios.ufrrj.br\/npqm\/wp-content\/uploads\/sites\/4\/2015\/03\/joao.jpg","datePublished":"2015-03-16T17:11:38+00:00","dateModified":"2020-07-19T14:38:11+00:00","breadcrumb":{"@id":"https:\/\/laboratorios.ufrrj.br\/npqm\/coordenador\/#breadcrumb"},"inLanguage":"pt-BR","potentialAction":[{"@type":"ReadAction","target":["https:\/\/laboratorios.ufrrj.br\/npqm\/coordenador\/"]}]},{"@type":"ImageObject","inLanguage":"pt-BR","@id":"https:\/\/laboratorios.ufrrj.br\/npqm\/coordenador\/#primaryimage","url":"https:\/\/laboratorios.ufrrj.br\/npqm\/wp-content\/uploads\/sites\/4\/2015\/03\/joao.jpg","contentUrl":"https:\/\/laboratorios.ufrrj.br\/npqm\/wp-content\/uploads\/sites\/4\/2015\/03\/joao.jpg","width":377,"height":527},{"@type":"BreadcrumbList","@id":"https:\/\/laboratorios.ufrrj.br\/npqm\/coordenador\/#breadcrumb","itemListElement":[{"@type":"ListItem","position":1,"name":"In\u00edcio","item":"https:\/\/laboratorios.ufrrj.br\/npqm\/"},{"@type":"ListItem","position":2,"name":"Coordenador"}]},{"@type":"WebSite","@id":"https:\/\/laboratorios.ufrrj.br\/npqm\/#website","url":"https:\/\/laboratorios.ufrrj.br\/npqm\/","name":"N\u00facleo de Pesquisa em Qualidade de \u00c1rvores e Madeira","description":"","publisher":{"@id":"https:\/\/laboratorios.ufrrj.br\/npqm\/#organization"},"potentialAction":[{"@type":"SearchAction","target":{"@type":"EntryPoint","urlTemplate":"https:\/\/laboratorios.ufrrj.br\/npqm\/?s={search_term_string}"},"query-input":{"@type":"PropertyValueSpecification","valueRequired":true,"valueName":"search_term_string"}}],"inLanguage":"pt-BR"},{"@type":"Organization","@id":"https:\/\/laboratorios.ufrrj.br\/npqm\/#organization","name":"UFRRJ - Universidade Federal Rural do Rio de Janeiro","url":"https:\/\/laboratorios.ufrrj.br\/npqm\/","logo":{"@type":"ImageObject","inLanguage":"pt-BR","@id":"https:\/\/laboratorios.ufrrj.br\/npqm\/#\/schema\/logo\/image\/","url":"https:\/\/laboratorios.ufrrj.br\/npqm\/wp-content\/uploads\/sites\/4\/2025\/07\/LOGO_NPQAM2.png","contentUrl":"https:\/\/laboratorios.ufrrj.br\/npqm\/wp-content\/uploads\/sites\/4\/2025\/07\/LOGO_NPQAM2.png","width":1806,"height":1806,"caption":"UFRRJ - Universidade Federal Rural do Rio de Janeiro"},"image":{"@id":"https:\/\/laboratorios.ufrrj.br\/npqm\/#\/schema\/logo\/image\/"}}]}},"_links":{"self":[{"href":"https:\/\/laboratorios.ufrrj.br\/npqm\/wp-json\/wp\/v2\/pages\/8","targetHints":{"allow":["GET"]}}],"collection":[{"href":"https:\/\/laboratorios.ufrrj.br\/npqm\/wp-json\/wp\/v2\/pages"}],"about":[{"href":"https:\/\/laboratorios.ufrrj.br\/npqm\/wp-json\/wp\/v2\/types\/page"}],"author":[{"embeddable":true,"href":"https:\/\/laboratorios.ufrrj.br\/npqm\/wp-json\/wp\/v2\/users\/9"}],"replies":[{"embeddable":true,"href":"https:\/\/laboratorios.ufrrj.br\/npqm\/wp-json\/wp\/v2\/comments?post=8"}],"version-history":[{"count":17,"href":"https:\/\/laboratorios.ufrrj.br\/npqm\/wp-json\/wp\/v2\/pages\/8\/revisions"}],"predecessor-version":[{"id":1058,"href":"https:\/\/laboratorios.ufrrj.br\/npqm\/wp-json\/wp\/v2\/pages\/8\/revisions\/1058"}],"wp:featuredmedia":[{"embeddable":true,"href":"https:\/\/laboratorios.ufrrj.br\/npqm\/wp-json\/wp\/v2\/media\/326"}],"wp:attachment":[{"href":"https:\/\/laboratorios.ufrrj.br\/npqm\/wp-json\/wp\/v2\/media?parent=8"}],"curies":[{"name":"wp","href":"https:\/\/api.w.org\/{rel}","templated":true}]}}