{"id":2440,"date":"2020-03-10T23:05:49","date_gmt":"2020-03-11T02:05:49","guid":{"rendered":"http:\/\/laboratorios.ufrrj.br\/lspia\/?page_id=2440"},"modified":"2020-03-17T11:41:43","modified_gmt":"2020-03-17T14:41:43","slug":"galeria","status":"publish","type":"page","link":"https:\/\/laboratorios.ufrrj.br\/lspia\/galeria\/","title":{"rendered":"Galeria"},"content":{"rendered":"<div id=\"attachment_2474\" style=\"width: 160px\" class=\"wp-caption alignleft\"><img loading=\"lazy\" decoding=\"async\" aria-describedby=\"caption-attachment-2474\" class=\"wp-image-2474 size-thumbnail\" src=\"http:\/\/laboratorios.ufrrj.br\/lspia\/wp-content\/uploads\/sites\/15\/2020\/03\/Experimento-Derique-150x150.jpg\" alt=\"\" width=\"150\" height=\"150\" srcset=\"https:\/\/laboratorios.ufrrj.br\/lspia\/wp-content\/uploads\/sites\/15\/2020\/03\/Experimento-Derique-150x150.jpg 150w, https:\/\/laboratorios.ufrrj.br\/lspia\/wp-content\/uploads\/sites\/15\/2020\/03\/Experimento-Derique-75x75.jpg 75w, https:\/\/laboratorios.ufrrj.br\/lspia\/wp-content\/uploads\/sites\/15\/2020\/03\/Experimento-Derique-100x100.jpg 100w\" sizes=\"auto, (max-width: 150px) 100vw, 150px\" \/><p id=\"caption-attachment-2474\" class=\"wp-caption-text\">Produ\u00e7\u00e3o de mudas de Jil\u00f3<\/p><\/div>\n<div id=\"attachment_2476\" style=\"width: 160px\" class=\"wp-caption alignleft\"><img loading=\"lazy\" decoding=\"async\" aria-describedby=\"caption-attachment-2476\" class=\"wp-image-2476 size-thumbnail\" src=\"http:\/\/laboratorios.ufrrj.br\/lspia\/wp-content\/uploads\/sites\/15\/2020\/03\/R\u00facula-cyndi-150x150.jpg\" alt=\"\" width=\"150\" height=\"150\" srcset=\"https:\/\/laboratorios.ufrrj.br\/lspia\/wp-content\/uploads\/sites\/15\/2020\/03\/R\u00facula-cyndi-150x150.jpg 150w, https:\/\/laboratorios.ufrrj.br\/lspia\/wp-content\/uploads\/sites\/15\/2020\/03\/R\u00facula-cyndi-75x75.jpg 75w, https:\/\/laboratorios.ufrrj.br\/lspia\/wp-content\/uploads\/sites\/15\/2020\/03\/R\u00facula-cyndi-100x100.jpg 100w\" sizes=\"auto, (max-width: 150px) 100vw, 150px\" \/><p id=\"caption-attachment-2476\" class=\"wp-caption-text\">R\u00facula- Uso de Sulfato de Am\u00f4nio do processo de recupera\u00e7\u00e3o de Ur\u00e2nio<\/p><\/div>\n<div id=\"attachment_2473\" style=\"width: 160px\" class=\"wp-caption alignleft\"><img loading=\"lazy\" decoding=\"async\" aria-describedby=\"caption-attachment-2473\" class=\"wp-image-2473 size-thumbnail\" src=\"http:\/\/laboratorios.ufrrj.br\/lspia\/wp-content\/uploads\/sites\/15\/2020\/03\/Experimento-Cyndi-150x150.jpg\" alt=\"\" width=\"150\" height=\"150\" srcset=\"https:\/\/laboratorios.ufrrj.br\/lspia\/wp-content\/uploads\/sites\/15\/2020\/03\/Experimento-Cyndi-150x150.jpg 150w, https:\/\/laboratorios.ufrrj.br\/lspia\/wp-content\/uploads\/sites\/15\/2020\/03\/Experimento-Cyndi-75x75.jpg 75w, https:\/\/laboratorios.ufrrj.br\/lspia\/wp-content\/uploads\/sites\/15\/2020\/03\/Experimento-Cyndi-100x100.jpg 100w\" sizes=\"auto, (max-width: 150px) 100vw, 150px\" \/><p id=\"caption-attachment-2473\" class=\"wp-caption-text\">Rabanete- Uso de Sulfato de Am\u00f4nio do processo de recupera\u00e7\u00e3o de Ur\u00e2nio<\/p><\/div>\n<div id=\"attachment_2465\" style=\"width: 160px\" class=\"wp-caption alignleft\"><img loading=\"lazy\" decoding=\"async\" aria-describedby=\"caption-attachment-2465\" class=\"wp-image-2465 size-thumbnail\" src=\"http:\/\/laboratorios.ufrrj.br\/lspia\/wp-content\/uploads\/sites\/15\/2020\/03\/\u00c1rea-experimental-LSP-6-150x150.jpg\" alt=\"\" width=\"150\" height=\"150\" srcset=\"https:\/\/laboratorios.ufrrj.br\/lspia\/wp-content\/uploads\/sites\/15\/2020\/03\/\u00c1rea-experimental-LSP-6-150x150.jpg 150w, https:\/\/laboratorios.ufrrj.br\/lspia\/wp-content\/uploads\/sites\/15\/2020\/03\/\u00c1rea-experimental-LSP-6-75x75.jpg 75w, https:\/\/laboratorios.ufrrj.br\/lspia\/wp-content\/uploads\/sites\/15\/2020\/03\/\u00c1rea-experimental-LSP-6-100x100.jpg 100w\" sizes=\"auto, (max-width: 150px) 100vw, 150px\" \/><p id=\"caption-attachment-2465\" class=\"wp-caption-text\">Plantio- Uso de Sulfato de Am\u00f4nio do processo de recupera\u00e7\u00e3o de Ur\u00e2nio<\/p><\/div>\n<div id=\"attachment_2453\" style=\"width: 160px\" class=\"wp-caption alignleft\"><img loading=\"lazy\" decoding=\"async\" aria-describedby=\"caption-attachment-2453\" class=\"wp-image-2453 size-thumbnail\" src=\"http:\/\/laboratorios.ufrrj.br\/lspia\/wp-content\/uploads\/sites\/15\/2020\/03\/\u00c1rea-experimental-LSP-3-150x150.jpg\" alt=\"\" width=\"150\" height=\"150\" srcset=\"https:\/\/laboratorios.ufrrj.br\/lspia\/wp-content\/uploads\/sites\/15\/2020\/03\/\u00c1rea-experimental-LSP-3-150x150.jpg 150w, https:\/\/laboratorios.ufrrj.br\/lspia\/wp-content\/uploads\/sites\/15\/2020\/03\/\u00c1rea-experimental-LSP-3-75x75.jpg 75w, https:\/\/laboratorios.ufrrj.br\/lspia\/wp-content\/uploads\/sites\/15\/2020\/03\/\u00c1rea-experimental-LSP-3-100x100.jpg 100w\" sizes=\"auto, (max-width: 150px) 100vw, 150px\" \/><p id=\"caption-attachment-2453\" class=\"wp-caption-text\">Casa de Vegeta\u00e7\u00e3o &#8211; \u00c1rea Experimental Agronomia<\/p><\/div>\n<div id=\"attachment_2454\" style=\"width: 160px\" class=\"wp-caption alignleft\"><img loading=\"lazy\" decoding=\"async\" aria-describedby=\"caption-attachment-2454\" class=\"wp-image-2454 size-thumbnail\" src=\"http:\/\/laboratorios.ufrrj.br\/lspia\/wp-content\/uploads\/sites\/15\/2020\/03\/\u00c1rea-experimental-LSP-4-150x150.jpg\" alt=\"\" width=\"150\" height=\"150\" \/><p id=\"caption-attachment-2454\" class=\"wp-caption-text\">Casa de Vegeta\u00e7\u00e3o &#8211; \u00c1rea Experimental Agronomia<\/p><\/div>\n<div id=\"attachment_2464\" style=\"width: 160px\" class=\"wp-caption alignleft\"><img loading=\"lazy\" decoding=\"async\" aria-describedby=\"caption-attachment-2464\" class=\"wp-image-2464 size-thumbnail\" src=\"http:\/\/laboratorios.ufrrj.br\/lspia\/wp-content\/uploads\/sites\/15\/2020\/03\/\u00c1rea-experimental-LSP-5--150x150.jpg\" alt=\"\" width=\"150\" height=\"150\" srcset=\"https:\/\/laboratorios.ufrrj.br\/lspia\/wp-content\/uploads\/sites\/15\/2020\/03\/\u00c1rea-experimental-LSP-5--150x150.jpg 150w, https:\/\/laboratorios.ufrrj.br\/lspia\/wp-content\/uploads\/sites\/15\/2020\/03\/\u00c1rea-experimental-LSP-5--75x75.jpg 75w, https:\/\/laboratorios.ufrrj.br\/lspia\/wp-content\/uploads\/sites\/15\/2020\/03\/\u00c1rea-experimental-LSP-5--100x100.jpg 100w\" sizes=\"auto, (max-width: 150px) 100vw, 150px\" \/><p id=\"caption-attachment-2464\" class=\"wp-caption-text\">Uso de Sulfato de Am\u00f4nio do processo de recupera\u00e7\u00e3o de Ur\u00e2nio<\/p><\/div>\n<div id=\"attachment_2463\" style=\"width: 160px\" class=\"wp-caption alignleft\"><img loading=\"lazy\" decoding=\"async\" aria-describedby=\"caption-attachment-2463\" class=\"wp-image-2463 size-thumbnail\" src=\"http:\/\/laboratorios.ufrrj.br\/lspia\/wp-content\/uploads\/sites\/15\/2020\/03\/\u00c1rea-experimental-LSP-4-1-150x150.jpg\" alt=\"\" width=\"150\" height=\"150\" srcset=\"https:\/\/laboratorios.ufrrj.br\/lspia\/wp-content\/uploads\/sites\/15\/2020\/03\/\u00c1rea-experimental-LSP-4-1-150x150.jpg 150w, https:\/\/laboratorios.ufrrj.br\/lspia\/wp-content\/uploads\/sites\/15\/2020\/03\/\u00c1rea-experimental-LSP-4-1-75x75.jpg 75w, https:\/\/laboratorios.ufrrj.br\/lspia\/wp-content\/uploads\/sites\/15\/2020\/03\/\u00c1rea-experimental-LSP-4-1-100x100.jpg 100w\" sizes=\"auto, (max-width: 150px) 100vw, 150px\" \/><p id=\"caption-attachment-2463\" class=\"wp-caption-text\">Uso de Sulfato de Am\u00f4nio do processo de recupera\u00e7\u00e3o de Ur\u00e2nio<\/p><\/div>\n<p><img loading=\"lazy\" decoding=\"async\" class=\"alignleft size-thumbnail wp-image-2452\" src=\"http:\/\/laboratorios.ufrrj.br\/lspia\/wp-content\/uploads\/sites\/15\/2020\/03\/\u00c1rea-experimental-LSP-2-150x150.jpg\" alt=\"\" width=\"150\" height=\"150\" srcset=\"https:\/\/laboratorios.ufrrj.br\/lspia\/wp-content\/uploads\/sites\/15\/2020\/03\/\u00c1rea-experimental-LSP-2-150x150.jpg 150w, https:\/\/laboratorios.ufrrj.br\/lspia\/wp-content\/uploads\/sites\/15\/2020\/03\/\u00c1rea-experimental-LSP-2-75x75.jpg 75w, https:\/\/laboratorios.ufrrj.br\/lspia\/wp-content\/uploads\/sites\/15\/2020\/03\/\u00c1rea-experimental-LSP-2-100x100.jpg 100w\" sizes=\"auto, (max-width: 150px) 100vw, 150px\" \/><\/p>\n","protected":false},"excerpt":{"rendered":"","protected":false},"author":19,"featured_media":0,"parent":0,"menu_order":0,"comment_status":"closed","ping_status":"closed","template":"","meta":{"_acf_changed":false,"footnotes":""},"class_list":["post-2440","page","type-page","status-publish","hentry"],"acf":[],"yoast_head":"<!-- This site is optimized with the Yoast SEO plugin v26.8 - https:\/\/yoast.com\/product\/yoast-seo-wordpress\/ -->\n<title>Galeria - Laborat\u00f3rio de Estudos das Rela\u00e7\u00f5es Solo-Planta da UFRRJ<\/title>\n<meta name=\"robots\" content=\"index, follow, max-snippet:-1, max-image-preview:large, max-video-preview:-1\" \/>\n<link rel=\"canonical\" href=\"https:\/\/laboratorios.ufrrj.br\/lspia\/galeria\/\" \/>\n<meta property=\"og:locale\" content=\"pt_BR\" \/>\n<meta property=\"og:type\" content=\"article\" \/>\n<meta property=\"og:title\" content=\"Galeria - Laborat\u00f3rio de Estudos das Rela\u00e7\u00f5es Solo-Planta da UFRRJ\" \/>\n<meta property=\"og:url\" content=\"https:\/\/laboratorios.ufrrj.br\/lspia\/galeria\/\" \/>\n<meta property=\"og:site_name\" content=\"Laborat\u00f3rio de Estudos das Rela\u00e7\u00f5es Solo-Planta da UFRRJ\" \/>\n<meta property=\"article:modified_time\" content=\"2020-03-17T14:41:43+00:00\" \/>\n<meta property=\"og:image\" content=\"https:\/\/laboratorios.ufrrj.br\/lspia\/wp-content\/uploads\/sites\/15\/2020\/03\/Experimento-Derique.jpg\" \/>\n\t<meta property=\"og:image:width\" content=\"945\" \/>\n\t<meta property=\"og:image:height\" content=\"2048\" \/>\n\t<meta property=\"og:image:type\" content=\"image\/jpeg\" \/>\n<meta name=\"twitter:card\" content=\"summary_large_image\" \/>\n<meta name=\"twitter:label1\" content=\"Est. tempo de leitura\" \/>\n\t<meta name=\"twitter:data1\" content=\"1 minuto\" \/>\n<script type=\"application\/ld+json\" class=\"yoast-schema-graph\">{\"@context\":\"https:\/\/schema.org\",\"@graph\":[{\"@type\":\"WebPage\",\"@id\":\"https:\/\/laboratorios.ufrrj.br\/lspia\/galeria\/\",\"url\":\"https:\/\/laboratorios.ufrrj.br\/lspia\/galeria\/\",\"name\":\"Galeria - Laborat\u00f3rio de Estudos das Rela\u00e7\u00f5es Solo-Planta da UFRRJ\",\"isPartOf\":{\"@id\":\"https:\/\/laboratorios.ufrrj.br\/lspia\/#website\"},\"primaryImageOfPage\":{\"@id\":\"https:\/\/laboratorios.ufrrj.br\/lspia\/galeria\/#primaryimage\"},\"image\":{\"@id\":\"https:\/\/laboratorios.ufrrj.br\/lspia\/galeria\/#primaryimage\"},\"thumbnailUrl\":\"http:\/\/laboratorios.ufrrj.br\/lspia\/wp-content\/uploads\/sites\/15\/2020\/03\/Experimento-Derique-150x150.jpg\",\"datePublished\":\"2020-03-11T02:05:49+00:00\",\"dateModified\":\"2020-03-17T14:41:43+00:00\",\"breadcrumb\":{\"@id\":\"https:\/\/laboratorios.ufrrj.br\/lspia\/galeria\/#breadcrumb\"},\"inLanguage\":\"pt-BR\",\"potentialAction\":[{\"@type\":\"ReadAction\",\"target\":[\"https:\/\/laboratorios.ufrrj.br\/lspia\/galeria\/\"]}]},{\"@type\":\"ImageObject\",\"inLanguage\":\"pt-BR\",\"@id\":\"https:\/\/laboratorios.ufrrj.br\/lspia\/galeria\/#primaryimage\",\"url\":\"https:\/\/laboratorios.ufrrj.br\/lspia\/wp-content\/uploads\/sites\/15\/2020\/03\/Experimento-Derique.jpg\",\"contentUrl\":\"https:\/\/laboratorios.ufrrj.br\/lspia\/wp-content\/uploads\/sites\/15\/2020\/03\/Experimento-Derique.jpg\",\"width\":945,\"height\":2048},{\"@type\":\"BreadcrumbList\",\"@id\":\"https:\/\/laboratorios.ufrrj.br\/lspia\/galeria\/#breadcrumb\",\"itemListElement\":[{\"@type\":\"ListItem\",\"position\":1,\"name\":\"In\u00edcio\",\"item\":\"https:\/\/laboratorios.ufrrj.br\/lspia\/\"},{\"@type\":\"ListItem\",\"position\":2,\"name\":\"Galeria\"}]},{\"@type\":\"WebSite\",\"@id\":\"https:\/\/laboratorios.ufrrj.br\/lspia\/#website\",\"url\":\"https:\/\/laboratorios.ufrrj.br\/lspia\/\",\"name\":\"Laborat\u00f3rio de Estudos das Rela\u00e7\u00f5es Solo-Planta da UFRRJ\",\"description\":\" Site de Laborat\u00f3rios\",\"potentialAction\":[{\"@type\":\"SearchAction\",\"target\":{\"@type\":\"EntryPoint\",\"urlTemplate\":\"https:\/\/laboratorios.ufrrj.br\/lspia\/?s={search_term_string}\"},\"query-input\":{\"@type\":\"PropertyValueSpecification\",\"valueRequired\":true,\"valueName\":\"search_term_string\"}}],\"inLanguage\":\"pt-BR\"}]}<\/script>\n<!-- \/ Yoast SEO plugin. -->","yoast_head_json":{"title":"Galeria - Laborat\u00f3rio de Estudos das Rela\u00e7\u00f5es Solo-Planta da UFRRJ","robots":{"index":"index","follow":"follow","max-snippet":"max-snippet:-1","max-image-preview":"max-image-preview:large","max-video-preview":"max-video-preview:-1"},"canonical":"https:\/\/laboratorios.ufrrj.br\/lspia\/galeria\/","og_locale":"pt_BR","og_type":"article","og_title":"Galeria - Laborat\u00f3rio de Estudos das Rela\u00e7\u00f5es Solo-Planta da UFRRJ","og_url":"https:\/\/laboratorios.ufrrj.br\/lspia\/galeria\/","og_site_name":"Laborat\u00f3rio de Estudos das Rela\u00e7\u00f5es Solo-Planta da UFRRJ","article_modified_time":"2020-03-17T14:41:43+00:00","og_image":[{"width":945,"height":2048,"url":"https:\/\/laboratorios.ufrrj.br\/lspia\/wp-content\/uploads\/sites\/15\/2020\/03\/Experimento-Derique.jpg","type":"image\/jpeg"}],"twitter_card":"summary_large_image","twitter_misc":{"Est. tempo de leitura":"1 minuto"},"schema":{"@context":"https:\/\/schema.org","@graph":[{"@type":"WebPage","@id":"https:\/\/laboratorios.ufrrj.br\/lspia\/galeria\/","url":"https:\/\/laboratorios.ufrrj.br\/lspia\/galeria\/","name":"Galeria - Laborat\u00f3rio de Estudos das Rela\u00e7\u00f5es Solo-Planta da UFRRJ","isPartOf":{"@id":"https:\/\/laboratorios.ufrrj.br\/lspia\/#website"},"primaryImageOfPage":{"@id":"https:\/\/laboratorios.ufrrj.br\/lspia\/galeria\/#primaryimage"},"image":{"@id":"https:\/\/laboratorios.ufrrj.br\/lspia\/galeria\/#primaryimage"},"thumbnailUrl":"http:\/\/laboratorios.ufrrj.br\/lspia\/wp-content\/uploads\/sites\/15\/2020\/03\/Experimento-Derique-150x150.jpg","datePublished":"2020-03-11T02:05:49+00:00","dateModified":"2020-03-17T14:41:43+00:00","breadcrumb":{"@id":"https:\/\/laboratorios.ufrrj.br\/lspia\/galeria\/#breadcrumb"},"inLanguage":"pt-BR","potentialAction":[{"@type":"ReadAction","target":["https:\/\/laboratorios.ufrrj.br\/lspia\/galeria\/"]}]},{"@type":"ImageObject","inLanguage":"pt-BR","@id":"https:\/\/laboratorios.ufrrj.br\/lspia\/galeria\/#primaryimage","url":"https:\/\/laboratorios.ufrrj.br\/lspia\/wp-content\/uploads\/sites\/15\/2020\/03\/Experimento-Derique.jpg","contentUrl":"https:\/\/laboratorios.ufrrj.br\/lspia\/wp-content\/uploads\/sites\/15\/2020\/03\/Experimento-Derique.jpg","width":945,"height":2048},{"@type":"BreadcrumbList","@id":"https:\/\/laboratorios.ufrrj.br\/lspia\/galeria\/#breadcrumb","itemListElement":[{"@type":"ListItem","position":1,"name":"In\u00edcio","item":"https:\/\/laboratorios.ufrrj.br\/lspia\/"},{"@type":"ListItem","position":2,"name":"Galeria"}]},{"@type":"WebSite","@id":"https:\/\/laboratorios.ufrrj.br\/lspia\/#website","url":"https:\/\/laboratorios.ufrrj.br\/lspia\/","name":"Laborat\u00f3rio de Estudos das Rela\u00e7\u00f5es Solo-Planta da UFRRJ","description":" Site de Laborat\u00f3rios","potentialAction":[{"@type":"SearchAction","target":{"@type":"EntryPoint","urlTemplate":"https:\/\/laboratorios.ufrrj.br\/lspia\/?s={search_term_string}"},"query-input":{"@type":"PropertyValueSpecification","valueRequired":true,"valueName":"search_term_string"}}],"inLanguage":"pt-BR"}]}},"_links":{"self":[{"href":"https:\/\/laboratorios.ufrrj.br\/lspia\/wp-json\/wp\/v2\/pages\/2440","targetHints":{"allow":["GET"]}}],"collection":[{"href":"https:\/\/laboratorios.ufrrj.br\/lspia\/wp-json\/wp\/v2\/pages"}],"about":[{"href":"https:\/\/laboratorios.ufrrj.br\/lspia\/wp-json\/wp\/v2\/types\/page"}],"author":[{"embeddable":true,"href":"https:\/\/laboratorios.ufrrj.br\/lspia\/wp-json\/wp\/v2\/users\/19"}],"replies":[{"embeddable":true,"href":"https:\/\/laboratorios.ufrrj.br\/lspia\/wp-json\/wp\/v2\/comments?post=2440"}],"version-history":[{"count":6,"href":"https:\/\/laboratorios.ufrrj.br\/lspia\/wp-json\/wp\/v2\/pages\/2440\/revisions"}],"predecessor-version":[{"id":2478,"href":"https:\/\/laboratorios.ufrrj.br\/lspia\/wp-json\/wp\/v2\/pages\/2440\/revisions\/2478"}],"wp:attachment":[{"href":"https:\/\/laboratorios.ufrrj.br\/lspia\/wp-json\/wp\/v2\/media?parent=2440"}],"curies":[{"name":"wp","href":"https:\/\/api.w.org\/{rel}","templated":true}]}}