{"id":2365,"date":"2020-02-13T13:40:56","date_gmt":"2020-02-13T16:40:56","guid":{"rendered":"http:\/\/laboratorios.ufrrj.br\/lspia\/?page_id=2365"},"modified":"2023-06-21T12:50:38","modified_gmt":"2023-06-21T15:50:38","slug":"pos-graduandos","status":"publish","type":"page","link":"https:\/\/laboratorios.ufrrj.br\/lspia\/pos-graduandos\/","title":{"rendered":"P\u00f3s- Graduandos"},"content":{"rendered":"<p style=\"padding-left: 40px\"><strong>Alessandra Roya da Silva (Mestranda &#8211; PPGPDS)<\/strong><\/p>\n<p><em><img loading=\"lazy\" decoding=\"async\" class=\"alignleft size-thumbnail wp-image-2586\" src=\"https:\/\/laboratorios.ufrrj.br\/lspia\/wp-content\/uploads\/sites\/15\/2023\/05\/WhatsApp-Image-2023-04-12-at-13.24.15-LSP-Uso-Geral-150x150.jpeg\" alt=\"\" width=\"150\" height=\"150\" srcset=\"https:\/\/laboratorios.ufrrj.br\/lspia\/wp-content\/uploads\/sites\/15\/2023\/05\/WhatsApp-Image-2023-04-12-at-13.24.15-LSP-Uso-Geral-150x150.jpeg 150w, https:\/\/laboratorios.ufrrj.br\/lspia\/wp-content\/uploads\/sites\/15\/2023\/05\/WhatsApp-Image-2023-04-12-at-13.24.15-LSP-Uso-Geral-75x75.jpeg 75w, https:\/\/laboratorios.ufrrj.br\/lspia\/wp-content\/uploads\/sites\/15\/2023\/05\/WhatsApp-Image-2023-04-12-at-13.24.15-LSP-Uso-Geral-100x100.jpeg 100w\" sizes=\"auto, (max-width: 150px) 100vw, 150px\" \/>Linha de Pesquisa:<\/em> Cascalho de perfura\u00e7\u00e3o de po\u00e7os de petr\u00f3leo.<\/p>\n<p><em>T\u00edtulo do Projeto:<\/em> Cascalho de perfura\u00e7\u00e3o de po\u00e7os de petr\u00f3leo.<\/p>\n<p><span style=\"color: #0000ff\"><a style=\"color: #0000ff\" href=\"http:\/\/lattes.cnpq.br\/8274940971974582\">Lattes<\/a><\/span><\/p>\n<p>&nbsp;<\/p>\n<p>&nbsp;<\/p>\n<p><strong>Ana Carolina Muniz de Araujo (Residente &#8211; Agronomia)<\/strong><\/p>\n<p><em> <img loading=\"lazy\" decoding=\"async\" class=\"alignleft size-thumbnail wp-image-2572\" src=\"https:\/\/laboratorios.ufrrj.br\/lspia\/wp-content\/uploads\/sites\/15\/2023\/05\/IMG_7589-1-Ana-Carolina-Araujo-150x150.jpg\" alt=\"\" width=\"150\" height=\"150\" srcset=\"https:\/\/laboratorios.ufrrj.br\/lspia\/wp-content\/uploads\/sites\/15\/2023\/05\/IMG_7589-1-Ana-Carolina-Araujo-150x150.jpg 150w, https:\/\/laboratorios.ufrrj.br\/lspia\/wp-content\/uploads\/sites\/15\/2023\/05\/IMG_7589-1-Ana-Carolina-Araujo-75x75.jpg 75w, https:\/\/laboratorios.ufrrj.br\/lspia\/wp-content\/uploads\/sites\/15\/2023\/05\/IMG_7589-1-Ana-Carolina-Araujo-100x100.jpg 100w\" sizes=\"auto, (max-width: 150px) 100vw, 150px\" \/>Linha de Pesquisa:<\/em> Plantas fitoter\u00e1picas.<\/p>\n<p><em>T\u00edtulo do Projeto:<\/em> Farm\u00e1cia Viva.<\/p>\n<p><span style=\"color: #0000ff\"><a style=\"color: #0000ff\" href=\"http:\/\/lattes.cnpq.br\/5084171076678114\">Lattes<\/a><\/span><\/p>\n<p>&nbsp;<\/p>\n<p>&nbsp;<\/p>\n<p><strong>Andressa Fabiane Faria de Souza (Apoio T\u00e9cnico &#8211; PPGA-CS)<\/strong><\/p>\n<p><em><img loading=\"lazy\" decoding=\"async\" class=\"alignleft size-thumbnail wp-image-2573\" src=\"https:\/\/laboratorios.ufrrj.br\/lspia\/wp-content\/uploads\/sites\/15\/2023\/05\/0494067d-f435-4203-979b-649e1cceeb5e-Andressa-Souza-150x150.jpeg\" alt=\"\" width=\"150\" height=\"150\" srcset=\"https:\/\/laboratorios.ufrrj.br\/lspia\/wp-content\/uploads\/sites\/15\/2023\/05\/0494067d-f435-4203-979b-649e1cceeb5e-Andressa-Souza-150x150.jpeg 150w, https:\/\/laboratorios.ufrrj.br\/lspia\/wp-content\/uploads\/sites\/15\/2023\/05\/0494067d-f435-4203-979b-649e1cceeb5e-Andressa-Souza-75x75.jpeg 75w, https:\/\/laboratorios.ufrrj.br\/lspia\/wp-content\/uploads\/sites\/15\/2023\/05\/0494067d-f435-4203-979b-649e1cceeb5e-Andressa-Souza-100x100.jpeg 100w\" sizes=\"auto, (max-width: 150px) 100vw, 150px\" \/>Linha de Pesquisa:<\/em> Fertilizantes organominerais.<\/p>\n<p><em>T\u00edtulo do Projeto:<\/em> Uso de Cascalho de Perfura\u00e7\u00e3o e Fontes de Mat\u00e9ria Org\u00e2nica na Produ\u00e7\u00e3o de Adubo Organomineral para o Cultivo de Oleaginosas, Esp\u00e9cies Florestais e na Recupera\u00e7\u00e3o de \u00c1reas Degradadas: Aspectos Qu\u00edmicos e Biol\u00f3gicos.<\/p>\n<p><span style=\"color: #0000ff\"><a style=\"color: #0000ff\" href=\"http:\/\/lattes.cnpq.br\/4756481537895343\">Lattes<\/a><\/span><\/p>\n<p>&nbsp;<\/p>\n<p><strong>Andressa Gon\u00e7alves Gomes (Mestranda &#8211; Agronomia)<\/strong><\/p>\n<p><em><img loading=\"lazy\" decoding=\"async\" class=\"alignleft size-thumbnail wp-image-2574\" src=\"https:\/\/laboratorios.ufrrj.br\/lspia\/wp-content\/uploads\/sites\/15\/2023\/05\/1-Andressa-Gomes-150x150.jpeg\" alt=\"\" width=\"150\" height=\"150\" srcset=\"https:\/\/laboratorios.ufrrj.br\/lspia\/wp-content\/uploads\/sites\/15\/2023\/05\/1-Andressa-Gomes-150x150.jpeg 150w, https:\/\/laboratorios.ufrrj.br\/lspia\/wp-content\/uploads\/sites\/15\/2023\/05\/1-Andressa-Gomes-75x75.jpeg 75w, https:\/\/laboratorios.ufrrj.br\/lspia\/wp-content\/uploads\/sites\/15\/2023\/05\/1-Andressa-Gomes-100x100.jpeg 100w\" sizes=\"auto, (max-width: 150px) 100vw, 150px\" \/>Linhas de Pesquisa:<\/em> Fertilizantes e Corretivos (adubos org\u00e2nicos e\/ou minerais).<\/p>\n<p><em>T\u00edtulo do Projeto:<\/em> Uso de Res\u00edduos da Ind\u00fastria na Agricultura.<\/p>\n<p><span style=\"color: #0000ff\"><a style=\"color: #0000ff\" href=\"http:\/\/lattes.cnpq.br\/5068294412804076\">Lattes<\/a><\/span><\/p>\n<p>&nbsp;<\/p>\n<p>&nbsp;<\/p>\n<p><strong>Dieini Melissa Teles dos Santos (Doutoranda &#8211; PPGA-CS)<\/strong><\/p>\n<p><em><img loading=\"lazy\" decoding=\"async\" class=\"alignleft size-thumbnail wp-image-2575\" src=\"https:\/\/laboratorios.ufrrj.br\/lspia\/wp-content\/uploads\/sites\/15\/2023\/05\/20220812_075646-Melissa-Teles-150x150.jpg\" alt=\"\" width=\"150\" height=\"150\" srcset=\"https:\/\/laboratorios.ufrrj.br\/lspia\/wp-content\/uploads\/sites\/15\/2023\/05\/20220812_075646-Melissa-Teles-150x150.jpg 150w, https:\/\/laboratorios.ufrrj.br\/lspia\/wp-content\/uploads\/sites\/15\/2023\/05\/20220812_075646-Melissa-Teles-75x75.jpg 75w, https:\/\/laboratorios.ufrrj.br\/lspia\/wp-content\/uploads\/sites\/15\/2023\/05\/20220812_075646-Melissa-Teles-100x100.jpg 100w\" sizes=\"auto, (max-width: 150px) 100vw, 150px\" \/>Linha de Pesquisa:<\/em> Cascalho de perfura\u00e7\u00e3o de po\u00e7os de petr\u00f3leo.<\/p>\n<p><em>T\u00edtulo do Projeto:<\/em> Produ\u00e7\u00e3o de Fertilizante Organomineral a Partir de Cascalho de Perfura\u00e7\u00e3o de Po\u00e7os de Petr\u00f3leo Offshore.<\/p>\n<p><span style=\"color: #0000ff\"><a style=\"color: #0000ff\" href=\"http:\/\/lattes.cnpq.br\/6967406105928368\">Lattes<\/a><\/span><\/p>\n<p>&nbsp;<\/p>\n<p>&nbsp;<\/p>\n<p><strong>Gabriele Oliveira Silva (Residente &#8211; Agronomia)<\/strong><\/p>\n<p><em><img loading=\"lazy\" decoding=\"async\" class=\"alignleft size-thumbnail wp-image-2667\" src=\"https:\/\/laboratorios.ufrrj.br\/lspia\/wp-content\/uploads\/sites\/15\/2023\/06\/B1E4A7DA-246D-4582-AAEB-25D303BD83D6-gabriele-silva-1-150x150.jpeg\" alt=\"\" width=\"150\" height=\"150\" srcset=\"https:\/\/laboratorios.ufrrj.br\/lspia\/wp-content\/uploads\/sites\/15\/2023\/06\/B1E4A7DA-246D-4582-AAEB-25D303BD83D6-gabriele-silva-1-150x150.jpeg 150w, https:\/\/laboratorios.ufrrj.br\/lspia\/wp-content\/uploads\/sites\/15\/2023\/06\/B1E4A7DA-246D-4582-AAEB-25D303BD83D6-gabriele-silva-1-75x75.jpeg 75w, https:\/\/laboratorios.ufrrj.br\/lspia\/wp-content\/uploads\/sites\/15\/2023\/06\/B1E4A7DA-246D-4582-AAEB-25D303BD83D6-gabriele-silva-1-100x100.jpeg 100w\" sizes=\"auto, (max-width: 150px) 100vw, 150px\" \/>Linha de Pesquisa:<\/em> Plantas fitoter\u00e1picas.<\/p>\n<p><em>T\u00edtulo do Projeto: <\/em>Cultivo de fitoter\u00e1picos\/ Farm\u00e1cia Viva Rural.<\/p>\n<p><span style=\"color: #0000ff\"><a style=\"color: #0000ff\" href=\"https:\/\/lattes.cnpq.br\/1971774348987922\">Lattes<\/a><\/span><\/p>\n<p>&nbsp;<\/p>\n<p>&nbsp;<\/p>\n<p><strong>Kennedy Xavier da Silva J\u00fanior (Mestrando &#8211; PPGA-CS)<\/strong><\/p>\n<p><em><img loading=\"lazy\" decoding=\"async\" class=\"alignleft size-thumbnail wp-image-2579\" src=\"https:\/\/laboratorios.ufrrj.br\/lspia\/wp-content\/uploads\/sites\/15\/2023\/05\/Kennedy-Xavier-Kennedy-Junior-1-150x150.jpg\" alt=\"\" width=\"150\" height=\"150\" srcset=\"https:\/\/laboratorios.ufrrj.br\/lspia\/wp-content\/uploads\/sites\/15\/2023\/05\/Kennedy-Xavier-Kennedy-Junior-1-150x150.jpg 150w, https:\/\/laboratorios.ufrrj.br\/lspia\/wp-content\/uploads\/sites\/15\/2023\/05\/Kennedy-Xavier-Kennedy-Junior-1-75x75.jpg 75w, https:\/\/laboratorios.ufrrj.br\/lspia\/wp-content\/uploads\/sites\/15\/2023\/05\/Kennedy-Xavier-Kennedy-Junior-1-100x100.jpg 100w\" sizes=\"auto, (max-width: 150px) 100vw, 150px\" \/>Linhas de Pesquisa: <\/em>Fertilizantes e Corretivos (adubos org\u00e2nicos e\/ou minerais).<\/p>\n<p><em>T\u00edtulo do Projeto: <\/em>Estrat\u00e9gia de Uso de um Fertilizante Nitrogenado de Efici\u00eancia Aumentada na Produ\u00e7\u00e3o Sustent\u00e1vel de Milho para Ensilagem.<\/p>\n<p><span style=\"color: #0000ff\"><a style=\"color: #0000ff\" href=\"http:\/\/lattes.cnpq.br\/3991406291775582\">Lattes<\/a><\/span><\/p>\n<p>&nbsp;<\/p>\n<p>&nbsp;<\/p>\n<p><strong>Rafael Gomes da Mota Gon\u00e7alves (Doutorando &#8211; Agronomia)<\/strong><\/p>\n<p><em><img loading=\"lazy\" decoding=\"async\" class=\"alignleft size-thumbnail wp-image-2580\" src=\"https:\/\/laboratorios.ufrrj.br\/lspia\/wp-content\/uploads\/sites\/15\/2023\/05\/WhatsApp-Image-2023-04-11-at-19.51.29-Rafael-Gomes-da-Mota-Goncalves-150x150.jpeg\" alt=\"\" width=\"150\" height=\"150\" srcset=\"https:\/\/laboratorios.ufrrj.br\/lspia\/wp-content\/uploads\/sites\/15\/2023\/05\/WhatsApp-Image-2023-04-11-at-19.51.29-Rafael-Gomes-da-Mota-Goncalves-150x150.jpeg 150w, https:\/\/laboratorios.ufrrj.br\/lspia\/wp-content\/uploads\/sites\/15\/2023\/05\/WhatsApp-Image-2023-04-11-at-19.51.29-Rafael-Gomes-da-Mota-Goncalves-75x75.jpeg 75w, https:\/\/laboratorios.ufrrj.br\/lspia\/wp-content\/uploads\/sites\/15\/2023\/05\/WhatsApp-Image-2023-04-11-at-19.51.29-Rafael-Gomes-da-Mota-Goncalves-100x100.jpeg 100w\" sizes=\"auto, (max-width: 150px) 100vw, 150px\" \/>Linha de Pesquisa:<\/em> Cascalho de perfura\u00e7\u00e3o de po\u00e7os de petr\u00f3leo.<\/p>\n<p><em>T\u00edtulo do Projeto:<\/em> Uso de cascalho de perfura\u00e7\u00e3o e fontes de mat\u00e9ria org\u00e2nica na produ\u00e7\u00e3o na produ\u00e7\u00e3o de fertilizante organomineral para o cultivo de oleagenosas, esp\u00e9cies florestais e na recupera\u00e7\u00e3o de \u00e1reas degradadas.<\/p>\n<p><span style=\"color: #0000ff\"><a style=\"color: #0000ff\" href=\"http:\/\/lattes.cnpq.br\/0244672026134100\">Lattes<\/a><\/span><\/p>\n<p>&nbsp;<\/p>\n<p><strong>Rychard Denyan Pereira de Assis (Mestrando &#8211; PPGAO)<\/strong><\/p>\n<p><em><img loading=\"lazy\" decoding=\"async\" class=\"alignleft size-thumbnail wp-image-2581\" src=\"https:\/\/laboratorios.ufrrj.br\/lspia\/wp-content\/uploads\/sites\/15\/2023\/05\/Imagem-do-WhatsApp-de-2023-04-10-as-15.15.57-Rychard-Assis-150x150.jpg\" alt=\"\" width=\"150\" height=\"150\" srcset=\"https:\/\/laboratorios.ufrrj.br\/lspia\/wp-content\/uploads\/sites\/15\/2023\/05\/Imagem-do-WhatsApp-de-2023-04-10-as-15.15.57-Rychard-Assis-150x150.jpg 150w, https:\/\/laboratorios.ufrrj.br\/lspia\/wp-content\/uploads\/sites\/15\/2023\/05\/Imagem-do-WhatsApp-de-2023-04-10-as-15.15.57-Rychard-Assis-75x75.jpg 75w, https:\/\/laboratorios.ufrrj.br\/lspia\/wp-content\/uploads\/sites\/15\/2023\/05\/Imagem-do-WhatsApp-de-2023-04-10-as-15.15.57-Rychard-Assis-100x100.jpg 100w\" sizes=\"auto, (max-width: 150px) 100vw, 150px\" \/>Linha de Pesquisa:<\/em> Cascalho de perfura\u00e7\u00e3o de po\u00e7os de petr\u00f3leo.<\/p>\n<p><em>T\u00edtulo do Projeto: <\/em>Uso da Moringa na Alimenta\u00e7\u00e3o Animal.<\/p>\n<p><span style=\"color: #0000ff\"><a style=\"color: #0000ff\" href=\"https:\/\/buscatextual.cnpq.br\/buscatextual\/visualizacv.do?id=K8564288Y5&amp;tokenCaptchar=03AKH6MRHuWtAPztRI-NoB-Om2ohhSmfbXT9yOLeoBabf5igkHembBs7LNr8CT3HN05tUCLrdAkXxAMDvCvlmVtdLH9M6RGiyv7vskKvVcef3fCEMFf9u9HCLEsMhMj7Ew4kbX_h0FNe4ddGgWRoCrXx0hD3GYIpxZ1eNXJAlEvvLT81WBtAdstHG9zBV1h_q2x3fFQ0GIVKNMRt-xdSXlKucIr03TWLXT2p2ZUJaYRvyJvvEqWoXXNDT_JDSbrSw1lTt0EPXhiZY7NO03ZcqNxZgb-HcPgLqjO2i7EPOrr5aB93pZTKU-ADIbQYfge3z_YOr5Ji3XIJlf4S_hFvxYFHKKe0oivTylL0WjuJgjOO9t8vXycSNha7AU3kwWNy4JERgWv50trgv-zqcXPfy2I9XWClJH6lSEVQKfxti77FsKFkH4nezsX5saYnGoFkq7mwniswdfNGPQJfmBI9QPx3UfXocw9GlO5Mci6OB7hgfMViWrgqVNXUQw5fLjdAQxEzSKIGUdjsvmFPmwqkaYwCqT4fz1Vck39Q\">Lattes<\/a><\/span><\/p>\n<p>&nbsp;<\/p>\n<p>&nbsp;<\/p>\n<p><strong>Thassiany de Castro Alves (Doutoranda &#8211; PPGA-CS)<\/strong><\/p>\n<p><em><img loading=\"lazy\" decoding=\"async\" class=\"alignleft size-thumbnail wp-image-2582\" src=\"https:\/\/laboratorios.ufrrj.br\/lspia\/wp-content\/uploads\/sites\/15\/2023\/05\/WhatsApp-Image-2023-02-28-at-19.34.19-Thassiany-Castro-Alves-150x150.jpeg\" alt=\"\" width=\"150\" height=\"150\" srcset=\"https:\/\/laboratorios.ufrrj.br\/lspia\/wp-content\/uploads\/sites\/15\/2023\/05\/WhatsApp-Image-2023-02-28-at-19.34.19-Thassiany-Castro-Alves-150x150.jpeg 150w, https:\/\/laboratorios.ufrrj.br\/lspia\/wp-content\/uploads\/sites\/15\/2023\/05\/WhatsApp-Image-2023-02-28-at-19.34.19-Thassiany-Castro-Alves-75x75.jpeg 75w, https:\/\/laboratorios.ufrrj.br\/lspia\/wp-content\/uploads\/sites\/15\/2023\/05\/WhatsApp-Image-2023-02-28-at-19.34.19-Thassiany-Castro-Alves-100x100.jpeg 100w\" sizes=\"auto, (max-width: 150px) 100vw, 150px\" \/>Linha de Pesquisa:<\/em> Agricultura org\u00e2nica.<\/p>\n<p><em>T\u00edtulo do Projeto: <\/em>Plantio direto e plantas de cobertura como estrat\u00e9gias para melhoria da fertilidade do solo.<\/p>\n<p><span style=\"color: #0000ff\"><a style=\"color: #0000ff\" href=\"https:\/\/wwws.cnpq.br\/cvlattesweb\/PKG_MENU.menu?f_cod=ED829C371058B46436CAD1EBC35DF4F9\">Lattes<\/a><\/span><\/p>\n","protected":false},"excerpt":{"rendered":"<p>Alessandra Roya da Silva (Mestranda &#8211; PPGPDS) Linha de Pesquisa: Cascalho de perfura\u00e7\u00e3o de po\u00e7os de petr\u00f3leo. T\u00edtulo do Projeto: <a class=\"read-more\" href=\"https:\/\/laboratorios.ufrrj.br\/lspia\/pos-graduandos\/ \" >&#8230; <span class=\"font-italic\">leia mais <i class=\"fas fa-angle-right\"><\/i><\/span><\/a><\/p>\n","protected":false},"author":19,"featured_media":0,"parent":0,"menu_order":0,"comment_status":"closed","ping_status":"closed","template":"","meta":{"_acf_changed":false,"footnotes":""},"class_list":["post-2365","page","type-page","status-publish","hentry"],"acf":[],"yoast_head":"<!-- This site is optimized with the Yoast SEO plugin v26.8 - https:\/\/yoast.com\/product\/yoast-seo-wordpress\/ -->\n<title>P\u00f3s- Graduandos - Laborat\u00f3rio de Estudos das Rela\u00e7\u00f5es Solo-Planta da UFRRJ<\/title>\n<meta name=\"robots\" content=\"index, follow, max-snippet:-1, max-image-preview:large, max-video-preview:-1\" \/>\n<link rel=\"canonical\" href=\"https:\/\/laboratorios.ufrrj.br\/lspia\/pos-graduandos\/\" \/>\n<meta property=\"og:locale\" content=\"pt_BR\" \/>\n<meta property=\"og:type\" content=\"article\" \/>\n<meta property=\"og:title\" content=\"P\u00f3s- Graduandos - Laborat\u00f3rio de Estudos das Rela\u00e7\u00f5es Solo-Planta da UFRRJ\" \/>\n<meta property=\"og:description\" content=\"Alessandra Roya da Silva (Mestranda &#8211; PPGPDS) Linha de Pesquisa: Cascalho de perfura\u00e7\u00e3o de po\u00e7os de petr\u00f3leo. T\u00edtulo do Projeto: ... leia mais\" \/>\n<meta property=\"og:url\" content=\"https:\/\/laboratorios.ufrrj.br\/lspia\/pos-graduandos\/\" \/>\n<meta property=\"og:site_name\" content=\"Laborat\u00f3rio de Estudos das Rela\u00e7\u00f5es Solo-Planta da UFRRJ\" \/>\n<meta property=\"article:modified_time\" content=\"2023-06-21T15:50:38+00:00\" \/>\n<meta property=\"og:image\" content=\"https:\/\/laboratorios.ufrrj.br\/lspia\/wp-content\/uploads\/sites\/15\/2023\/05\/WhatsApp-Image-2023-04-12-at-13.24.15-LSP-Uso-Geral.jpeg\" \/>\n\t<meta property=\"og:image:width\" content=\"960\" \/>\n\t<meta property=\"og:image:height\" content=\"1280\" \/>\n\t<meta property=\"og:image:type\" content=\"image\/jpeg\" \/>\n<meta name=\"twitter:card\" content=\"summary_large_image\" \/>\n<meta name=\"twitter:label1\" content=\"Est. tempo de leitura\" \/>\n\t<meta name=\"twitter:data1\" content=\"2 minutos\" \/>\n<script type=\"application\/ld+json\" class=\"yoast-schema-graph\">{\"@context\":\"https:\/\/schema.org\",\"@graph\":[{\"@type\":\"WebPage\",\"@id\":\"https:\/\/laboratorios.ufrrj.br\/lspia\/pos-graduandos\/\",\"url\":\"https:\/\/laboratorios.ufrrj.br\/lspia\/pos-graduandos\/\",\"name\":\"P\u00f3s- Graduandos - Laborat\u00f3rio de Estudos das Rela\u00e7\u00f5es Solo-Planta da UFRRJ\",\"isPartOf\":{\"@id\":\"https:\/\/laboratorios.ufrrj.br\/lspia\/#website\"},\"primaryImageOfPage\":{\"@id\":\"https:\/\/laboratorios.ufrrj.br\/lspia\/pos-graduandos\/#primaryimage\"},\"image\":{\"@id\":\"https:\/\/laboratorios.ufrrj.br\/lspia\/pos-graduandos\/#primaryimage\"},\"thumbnailUrl\":\"https:\/\/laboratorios.ufrrj.br\/lspia\/wp-content\/uploads\/sites\/15\/2023\/05\/WhatsApp-Image-2023-04-12-at-13.24.15-LSP-Uso-Geral-150x150.jpeg\",\"datePublished\":\"2020-02-13T16:40:56+00:00\",\"dateModified\":\"2023-06-21T15:50:38+00:00\",\"breadcrumb\":{\"@id\":\"https:\/\/laboratorios.ufrrj.br\/lspia\/pos-graduandos\/#breadcrumb\"},\"inLanguage\":\"pt-BR\",\"potentialAction\":[{\"@type\":\"ReadAction\",\"target\":[\"https:\/\/laboratorios.ufrrj.br\/lspia\/pos-graduandos\/\"]}]},{\"@type\":\"ImageObject\",\"inLanguage\":\"pt-BR\",\"@id\":\"https:\/\/laboratorios.ufrrj.br\/lspia\/pos-graduandos\/#primaryimage\",\"url\":\"https:\/\/laboratorios.ufrrj.br\/lspia\/wp-content\/uploads\/sites\/15\/2023\/05\/WhatsApp-Image-2023-04-12-at-13.24.15-LSP-Uso-Geral.jpeg\",\"contentUrl\":\"https:\/\/laboratorios.ufrrj.br\/lspia\/wp-content\/uploads\/sites\/15\/2023\/05\/WhatsApp-Image-2023-04-12-at-13.24.15-LSP-Uso-Geral.jpeg\",\"width\":960,\"height\":1280},{\"@type\":\"BreadcrumbList\",\"@id\":\"https:\/\/laboratorios.ufrrj.br\/lspia\/pos-graduandos\/#breadcrumb\",\"itemListElement\":[{\"@type\":\"ListItem\",\"position\":1,\"name\":\"In\u00edcio\",\"item\":\"https:\/\/laboratorios.ufrrj.br\/lspia\/\"},{\"@type\":\"ListItem\",\"position\":2,\"name\":\"P\u00f3s- Graduandos\"}]},{\"@type\":\"WebSite\",\"@id\":\"https:\/\/laboratorios.ufrrj.br\/lspia\/#website\",\"url\":\"https:\/\/laboratorios.ufrrj.br\/lspia\/\",\"name\":\"Laborat\u00f3rio de Estudos das Rela\u00e7\u00f5es Solo-Planta da UFRRJ\",\"description\":\" Site de Laborat\u00f3rios\",\"potentialAction\":[{\"@type\":\"SearchAction\",\"target\":{\"@type\":\"EntryPoint\",\"urlTemplate\":\"https:\/\/laboratorios.ufrrj.br\/lspia\/?s={search_term_string}\"},\"query-input\":{\"@type\":\"PropertyValueSpecification\",\"valueRequired\":true,\"valueName\":\"search_term_string\"}}],\"inLanguage\":\"pt-BR\"}]}<\/script>\n<!-- \/ Yoast SEO plugin. -->","yoast_head_json":{"title":"P\u00f3s- Graduandos - Laborat\u00f3rio de Estudos das Rela\u00e7\u00f5es Solo-Planta da UFRRJ","robots":{"index":"index","follow":"follow","max-snippet":"max-snippet:-1","max-image-preview":"max-image-preview:large","max-video-preview":"max-video-preview:-1"},"canonical":"https:\/\/laboratorios.ufrrj.br\/lspia\/pos-graduandos\/","og_locale":"pt_BR","og_type":"article","og_title":"P\u00f3s- Graduandos - Laborat\u00f3rio de Estudos das Rela\u00e7\u00f5es Solo-Planta da UFRRJ","og_description":"Alessandra Roya da Silva (Mestranda &#8211; PPGPDS) Linha de Pesquisa: Cascalho de perfura\u00e7\u00e3o de po\u00e7os de petr\u00f3leo. T\u00edtulo do Projeto: ... leia mais","og_url":"https:\/\/laboratorios.ufrrj.br\/lspia\/pos-graduandos\/","og_site_name":"Laborat\u00f3rio de Estudos das Rela\u00e7\u00f5es Solo-Planta da UFRRJ","article_modified_time":"2023-06-21T15:50:38+00:00","og_image":[{"width":960,"height":1280,"url":"https:\/\/laboratorios.ufrrj.br\/lspia\/wp-content\/uploads\/sites\/15\/2023\/05\/WhatsApp-Image-2023-04-12-at-13.24.15-LSP-Uso-Geral.jpeg","type":"image\/jpeg"}],"twitter_card":"summary_large_image","twitter_misc":{"Est. tempo de leitura":"2 minutos"},"schema":{"@context":"https:\/\/schema.org","@graph":[{"@type":"WebPage","@id":"https:\/\/laboratorios.ufrrj.br\/lspia\/pos-graduandos\/","url":"https:\/\/laboratorios.ufrrj.br\/lspia\/pos-graduandos\/","name":"P\u00f3s- Graduandos - Laborat\u00f3rio de Estudos das Rela\u00e7\u00f5es Solo-Planta da UFRRJ","isPartOf":{"@id":"https:\/\/laboratorios.ufrrj.br\/lspia\/#website"},"primaryImageOfPage":{"@id":"https:\/\/laboratorios.ufrrj.br\/lspia\/pos-graduandos\/#primaryimage"},"image":{"@id":"https:\/\/laboratorios.ufrrj.br\/lspia\/pos-graduandos\/#primaryimage"},"thumbnailUrl":"https:\/\/laboratorios.ufrrj.br\/lspia\/wp-content\/uploads\/sites\/15\/2023\/05\/WhatsApp-Image-2023-04-12-at-13.24.15-LSP-Uso-Geral-150x150.jpeg","datePublished":"2020-02-13T16:40:56+00:00","dateModified":"2023-06-21T15:50:38+00:00","breadcrumb":{"@id":"https:\/\/laboratorios.ufrrj.br\/lspia\/pos-graduandos\/#breadcrumb"},"inLanguage":"pt-BR","potentialAction":[{"@type":"ReadAction","target":["https:\/\/laboratorios.ufrrj.br\/lspia\/pos-graduandos\/"]}]},{"@type":"ImageObject","inLanguage":"pt-BR","@id":"https:\/\/laboratorios.ufrrj.br\/lspia\/pos-graduandos\/#primaryimage","url":"https:\/\/laboratorios.ufrrj.br\/lspia\/wp-content\/uploads\/sites\/15\/2023\/05\/WhatsApp-Image-2023-04-12-at-13.24.15-LSP-Uso-Geral.jpeg","contentUrl":"https:\/\/laboratorios.ufrrj.br\/lspia\/wp-content\/uploads\/sites\/15\/2023\/05\/WhatsApp-Image-2023-04-12-at-13.24.15-LSP-Uso-Geral.jpeg","width":960,"height":1280},{"@type":"BreadcrumbList","@id":"https:\/\/laboratorios.ufrrj.br\/lspia\/pos-graduandos\/#breadcrumb","itemListElement":[{"@type":"ListItem","position":1,"name":"In\u00edcio","item":"https:\/\/laboratorios.ufrrj.br\/lspia\/"},{"@type":"ListItem","position":2,"name":"P\u00f3s- Graduandos"}]},{"@type":"WebSite","@id":"https:\/\/laboratorios.ufrrj.br\/lspia\/#website","url":"https:\/\/laboratorios.ufrrj.br\/lspia\/","name":"Laborat\u00f3rio de Estudos das Rela\u00e7\u00f5es Solo-Planta da UFRRJ","description":" Site de Laborat\u00f3rios","potentialAction":[{"@type":"SearchAction","target":{"@type":"EntryPoint","urlTemplate":"https:\/\/laboratorios.ufrrj.br\/lspia\/?s={search_term_string}"},"query-input":{"@type":"PropertyValueSpecification","valueRequired":true,"valueName":"search_term_string"}}],"inLanguage":"pt-BR"}]}},"_links":{"self":[{"href":"https:\/\/laboratorios.ufrrj.br\/lspia\/wp-json\/wp\/v2\/pages\/2365","targetHints":{"allow":["GET"]}}],"collection":[{"href":"https:\/\/laboratorios.ufrrj.br\/lspia\/wp-json\/wp\/v2\/pages"}],"about":[{"href":"https:\/\/laboratorios.ufrrj.br\/lspia\/wp-json\/wp\/v2\/types\/page"}],"author":[{"embeddable":true,"href":"https:\/\/laboratorios.ufrrj.br\/lspia\/wp-json\/wp\/v2\/users\/19"}],"replies":[{"embeddable":true,"href":"https:\/\/laboratorios.ufrrj.br\/lspia\/wp-json\/wp\/v2\/comments?post=2365"}],"version-history":[{"count":10,"href":"https:\/\/laboratorios.ufrrj.br\/lspia\/wp-json\/wp\/v2\/pages\/2365\/revisions"}],"predecessor-version":[{"id":2668,"href":"https:\/\/laboratorios.ufrrj.br\/lspia\/wp-json\/wp\/v2\/pages\/2365\/revisions\/2668"}],"wp:attachment":[{"href":"https:\/\/laboratorios.ufrrj.br\/lspia\/wp-json\/wp\/v2\/media?parent=2365"}],"curies":[{"name":"wp","href":"https:\/\/api.w.org\/{rel}","templated":true}]}}