{"id":2361,"date":"2020-02-13T13:39:43","date_gmt":"2020-02-13T16:39:43","guid":{"rendered":"http:\/\/laboratorios.ufrrj.br\/lspia\/?page_id=2361"},"modified":"2023-05-11T15:39:29","modified_gmt":"2023-05-11T18:39:29","slug":"pos-doutorandos","status":"publish","type":"page","link":"https:\/\/laboratorios.ufrrj.br\/lspia\/pos-doutorandos\/","title":{"rendered":"P\u00f3s-Doutorandos"},"content":{"rendered":"<p><strong>Dr\u00aa. Maura Santos Reis de Andrade da Silva<\/strong><\/p>\n<p><em><img loading=\"lazy\" decoding=\"async\" class=\"alignleft wp-image-2566 size-thumbnail\" src=\"https:\/\/laboratorios.ufrrj.br\/lspia\/wp-content\/uploads\/sites\/15\/2023\/05\/mAURA-2-150x150.jpg\" alt=\"\" width=\"150\" height=\"150\" srcset=\"https:\/\/laboratorios.ufrrj.br\/lspia\/wp-content\/uploads\/sites\/15\/2023\/05\/mAURA-2-150x150.jpg 150w, https:\/\/laboratorios.ufrrj.br\/lspia\/wp-content\/uploads\/sites\/15\/2023\/05\/mAURA-2-75x75.jpg 75w, https:\/\/laboratorios.ufrrj.br\/lspia\/wp-content\/uploads\/sites\/15\/2023\/05\/mAURA-2-100x100.jpg 100w\" sizes=\"auto, (max-width: 150px) 100vw, 150px\" \/><\/em><\/p>\n<p><em>Linha de Pesquisa<\/em><em>: <\/em>Fertilizantes organominerais.<\/p>\n<p><em>T\u00edtulo do Projeto:<\/em> Desenvolvimento de Comunidade Bacteriana Sint\u00e9tica Solubilizadora de F\u00f3sforo e Pot\u00e1ssio.<\/p>\n<p><span style=\"color: #0000ff\"><a style=\"color: #0000ff\" href=\"http:\/\/lattes.cnpq.br\/8683488122343374\">Lattes<\/a><\/span><\/p>\n<p>&nbsp;<\/p>\n<p>&nbsp;<\/p>\n<p><strong>Dr\u00aa. Priscila Silva Matos\u00a0<\/strong><\/p>\n<p><strong><em><img loading=\"lazy\" decoding=\"async\" class=\"alignleft wp-image-2565 \" src=\"https:\/\/laboratorios.ufrrj.br\/lspia\/wp-content\/uploads\/sites\/15\/2023\/05\/Priscila-1-150x150.jpeg\" alt=\"\" width=\"155\" height=\"155\" srcset=\"https:\/\/laboratorios.ufrrj.br\/lspia\/wp-content\/uploads\/sites\/15\/2023\/05\/Priscila-1-150x150.jpeg 150w, https:\/\/laboratorios.ufrrj.br\/lspia\/wp-content\/uploads\/sites\/15\/2023\/05\/Priscila-1-75x75.jpeg 75w, https:\/\/laboratorios.ufrrj.br\/lspia\/wp-content\/uploads\/sites\/15\/2023\/05\/Priscila-1-100x100.jpeg 100w\" sizes=\"auto, (max-width: 155px) 100vw, 155px\" \/><\/em><\/strong><\/p>\n<p><em>Linha de Pesquisa: <\/em>Agricultura org\u00e2nica<\/p>\n<p><em>T\u00edtulo do Projeto: <\/em>Avalia\u00e7\u00e3o Biol\u00f3gica de solos sob sistemas conservacionistas de manejo na baixada fluminense.<\/p>\n<p><span style=\"color: #0000ff\"><a style=\"color: #0000ff\" href=\"http:\/\/lattes.cnpq.br\/4238730198883558\">Lattes<\/a><\/span><\/p>\n<p>&nbsp;<\/p>\n<p>&nbsp;<\/p>\n<p><strong>Dr\u00aa. Vanessa Matos Gomes\u00a0<\/strong><\/p>\n<p><em><img loading=\"lazy\" decoding=\"async\" class=\"alignleft wp-image-2560\" src=\"https:\/\/laboratorios.ufrrj.br\/lspia\/wp-content\/uploads\/sites\/15\/2023\/05\/Vanessa-Gomes.jpeg\" alt=\"\" width=\"158\" height=\"158\" srcset=\"https:\/\/laboratorios.ufrrj.br\/lspia\/wp-content\/uploads\/sites\/15\/2023\/05\/Vanessa-Gomes.jpeg 1388w, https:\/\/laboratorios.ufrrj.br\/lspia\/wp-content\/uploads\/sites\/15\/2023\/05\/Vanessa-Gomes-300x300.jpeg 300w, https:\/\/laboratorios.ufrrj.br\/lspia\/wp-content\/uploads\/sites\/15\/2023\/05\/Vanessa-Gomes-1022x1024.jpeg 1022w, https:\/\/laboratorios.ufrrj.br\/lspia\/wp-content\/uploads\/sites\/15\/2023\/05\/Vanessa-Gomes-150x150.jpeg 150w, https:\/\/laboratorios.ufrrj.br\/lspia\/wp-content\/uploads\/sites\/15\/2023\/05\/Vanessa-Gomes-768x770.jpeg 768w, https:\/\/laboratorios.ufrrj.br\/lspia\/wp-content\/uploads\/sites\/15\/2023\/05\/Vanessa-Gomes-75x75.jpeg 75w, https:\/\/laboratorios.ufrrj.br\/lspia\/wp-content\/uploads\/sites\/15\/2023\/05\/Vanessa-Gomes-100x100.jpeg 100w\" sizes=\"auto, (max-width: 158px) 100vw, 158px\" \/>Linhas de Pesquisa: <\/em>Reflorestamento, Sequestro de carbono.<\/p>\n<p><em>T\u00edtulo do Projeto: <\/em>Impacto da Restaura\u00e7\u00e3o Florestal no Estoque de Carbono do Solo.<\/p>\n<p><span style=\"color: #0000ff\"><a style=\"color: #0000ff\" href=\"http:\/\/lattes.cnpq.br\/0662663700979591\">Lattes<\/a><\/span><\/p>\n<p>&nbsp;<\/p>\n<p>&nbsp;<\/p>\n<p><strong>Dr\u00aa. Vict\u00f3ria Maria Monteiro Mendon\u00e7a\u00a0<\/strong><\/p>\n<p><em><img loading=\"lazy\" decoding=\"async\" class=\"alignleft wp-image-2563\" src=\"https:\/\/laboratorios.ufrrj.br\/lspia\/wp-content\/uploads\/sites\/15\/2023\/05\/vic-Victoria-Monteiro-150x150.jpg\" alt=\"\" width=\"157\" height=\"157\" srcset=\"https:\/\/laboratorios.ufrrj.br\/lspia\/wp-content\/uploads\/sites\/15\/2023\/05\/vic-Victoria-Monteiro-150x150.jpg 150w, https:\/\/laboratorios.ufrrj.br\/lspia\/wp-content\/uploads\/sites\/15\/2023\/05\/vic-Victoria-Monteiro-75x75.jpg 75w, https:\/\/laboratorios.ufrrj.br\/lspia\/wp-content\/uploads\/sites\/15\/2023\/05\/vic-Victoria-Monteiro-100x100.jpg 100w\" sizes=\"auto, (max-width: 157px) 100vw, 157px\" \/>Linha de Pesquisa: <\/em>Cascalho de perfura\u00e7\u00e3o de po\u00e7os de petr\u00f3leo.<\/p>\n<p><em>T\u00edtulo do Projeto: <\/em>Uso de Cascalho de Perfura\u00e7\u00e3o e Fontes de Mat\u00e9ria Org\u00e2nica na Produ\u00e7\u00e3o de Adubo Organomineral para o Cultivo de Oleaginosas, Esp\u00e9cies Florestais e na Recupera\u00e7\u00e3o de \u00c1reas Degradadas: Aspectos Qu\u00edmicos e Biol\u00f3gicos<\/p>\n<p><span style=\"color: #0000ff\"><a style=\"color: #0000ff\" href=\"http:\/\/lattes.cnpq.br\/3148565462256506\">Lattes<\/a><\/span><\/p>\n<p>&nbsp;<\/p>\n","protected":false},"excerpt":{"rendered":"<p>Dr\u00aa. Maura Santos Reis de Andrade da Silva Linha de Pesquisa: Fertilizantes organominerais. T\u00edtulo do Projeto: Desenvolvimento de Comunidade Bacteriana <a class=\"read-more\" href=\"https:\/\/laboratorios.ufrrj.br\/lspia\/pos-doutorandos\/ \" >&#8230; <span class=\"font-italic\">leia mais <i class=\"fas fa-angle-right\"><\/i><\/span><\/a><\/p>\n","protected":false},"author":19,"featured_media":0,"parent":0,"menu_order":0,"comment_status":"closed","ping_status":"closed","template":"","meta":{"_acf_changed":false,"footnotes":""},"class_list":["post-2361","page","type-page","status-publish","hentry"],"acf":[],"yoast_head":"<!-- This site is optimized with the Yoast SEO plugin v26.8 - https:\/\/yoast.com\/product\/yoast-seo-wordpress\/ -->\n<title>P\u00f3s-Doutorandos - Laborat\u00f3rio de Estudos das Rela\u00e7\u00f5es Solo-Planta da UFRRJ<\/title>\n<meta name=\"robots\" content=\"index, follow, max-snippet:-1, max-image-preview:large, max-video-preview:-1\" \/>\n<link rel=\"canonical\" href=\"https:\/\/laboratorios.ufrrj.br\/lspia\/pos-doutorandos\/\" \/>\n<meta property=\"og:locale\" content=\"pt_BR\" \/>\n<meta property=\"og:type\" content=\"article\" \/>\n<meta property=\"og:title\" content=\"P\u00f3s-Doutorandos - Laborat\u00f3rio de Estudos das Rela\u00e7\u00f5es Solo-Planta da UFRRJ\" \/>\n<meta property=\"og:description\" content=\"Dr\u00aa. Maura Santos Reis de Andrade da Silva Linha de Pesquisa: Fertilizantes organominerais. T\u00edtulo do Projeto: Desenvolvimento de Comunidade Bacteriana ... leia mais\" \/>\n<meta property=\"og:url\" content=\"https:\/\/laboratorios.ufrrj.br\/lspia\/pos-doutorandos\/\" \/>\n<meta property=\"og:site_name\" content=\"Laborat\u00f3rio de Estudos das Rela\u00e7\u00f5es Solo-Planta da UFRRJ\" \/>\n<meta property=\"article:modified_time\" content=\"2023-05-11T18:39:29+00:00\" \/>\n<meta property=\"og:image\" content=\"https:\/\/laboratorios.ufrrj.br\/lspia\/wp-content\/uploads\/sites\/15\/2023\/05\/mAURA-2.jpg\" \/>\n\t<meta property=\"og:image:width\" content=\"1200\" \/>\n\t<meta property=\"og:image:height\" content=\"1318\" \/>\n\t<meta property=\"og:image:type\" content=\"image\/jpeg\" \/>\n<meta name=\"twitter:card\" content=\"summary_large_image\" \/>\n<meta name=\"twitter:label1\" content=\"Est. tempo de leitura\" \/>\n\t<meta name=\"twitter:data1\" content=\"1 minuto\" \/>\n<script type=\"application\/ld+json\" class=\"yoast-schema-graph\">{\"@context\":\"https:\/\/schema.org\",\"@graph\":[{\"@type\":\"WebPage\",\"@id\":\"https:\/\/laboratorios.ufrrj.br\/lspia\/pos-doutorandos\/\",\"url\":\"https:\/\/laboratorios.ufrrj.br\/lspia\/pos-doutorandos\/\",\"name\":\"P\u00f3s-Doutorandos - Laborat\u00f3rio de Estudos das Rela\u00e7\u00f5es Solo-Planta da UFRRJ\",\"isPartOf\":{\"@id\":\"https:\/\/laboratorios.ufrrj.br\/lspia\/#website\"},\"primaryImageOfPage\":{\"@id\":\"https:\/\/laboratorios.ufrrj.br\/lspia\/pos-doutorandos\/#primaryimage\"},\"image\":{\"@id\":\"https:\/\/laboratorios.ufrrj.br\/lspia\/pos-doutorandos\/#primaryimage\"},\"thumbnailUrl\":\"https:\/\/laboratorios.ufrrj.br\/lspia\/wp-content\/uploads\/sites\/15\/2023\/05\/mAURA-2-150x150.jpg\",\"datePublished\":\"2020-02-13T16:39:43+00:00\",\"dateModified\":\"2023-05-11T18:39:29+00:00\",\"breadcrumb\":{\"@id\":\"https:\/\/laboratorios.ufrrj.br\/lspia\/pos-doutorandos\/#breadcrumb\"},\"inLanguage\":\"pt-BR\",\"potentialAction\":[{\"@type\":\"ReadAction\",\"target\":[\"https:\/\/laboratorios.ufrrj.br\/lspia\/pos-doutorandos\/\"]}]},{\"@type\":\"ImageObject\",\"inLanguage\":\"pt-BR\",\"@id\":\"https:\/\/laboratorios.ufrrj.br\/lspia\/pos-doutorandos\/#primaryimage\",\"url\":\"https:\/\/laboratorios.ufrrj.br\/lspia\/wp-content\/uploads\/sites\/15\/2023\/05\/mAURA-2.jpg\",\"contentUrl\":\"https:\/\/laboratorios.ufrrj.br\/lspia\/wp-content\/uploads\/sites\/15\/2023\/05\/mAURA-2.jpg\",\"width\":1200,\"height\":1318},{\"@type\":\"BreadcrumbList\",\"@id\":\"https:\/\/laboratorios.ufrrj.br\/lspia\/pos-doutorandos\/#breadcrumb\",\"itemListElement\":[{\"@type\":\"ListItem\",\"position\":1,\"name\":\"In\u00edcio\",\"item\":\"https:\/\/laboratorios.ufrrj.br\/lspia\/\"},{\"@type\":\"ListItem\",\"position\":2,\"name\":\"P\u00f3s-Doutorandos\"}]},{\"@type\":\"WebSite\",\"@id\":\"https:\/\/laboratorios.ufrrj.br\/lspia\/#website\",\"url\":\"https:\/\/laboratorios.ufrrj.br\/lspia\/\",\"name\":\"Laborat\u00f3rio de Estudos das Rela\u00e7\u00f5es Solo-Planta da UFRRJ\",\"description\":\" Site de Laborat\u00f3rios\",\"potentialAction\":[{\"@type\":\"SearchAction\",\"target\":{\"@type\":\"EntryPoint\",\"urlTemplate\":\"https:\/\/laboratorios.ufrrj.br\/lspia\/?s={search_term_string}\"},\"query-input\":{\"@type\":\"PropertyValueSpecification\",\"valueRequired\":true,\"valueName\":\"search_term_string\"}}],\"inLanguage\":\"pt-BR\"}]}<\/script>\n<!-- \/ Yoast SEO plugin. -->","yoast_head_json":{"title":"P\u00f3s-Doutorandos - Laborat\u00f3rio de Estudos das Rela\u00e7\u00f5es Solo-Planta da UFRRJ","robots":{"index":"index","follow":"follow","max-snippet":"max-snippet:-1","max-image-preview":"max-image-preview:large","max-video-preview":"max-video-preview:-1"},"canonical":"https:\/\/laboratorios.ufrrj.br\/lspia\/pos-doutorandos\/","og_locale":"pt_BR","og_type":"article","og_title":"P\u00f3s-Doutorandos - Laborat\u00f3rio de Estudos das Rela\u00e7\u00f5es Solo-Planta da UFRRJ","og_description":"Dr\u00aa. Maura Santos Reis de Andrade da Silva Linha de Pesquisa: Fertilizantes organominerais. T\u00edtulo do Projeto: Desenvolvimento de Comunidade Bacteriana ... leia mais","og_url":"https:\/\/laboratorios.ufrrj.br\/lspia\/pos-doutorandos\/","og_site_name":"Laborat\u00f3rio de Estudos das Rela\u00e7\u00f5es Solo-Planta da UFRRJ","article_modified_time":"2023-05-11T18:39:29+00:00","og_image":[{"width":1200,"height":1318,"url":"https:\/\/laboratorios.ufrrj.br\/lspia\/wp-content\/uploads\/sites\/15\/2023\/05\/mAURA-2.jpg","type":"image\/jpeg"}],"twitter_card":"summary_large_image","twitter_misc":{"Est. tempo de leitura":"1 minuto"},"schema":{"@context":"https:\/\/schema.org","@graph":[{"@type":"WebPage","@id":"https:\/\/laboratorios.ufrrj.br\/lspia\/pos-doutorandos\/","url":"https:\/\/laboratorios.ufrrj.br\/lspia\/pos-doutorandos\/","name":"P\u00f3s-Doutorandos - Laborat\u00f3rio de Estudos das Rela\u00e7\u00f5es Solo-Planta da UFRRJ","isPartOf":{"@id":"https:\/\/laboratorios.ufrrj.br\/lspia\/#website"},"primaryImageOfPage":{"@id":"https:\/\/laboratorios.ufrrj.br\/lspia\/pos-doutorandos\/#primaryimage"},"image":{"@id":"https:\/\/laboratorios.ufrrj.br\/lspia\/pos-doutorandos\/#primaryimage"},"thumbnailUrl":"https:\/\/laboratorios.ufrrj.br\/lspia\/wp-content\/uploads\/sites\/15\/2023\/05\/mAURA-2-150x150.jpg","datePublished":"2020-02-13T16:39:43+00:00","dateModified":"2023-05-11T18:39:29+00:00","breadcrumb":{"@id":"https:\/\/laboratorios.ufrrj.br\/lspia\/pos-doutorandos\/#breadcrumb"},"inLanguage":"pt-BR","potentialAction":[{"@type":"ReadAction","target":["https:\/\/laboratorios.ufrrj.br\/lspia\/pos-doutorandos\/"]}]},{"@type":"ImageObject","inLanguage":"pt-BR","@id":"https:\/\/laboratorios.ufrrj.br\/lspia\/pos-doutorandos\/#primaryimage","url":"https:\/\/laboratorios.ufrrj.br\/lspia\/wp-content\/uploads\/sites\/15\/2023\/05\/mAURA-2.jpg","contentUrl":"https:\/\/laboratorios.ufrrj.br\/lspia\/wp-content\/uploads\/sites\/15\/2023\/05\/mAURA-2.jpg","width":1200,"height":1318},{"@type":"BreadcrumbList","@id":"https:\/\/laboratorios.ufrrj.br\/lspia\/pos-doutorandos\/#breadcrumb","itemListElement":[{"@type":"ListItem","position":1,"name":"In\u00edcio","item":"https:\/\/laboratorios.ufrrj.br\/lspia\/"},{"@type":"ListItem","position":2,"name":"P\u00f3s-Doutorandos"}]},{"@type":"WebSite","@id":"https:\/\/laboratorios.ufrrj.br\/lspia\/#website","url":"https:\/\/laboratorios.ufrrj.br\/lspia\/","name":"Laborat\u00f3rio de Estudos das Rela\u00e7\u00f5es Solo-Planta da UFRRJ","description":" Site de Laborat\u00f3rios","potentialAction":[{"@type":"SearchAction","target":{"@type":"EntryPoint","urlTemplate":"https:\/\/laboratorios.ufrrj.br\/lspia\/?s={search_term_string}"},"query-input":{"@type":"PropertyValueSpecification","valueRequired":true,"valueName":"search_term_string"}}],"inLanguage":"pt-BR"}]}},"_links":{"self":[{"href":"https:\/\/laboratorios.ufrrj.br\/lspia\/wp-json\/wp\/v2\/pages\/2361","targetHints":{"allow":["GET"]}}],"collection":[{"href":"https:\/\/laboratorios.ufrrj.br\/lspia\/wp-json\/wp\/v2\/pages"}],"about":[{"href":"https:\/\/laboratorios.ufrrj.br\/lspia\/wp-json\/wp\/v2\/types\/page"}],"author":[{"embeddable":true,"href":"https:\/\/laboratorios.ufrrj.br\/lspia\/wp-json\/wp\/v2\/users\/19"}],"replies":[{"embeddable":true,"href":"https:\/\/laboratorios.ufrrj.br\/lspia\/wp-json\/wp\/v2\/comments?post=2361"}],"version-history":[{"count":17,"href":"https:\/\/laboratorios.ufrrj.br\/lspia\/wp-json\/wp\/v2\/pages\/2361\/revisions"}],"predecessor-version":[{"id":2585,"href":"https:\/\/laboratorios.ufrrj.br\/lspia\/wp-json\/wp\/v2\/pages\/2361\/revisions\/2585"}],"wp:attachment":[{"href":"https:\/\/laboratorios.ufrrj.br\/lspia\/wp-json\/wp\/v2\/media?parent=2361"}],"curies":[{"name":"wp","href":"https:\/\/api.w.org\/{rel}","templated":true}]}}