{"id":2341,"date":"2020-02-13T10:13:01","date_gmt":"2020-02-13T13:13:01","guid":{"rendered":"http:\/\/laboratorios.ufrrj.br\/lspia\/?page_id=2341"},"modified":"2023-05-16T12:56:07","modified_gmt":"2023-05-16T15:56:07","slug":"docentes","status":"publish","type":"page","link":"https:\/\/laboratorios.ufrrj.br\/lspia\/docentes\/","title":{"rendered":"Docentes"},"content":{"rendered":"<div class=\"layout-cell layout-cell-9\">\n<div class=\"layout-cell-pad-5\"><strong>Dr. Everaldo Zonta<\/strong><\/div>\n<div class=\"layout-cell-pad-5\">Professor Titular\/ Departamento de Solos UFRRJ<\/div>\n<div><\/div>\n<\/div>\n<p><img loading=\"lazy\" decoding=\"async\" class=\"alignleft wp-image-2344 size-thumbnail\" src=\"http:\/\/laboratorios.ufrrj.br\/lspia\/wp-content\/uploads\/sites\/15\/2020\/02\/zonta-foto-150x150.jpg\" alt=\"Dr. Everaldo Zonta\" width=\"150\" height=\"150\" srcset=\"https:\/\/laboratorios.ufrrj.br\/lspia\/wp-content\/uploads\/sites\/15\/2020\/02\/zonta-foto-150x150.jpg 150w, https:\/\/laboratorios.ufrrj.br\/lspia\/wp-content\/uploads\/sites\/15\/2020\/02\/zonta-foto-300x300.jpg 300w, https:\/\/laboratorios.ufrrj.br\/lspia\/wp-content\/uploads\/sites\/15\/2020\/02\/zonta-foto-75x75.jpg 75w, https:\/\/laboratorios.ufrrj.br\/lspia\/wp-content\/uploads\/sites\/15\/2020\/02\/zonta-foto-100x100.jpg 100w, https:\/\/laboratorios.ufrrj.br\/lspia\/wp-content\/uploads\/sites\/15\/2020\/02\/zonta-foto.jpg 407w\" sizes=\"auto, (max-width: 150px) 100vw, 150px\" \/><em>Linhas de Pesquisa:<\/em> Fertilidade do solo em agroecossistemas; Mecanismos fisiol\u00f3gicos, bioqu\u00edmicos e moleculares relacionados \u00e0 efici\u00eancia de uso de nutrientes em plantas; Potencial e impactos agr\u00edcolas e ambientais do uso de subprodutos e res\u00edduos industriais, agroindustriais e agr\u00edcolas; Efici\u00eancia agron\u00f4mica de fertilizantes e corretivos.<\/p>\n<div class=\"layout-cell layout-cell-3 text-align-right\">\n<div class=\"layout-cell layout-cell-9\">\n<div class=\"layout-cell-pad-5\">\n<div class=\"layout-cell layout-cell-3 text-align-right\">\n<div class=\"layout-cell layout-cell-3 text-align-right\">\n<div class=\"layout-cell layout-cell-3 text-align-right\">E-mail: ezonta@ufrrj.br<\/div>\n<div class=\"layout-cell layout-cell-3 text-align-right\"><span style=\"color: #0000ff\"><a style=\"color: #0000ff\" href=\"http:\/\/lattes.cnpq.br\/3943601345963141\">Lattes<\/a><\/span><\/div>\n<\/div>\n<\/div>\n<\/div>\n<\/div>\n<\/div>\n<h3><\/h3>\n<p>&nbsp;<\/p>\n<h3><\/h3>\n<h2><strong>Colaboradores:<\/strong><\/h2>\n<div class=\"layout-cell layout-cell-3 text-align-right\">\n<div><\/div>\n<div><img loading=\"lazy\" decoding=\"async\" class=\"alignleft size-thumbnail wp-image-2356\" src=\"http:\/\/laboratorios.ufrrj.br\/lspia\/wp-content\/uploads\/sites\/15\/2020\/02\/juliano-foto-150x150.jpg\" alt=\"\" width=\"150\" height=\"150\" srcset=\"https:\/\/laboratorios.ufrrj.br\/lspia\/wp-content\/uploads\/sites\/15\/2020\/02\/juliano-foto-150x150.jpg 150w, https:\/\/laboratorios.ufrrj.br\/lspia\/wp-content\/uploads\/sites\/15\/2020\/02\/juliano-foto-75x75.jpg 75w, https:\/\/laboratorios.ufrrj.br\/lspia\/wp-content\/uploads\/sites\/15\/2020\/02\/juliano-foto-100x100.jpg 100w, https:\/\/laboratorios.ufrrj.br\/lspia\/wp-content\/uploads\/sites\/15\/2020\/02\/juliano-foto.jpg 180w\" sizes=\"auto, (max-width: 150px) 100vw, 150px\" \/><\/div>\n<div><\/div>\n<\/div>\n<div>\n<div><strong>Dr. Juliano Bahiense\u00a0 Stafanato\u00a0<\/strong><\/div>\n<div>Professor Adjunto\/ Departamento de Solos UFRRJ<\/div>\n<\/div>\n<div><\/div>\n<div>E-mail: <span style=\"font-weight: 400\">jstafanato@yahoo.com.br<\/span><\/div>\n<div><span style=\"color: #0000ff\"><a style=\"color: #0000ff\" href=\"http:\/\/lattes.cnpq.br\/9835778584120254\">Lattes<\/a><\/span><\/div>\n<div>\n<p>&nbsp;<\/p>\n<p>&nbsp;<\/p>\n<p><strong>Dr. Eduardo Lima<br \/>\n<\/strong>Professor Titular\/ Departamento de Solos UFRRJ<\/p>\n<\/div>\n<div>\n<p style=\"text-align: left\"><em>Linhas de Pesquisa:<\/em> Fertilizantes fosfatados; Fisiologia da cana-de-a\u00e7\u00facar;\u00a0 Nutri\u00e7\u00e3o mineral de plantas.<\/p>\n<p style=\"text-align: left\">E-mail: edulima@ufrrj.br<br \/>\n<span style=\"color: #0000ff\"><a style=\"color: #0000ff\" href=\"http:\/\/lattes.cnpq.br\/5269448984013726\">Lattes<\/a><\/span><\/p>\n<\/div>\n<div style=\"text-align: left\"><\/div>\n<div><\/div>\n<div><\/div>\n<div class=\"layout-cell layout-cell-3 text-align-right\">\n<div class=\"layout-cell layout-cell-9\">\n<div class=\"layout-cell-pad-5\">\n<div class=\"layout-cell layout-cell-3 text-align-right\"><\/div>\n<div><\/div>\n<\/div>\n<\/div>\n<\/div>\n","protected":false},"excerpt":{"rendered":"<p>Dr. Everaldo Zonta Professor Titular\/ Departamento de Solos UFRRJ Linhas de Pesquisa: Fertilidade do solo em agroecossistemas; Mecanismos fisiol\u00f3gicos, bioqu\u00edmicos <a class=\"read-more\" href=\"https:\/\/laboratorios.ufrrj.br\/lspia\/docentes\/ \" >&#8230; <span class=\"font-italic\">leia mais <i class=\"fas fa-angle-right\"><\/i><\/span><\/a><\/p>\n","protected":false},"author":19,"featured_media":0,"parent":0,"menu_order":0,"comment_status":"closed","ping_status":"closed","template":"","meta":{"_acf_changed":false,"footnotes":""},"class_list":["post-2341","page","type-page","status-publish","hentry"],"acf":[],"yoast_head":"<!-- This site is optimized with the Yoast SEO plugin v26.8 - https:\/\/yoast.com\/product\/yoast-seo-wordpress\/ -->\n<title>Docentes - Laborat\u00f3rio de Estudos das Rela\u00e7\u00f5es Solo-Planta da UFRRJ<\/title>\n<meta name=\"robots\" content=\"index, follow, max-snippet:-1, max-image-preview:large, max-video-preview:-1\" \/>\n<link rel=\"canonical\" href=\"https:\/\/laboratorios.ufrrj.br\/lspia\/docentes\/\" \/>\n<meta property=\"og:locale\" content=\"pt_BR\" \/>\n<meta property=\"og:type\" content=\"article\" \/>\n<meta property=\"og:title\" content=\"Docentes - Laborat\u00f3rio de Estudos das Rela\u00e7\u00f5es Solo-Planta da UFRRJ\" \/>\n<meta property=\"og:description\" content=\"Dr. Everaldo Zonta Professor Titular\/ Departamento de Solos UFRRJ Linhas de Pesquisa: Fertilidade do solo em agroecossistemas; Mecanismos fisiol\u00f3gicos, bioqu\u00edmicos ... leia mais\" \/>\n<meta property=\"og:url\" content=\"https:\/\/laboratorios.ufrrj.br\/lspia\/docentes\/\" \/>\n<meta property=\"og:site_name\" content=\"Laborat\u00f3rio de Estudos das Rela\u00e7\u00f5es Solo-Planta da UFRRJ\" \/>\n<meta property=\"article:modified_time\" content=\"2023-05-16T15:56:07+00:00\" \/>\n<meta property=\"og:image\" content=\"https:\/\/laboratorios.ufrrj.br\/lspia\/wp-content\/uploads\/sites\/15\/2020\/02\/zonta-foto.jpg\" \/>\n\t<meta property=\"og:image:width\" content=\"407\" \/>\n\t<meta property=\"og:image:height\" content=\"405\" \/>\n\t<meta property=\"og:image:type\" content=\"image\/jpeg\" \/>\n<meta name=\"twitter:card\" content=\"summary_large_image\" \/>\n<meta name=\"twitter:label1\" content=\"Est. tempo de leitura\" \/>\n\t<meta name=\"twitter:data1\" content=\"1 minuto\" \/>\n<script type=\"application\/ld+json\" class=\"yoast-schema-graph\">{\"@context\":\"https:\/\/schema.org\",\"@graph\":[{\"@type\":\"WebPage\",\"@id\":\"https:\/\/laboratorios.ufrrj.br\/lspia\/docentes\/\",\"url\":\"https:\/\/laboratorios.ufrrj.br\/lspia\/docentes\/\",\"name\":\"Docentes - Laborat\u00f3rio de Estudos das Rela\u00e7\u00f5es Solo-Planta da UFRRJ\",\"isPartOf\":{\"@id\":\"https:\/\/laboratorios.ufrrj.br\/lspia\/#website\"},\"primaryImageOfPage\":{\"@id\":\"https:\/\/laboratorios.ufrrj.br\/lspia\/docentes\/#primaryimage\"},\"image\":{\"@id\":\"https:\/\/laboratorios.ufrrj.br\/lspia\/docentes\/#primaryimage\"},\"thumbnailUrl\":\"http:\/\/laboratorios.ufrrj.br\/lspia\/wp-content\/uploads\/sites\/15\/2020\/02\/zonta-foto-150x150.jpg\",\"datePublished\":\"2020-02-13T13:13:01+00:00\",\"dateModified\":\"2023-05-16T15:56:07+00:00\",\"breadcrumb\":{\"@id\":\"https:\/\/laboratorios.ufrrj.br\/lspia\/docentes\/#breadcrumb\"},\"inLanguage\":\"pt-BR\",\"potentialAction\":[{\"@type\":\"ReadAction\",\"target\":[\"https:\/\/laboratorios.ufrrj.br\/lspia\/docentes\/\"]}]},{\"@type\":\"ImageObject\",\"inLanguage\":\"pt-BR\",\"@id\":\"https:\/\/laboratorios.ufrrj.br\/lspia\/docentes\/#primaryimage\",\"url\":\"https:\/\/laboratorios.ufrrj.br\/lspia\/wp-content\/uploads\/sites\/15\/2020\/02\/zonta-foto.jpg\",\"contentUrl\":\"https:\/\/laboratorios.ufrrj.br\/lspia\/wp-content\/uploads\/sites\/15\/2020\/02\/zonta-foto.jpg\",\"width\":407,\"height\":405,\"caption\":\"Dr. Everaldo Zonta\"},{\"@type\":\"BreadcrumbList\",\"@id\":\"https:\/\/laboratorios.ufrrj.br\/lspia\/docentes\/#breadcrumb\",\"itemListElement\":[{\"@type\":\"ListItem\",\"position\":1,\"name\":\"In\u00edcio\",\"item\":\"https:\/\/laboratorios.ufrrj.br\/lspia\/\"},{\"@type\":\"ListItem\",\"position\":2,\"name\":\"Docentes\"}]},{\"@type\":\"WebSite\",\"@id\":\"https:\/\/laboratorios.ufrrj.br\/lspia\/#website\",\"url\":\"https:\/\/laboratorios.ufrrj.br\/lspia\/\",\"name\":\"Laborat\u00f3rio de Estudos das Rela\u00e7\u00f5es Solo-Planta da UFRRJ\",\"description\":\" Site de Laborat\u00f3rios\",\"potentialAction\":[{\"@type\":\"SearchAction\",\"target\":{\"@type\":\"EntryPoint\",\"urlTemplate\":\"https:\/\/laboratorios.ufrrj.br\/lspia\/?s={search_term_string}\"},\"query-input\":{\"@type\":\"PropertyValueSpecification\",\"valueRequired\":true,\"valueName\":\"search_term_string\"}}],\"inLanguage\":\"pt-BR\"}]}<\/script>\n<!-- \/ Yoast SEO plugin. -->","yoast_head_json":{"title":"Docentes - Laborat\u00f3rio de Estudos das Rela\u00e7\u00f5es Solo-Planta da UFRRJ","robots":{"index":"index","follow":"follow","max-snippet":"max-snippet:-1","max-image-preview":"max-image-preview:large","max-video-preview":"max-video-preview:-1"},"canonical":"https:\/\/laboratorios.ufrrj.br\/lspia\/docentes\/","og_locale":"pt_BR","og_type":"article","og_title":"Docentes - Laborat\u00f3rio de Estudos das Rela\u00e7\u00f5es Solo-Planta da UFRRJ","og_description":"Dr. Everaldo Zonta Professor Titular\/ Departamento de Solos UFRRJ Linhas de Pesquisa: Fertilidade do solo em agroecossistemas; Mecanismos fisiol\u00f3gicos, bioqu\u00edmicos ... leia mais","og_url":"https:\/\/laboratorios.ufrrj.br\/lspia\/docentes\/","og_site_name":"Laborat\u00f3rio de Estudos das Rela\u00e7\u00f5es Solo-Planta da UFRRJ","article_modified_time":"2023-05-16T15:56:07+00:00","og_image":[{"width":407,"height":405,"url":"https:\/\/laboratorios.ufrrj.br\/lspia\/wp-content\/uploads\/sites\/15\/2020\/02\/zonta-foto.jpg","type":"image\/jpeg"}],"twitter_card":"summary_large_image","twitter_misc":{"Est. tempo de leitura":"1 minuto"},"schema":{"@context":"https:\/\/schema.org","@graph":[{"@type":"WebPage","@id":"https:\/\/laboratorios.ufrrj.br\/lspia\/docentes\/","url":"https:\/\/laboratorios.ufrrj.br\/lspia\/docentes\/","name":"Docentes - Laborat\u00f3rio de Estudos das Rela\u00e7\u00f5es Solo-Planta da UFRRJ","isPartOf":{"@id":"https:\/\/laboratorios.ufrrj.br\/lspia\/#website"},"primaryImageOfPage":{"@id":"https:\/\/laboratorios.ufrrj.br\/lspia\/docentes\/#primaryimage"},"image":{"@id":"https:\/\/laboratorios.ufrrj.br\/lspia\/docentes\/#primaryimage"},"thumbnailUrl":"http:\/\/laboratorios.ufrrj.br\/lspia\/wp-content\/uploads\/sites\/15\/2020\/02\/zonta-foto-150x150.jpg","datePublished":"2020-02-13T13:13:01+00:00","dateModified":"2023-05-16T15:56:07+00:00","breadcrumb":{"@id":"https:\/\/laboratorios.ufrrj.br\/lspia\/docentes\/#breadcrumb"},"inLanguage":"pt-BR","potentialAction":[{"@type":"ReadAction","target":["https:\/\/laboratorios.ufrrj.br\/lspia\/docentes\/"]}]},{"@type":"ImageObject","inLanguage":"pt-BR","@id":"https:\/\/laboratorios.ufrrj.br\/lspia\/docentes\/#primaryimage","url":"https:\/\/laboratorios.ufrrj.br\/lspia\/wp-content\/uploads\/sites\/15\/2020\/02\/zonta-foto.jpg","contentUrl":"https:\/\/laboratorios.ufrrj.br\/lspia\/wp-content\/uploads\/sites\/15\/2020\/02\/zonta-foto.jpg","width":407,"height":405,"caption":"Dr. Everaldo Zonta"},{"@type":"BreadcrumbList","@id":"https:\/\/laboratorios.ufrrj.br\/lspia\/docentes\/#breadcrumb","itemListElement":[{"@type":"ListItem","position":1,"name":"In\u00edcio","item":"https:\/\/laboratorios.ufrrj.br\/lspia\/"},{"@type":"ListItem","position":2,"name":"Docentes"}]},{"@type":"WebSite","@id":"https:\/\/laboratorios.ufrrj.br\/lspia\/#website","url":"https:\/\/laboratorios.ufrrj.br\/lspia\/","name":"Laborat\u00f3rio de Estudos das Rela\u00e7\u00f5es Solo-Planta da UFRRJ","description":" Site de Laborat\u00f3rios","potentialAction":[{"@type":"SearchAction","target":{"@type":"EntryPoint","urlTemplate":"https:\/\/laboratorios.ufrrj.br\/lspia\/?s={search_term_string}"},"query-input":{"@type":"PropertyValueSpecification","valueRequired":true,"valueName":"search_term_string"}}],"inLanguage":"pt-BR"}]}},"_links":{"self":[{"href":"https:\/\/laboratorios.ufrrj.br\/lspia\/wp-json\/wp\/v2\/pages\/2341","targetHints":{"allow":["GET"]}}],"collection":[{"href":"https:\/\/laboratorios.ufrrj.br\/lspia\/wp-json\/wp\/v2\/pages"}],"about":[{"href":"https:\/\/laboratorios.ufrrj.br\/lspia\/wp-json\/wp\/v2\/types\/page"}],"author":[{"embeddable":true,"href":"https:\/\/laboratorios.ufrrj.br\/lspia\/wp-json\/wp\/v2\/users\/19"}],"replies":[{"embeddable":true,"href":"https:\/\/laboratorios.ufrrj.br\/lspia\/wp-json\/wp\/v2\/comments?post=2341"}],"version-history":[{"count":28,"href":"https:\/\/laboratorios.ufrrj.br\/lspia\/wp-json\/wp\/v2\/pages\/2341\/revisions"}],"predecessor-version":[{"id":2645,"href":"https:\/\/laboratorios.ufrrj.br\/lspia\/wp-json\/wp\/v2\/pages\/2341\/revisions\/2645"}],"wp:attachment":[{"href":"https:\/\/laboratorios.ufrrj.br\/lspia\/wp-json\/wp\/v2\/media?parent=2341"}],"curies":[{"name":"wp","href":"https:\/\/api.w.org\/{rel}","templated":true}]}}