{"id":2298,"date":"2019-02-15T11:06:57","date_gmt":"2019-02-15T13:06:57","guid":{"rendered":"http:\/\/laboratorios.ufrrj.br\/lspia\/?page_id=2298"},"modified":"2023-05-10T15:13:38","modified_gmt":"2023-05-10T18:13:38","slug":"parceiros-financiadores","status":"publish","type":"page","link":"https:\/\/laboratorios.ufrrj.br\/lspia\/parceiros-financiadores\/","title":{"rendered":"Parceiros Financiadores"},"content":{"rendered":"<p><img loading=\"lazy\" decoding=\"async\" class=\"alignleft wp-image-2539 \" src=\"https:\/\/laboratorios.ufrrj.br\/lspia\/wp-content\/uploads\/sites\/15\/2023\/05\/download.png\" alt=\"\" width=\"173\" height=\"96\" \/><\/p>\n<p>&nbsp;<\/p>\n<p>&nbsp;<\/p>\n<p>&nbsp;<\/p>\n<p>&nbsp;<\/p>\n<p><img loading=\"lazy\" decoding=\"async\" class=\"alignleft wp-image-2536\" src=\"https:\/\/laboratorios.ufrrj.br\/lspia\/wp-content\/uploads\/sites\/15\/2023\/05\/download-150x150.jpg\" alt=\"\" width=\"174\" height=\"174\" srcset=\"https:\/\/laboratorios.ufrrj.br\/lspia\/wp-content\/uploads\/sites\/15\/2023\/05\/download-150x150.jpg 150w, https:\/\/laboratorios.ufrrj.br\/lspia\/wp-content\/uploads\/sites\/15\/2023\/05\/download-75x75.jpg 75w, https:\/\/laboratorios.ufrrj.br\/lspia\/wp-content\/uploads\/sites\/15\/2023\/05\/download-100x100.jpg 100w, https:\/\/laboratorios.ufrrj.br\/lspia\/wp-content\/uploads\/sites\/15\/2023\/05\/download.jpg 225w\" sizes=\"auto, (max-width: 174px) 100vw, 174px\" \/><\/p>\n<p>&nbsp;<\/p>\n<p>&nbsp;<\/p>\n<p>&nbsp;<\/p>\n<p>&nbsp;<\/p>\n<p>&nbsp;<\/p>\n<p><img loading=\"lazy\" decoding=\"async\" class=\"wp-image-2537 alignnone\" src=\"https:\/\/laboratorios.ufrrj.br\/lspia\/wp-content\/uploads\/sites\/15\/2023\/05\/cnpq-logo-1.png\" alt=\"\" width=\"178\" height=\"76\" srcset=\"https:\/\/laboratorios.ufrrj.br\/lspia\/wp-content\/uploads\/sites\/15\/2023\/05\/cnpq-logo-1.png 2048w, https:\/\/laboratorios.ufrrj.br\/lspia\/wp-content\/uploads\/sites\/15\/2023\/05\/cnpq-logo-1-300x128.png 300w, https:\/\/laboratorios.ufrrj.br\/lspia\/wp-content\/uploads\/sites\/15\/2023\/05\/cnpq-logo-1-1024x438.png 1024w, https:\/\/laboratorios.ufrrj.br\/lspia\/wp-content\/uploads\/sites\/15\/2023\/05\/cnpq-logo-1-768x328.png 768w, https:\/\/laboratorios.ufrrj.br\/lspia\/wp-content\/uploads\/sites\/15\/2023\/05\/cnpq-logo-1-1536x656.png 1536w, https:\/\/laboratorios.ufrrj.br\/lspia\/wp-content\/uploads\/sites\/15\/2023\/05\/cnpq-logo-1-230x100.png 230w\" sizes=\"auto, (max-width: 178px) 100vw, 178px\" \/><\/p>\n<p><img loading=\"lazy\" decoding=\"async\" class=\"alignleft wp-image-2540 \" src=\"https:\/\/laboratorios.ufrrj.br\/lspia\/wp-content\/uploads\/sites\/15\/2023\/05\/download-removebg-preview-1.png\" alt=\"\" width=\"197\" height=\"80\" srcset=\"https:\/\/laboratorios.ufrrj.br\/lspia\/wp-content\/uploads\/sites\/15\/2023\/05\/download-removebg-preview-1.png 353w, https:\/\/laboratorios.ufrrj.br\/lspia\/wp-content\/uploads\/sites\/15\/2023\/05\/download-removebg-preview-1-300x122.png 300w\" sizes=\"auto, (max-width: 197px) 100vw, 197px\" \/><\/p>\n<p>&nbsp;<\/p>\n<p>&nbsp;<\/p>\n<p>&nbsp;<\/p>\n<p><img loading=\"lazy\" decoding=\"async\" class=\"alignleft wp-image-2541 \" src=\"https:\/\/laboratorios.ufrrj.br\/lspia\/wp-content\/uploads\/sites\/15\/2023\/05\/fapur-logo-removebg-preview.png\" alt=\"\" width=\"200\" height=\"108\" srcset=\"https:\/\/laboratorios.ufrrj.br\/lspia\/wp-content\/uploads\/sites\/15\/2023\/05\/fapur-logo-removebg-preview.png 679w, https:\/\/laboratorios.ufrrj.br\/lspia\/wp-content\/uploads\/sites\/15\/2023\/05\/fapur-logo-removebg-preview-300x162.png 300w\" sizes=\"auto, (max-width: 200px) 100vw, 200px\" \/><\/p>\n<p>&nbsp;<\/p>\n<p>&nbsp;<\/p>\n<p>&nbsp;<\/p>\n<p>&nbsp;<\/p>\n<p><img loading=\"lazy\" decoding=\"async\" class=\"alignleft wp-image-2543 \" src=\"https:\/\/laboratorios.ufrrj.br\/lspia\/wp-content\/uploads\/sites\/15\/2023\/05\/petrobras-removebg-preview.png\" alt=\"\" width=\"192\" height=\"108\" srcset=\"https:\/\/laboratorios.ufrrj.br\/lspia\/wp-content\/uploads\/sites\/15\/2023\/05\/petrobras-removebg-preview.png 666w, https:\/\/laboratorios.ufrrj.br\/lspia\/wp-content\/uploads\/sites\/15\/2023\/05\/petrobras-removebg-preview-300x169.png 300w\" sizes=\"auto, (max-width: 192px) 100vw, 192px\" \/><\/p>\n<p>&nbsp;<\/p>\n<p>&nbsp;<\/p>\n<p>&nbsp;<\/p>\n<p>&nbsp;<\/p>\n<p>&nbsp;<\/p>\n<p><img loading=\"lazy\" decoding=\"async\" class=\"alignleft wp-image-2546\" src=\"https:\/\/laboratorios.ufrrj.br\/lspia\/wp-content\/uploads\/sites\/15\/2023\/05\/cropped-ceagro-1-removebg-preview-1.png\" alt=\"\" width=\"267\" height=\"139\" \/><\/p>\n<p>&nbsp;<\/p>\n<p>&nbsp;<\/p>\n<p>&nbsp;<\/p>\n<p>&nbsp;<\/p>\n<p>&nbsp;<\/p>\n<p><img loading=\"lazy\" decoding=\"async\" class=\"alignleft wp-image-2547\" src=\"https:\/\/laboratorios.ufrrj.br\/lspia\/wp-content\/uploads\/sites\/15\/2023\/05\/logo_arko.png\" alt=\"\" width=\"180\" height=\"104\" \/><\/p>\n<p>&nbsp;<\/p>\n<p>&nbsp;<\/p>\n<p>&nbsp;<\/p>\n<p>&nbsp;<\/p>\n<p><img loading=\"lazy\" decoding=\"async\" class=\"alignleft wp-image-2548\" src=\"https:\/\/laboratorios.ufrrj.br\/lspia\/wp-content\/uploads\/sites\/15\/2023\/05\/download-removebg-preview-2.png\" alt=\"\" width=\"198\" height=\"92\" srcset=\"https:\/\/laboratorios.ufrrj.br\/lspia\/wp-content\/uploads\/sites\/15\/2023\/05\/download-removebg-preview-2.png 330w, https:\/\/laboratorios.ufrrj.br\/lspia\/wp-content\/uploads\/sites\/15\/2023\/05\/download-removebg-preview-2-300x139.png 300w\" sizes=\"auto, (max-width: 198px) 100vw, 198px\" \/><\/p>\n<p>&nbsp;<\/p>\n<p>&nbsp;<\/p>\n<p>&nbsp;<\/p>\n<p><img loading=\"lazy\" decoding=\"async\" class=\"alignleft wp-image-2551\" src=\"https:\/\/laboratorios.ufrrj.br\/lspia\/wp-content\/uploads\/sites\/15\/2023\/05\/Logo-Proext-1-removebg-preview.png\" alt=\"\" width=\"194\" height=\"194\" srcset=\"https:\/\/laboratorios.ufrrj.br\/lspia\/wp-content\/uploads\/sites\/15\/2023\/05\/Logo-Proext-1-removebg-preview.png 500w, https:\/\/laboratorios.ufrrj.br\/lspia\/wp-content\/uploads\/sites\/15\/2023\/05\/Logo-Proext-1-removebg-preview-300x300.png 300w, https:\/\/laboratorios.ufrrj.br\/lspia\/wp-content\/uploads\/sites\/15\/2023\/05\/Logo-Proext-1-removebg-preview-150x150.png 150w, https:\/\/laboratorios.ufrrj.br\/lspia\/wp-content\/uploads\/sites\/15\/2023\/05\/Logo-Proext-1-removebg-preview-75x75.png 75w, https:\/\/laboratorios.ufrrj.br\/lspia\/wp-content\/uploads\/sites\/15\/2023\/05\/Logo-Proext-1-removebg-preview-100x100.png 100w\" sizes=\"auto, (max-width: 194px) 100vw, 194px\" \/><\/p>\n<p>&nbsp;<\/p>\n<p>&nbsp;<\/p>\n<p>&nbsp;<\/p>\n<p>&nbsp;<\/p>\n<p>&nbsp;<\/p>\n","protected":false},"excerpt":{"rendered":"<p>&nbsp; &nbsp; &nbsp; &nbsp; &nbsp; &nbsp; &nbsp; &nbsp; &nbsp; &nbsp; &nbsp; &nbsp; &nbsp; &nbsp; &nbsp; &nbsp; &nbsp; &nbsp; &nbsp; &nbsp; <a class=\"read-more\" href=\"https:\/\/laboratorios.ufrrj.br\/lspia\/parceiros-financiadores\/ \" >&#8230; <span class=\"font-italic\">leia mais <i class=\"fas fa-angle-right\"><\/i><\/span><\/a><\/p>\n","protected":false},"author":9,"featured_media":0,"parent":0,"menu_order":0,"comment_status":"closed","ping_status":"closed","template":"","meta":{"_acf_changed":false,"footnotes":""},"class_list":["post-2298","page","type-page","status-publish","hentry"],"acf":[],"yoast_head":"<!-- This site is optimized with the Yoast SEO plugin v26.8 - https:\/\/yoast.com\/product\/yoast-seo-wordpress\/ -->\n<title>Parceiros Financiadores - Laborat\u00f3rio de Estudos das Rela\u00e7\u00f5es Solo-Planta da UFRRJ<\/title>\n<meta name=\"robots\" content=\"index, follow, max-snippet:-1, max-image-preview:large, max-video-preview:-1\" \/>\n<link rel=\"canonical\" href=\"https:\/\/laboratorios.ufrrj.br\/lspia\/parceiros-financiadores\/\" \/>\n<meta property=\"og:locale\" content=\"pt_BR\" \/>\n<meta property=\"og:type\" content=\"article\" \/>\n<meta property=\"og:title\" content=\"Parceiros Financiadores - Laborat\u00f3rio de Estudos das Rela\u00e7\u00f5es Solo-Planta da UFRRJ\" \/>\n<meta property=\"og:description\" content=\"&nbsp; &nbsp; &nbsp; &nbsp; &nbsp; &nbsp; &nbsp; &nbsp; &nbsp; &nbsp; &nbsp; &nbsp; &nbsp; &nbsp; &nbsp; &nbsp; &nbsp; &nbsp; &nbsp; &nbsp; ... leia mais\" \/>\n<meta property=\"og:url\" content=\"https:\/\/laboratorios.ufrrj.br\/lspia\/parceiros-financiadores\/\" \/>\n<meta property=\"og:site_name\" content=\"Laborat\u00f3rio de Estudos das Rela\u00e7\u00f5es Solo-Planta da UFRRJ\" \/>\n<meta property=\"article:modified_time\" content=\"2023-05-10T18:13:38+00:00\" \/>\n<meta property=\"og:image\" content=\"https:\/\/laboratorios.ufrrj.br\/lspia\/wp-content\/uploads\/sites\/15\/2023\/05\/download.png\" \/>\n\t<meta property=\"og:image:width\" content=\"301\" \/>\n\t<meta property=\"og:image:height\" content=\"167\" \/>\n\t<meta property=\"og:image:type\" content=\"image\/png\" \/>\n<meta name=\"twitter:card\" content=\"summary_large_image\" \/>\n<script type=\"application\/ld+json\" class=\"yoast-schema-graph\">{\"@context\":\"https:\/\/schema.org\",\"@graph\":[{\"@type\":\"WebPage\",\"@id\":\"https:\/\/laboratorios.ufrrj.br\/lspia\/parceiros-financiadores\/\",\"url\":\"https:\/\/laboratorios.ufrrj.br\/lspia\/parceiros-financiadores\/\",\"name\":\"Parceiros Financiadores - Laborat\u00f3rio de Estudos das Rela\u00e7\u00f5es Solo-Planta da UFRRJ\",\"isPartOf\":{\"@id\":\"https:\/\/laboratorios.ufrrj.br\/lspia\/#website\"},\"primaryImageOfPage\":{\"@id\":\"https:\/\/laboratorios.ufrrj.br\/lspia\/parceiros-financiadores\/#primaryimage\"},\"image\":{\"@id\":\"https:\/\/laboratorios.ufrrj.br\/lspia\/parceiros-financiadores\/#primaryimage\"},\"thumbnailUrl\":\"https:\/\/laboratorios.ufrrj.br\/lspia\/wp-content\/uploads\/sites\/15\/2023\/05\/download.png\",\"datePublished\":\"2019-02-15T13:06:57+00:00\",\"dateModified\":\"2023-05-10T18:13:38+00:00\",\"breadcrumb\":{\"@id\":\"https:\/\/laboratorios.ufrrj.br\/lspia\/parceiros-financiadores\/#breadcrumb\"},\"inLanguage\":\"pt-BR\",\"potentialAction\":[{\"@type\":\"ReadAction\",\"target\":[\"https:\/\/laboratorios.ufrrj.br\/lspia\/parceiros-financiadores\/\"]}]},{\"@type\":\"ImageObject\",\"inLanguage\":\"pt-BR\",\"@id\":\"https:\/\/laboratorios.ufrrj.br\/lspia\/parceiros-financiadores\/#primaryimage\",\"url\":\"https:\/\/laboratorios.ufrrj.br\/lspia\/wp-content\/uploads\/sites\/15\/2023\/05\/download.png\",\"contentUrl\":\"https:\/\/laboratorios.ufrrj.br\/lspia\/wp-content\/uploads\/sites\/15\/2023\/05\/download.png\",\"width\":301,\"height\":167},{\"@type\":\"BreadcrumbList\",\"@id\":\"https:\/\/laboratorios.ufrrj.br\/lspia\/parceiros-financiadores\/#breadcrumb\",\"itemListElement\":[{\"@type\":\"ListItem\",\"position\":1,\"name\":\"In\u00edcio\",\"item\":\"https:\/\/laboratorios.ufrrj.br\/lspia\/\"},{\"@type\":\"ListItem\",\"position\":2,\"name\":\"Parceiros Financiadores\"}]},{\"@type\":\"WebSite\",\"@id\":\"https:\/\/laboratorios.ufrrj.br\/lspia\/#website\",\"url\":\"https:\/\/laboratorios.ufrrj.br\/lspia\/\",\"name\":\"Laborat\u00f3rio de Estudos das Rela\u00e7\u00f5es Solo-Planta da UFRRJ\",\"description\":\" Site de Laborat\u00f3rios\",\"potentialAction\":[{\"@type\":\"SearchAction\",\"target\":{\"@type\":\"EntryPoint\",\"urlTemplate\":\"https:\/\/laboratorios.ufrrj.br\/lspia\/?s={search_term_string}\"},\"query-input\":{\"@type\":\"PropertyValueSpecification\",\"valueRequired\":true,\"valueName\":\"search_term_string\"}}],\"inLanguage\":\"pt-BR\"}]}<\/script>\n<!-- \/ Yoast SEO plugin. -->","yoast_head_json":{"title":"Parceiros Financiadores - Laborat\u00f3rio de Estudos das Rela\u00e7\u00f5es Solo-Planta da UFRRJ","robots":{"index":"index","follow":"follow","max-snippet":"max-snippet:-1","max-image-preview":"max-image-preview:large","max-video-preview":"max-video-preview:-1"},"canonical":"https:\/\/laboratorios.ufrrj.br\/lspia\/parceiros-financiadores\/","og_locale":"pt_BR","og_type":"article","og_title":"Parceiros Financiadores - Laborat\u00f3rio de Estudos das Rela\u00e7\u00f5es Solo-Planta da UFRRJ","og_description":"&nbsp; &nbsp; &nbsp; &nbsp; &nbsp; &nbsp; &nbsp; &nbsp; &nbsp; &nbsp; &nbsp; &nbsp; &nbsp; &nbsp; &nbsp; &nbsp; &nbsp; &nbsp; &nbsp; &nbsp; ... leia mais","og_url":"https:\/\/laboratorios.ufrrj.br\/lspia\/parceiros-financiadores\/","og_site_name":"Laborat\u00f3rio de Estudos das Rela\u00e7\u00f5es Solo-Planta da UFRRJ","article_modified_time":"2023-05-10T18:13:38+00:00","og_image":[{"width":301,"height":167,"url":"https:\/\/laboratorios.ufrrj.br\/lspia\/wp-content\/uploads\/sites\/15\/2023\/05\/download.png","type":"image\/png"}],"twitter_card":"summary_large_image","schema":{"@context":"https:\/\/schema.org","@graph":[{"@type":"WebPage","@id":"https:\/\/laboratorios.ufrrj.br\/lspia\/parceiros-financiadores\/","url":"https:\/\/laboratorios.ufrrj.br\/lspia\/parceiros-financiadores\/","name":"Parceiros Financiadores - Laborat\u00f3rio de Estudos das Rela\u00e7\u00f5es Solo-Planta da UFRRJ","isPartOf":{"@id":"https:\/\/laboratorios.ufrrj.br\/lspia\/#website"},"primaryImageOfPage":{"@id":"https:\/\/laboratorios.ufrrj.br\/lspia\/parceiros-financiadores\/#primaryimage"},"image":{"@id":"https:\/\/laboratorios.ufrrj.br\/lspia\/parceiros-financiadores\/#primaryimage"},"thumbnailUrl":"https:\/\/laboratorios.ufrrj.br\/lspia\/wp-content\/uploads\/sites\/15\/2023\/05\/download.png","datePublished":"2019-02-15T13:06:57+00:00","dateModified":"2023-05-10T18:13:38+00:00","breadcrumb":{"@id":"https:\/\/laboratorios.ufrrj.br\/lspia\/parceiros-financiadores\/#breadcrumb"},"inLanguage":"pt-BR","potentialAction":[{"@type":"ReadAction","target":["https:\/\/laboratorios.ufrrj.br\/lspia\/parceiros-financiadores\/"]}]},{"@type":"ImageObject","inLanguage":"pt-BR","@id":"https:\/\/laboratorios.ufrrj.br\/lspia\/parceiros-financiadores\/#primaryimage","url":"https:\/\/laboratorios.ufrrj.br\/lspia\/wp-content\/uploads\/sites\/15\/2023\/05\/download.png","contentUrl":"https:\/\/laboratorios.ufrrj.br\/lspia\/wp-content\/uploads\/sites\/15\/2023\/05\/download.png","width":301,"height":167},{"@type":"BreadcrumbList","@id":"https:\/\/laboratorios.ufrrj.br\/lspia\/parceiros-financiadores\/#breadcrumb","itemListElement":[{"@type":"ListItem","position":1,"name":"In\u00edcio","item":"https:\/\/laboratorios.ufrrj.br\/lspia\/"},{"@type":"ListItem","position":2,"name":"Parceiros Financiadores"}]},{"@type":"WebSite","@id":"https:\/\/laboratorios.ufrrj.br\/lspia\/#website","url":"https:\/\/laboratorios.ufrrj.br\/lspia\/","name":"Laborat\u00f3rio de Estudos das Rela\u00e7\u00f5es Solo-Planta da UFRRJ","description":" Site de Laborat\u00f3rios","potentialAction":[{"@type":"SearchAction","target":{"@type":"EntryPoint","urlTemplate":"https:\/\/laboratorios.ufrrj.br\/lspia\/?s={search_term_string}"},"query-input":{"@type":"PropertyValueSpecification","valueRequired":true,"valueName":"search_term_string"}}],"inLanguage":"pt-BR"}]}},"_links":{"self":[{"href":"https:\/\/laboratorios.ufrrj.br\/lspia\/wp-json\/wp\/v2\/pages\/2298","targetHints":{"allow":["GET"]}}],"collection":[{"href":"https:\/\/laboratorios.ufrrj.br\/lspia\/wp-json\/wp\/v2\/pages"}],"about":[{"href":"https:\/\/laboratorios.ufrrj.br\/lspia\/wp-json\/wp\/v2\/types\/page"}],"author":[{"embeddable":true,"href":"https:\/\/laboratorios.ufrrj.br\/lspia\/wp-json\/wp\/v2\/users\/9"}],"replies":[{"embeddable":true,"href":"https:\/\/laboratorios.ufrrj.br\/lspia\/wp-json\/wp\/v2\/comments?post=2298"}],"version-history":[{"count":4,"href":"https:\/\/laboratorios.ufrrj.br\/lspia\/wp-json\/wp\/v2\/pages\/2298\/revisions"}],"predecessor-version":[{"id":2552,"href":"https:\/\/laboratorios.ufrrj.br\/lspia\/wp-json\/wp\/v2\/pages\/2298\/revisions\/2552"}],"wp:attachment":[{"href":"https:\/\/laboratorios.ufrrj.br\/lspia\/wp-json\/wp\/v2\/media?parent=2298"}],"curies":[{"name":"wp","href":"https:\/\/api.w.org\/{rel}","templated":true}]}}