{"id":2294,"date":"2020-02-18T16:05:41","date_gmt":"2020-02-18T19:05:41","guid":{"rendered":"http:\/\/laboratorios.ufrrj.br\/lspia\/?page_id=2294"},"modified":"2023-05-16T13:18:37","modified_gmt":"2023-05-16T16:18:37","slug":"projetos","status":"publish","type":"page","link":"https:\/\/laboratorios.ufrrj.br\/lspia\/projetos\/","title":{"rendered":"Projetos"},"content":{"rendered":"<h3 style=\"text-align: left\"><em>Fertilidade do solo em agroecossistemas<\/em><\/h3>\n<p style=\"text-align: left\">Grande parte dos solos localizados na Baixada Fluminense e especificamente na Bacia do Rio Guandu (com destaque para os Argissolos e Planossolos) apresentam textura arenosa nos horizontes superficiais, o que implica em um conjunto de restri\u00e7\u00f5es ao uso agr\u00edcola e a expans\u00e3o de \u00e1rea. Nestes locais h\u00e1 expans\u00e3o da produ\u00e7\u00e3o agr\u00edcola da regi\u00e3o em detrimento da manuten\u00e7\u00e3o da vegeta\u00e7\u00e3o nativa; entretanto, tem-se verificado a convers\u00e3o de algumas \u00e1reas onde o cultivo era realizado da forma convencional: pela ado\u00e7\u00e3o da agricultura org\u00e2nica.<\/p>\n<p style=\"text-align: left\">&#8211; Potencial e impactos agr\u00edcolas e ambientais do uso de subprodutos e res\u00edduos industriais, agroindustriais e agr\u00edcolas.<\/p>\n<p>&nbsp;<\/p>\n<h3 style=\"text-align: left\"><em>Mecanismos fisiol\u00f3gicos, bioqu\u00edmicos e moleculares relacionados \u00e0 efici\u00eancia de uso de nutrientes em plantas<\/em><\/h3>\n<p style=\"text-align: left\">Aduba\u00e7\u00f5es e manejo adequado das plantas fazem-se necess\u00e1rios para incrementar a produtividade agr\u00edcola sem provocar danos ambientais pela contamina\u00e7\u00e3o do solo e da \u00e1gua. Estudos realizados indicam a exist\u00eancia da diversidade gen\u00e9tica, logo, abre-se a possibilidade de sele\u00e7\u00e3o de materiais com maior efici\u00eancia no uso de nutrientes. A busca dessas plantas al\u00e9m do entendimento dos mecanismos fisiol\u00f3gicos, bioqu\u00edmicos e moleculares relacionados \u00e0 efici\u00eancia de uso de nutrientes, tem constitu\u00eddo uma preocupa\u00e7\u00e3o constante na linha de pesquisa em tela. As modernas t\u00e9cnicas de Biologia Molecular s\u00e3o aliadas ao peso que, conjuntamente com estudos bioqu\u00edmicos e fisiol\u00f3gicos, podem resultar em importantes avan\u00e7os relativos ao aumento da efici\u00eancia do uso de nutrientes pelas pelas plantas, ou seja, o objetivo deste projeto.<\/p>\n<p>&nbsp;<\/p>\n<h3 style=\"text-align: left\"><em>Potencial e impactos agr\u00edcolas e ambientais do uso de subprodutos e res\u00edduos industriais, agroindustriais e agr\u00edcolas<\/em><\/h3>\n<p style=\"text-align: left\"><span style=\"color: #000000\">Os res\u00edduos v\u00eam-se constituindo em um dos grandes problemas ambientais das \u00faltimas d\u00e9cadas no Brasil e isso contribui para o r\u00e1pido crescimento das popula\u00e7\u00f5es urbanas, a concentra\u00e7\u00e3o do parque industrial e tamb\u00e9m os avan\u00e7os da agricultura intensiva no campo. O Projeto prev\u00ea a avalia\u00e7\u00e3o do potencial de uso de produtos e res\u00edduos diversos para fins de produ\u00e7\u00e3o agr\u00edcola, revegeta\u00e7\u00e3o e recupera\u00e7\u00e3o de \u00e1reas contaminadas e\/ou degradadas, tendo em vista que a utiliza\u00e7\u00e3o de fontes n\u00e3o renov\u00e1veis, para a produ\u00e7\u00e3o de adubos e corretivos minerais, causa grandes impactos ao meio ambiente. A redu\u00e7\u00e3o desses impactos pode ser minimizada se forem utilizados os produtos\/res\u00edduos alternativos que geralmente s\u00e3o dispostos em aterros sanit\u00e1rios ou descartados inadequadamente. Tamb\u00e9m \u00e9 estudada a toler\u00e2ncia de esp\u00e9cies vegetais \u00e0 contaminantes org\u00e2nicos e intera\u00e7\u00f5es com a comunidade microbiana da rizosfera e do solo. Assim, dentro da proposta, s\u00e3o conduzidos de forma multidisciplinar ensaios em laborat\u00f3rio, casa-de-vegeta\u00e7\u00e3o e campo, buscando garantir o uso destes como insumos de forma segura s\u00f3cio e ecologicamente.<\/span><\/p>\n<p>&nbsp;<\/p>\n<p style=\"text-align: left\"><!--more--><\/p>\n<h3 style=\"text-align: left\"><\/h3>\n<h3 style=\"text-align: left\"><em>Inibidores naturais de urease empregados no processo de granula\u00e7\u00e3o de ureia para a redu\u00e7\u00e3o de perdas de N por volatiliza\u00e7\u00e3o<\/em><\/h3>\n<p style=\"text-align: left\">Avalia\u00e7\u00e3o de perdas de nitrog\u00eanio por volatiliza\u00e7\u00e3o de am\u00f4nia em fertilizantes nitrogenados a base de ureia, granulados com extratos vegetais concentrados.<\/p>\n<p>&nbsp;<\/p>\n<h3 style=\"text-align: left\"><em>Fontes alternativas para a agricultura familiar: o emprego de coral sol como corretivo do solo e fertilizante<\/em><\/h3>\n<p style=\"text-align: left\">Investigar se os Corais-sol (esp\u00e9cie invasora que est\u00e1 se alastrando pela costa brasileira) constituem uma fonte de corretivos e\/ou nutrientes para a agricultura e, com isso, fornecer subs\u00eddios para incentivar o resgate de comunidades tradicionais impactadas ecol\u00f3gica, econ\u00f4mica e socialmente por este invasor.<\/p>\n<p>&nbsp;<\/p>\n<h3 style=\"text-align: left\"><em>Uso de Cascalho de Perfura\u00e7\u00e3o e Fontes de Mat\u00e9ria Org\u00e2nica Na Produ\u00e7\u00e3o de Adubo Organomineral para o Cultivo de Oleaginosas, Esp\u00e9cies Florestais e na Recupera\u00e7\u00e3o de \u00c1reas Degradadas: Aspectos Qu\u00edmicos e Biol\u00f3gicos<\/em><\/h3>\n<p style=\"text-align: left\">Produzir um fertilizante organomineral \u00e0 base de cascalho de perfura\u00e7\u00e3o de po\u00e7os de petr\u00f3leo em conjunto com uma fonte de mat\u00e9ria org\u00e2nica para a aduba\u00e7\u00e3o de oleaginosas e esp\u00e9cies florestais, bem como para uso na recupera\u00e7\u00e3o de \u00e1reas degradadas pela explora\u00e7\u00e3o e produ\u00e7\u00e3o de petr\u00f3leo.<\/p>\n<p>&nbsp;<\/p>\n<h3 style=\"text-align: left\"><em>Uso de Sulfato de Am\u00f4nio oriundo do processo de recupera\u00e7\u00e3o de ur\u00e2nio<\/em><\/h3>\n<p style=\"text-align: left\">Investigar a equival\u00eancia do sulfato de am\u00f4nio comercial com o obtido como subproduto no processo de recupera\u00e7\u00e3o do ur\u00e2nio utilizado como combust\u00edvel nuclear e verificar a aus\u00eancia de radioatividade mediante avalia\u00e7\u00e3o em solo e tecido vegetal.<\/p>\n","protected":false},"excerpt":{"rendered":"<p>Fertilidade do solo em agroecossistemas Grande parte dos solos localizados na Baixada Fluminense e especificamente na Bacia do Rio Guandu <a class=\"read-more\" href=\"https:\/\/laboratorios.ufrrj.br\/lspia\/projetos\/ \" >&#8230; <span class=\"font-italic\">leia mais <i class=\"fas fa-angle-right\"><\/i><\/span><\/a><\/p>\n","protected":false},"author":9,"featured_media":0,"parent":0,"menu_order":0,"comment_status":"closed","ping_status":"closed","template":"","meta":{"_acf_changed":false,"footnotes":""},"class_list":["post-2294","page","type-page","status-publish","hentry"],"acf":[],"yoast_head":"<!-- This site is optimized with the Yoast SEO plugin v26.8 - https:\/\/yoast.com\/product\/yoast-seo-wordpress\/ -->\n<title>Projetos - Laborat\u00f3rio de Estudos das Rela\u00e7\u00f5es Solo-Planta da UFRRJ<\/title>\n<meta name=\"robots\" content=\"index, follow, max-snippet:-1, max-image-preview:large, max-video-preview:-1\" \/>\n<link rel=\"canonical\" href=\"https:\/\/laboratorios.ufrrj.br\/lspia\/projetos\/\" \/>\n<meta property=\"og:locale\" content=\"pt_BR\" \/>\n<meta property=\"og:type\" content=\"article\" \/>\n<meta property=\"og:title\" content=\"Projetos - Laborat\u00f3rio de Estudos das Rela\u00e7\u00f5es Solo-Planta da UFRRJ\" \/>\n<meta property=\"og:description\" content=\"Fertilidade do solo em agroecossistemas Grande parte dos solos localizados na Baixada Fluminense e especificamente na Bacia do Rio Guandu ... leia mais\" \/>\n<meta property=\"og:url\" content=\"https:\/\/laboratorios.ufrrj.br\/lspia\/projetos\/\" \/>\n<meta property=\"og:site_name\" content=\"Laborat\u00f3rio de Estudos das Rela\u00e7\u00f5es Solo-Planta da UFRRJ\" \/>\n<meta property=\"article:modified_time\" content=\"2023-05-16T16:18:37+00:00\" \/>\n<meta name=\"twitter:card\" content=\"summary_large_image\" \/>\n<meta name=\"twitter:label1\" content=\"Est. tempo de leitura\" \/>\n\t<meta name=\"twitter:data1\" content=\"4 minutos\" \/>\n<script type=\"application\/ld+json\" class=\"yoast-schema-graph\">{\"@context\":\"https:\/\/schema.org\",\"@graph\":[{\"@type\":\"WebPage\",\"@id\":\"https:\/\/laboratorios.ufrrj.br\/lspia\/projetos\/\",\"url\":\"https:\/\/laboratorios.ufrrj.br\/lspia\/projetos\/\",\"name\":\"Projetos - Laborat\u00f3rio de Estudos das Rela\u00e7\u00f5es Solo-Planta da UFRRJ\",\"isPartOf\":{\"@id\":\"https:\/\/laboratorios.ufrrj.br\/lspia\/#website\"},\"datePublished\":\"2020-02-18T19:05:41+00:00\",\"dateModified\":\"2023-05-16T16:18:37+00:00\",\"breadcrumb\":{\"@id\":\"https:\/\/laboratorios.ufrrj.br\/lspia\/projetos\/#breadcrumb\"},\"inLanguage\":\"pt-BR\",\"potentialAction\":[{\"@type\":\"ReadAction\",\"target\":[\"https:\/\/laboratorios.ufrrj.br\/lspia\/projetos\/\"]}]},{\"@type\":\"BreadcrumbList\",\"@id\":\"https:\/\/laboratorios.ufrrj.br\/lspia\/projetos\/#breadcrumb\",\"itemListElement\":[{\"@type\":\"ListItem\",\"position\":1,\"name\":\"In\u00edcio\",\"item\":\"https:\/\/laboratorios.ufrrj.br\/lspia\/\"},{\"@type\":\"ListItem\",\"position\":2,\"name\":\"Projetos\"}]},{\"@type\":\"WebSite\",\"@id\":\"https:\/\/laboratorios.ufrrj.br\/lspia\/#website\",\"url\":\"https:\/\/laboratorios.ufrrj.br\/lspia\/\",\"name\":\"Laborat\u00f3rio de Estudos das Rela\u00e7\u00f5es Solo-Planta da UFRRJ\",\"description\":\" Site de Laborat\u00f3rios\",\"potentialAction\":[{\"@type\":\"SearchAction\",\"target\":{\"@type\":\"EntryPoint\",\"urlTemplate\":\"https:\/\/laboratorios.ufrrj.br\/lspia\/?s={search_term_string}\"},\"query-input\":{\"@type\":\"PropertyValueSpecification\",\"valueRequired\":true,\"valueName\":\"search_term_string\"}}],\"inLanguage\":\"pt-BR\"}]}<\/script>\n<!-- \/ Yoast SEO plugin. -->","yoast_head_json":{"title":"Projetos - Laborat\u00f3rio de Estudos das Rela\u00e7\u00f5es Solo-Planta da UFRRJ","robots":{"index":"index","follow":"follow","max-snippet":"max-snippet:-1","max-image-preview":"max-image-preview:large","max-video-preview":"max-video-preview:-1"},"canonical":"https:\/\/laboratorios.ufrrj.br\/lspia\/projetos\/","og_locale":"pt_BR","og_type":"article","og_title":"Projetos - Laborat\u00f3rio de Estudos das Rela\u00e7\u00f5es Solo-Planta da UFRRJ","og_description":"Fertilidade do solo em agroecossistemas Grande parte dos solos localizados na Baixada Fluminense e especificamente na Bacia do Rio Guandu ... leia mais","og_url":"https:\/\/laboratorios.ufrrj.br\/lspia\/projetos\/","og_site_name":"Laborat\u00f3rio de Estudos das Rela\u00e7\u00f5es Solo-Planta da UFRRJ","article_modified_time":"2023-05-16T16:18:37+00:00","twitter_card":"summary_large_image","twitter_misc":{"Est. tempo de leitura":"4 minutos"},"schema":{"@context":"https:\/\/schema.org","@graph":[{"@type":"WebPage","@id":"https:\/\/laboratorios.ufrrj.br\/lspia\/projetos\/","url":"https:\/\/laboratorios.ufrrj.br\/lspia\/projetos\/","name":"Projetos - Laborat\u00f3rio de Estudos das Rela\u00e7\u00f5es Solo-Planta da UFRRJ","isPartOf":{"@id":"https:\/\/laboratorios.ufrrj.br\/lspia\/#website"},"datePublished":"2020-02-18T19:05:41+00:00","dateModified":"2023-05-16T16:18:37+00:00","breadcrumb":{"@id":"https:\/\/laboratorios.ufrrj.br\/lspia\/projetos\/#breadcrumb"},"inLanguage":"pt-BR","potentialAction":[{"@type":"ReadAction","target":["https:\/\/laboratorios.ufrrj.br\/lspia\/projetos\/"]}]},{"@type":"BreadcrumbList","@id":"https:\/\/laboratorios.ufrrj.br\/lspia\/projetos\/#breadcrumb","itemListElement":[{"@type":"ListItem","position":1,"name":"In\u00edcio","item":"https:\/\/laboratorios.ufrrj.br\/lspia\/"},{"@type":"ListItem","position":2,"name":"Projetos"}]},{"@type":"WebSite","@id":"https:\/\/laboratorios.ufrrj.br\/lspia\/#website","url":"https:\/\/laboratorios.ufrrj.br\/lspia\/","name":"Laborat\u00f3rio de Estudos das Rela\u00e7\u00f5es Solo-Planta da UFRRJ","description":" Site de Laborat\u00f3rios","potentialAction":[{"@type":"SearchAction","target":{"@type":"EntryPoint","urlTemplate":"https:\/\/laboratorios.ufrrj.br\/lspia\/?s={search_term_string}"},"query-input":{"@type":"PropertyValueSpecification","valueRequired":true,"valueName":"search_term_string"}}],"inLanguage":"pt-BR"}]}},"_links":{"self":[{"href":"https:\/\/laboratorios.ufrrj.br\/lspia\/wp-json\/wp\/v2\/pages\/2294","targetHints":{"allow":["GET"]}}],"collection":[{"href":"https:\/\/laboratorios.ufrrj.br\/lspia\/wp-json\/wp\/v2\/pages"}],"about":[{"href":"https:\/\/laboratorios.ufrrj.br\/lspia\/wp-json\/wp\/v2\/types\/page"}],"author":[{"embeddable":true,"href":"https:\/\/laboratorios.ufrrj.br\/lspia\/wp-json\/wp\/v2\/users\/9"}],"replies":[{"embeddable":true,"href":"https:\/\/laboratorios.ufrrj.br\/lspia\/wp-json\/wp\/v2\/comments?post=2294"}],"version-history":[{"count":34,"href":"https:\/\/laboratorios.ufrrj.br\/lspia\/wp-json\/wp\/v2\/pages\/2294\/revisions"}],"predecessor-version":[{"id":2661,"href":"https:\/\/laboratorios.ufrrj.br\/lspia\/wp-json\/wp\/v2\/pages\/2294\/revisions\/2661"}],"wp:attachment":[{"href":"https:\/\/laboratorios.ufrrj.br\/lspia\/wp-json\/wp\/v2\/media?parent=2294"}],"curies":[{"name":"wp","href":"https:\/\/api.w.org\/{rel}","templated":true}]}}