{"id":663,"date":"2017-08-15T15:37:50","date_gmt":"2017-08-15T18:37:50","guid":{"rendered":"http:\/\/laboratorios.ufrrj.br\/lieri\/?page_id=663"},"modified":"2017-08-15T15:52:10","modified_gmt":"2017-08-15T18:52:10","slug":"projeto-eichmann","status":"publish","type":"page","link":"https:\/\/laboratorios.ufrrj.br\/lieri\/projeto-eichmann\/","title":{"rendered":"Projeto Eichmann"},"content":{"rendered":"<p>Orientadas pela professora Dr.\u00aa Beatriz Wey, as alunas Aline Xavier e Desir\u00e9e Soares, graduandas em Rela\u00e7\u00f5es Internacionais desta universidade, desenvolvem desde novembro de 2015 um projeto de pesquisa sobre o nazista Adolf Eichmann, intitulado: \u201cO Julgamento de Adolf Eichmann: o caso de um sequestro e suas implica\u00e7\u00f5es na hist\u00f3ria das rela\u00e7\u00f5es internacionais entre Israel, Alemanha, EUA e Argentina\u201d.<\/p>\n<p>Eichmann foi um oficial do partido nazista que, ao final da Segunda Guerra Mundial, obteve documenta\u00e7\u00e3o falsificada e fugiu para o sub\u00farbio de Buenos Aires, Argentina, onde passou dez anos vivendo sob a identidade de Ricardo Klement, at\u00e9 ser descoberto e capturado em 1960 por oficiais israelenses para ser julgado pela Corte Distrital de Jerusal\u00e9m, sendo condenado \u00e0 morte por enforcamento em maio de 1962.<\/p>\n<p>Durante as investiga\u00e7\u00f5es, surgiram implicantes que apontavam para a necessidade de uma procura mais aprofundada em arquivos sobre o caso Eichmann dispon\u00edveis na cidade de Buenos Aires. Foi assim que a pesquisadora Desir\u00e9e Soares teve a oportunidade de viajar para a capital argentina, visitar o acervo de peri\u00f3dicos e revistas das d\u00e9cadas de 1940 a 2000 da Biblioteca Nacional e conhecer o Museu do Holocausto de Buenos Aires, trazendo um material fotogr\u00e1fico que pode colaborar para as pr\u00f3ximas etapas da pesquisa.<\/p>\n<p>Hoje as pesquisadoras contam com um artigo publicado e um segundo artigo em fase de publica\u00e7\u00e3o, uma apresenta\u00e7\u00e3o da pesquisa em evento do Centro Acad\u00eamico de Rela\u00e7\u00f5es Internacionais (CARI) da PUC-Rio e uma Mesa Redonda organizada em nossa universidade. E a pesquisa n\u00e3o para por a\u00ed: o material coletado em viagem ao pa\u00eds encontra-se agora dispon\u00edvel ao p\u00fablico atrav\u00e9s desse portal.<\/p>\n<p>\u201cO objetivo ao criarmos esse espa\u00e7o de exposi\u00e7\u00e3o, semelhante a um banco de dados, \u00e9 fomentar o interesse pelo tema do nazismo, ampliando o conhecimento que se tem a respeito de Adolf Eichmann. O visitante pode conferir um total de 180 fotografias, retiradas de sete peri\u00f3dicos e tr\u00eas revistas argentinas, conhecer a galeria de imagens do Museu do Holocausto, al\u00e9m de ter acesso aos arquivos publicados durante a pesquisa\u201d \u2013 afirmam as pesquisadoras.<\/p>\n<p>Contato das pesquisadoras:<\/p>\n<p>Aline Xavier: <strong><a href=\"mailto:ninexavier@yahoo.com.br\">ninexavier@yahoo.com.br<\/a><\/strong><\/p>\n<p>Desir\u00e9e Soares: <strong><a href=\"mailto:desireemattossoares@gmail.com\">desireemattossoares@gmail.com<\/a><\/strong><\/p>\n","protected":false},"excerpt":{"rendered":"<p>Orientadas pela professora Dr.\u00aa Beatriz Wey, as alunas Aline Xavier e Desir\u00e9e Soares, graduandas em Rela\u00e7\u00f5es Internacionais desta universidade, desenvolvem desde novembro [&hellip;]<\/p>\n","protected":false},"author":10,"featured_media":0,"parent":0,"menu_order":0,"comment_status":"closed","ping_status":"closed","template":"","meta":{"_acf_changed":false,"footnotes":"","_links_to":"","_links_to_target":""},"class_list":["post-663","page","type-page","status-publish","hentry"],"acf":[],"yoast_head":"<!-- This site is optimized with the Yoast SEO plugin v26.8 - https:\/\/yoast.com\/product\/yoast-seo-wordpress\/ -->\n<title>Projeto Eichmann - LIERI<\/title>\n<meta name=\"robots\" content=\"index, follow, max-snippet:-1, max-image-preview:large, max-video-preview:-1\" \/>\n<link rel=\"canonical\" href=\"https:\/\/laboratorios.ufrrj.br\/lieri\/projeto-eichmann\/\" \/>\n<meta property=\"og:locale\" content=\"pt_BR\" \/>\n<meta property=\"og:type\" content=\"article\" \/>\n<meta property=\"og:title\" content=\"Projeto Eichmann - LIERI\" \/>\n<meta property=\"og:description\" content=\"Orientadas pela professora Dr.\u00aa Beatriz Wey, as alunas Aline Xavier e Desir\u00e9e Soares, graduandas em Rela\u00e7\u00f5es Internacionais desta universidade, desenvolvem desde novembro [&hellip;]\" \/>\n<meta property=\"og:url\" content=\"https:\/\/laboratorios.ufrrj.br\/lieri\/projeto-eichmann\/\" \/>\n<meta property=\"og:site_name\" content=\"LIERI\" \/>\n<meta property=\"article:modified_time\" content=\"2017-08-15T18:52:10+00:00\" \/>\n<meta name=\"twitter:card\" content=\"summary_large_image\" \/>\n<meta name=\"twitter:label1\" content=\"Est. tempo de leitura\" \/>\n\t<meta name=\"twitter:data1\" content=\"2 minutos\" \/>\n<script type=\"application\/ld+json\" class=\"yoast-schema-graph\">{\"@context\":\"https:\/\/schema.org\",\"@graph\":[{\"@type\":\"WebPage\",\"@id\":\"https:\/\/laboratorios.ufrrj.br\/lieri\/projeto-eichmann\/\",\"url\":\"https:\/\/laboratorios.ufrrj.br\/lieri\/projeto-eichmann\/\",\"name\":\"Projeto Eichmann - LIERI\",\"isPartOf\":{\"@id\":\"https:\/\/laboratorios.ufrrj.br\/lieri\/#website\"},\"datePublished\":\"2017-08-15T18:37:50+00:00\",\"dateModified\":\"2017-08-15T18:52:10+00:00\",\"breadcrumb\":{\"@id\":\"https:\/\/laboratorios.ufrrj.br\/lieri\/projeto-eichmann\/#breadcrumb\"},\"inLanguage\":\"pt-BR\",\"potentialAction\":[{\"@type\":\"ReadAction\",\"target\":[\"https:\/\/laboratorios.ufrrj.br\/lieri\/projeto-eichmann\/\"]}]},{\"@type\":\"BreadcrumbList\",\"@id\":\"https:\/\/laboratorios.ufrrj.br\/lieri\/projeto-eichmann\/#breadcrumb\",\"itemListElement\":[{\"@type\":\"ListItem\",\"position\":1,\"name\":\"In\u00edcio\",\"item\":\"https:\/\/laboratorios.ufrrj.br\/lieri\/\"},{\"@type\":\"ListItem\",\"position\":2,\"name\":\"Projeto Eichmann\"}]},{\"@type\":\"WebSite\",\"@id\":\"https:\/\/laboratorios.ufrrj.br\/lieri\/#website\",\"url\":\"https:\/\/laboratorios.ufrrj.br\/lieri\/\",\"name\":\"LIERI\",\"description\":\"Laborat\u00f3rio Interdisciplinar de Estudos em Rela\u00e7\u00f5es Internacionais - UFRRJ\",\"potentialAction\":[{\"@type\":\"SearchAction\",\"target\":{\"@type\":\"EntryPoint\",\"urlTemplate\":\"https:\/\/laboratorios.ufrrj.br\/lieri\/?s={search_term_string}\"},\"query-input\":{\"@type\":\"PropertyValueSpecification\",\"valueRequired\":true,\"valueName\":\"search_term_string\"}}],\"inLanguage\":\"pt-BR\"}]}<\/script>\n<!-- \/ Yoast SEO plugin. -->","yoast_head_json":{"title":"Projeto Eichmann - LIERI","robots":{"index":"index","follow":"follow","max-snippet":"max-snippet:-1","max-image-preview":"max-image-preview:large","max-video-preview":"max-video-preview:-1"},"canonical":"https:\/\/laboratorios.ufrrj.br\/lieri\/projeto-eichmann\/","og_locale":"pt_BR","og_type":"article","og_title":"Projeto Eichmann - LIERI","og_description":"Orientadas pela professora Dr.\u00aa Beatriz Wey, as alunas Aline Xavier e Desir\u00e9e Soares, graduandas em Rela\u00e7\u00f5es Internacionais desta universidade, desenvolvem desde novembro [&hellip;]","og_url":"https:\/\/laboratorios.ufrrj.br\/lieri\/projeto-eichmann\/","og_site_name":"LIERI","article_modified_time":"2017-08-15T18:52:10+00:00","twitter_card":"summary_large_image","twitter_misc":{"Est. tempo de leitura":"2 minutos"},"schema":{"@context":"https:\/\/schema.org","@graph":[{"@type":"WebPage","@id":"https:\/\/laboratorios.ufrrj.br\/lieri\/projeto-eichmann\/","url":"https:\/\/laboratorios.ufrrj.br\/lieri\/projeto-eichmann\/","name":"Projeto Eichmann - LIERI","isPartOf":{"@id":"https:\/\/laboratorios.ufrrj.br\/lieri\/#website"},"datePublished":"2017-08-15T18:37:50+00:00","dateModified":"2017-08-15T18:52:10+00:00","breadcrumb":{"@id":"https:\/\/laboratorios.ufrrj.br\/lieri\/projeto-eichmann\/#breadcrumb"},"inLanguage":"pt-BR","potentialAction":[{"@type":"ReadAction","target":["https:\/\/laboratorios.ufrrj.br\/lieri\/projeto-eichmann\/"]}]},{"@type":"BreadcrumbList","@id":"https:\/\/laboratorios.ufrrj.br\/lieri\/projeto-eichmann\/#breadcrumb","itemListElement":[{"@type":"ListItem","position":1,"name":"In\u00edcio","item":"https:\/\/laboratorios.ufrrj.br\/lieri\/"},{"@type":"ListItem","position":2,"name":"Projeto Eichmann"}]},{"@type":"WebSite","@id":"https:\/\/laboratorios.ufrrj.br\/lieri\/#website","url":"https:\/\/laboratorios.ufrrj.br\/lieri\/","name":"LIERI","description":"Laborat\u00f3rio Interdisciplinar de Estudos em Rela\u00e7\u00f5es Internacionais - UFRRJ","potentialAction":[{"@type":"SearchAction","target":{"@type":"EntryPoint","urlTemplate":"https:\/\/laboratorios.ufrrj.br\/lieri\/?s={search_term_string}"},"query-input":{"@type":"PropertyValueSpecification","valueRequired":true,"valueName":"search_term_string"}}],"inLanguage":"pt-BR"}]}},"_links":{"self":[{"href":"https:\/\/laboratorios.ufrrj.br\/lieri\/wp-json\/wp\/v2\/pages\/663","targetHints":{"allow":["GET"]}}],"collection":[{"href":"https:\/\/laboratorios.ufrrj.br\/lieri\/wp-json\/wp\/v2\/pages"}],"about":[{"href":"https:\/\/laboratorios.ufrrj.br\/lieri\/wp-json\/wp\/v2\/types\/page"}],"author":[{"embeddable":true,"href":"https:\/\/laboratorios.ufrrj.br\/lieri\/wp-json\/wp\/v2\/users\/10"}],"replies":[{"embeddable":true,"href":"https:\/\/laboratorios.ufrrj.br\/lieri\/wp-json\/wp\/v2\/comments?post=663"}],"version-history":[{"count":4,"href":"https:\/\/laboratorios.ufrrj.br\/lieri\/wp-json\/wp\/v2\/pages\/663\/revisions"}],"predecessor-version":[{"id":674,"href":"https:\/\/laboratorios.ufrrj.br\/lieri\/wp-json\/wp\/v2\/pages\/663\/revisions\/674"}],"wp:attachment":[{"href":"https:\/\/laboratorios.ufrrj.br\/lieri\/wp-json\/wp\/v2\/media?parent=663"}],"curies":[{"name":"wp","href":"https:\/\/api.w.org\/{rel}","templated":true}]}}