{"id":544,"date":"2017-06-06T11:02:52","date_gmt":"2017-06-06T14:02:52","guid":{"rendered":"http:\/\/laboratorios.ufrrj.br\/lieri\/?page_id=544"},"modified":"2017-08-23T14:40:31","modified_gmt":"2017-08-23T17:40:31","slug":"periodicos","status":"publish","type":"page","link":"https:\/\/laboratorios.ufrrj.br\/lieri\/publicacoes-2\/periodicos\/","title":{"rendered":"Peri\u00f3dicos"},"content":{"rendered":"","protected":false},"excerpt":{"rendered":"","protected":false},"author":9,"featured_media":0,"parent":536,"menu_order":0,"comment_status":"closed","ping_status":"closed","template":"","meta":{"_acf_changed":false,"footnotes":"","_links_to":"","_links_to_target":""},"class_list":["post-544","page","type-page","status-publish","hentry"],"acf":[],"yoast_head":"<!-- This site is optimized with the Yoast SEO plugin v26.8 - https:\/\/yoast.com\/product\/yoast-seo-wordpress\/ -->\n<title>Peri\u00f3dicos - LIERI<\/title>\n<meta name=\"robots\" content=\"index, follow, max-snippet:-1, max-image-preview:large, max-video-preview:-1\" \/>\n<link rel=\"canonical\" href=\"https:\/\/laboratorios.ufrrj.br\/lieri\/publicacoes-2\/periodicos\/\" \/>\n<meta property=\"og:locale\" content=\"pt_BR\" \/>\n<meta property=\"og:type\" content=\"article\" \/>\n<meta property=\"og:title\" content=\"Peri\u00f3dicos - LIERI\" \/>\n<meta property=\"og:url\" content=\"https:\/\/laboratorios.ufrrj.br\/lieri\/publicacoes-2\/periodicos\/\" \/>\n<meta property=\"og:site_name\" content=\"LIERI\" \/>\n<meta property=\"article:modified_time\" content=\"2017-08-23T17:40:31+00:00\" \/>\n<meta name=\"twitter:card\" content=\"summary_large_image\" \/>\n<script type=\"application\/ld+json\" class=\"yoast-schema-graph\">{\"@context\":\"https:\/\/schema.org\",\"@graph\":[{\"@type\":\"WebPage\",\"@id\":\"https:\/\/laboratorios.ufrrj.br\/lieri\/publicacoes-2\/periodicos\/\",\"url\":\"https:\/\/laboratorios.ufrrj.br\/lieri\/publicacoes-2\/periodicos\/\",\"name\":\"Peri\u00f3dicos - LIERI\",\"isPartOf\":{\"@id\":\"https:\/\/laboratorios.ufrrj.br\/lieri\/#website\"},\"datePublished\":\"2017-06-06T14:02:52+00:00\",\"dateModified\":\"2017-08-23T17:40:31+00:00\",\"breadcrumb\":{\"@id\":\"https:\/\/laboratorios.ufrrj.br\/lieri\/publicacoes-2\/periodicos\/#breadcrumb\"},\"inLanguage\":\"pt-BR\",\"potentialAction\":[{\"@type\":\"ReadAction\",\"target\":[\"https:\/\/laboratorios.ufrrj.br\/lieri\/publicacoes-2\/periodicos\/\"]}]},{\"@type\":\"BreadcrumbList\",\"@id\":\"https:\/\/laboratorios.ufrrj.br\/lieri\/publicacoes-2\/periodicos\/#breadcrumb\",\"itemListElement\":[{\"@type\":\"ListItem\",\"position\":1,\"name\":\"In\u00edcio\",\"item\":\"https:\/\/laboratorios.ufrrj.br\/lieri\/\"},{\"@type\":\"ListItem\",\"position\":2,\"name\":\"Publica\u00e7\u00f5es\",\"item\":\"https:\/\/laboratorios.ufrrj.br\/lieri\/publicacoes-2\/\"},{\"@type\":\"ListItem\",\"position\":3,\"name\":\"Peri\u00f3dicos\"}]},{\"@type\":\"WebSite\",\"@id\":\"https:\/\/laboratorios.ufrrj.br\/lieri\/#website\",\"url\":\"https:\/\/laboratorios.ufrrj.br\/lieri\/\",\"name\":\"LIERI\",\"description\":\"Laborat\u00f3rio Interdisciplinar de Estudos em Rela\u00e7\u00f5es Internacionais - UFRRJ\",\"potentialAction\":[{\"@type\":\"SearchAction\",\"target\":{\"@type\":\"EntryPoint\",\"urlTemplate\":\"https:\/\/laboratorios.ufrrj.br\/lieri\/?s={search_term_string}\"},\"query-input\":{\"@type\":\"PropertyValueSpecification\",\"valueRequired\":true,\"valueName\":\"search_term_string\"}}],\"inLanguage\":\"pt-BR\"}]}<\/script>\n<!-- \/ Yoast SEO plugin. -->","yoast_head_json":{"title":"Peri\u00f3dicos - LIERI","robots":{"index":"index","follow":"follow","max-snippet":"max-snippet:-1","max-image-preview":"max-image-preview:large","max-video-preview":"max-video-preview:-1"},"canonical":"https:\/\/laboratorios.ufrrj.br\/lieri\/publicacoes-2\/periodicos\/","og_locale":"pt_BR","og_type":"article","og_title":"Peri\u00f3dicos - LIERI","og_url":"https:\/\/laboratorios.ufrrj.br\/lieri\/publicacoes-2\/periodicos\/","og_site_name":"LIERI","article_modified_time":"2017-08-23T17:40:31+00:00","twitter_card":"summary_large_image","schema":{"@context":"https:\/\/schema.org","@graph":[{"@type":"WebPage","@id":"https:\/\/laboratorios.ufrrj.br\/lieri\/publicacoes-2\/periodicos\/","url":"https:\/\/laboratorios.ufrrj.br\/lieri\/publicacoes-2\/periodicos\/","name":"Peri\u00f3dicos - LIERI","isPartOf":{"@id":"https:\/\/laboratorios.ufrrj.br\/lieri\/#website"},"datePublished":"2017-06-06T14:02:52+00:00","dateModified":"2017-08-23T17:40:31+00:00","breadcrumb":{"@id":"https:\/\/laboratorios.ufrrj.br\/lieri\/publicacoes-2\/periodicos\/#breadcrumb"},"inLanguage":"pt-BR","potentialAction":[{"@type":"ReadAction","target":["https:\/\/laboratorios.ufrrj.br\/lieri\/publicacoes-2\/periodicos\/"]}]},{"@type":"BreadcrumbList","@id":"https:\/\/laboratorios.ufrrj.br\/lieri\/publicacoes-2\/periodicos\/#breadcrumb","itemListElement":[{"@type":"ListItem","position":1,"name":"In\u00edcio","item":"https:\/\/laboratorios.ufrrj.br\/lieri\/"},{"@type":"ListItem","position":2,"name":"Publica\u00e7\u00f5es","item":"https:\/\/laboratorios.ufrrj.br\/lieri\/publicacoes-2\/"},{"@type":"ListItem","position":3,"name":"Peri\u00f3dicos"}]},{"@type":"WebSite","@id":"https:\/\/laboratorios.ufrrj.br\/lieri\/#website","url":"https:\/\/laboratorios.ufrrj.br\/lieri\/","name":"LIERI","description":"Laborat\u00f3rio Interdisciplinar de Estudos em Rela\u00e7\u00f5es Internacionais - UFRRJ","potentialAction":[{"@type":"SearchAction","target":{"@type":"EntryPoint","urlTemplate":"https:\/\/laboratorios.ufrrj.br\/lieri\/?s={search_term_string}"},"query-input":{"@type":"PropertyValueSpecification","valueRequired":true,"valueName":"search_term_string"}}],"inLanguage":"pt-BR"}]}},"_links":{"self":[{"href":"https:\/\/laboratorios.ufrrj.br\/lieri\/wp-json\/wp\/v2\/pages\/544","targetHints":{"allow":["GET"]}}],"collection":[{"href":"https:\/\/laboratorios.ufrrj.br\/lieri\/wp-json\/wp\/v2\/pages"}],"about":[{"href":"https:\/\/laboratorios.ufrrj.br\/lieri\/wp-json\/wp\/v2\/types\/page"}],"author":[{"embeddable":true,"href":"https:\/\/laboratorios.ufrrj.br\/lieri\/wp-json\/wp\/v2\/users\/9"}],"replies":[{"embeddable":true,"href":"https:\/\/laboratorios.ufrrj.br\/lieri\/wp-json\/wp\/v2\/comments?post=544"}],"version-history":[{"count":5,"href":"https:\/\/laboratorios.ufrrj.br\/lieri\/wp-json\/wp\/v2\/pages\/544\/revisions"}],"predecessor-version":[{"id":907,"href":"https:\/\/laboratorios.ufrrj.br\/lieri\/wp-json\/wp\/v2\/pages\/544\/revisions\/907"}],"up":[{"embeddable":true,"href":"https:\/\/laboratorios.ufrrj.br\/lieri\/wp-json\/wp\/v2\/pages\/536"}],"wp:attachment":[{"href":"https:\/\/laboratorios.ufrrj.br\/lieri\/wp-json\/wp\/v2\/media?parent=544"}],"curies":[{"name":"wp","href":"https:\/\/api.w.org\/{rel}","templated":true}]}}