{"id":442,"date":"2017-03-20T13:41:15","date_gmt":"2017-03-20T16:41:15","guid":{"rendered":"http:\/\/laboratorios.ufrrj.br\/lieri\/?page_id=442"},"modified":"2017-04-19T12:36:20","modified_gmt":"2017-04-19T15:36:20","slug":"boletim-lieri","status":"publish","type":"page","link":"https:\/\/laboratorios.ufrrj.br\/lieri\/boletim-lieri\/","title":{"rendered":"Boletim LIERI"},"content":{"rendered":"<p>\u00c9 com grande satisfa\u00e7\u00e3o que o LIERI apresenta seu mais novo produto: o <b>Boletim LIERI<\/b>.<\/p>\n<p>O objetivo do Boletim \u00e9 ser um espa\u00e7o para publica\u00e7\u00e3o de textos curtos sobre temas da conjuntura da pol\u00edtica internacional.\u00a0 O texto pode ser in\u00e9dito ou uma vers\u00e3o editada de textos maiores publicados em outros espa\u00e7os. Ao final do ano, publicaremos todos os boletins no formato ebook com ISBN pela editora da\u00a0UFRRJ.<\/p>\n<p>Acesse aqui as nossas edi\u00e7\u00f5es:<\/p>\n<p><a href=\"http:\/\/laboratorios.ufrrj.br\/lieri\/2017\/02\/23\/boletim-lieri-siria-a-ultima-guerra-de-obama-miguel-borba-de-sa\/\"><strong>Fevereiro 2017<\/strong> &#8211; <em>S\u00edria: A \u00faltima guerra de Obama<\/em>\u00a0<\/a><\/p>\n<p><a href=\"http:\/\/laboratorios.ufrrj.br\/lieri\/2017\/03\/20\/boletim-lieri-trump-a-regulacao-financeira-domestica-e-a-cooperacao-internacional-por-debora-gaspar\/\"><strong>Mar\u00e7o 2017<\/strong> &#8211;\u00a0<em>Trump, a regula\u00e7\u00e3o financeira dom\u00e9stica e a coopera\u00e7\u00e3o internacional<\/em><\/a><\/p>\n<p><a href=\"http:\/\/laboratorios.ufrrj.br\/lieri\/2017\/04\/19\/boletim-lieri-moinhos-de-vento-mayra-goulart-e-julio-de-carvalho\/\"><strong>Abril 2017<\/strong> &#8211; <em>Moinhos de Vento<\/em><\/a><\/p>\n","protected":false},"excerpt":{"rendered":"<p>\u00c9 com grande satisfa\u00e7\u00e3o que o LIERI apresenta seu mais novo produto: o Boletim LIERI. O objetivo do Boletim \u00e9 ser um [&hellip;]<\/p>\n","protected":false},"author":10,"featured_media":0,"parent":0,"menu_order":1,"comment_status":"closed","ping_status":"closed","template":"","meta":{"_acf_changed":false,"footnotes":"","_links_to":"","_links_to_target":""},"class_list":["post-442","page","type-page","status-publish","hentry"],"acf":[],"yoast_head":"<!-- This site is optimized with the Yoast SEO plugin v26.8 - https:\/\/yoast.com\/product\/yoast-seo-wordpress\/ -->\n<title>Boletim LIERI - LIERI<\/title>\n<meta name=\"robots\" content=\"index, follow, max-snippet:-1, max-image-preview:large, max-video-preview:-1\" \/>\n<link rel=\"canonical\" href=\"https:\/\/laboratorios.ufrrj.br\/lieri\/boletim-lieri\/\" \/>\n<meta property=\"og:locale\" content=\"pt_BR\" \/>\n<meta property=\"og:type\" content=\"article\" \/>\n<meta property=\"og:title\" content=\"Boletim LIERI - LIERI\" \/>\n<meta property=\"og:description\" content=\"\u00c9 com grande satisfa\u00e7\u00e3o que o LIERI apresenta seu mais novo produto: o Boletim LIERI. O objetivo do Boletim \u00e9 ser um [&hellip;]\" \/>\n<meta property=\"og:url\" content=\"https:\/\/laboratorios.ufrrj.br\/lieri\/boletim-lieri\/\" \/>\n<meta property=\"og:site_name\" content=\"LIERI\" \/>\n<meta property=\"article:modified_time\" content=\"2017-04-19T15:36:20+00:00\" \/>\n<meta name=\"twitter:card\" content=\"summary_large_image\" \/>\n<meta name=\"twitter:label1\" content=\"Est. tempo de leitura\" \/>\n\t<meta name=\"twitter:data1\" content=\"1 minuto\" \/>\n<script type=\"application\/ld+json\" class=\"yoast-schema-graph\">{\"@context\":\"https:\/\/schema.org\",\"@graph\":[{\"@type\":\"WebPage\",\"@id\":\"https:\/\/laboratorios.ufrrj.br\/lieri\/boletim-lieri\/\",\"url\":\"https:\/\/laboratorios.ufrrj.br\/lieri\/boletim-lieri\/\",\"name\":\"Boletim LIERI - LIERI\",\"isPartOf\":{\"@id\":\"https:\/\/laboratorios.ufrrj.br\/lieri\/#website\"},\"datePublished\":\"2017-03-20T16:41:15+00:00\",\"dateModified\":\"2017-04-19T15:36:20+00:00\",\"breadcrumb\":{\"@id\":\"https:\/\/laboratorios.ufrrj.br\/lieri\/boletim-lieri\/#breadcrumb\"},\"inLanguage\":\"pt-BR\",\"potentialAction\":[{\"@type\":\"ReadAction\",\"target\":[\"https:\/\/laboratorios.ufrrj.br\/lieri\/boletim-lieri\/\"]}]},{\"@type\":\"BreadcrumbList\",\"@id\":\"https:\/\/laboratorios.ufrrj.br\/lieri\/boletim-lieri\/#breadcrumb\",\"itemListElement\":[{\"@type\":\"ListItem\",\"position\":1,\"name\":\"In\u00edcio\",\"item\":\"https:\/\/laboratorios.ufrrj.br\/lieri\/\"},{\"@type\":\"ListItem\",\"position\":2,\"name\":\"Boletim LIERI\"}]},{\"@type\":\"WebSite\",\"@id\":\"https:\/\/laboratorios.ufrrj.br\/lieri\/#website\",\"url\":\"https:\/\/laboratorios.ufrrj.br\/lieri\/\",\"name\":\"LIERI\",\"description\":\"Laborat\u00f3rio Interdisciplinar de Estudos em Rela\u00e7\u00f5es Internacionais - UFRRJ\",\"potentialAction\":[{\"@type\":\"SearchAction\",\"target\":{\"@type\":\"EntryPoint\",\"urlTemplate\":\"https:\/\/laboratorios.ufrrj.br\/lieri\/?s={search_term_string}\"},\"query-input\":{\"@type\":\"PropertyValueSpecification\",\"valueRequired\":true,\"valueName\":\"search_term_string\"}}],\"inLanguage\":\"pt-BR\"}]}<\/script>\n<!-- \/ Yoast SEO plugin. -->","yoast_head_json":{"title":"Boletim LIERI - LIERI","robots":{"index":"index","follow":"follow","max-snippet":"max-snippet:-1","max-image-preview":"max-image-preview:large","max-video-preview":"max-video-preview:-1"},"canonical":"https:\/\/laboratorios.ufrrj.br\/lieri\/boletim-lieri\/","og_locale":"pt_BR","og_type":"article","og_title":"Boletim LIERI - LIERI","og_description":"\u00c9 com grande satisfa\u00e7\u00e3o que o LIERI apresenta seu mais novo produto: o Boletim LIERI. O objetivo do Boletim \u00e9 ser um [&hellip;]","og_url":"https:\/\/laboratorios.ufrrj.br\/lieri\/boletim-lieri\/","og_site_name":"LIERI","article_modified_time":"2017-04-19T15:36:20+00:00","twitter_card":"summary_large_image","twitter_misc":{"Est. tempo de leitura":"1 minuto"},"schema":{"@context":"https:\/\/schema.org","@graph":[{"@type":"WebPage","@id":"https:\/\/laboratorios.ufrrj.br\/lieri\/boletim-lieri\/","url":"https:\/\/laboratorios.ufrrj.br\/lieri\/boletim-lieri\/","name":"Boletim LIERI - LIERI","isPartOf":{"@id":"https:\/\/laboratorios.ufrrj.br\/lieri\/#website"},"datePublished":"2017-03-20T16:41:15+00:00","dateModified":"2017-04-19T15:36:20+00:00","breadcrumb":{"@id":"https:\/\/laboratorios.ufrrj.br\/lieri\/boletim-lieri\/#breadcrumb"},"inLanguage":"pt-BR","potentialAction":[{"@type":"ReadAction","target":["https:\/\/laboratorios.ufrrj.br\/lieri\/boletim-lieri\/"]}]},{"@type":"BreadcrumbList","@id":"https:\/\/laboratorios.ufrrj.br\/lieri\/boletim-lieri\/#breadcrumb","itemListElement":[{"@type":"ListItem","position":1,"name":"In\u00edcio","item":"https:\/\/laboratorios.ufrrj.br\/lieri\/"},{"@type":"ListItem","position":2,"name":"Boletim LIERI"}]},{"@type":"WebSite","@id":"https:\/\/laboratorios.ufrrj.br\/lieri\/#website","url":"https:\/\/laboratorios.ufrrj.br\/lieri\/","name":"LIERI","description":"Laborat\u00f3rio Interdisciplinar de Estudos em Rela\u00e7\u00f5es Internacionais - UFRRJ","potentialAction":[{"@type":"SearchAction","target":{"@type":"EntryPoint","urlTemplate":"https:\/\/laboratorios.ufrrj.br\/lieri\/?s={search_term_string}"},"query-input":{"@type":"PropertyValueSpecification","valueRequired":true,"valueName":"search_term_string"}}],"inLanguage":"pt-BR"}]}},"_links":{"self":[{"href":"https:\/\/laboratorios.ufrrj.br\/lieri\/wp-json\/wp\/v2\/pages\/442","targetHints":{"allow":["GET"]}}],"collection":[{"href":"https:\/\/laboratorios.ufrrj.br\/lieri\/wp-json\/wp\/v2\/pages"}],"about":[{"href":"https:\/\/laboratorios.ufrrj.br\/lieri\/wp-json\/wp\/v2\/types\/page"}],"author":[{"embeddable":true,"href":"https:\/\/laboratorios.ufrrj.br\/lieri\/wp-json\/wp\/v2\/users\/10"}],"replies":[{"embeddable":true,"href":"https:\/\/laboratorios.ufrrj.br\/lieri\/wp-json\/wp\/v2\/comments?post=442"}],"version-history":[{"count":7,"href":"https:\/\/laboratorios.ufrrj.br\/lieri\/wp-json\/wp\/v2\/pages\/442\/revisions"}],"predecessor-version":[{"id":499,"href":"https:\/\/laboratorios.ufrrj.br\/lieri\/wp-json\/wp\/v2\/pages\/442\/revisions\/499"}],"wp:attachment":[{"href":"https:\/\/laboratorios.ufrrj.br\/lieri\/wp-json\/wp\/v2\/media?parent=442"}],"curies":[{"name":"wp","href":"https:\/\/api.w.org\/{rel}","templated":true}]}}