{"id":34,"date":"2016-05-19T13:13:01","date_gmt":"2016-05-19T13:13:01","guid":{"rendered":"http:\/\/laboratorios.ufrrj.br\/lieri\/?page_id=34"},"modified":"2016-05-31T16:40:46","modified_gmt":"2016-05-31T19:40:46","slug":"projetos","status":"publish","type":"page","link":"https:\/\/laboratorios.ufrrj.br\/lieri\/projetos\/","title":{"rendered":"Projetos"},"content":{"rendered":"<p>Col\u00f3quio Internacional Rela\u00e7\u00f5es Internacionais e Marxismo<br \/>\nParceria LIERI\/UFRRJ e LEHC\/UFRJ.<br \/>\nDatas: 30\/11 e 01\/12<\/p>\n","protected":false},"excerpt":{"rendered":"<p>Col\u00f3quio Internacional Rela\u00e7\u00f5es Internacionais e Marxismo Parceria LIERI\/UFRRJ e LEHC\/UFRJ. Datas: 30\/11 e 01\/12<\/p>\n","protected":false},"author":1,"featured_media":0,"parent":0,"menu_order":0,"comment_status":"open","ping_status":"open","template":"","meta":{"_acf_changed":false,"footnotes":"","_links_to":"","_links_to_target":""},"class_list":["post-34","page","type-page","status-publish","hentry"],"acf":[],"yoast_head":"<!-- This site is optimized with the Yoast SEO plugin v26.8 - https:\/\/yoast.com\/product\/yoast-seo-wordpress\/ -->\n<title>Projetos - LIERI<\/title>\n<meta name=\"robots\" content=\"index, follow, max-snippet:-1, max-image-preview:large, max-video-preview:-1\" \/>\n<link rel=\"canonical\" href=\"https:\/\/laboratorios.ufrrj.br\/lieri\/projetos\/\" \/>\n<meta property=\"og:locale\" content=\"pt_BR\" \/>\n<meta property=\"og:type\" content=\"article\" \/>\n<meta property=\"og:title\" content=\"Projetos - LIERI\" \/>\n<meta property=\"og:description\" content=\"Col\u00f3quio Internacional Rela\u00e7\u00f5es Internacionais e Marxismo Parceria LIERI\/UFRRJ e LEHC\/UFRJ. Datas: 30\/11 e 01\/12\" \/>\n<meta property=\"og:url\" content=\"https:\/\/laboratorios.ufrrj.br\/lieri\/projetos\/\" \/>\n<meta property=\"og:site_name\" content=\"LIERI\" \/>\n<meta property=\"article:modified_time\" content=\"2016-05-31T19:40:46+00:00\" \/>\n<meta name=\"twitter:card\" content=\"summary_large_image\" \/>\n<script type=\"application\/ld+json\" class=\"yoast-schema-graph\">{\"@context\":\"https:\/\/schema.org\",\"@graph\":[{\"@type\":\"WebPage\",\"@id\":\"https:\/\/laboratorios.ufrrj.br\/lieri\/projetos\/\",\"url\":\"https:\/\/laboratorios.ufrrj.br\/lieri\/projetos\/\",\"name\":\"Projetos - LIERI\",\"isPartOf\":{\"@id\":\"https:\/\/laboratorios.ufrrj.br\/lieri\/#website\"},\"datePublished\":\"2016-05-19T13:13:01+00:00\",\"dateModified\":\"2016-05-31T19:40:46+00:00\",\"breadcrumb\":{\"@id\":\"https:\/\/laboratorios.ufrrj.br\/lieri\/projetos\/#breadcrumb\"},\"inLanguage\":\"pt-BR\",\"potentialAction\":[{\"@type\":\"ReadAction\",\"target\":[\"https:\/\/laboratorios.ufrrj.br\/lieri\/projetos\/\"]}]},{\"@type\":\"BreadcrumbList\",\"@id\":\"https:\/\/laboratorios.ufrrj.br\/lieri\/projetos\/#breadcrumb\",\"itemListElement\":[{\"@type\":\"ListItem\",\"position\":1,\"name\":\"In\u00edcio\",\"item\":\"https:\/\/laboratorios.ufrrj.br\/lieri\/\"},{\"@type\":\"ListItem\",\"position\":2,\"name\":\"Projetos\"}]},{\"@type\":\"WebSite\",\"@id\":\"https:\/\/laboratorios.ufrrj.br\/lieri\/#website\",\"url\":\"https:\/\/laboratorios.ufrrj.br\/lieri\/\",\"name\":\"LIERI\",\"description\":\"Laborat\u00f3rio Interdisciplinar de Estudos em Rela\u00e7\u00f5es Internacionais - UFRRJ\",\"potentialAction\":[{\"@type\":\"SearchAction\",\"target\":{\"@type\":\"EntryPoint\",\"urlTemplate\":\"https:\/\/laboratorios.ufrrj.br\/lieri\/?s={search_term_string}\"},\"query-input\":{\"@type\":\"PropertyValueSpecification\",\"valueRequired\":true,\"valueName\":\"search_term_string\"}}],\"inLanguage\":\"pt-BR\"}]}<\/script>\n<!-- \/ Yoast SEO plugin. -->","yoast_head_json":{"title":"Projetos - LIERI","robots":{"index":"index","follow":"follow","max-snippet":"max-snippet:-1","max-image-preview":"max-image-preview:large","max-video-preview":"max-video-preview:-1"},"canonical":"https:\/\/laboratorios.ufrrj.br\/lieri\/projetos\/","og_locale":"pt_BR","og_type":"article","og_title":"Projetos - LIERI","og_description":"Col\u00f3quio Internacional Rela\u00e7\u00f5es Internacionais e Marxismo Parceria LIERI\/UFRRJ e LEHC\/UFRJ. Datas: 30\/11 e 01\/12","og_url":"https:\/\/laboratorios.ufrrj.br\/lieri\/projetos\/","og_site_name":"LIERI","article_modified_time":"2016-05-31T19:40:46+00:00","twitter_card":"summary_large_image","schema":{"@context":"https:\/\/schema.org","@graph":[{"@type":"WebPage","@id":"https:\/\/laboratorios.ufrrj.br\/lieri\/projetos\/","url":"https:\/\/laboratorios.ufrrj.br\/lieri\/projetos\/","name":"Projetos - LIERI","isPartOf":{"@id":"https:\/\/laboratorios.ufrrj.br\/lieri\/#website"},"datePublished":"2016-05-19T13:13:01+00:00","dateModified":"2016-05-31T19:40:46+00:00","breadcrumb":{"@id":"https:\/\/laboratorios.ufrrj.br\/lieri\/projetos\/#breadcrumb"},"inLanguage":"pt-BR","potentialAction":[{"@type":"ReadAction","target":["https:\/\/laboratorios.ufrrj.br\/lieri\/projetos\/"]}]},{"@type":"BreadcrumbList","@id":"https:\/\/laboratorios.ufrrj.br\/lieri\/projetos\/#breadcrumb","itemListElement":[{"@type":"ListItem","position":1,"name":"In\u00edcio","item":"https:\/\/laboratorios.ufrrj.br\/lieri\/"},{"@type":"ListItem","position":2,"name":"Projetos"}]},{"@type":"WebSite","@id":"https:\/\/laboratorios.ufrrj.br\/lieri\/#website","url":"https:\/\/laboratorios.ufrrj.br\/lieri\/","name":"LIERI","description":"Laborat\u00f3rio Interdisciplinar de Estudos em Rela\u00e7\u00f5es Internacionais - UFRRJ","potentialAction":[{"@type":"SearchAction","target":{"@type":"EntryPoint","urlTemplate":"https:\/\/laboratorios.ufrrj.br\/lieri\/?s={search_term_string}"},"query-input":{"@type":"PropertyValueSpecification","valueRequired":true,"valueName":"search_term_string"}}],"inLanguage":"pt-BR"}]}},"_links":{"self":[{"href":"https:\/\/laboratorios.ufrrj.br\/lieri\/wp-json\/wp\/v2\/pages\/34","targetHints":{"allow":["GET"]}}],"collection":[{"href":"https:\/\/laboratorios.ufrrj.br\/lieri\/wp-json\/wp\/v2\/pages"}],"about":[{"href":"https:\/\/laboratorios.ufrrj.br\/lieri\/wp-json\/wp\/v2\/types\/page"}],"author":[{"embeddable":true,"href":"https:\/\/laboratorios.ufrrj.br\/lieri\/wp-json\/wp\/v2\/users\/1"}],"replies":[{"embeddable":true,"href":"https:\/\/laboratorios.ufrrj.br\/lieri\/wp-json\/wp\/v2\/comments?post=34"}],"version-history":[{"count":3,"href":"https:\/\/laboratorios.ufrrj.br\/lieri\/wp-json\/wp\/v2\/pages\/34\/revisions"}],"predecessor-version":[{"id":129,"href":"https:\/\/laboratorios.ufrrj.br\/lieri\/wp-json\/wp\/v2\/pages\/34\/revisions\/129"}],"wp:attachment":[{"href":"https:\/\/laboratorios.ufrrj.br\/lieri\/wp-json\/wp\/v2\/media?parent=34"}],"curies":[{"name":"wp","href":"https:\/\/api.w.org\/{rel}","templated":true}]}}