{"id":26,"date":"2016-05-19T13:11:30","date_gmt":"2016-05-19T13:11:30","guid":{"rendered":"http:\/\/laboratorios.ufrrj.br\/lieri\/?page_id=26"},"modified":"2016-06-30T16:02:23","modified_gmt":"2016-06-30T19:02:23","slug":"linhas-de-pesquisa","status":"publish","type":"page","link":"https:\/\/laboratorios.ufrrj.br\/lieri\/linhas-de-pesquisa\/","title":{"rendered":"Linhas de Pesquisa"},"content":{"rendered":"","protected":false},"excerpt":{"rendered":"","protected":false},"author":1,"featured_media":0,"parent":0,"menu_order":0,"comment_status":"open","ping_status":"open","template":"","meta":{"_acf_changed":false,"footnotes":"","_links_to":"","_links_to_target":""},"class_list":["post-26","page","type-page","status-publish","hentry"],"acf":[],"yoast_head":"<!-- This site is optimized with the Yoast SEO plugin v26.8 - https:\/\/yoast.com\/product\/yoast-seo-wordpress\/ -->\n<title>Linhas de Pesquisa - LIERI<\/title>\n<meta name=\"robots\" content=\"index, follow, max-snippet:-1, max-image-preview:large, max-video-preview:-1\" \/>\n<link rel=\"canonical\" href=\"https:\/\/laboratorios.ufrrj.br\/lieri\/linhas-de-pesquisa\/\" \/>\n<meta property=\"og:locale\" content=\"pt_BR\" \/>\n<meta property=\"og:type\" content=\"article\" \/>\n<meta property=\"og:title\" content=\"Linhas de Pesquisa - LIERI\" \/>\n<meta property=\"og:url\" content=\"https:\/\/laboratorios.ufrrj.br\/lieri\/linhas-de-pesquisa\/\" \/>\n<meta property=\"og:site_name\" content=\"LIERI\" \/>\n<meta property=\"article:modified_time\" content=\"2016-06-30T19:02:23+00:00\" \/>\n<meta name=\"twitter:card\" content=\"summary_large_image\" \/>\n<script type=\"application\/ld+json\" class=\"yoast-schema-graph\">{\"@context\":\"https:\/\/schema.org\",\"@graph\":[{\"@type\":\"WebPage\",\"@id\":\"https:\/\/laboratorios.ufrrj.br\/lieri\/linhas-de-pesquisa\/\",\"url\":\"https:\/\/laboratorios.ufrrj.br\/lieri\/linhas-de-pesquisa\/\",\"name\":\"Linhas de Pesquisa - LIERI\",\"isPartOf\":{\"@id\":\"https:\/\/laboratorios.ufrrj.br\/lieri\/#website\"},\"datePublished\":\"2016-05-19T13:11:30+00:00\",\"dateModified\":\"2016-06-30T19:02:23+00:00\",\"breadcrumb\":{\"@id\":\"https:\/\/laboratorios.ufrrj.br\/lieri\/linhas-de-pesquisa\/#breadcrumb\"},\"inLanguage\":\"pt-BR\",\"potentialAction\":[{\"@type\":\"ReadAction\",\"target\":[\"https:\/\/laboratorios.ufrrj.br\/lieri\/linhas-de-pesquisa\/\"]}]},{\"@type\":\"BreadcrumbList\",\"@id\":\"https:\/\/laboratorios.ufrrj.br\/lieri\/linhas-de-pesquisa\/#breadcrumb\",\"itemListElement\":[{\"@type\":\"ListItem\",\"position\":1,\"name\":\"In\u00edcio\",\"item\":\"https:\/\/laboratorios.ufrrj.br\/lieri\/\"},{\"@type\":\"ListItem\",\"position\":2,\"name\":\"Linhas de Pesquisa\"}]},{\"@type\":\"WebSite\",\"@id\":\"https:\/\/laboratorios.ufrrj.br\/lieri\/#website\",\"url\":\"https:\/\/laboratorios.ufrrj.br\/lieri\/\",\"name\":\"LIERI\",\"description\":\"Laborat\u00f3rio Interdisciplinar de Estudos em Rela\u00e7\u00f5es Internacionais - UFRRJ\",\"potentialAction\":[{\"@type\":\"SearchAction\",\"target\":{\"@type\":\"EntryPoint\",\"urlTemplate\":\"https:\/\/laboratorios.ufrrj.br\/lieri\/?s={search_term_string}\"},\"query-input\":{\"@type\":\"PropertyValueSpecification\",\"valueRequired\":true,\"valueName\":\"search_term_string\"}}],\"inLanguage\":\"pt-BR\"}]}<\/script>\n<!-- \/ Yoast SEO plugin. -->","yoast_head_json":{"title":"Linhas de Pesquisa - LIERI","robots":{"index":"index","follow":"follow","max-snippet":"max-snippet:-1","max-image-preview":"max-image-preview:large","max-video-preview":"max-video-preview:-1"},"canonical":"https:\/\/laboratorios.ufrrj.br\/lieri\/linhas-de-pesquisa\/","og_locale":"pt_BR","og_type":"article","og_title":"Linhas de Pesquisa - LIERI","og_url":"https:\/\/laboratorios.ufrrj.br\/lieri\/linhas-de-pesquisa\/","og_site_name":"LIERI","article_modified_time":"2016-06-30T19:02:23+00:00","twitter_card":"summary_large_image","schema":{"@context":"https:\/\/schema.org","@graph":[{"@type":"WebPage","@id":"https:\/\/laboratorios.ufrrj.br\/lieri\/linhas-de-pesquisa\/","url":"https:\/\/laboratorios.ufrrj.br\/lieri\/linhas-de-pesquisa\/","name":"Linhas de Pesquisa - LIERI","isPartOf":{"@id":"https:\/\/laboratorios.ufrrj.br\/lieri\/#website"},"datePublished":"2016-05-19T13:11:30+00:00","dateModified":"2016-06-30T19:02:23+00:00","breadcrumb":{"@id":"https:\/\/laboratorios.ufrrj.br\/lieri\/linhas-de-pesquisa\/#breadcrumb"},"inLanguage":"pt-BR","potentialAction":[{"@type":"ReadAction","target":["https:\/\/laboratorios.ufrrj.br\/lieri\/linhas-de-pesquisa\/"]}]},{"@type":"BreadcrumbList","@id":"https:\/\/laboratorios.ufrrj.br\/lieri\/linhas-de-pesquisa\/#breadcrumb","itemListElement":[{"@type":"ListItem","position":1,"name":"In\u00edcio","item":"https:\/\/laboratorios.ufrrj.br\/lieri\/"},{"@type":"ListItem","position":2,"name":"Linhas de Pesquisa"}]},{"@type":"WebSite","@id":"https:\/\/laboratorios.ufrrj.br\/lieri\/#website","url":"https:\/\/laboratorios.ufrrj.br\/lieri\/","name":"LIERI","description":"Laborat\u00f3rio Interdisciplinar de Estudos em Rela\u00e7\u00f5es Internacionais - UFRRJ","potentialAction":[{"@type":"SearchAction","target":{"@type":"EntryPoint","urlTemplate":"https:\/\/laboratorios.ufrrj.br\/lieri\/?s={search_term_string}"},"query-input":{"@type":"PropertyValueSpecification","valueRequired":true,"valueName":"search_term_string"}}],"inLanguage":"pt-BR"}]}},"_links":{"self":[{"href":"https:\/\/laboratorios.ufrrj.br\/lieri\/wp-json\/wp\/v2\/pages\/26","targetHints":{"allow":["GET"]}}],"collection":[{"href":"https:\/\/laboratorios.ufrrj.br\/lieri\/wp-json\/wp\/v2\/pages"}],"about":[{"href":"https:\/\/laboratorios.ufrrj.br\/lieri\/wp-json\/wp\/v2\/types\/page"}],"author":[{"embeddable":true,"href":"https:\/\/laboratorios.ufrrj.br\/lieri\/wp-json\/wp\/v2\/users\/1"}],"replies":[{"embeddable":true,"href":"https:\/\/laboratorios.ufrrj.br\/lieri\/wp-json\/wp\/v2\/comments?post=26"}],"version-history":[{"count":6,"href":"https:\/\/laboratorios.ufrrj.br\/lieri\/wp-json\/wp\/v2\/pages\/26\/revisions"}],"predecessor-version":[{"id":165,"href":"https:\/\/laboratorios.ufrrj.br\/lieri\/wp-json\/wp\/v2\/pages\/26\/revisions\/165"}],"wp:attachment":[{"href":"https:\/\/laboratorios.ufrrj.br\/lieri\/wp-json\/wp\/v2\/media?parent=26"}],"curies":[{"name":"wp","href":"https:\/\/api.w.org\/{rel}","templated":true}]}}