{"id":24,"date":"2016-05-19T13:11:11","date_gmt":"2016-05-19T13:11:11","guid":{"rendered":"http:\/\/laboratorios.ufrrj.br\/lieri\/?page_id=24"},"modified":"2016-05-31T15:53:22","modified_gmt":"2016-05-31T18:53:22","slug":"apresentacao","status":"publish","type":"page","link":"https:\/\/laboratorios.ufrrj.br\/lieri\/apresentacao\/","title":{"rendered":"Apresenta\u00e7\u00e3o"},"content":{"rendered":"<p>O Laborat\u00f3rio Interdisciplinar de Estudos em Rela\u00e7\u00f5es Internacionais (Lieri) \u00e9 um n\u00facleo de pesquisa que reivindica uma abordagem interdisciplinar das rela\u00e7\u00f5es internacionais, valorizando as diversas contribui\u00e7\u00f5es dos especialistas das \u00e1reas das Humanidades. O grupo parte do princ\u00edpio que os estudos sobre as Rela\u00e7\u00f5es Internacionais devem trilhar um esfor\u00e7o inevitavelmente interdisciplinar e, por isso, agrega pesquisadores com diferentes forma\u00e7\u00f5es acad\u00eamicas, como historiadores, economistas, cientistas sociais, cientistas pol\u00edticos, ge\u00f3grafos, especialistas em Rela\u00e7\u00f5es Internacionais, dentre outros pesquisadores das Ci\u00eancias Humanas que t\u00eam objetos de estudo ligados \u00e0s Rela\u00e7\u00f5es Internacionais. Sua forma\u00e7\u00e3o se originou de uma iniciativa de professores e alunos ligados ao curso de Rela\u00e7\u00f5es Internacionais da Universidade Federal Rural do Rio de Janeiro (UFRRJ). As atuais linhas de pesquisa do grupo s\u00e3o: Hist\u00f3ria das rela\u00e7\u00f5es internacionais; Pol\u00edtica externa e rela\u00e7\u00f5es internacionais do Brasil.<\/p>\n","protected":false},"excerpt":{"rendered":"<p>O Laborat\u00f3rio Interdisciplinar de Estudos em Rela\u00e7\u00f5es Internacionais (Lieri) \u00e9 um n\u00facleo de pesquisa que reivindica uma abordagem interdisciplinar das rela\u00e7\u00f5es internacionais, [&hellip;]<\/p>\n","protected":false},"author":1,"featured_media":0,"parent":0,"menu_order":0,"comment_status":"open","ping_status":"open","template":"","meta":{"_acf_changed":false,"footnotes":"","_links_to":"","_links_to_target":""},"class_list":["post-24","page","type-page","status-publish","hentry"],"acf":[],"yoast_head":"<!-- This site is optimized with the Yoast SEO plugin v26.8 - https:\/\/yoast.com\/product\/yoast-seo-wordpress\/ -->\n<title>Apresenta\u00e7\u00e3o - LIERI<\/title>\n<meta name=\"robots\" content=\"index, follow, max-snippet:-1, max-image-preview:large, max-video-preview:-1\" \/>\n<link rel=\"canonical\" href=\"https:\/\/laboratorios.ufrrj.br\/lieri\/apresentacao\/\" \/>\n<meta property=\"og:locale\" content=\"pt_BR\" \/>\n<meta property=\"og:type\" content=\"article\" \/>\n<meta property=\"og:title\" content=\"Apresenta\u00e7\u00e3o - LIERI\" \/>\n<meta property=\"og:description\" content=\"O Laborat\u00f3rio Interdisciplinar de Estudos em Rela\u00e7\u00f5es Internacionais (Lieri) \u00e9 um n\u00facleo de pesquisa que reivindica uma abordagem interdisciplinar das rela\u00e7\u00f5es internacionais, [&hellip;]\" \/>\n<meta property=\"og:url\" content=\"https:\/\/laboratorios.ufrrj.br\/lieri\/apresentacao\/\" \/>\n<meta property=\"og:site_name\" content=\"LIERI\" \/>\n<meta property=\"article:modified_time\" content=\"2016-05-31T18:53:22+00:00\" \/>\n<meta name=\"twitter:card\" content=\"summary_large_image\" \/>\n<meta name=\"twitter:label1\" content=\"Est. tempo de leitura\" \/>\n\t<meta name=\"twitter:data1\" content=\"1 minuto\" \/>\n<script type=\"application\/ld+json\" class=\"yoast-schema-graph\">{\"@context\":\"https:\/\/schema.org\",\"@graph\":[{\"@type\":\"WebPage\",\"@id\":\"https:\/\/laboratorios.ufrrj.br\/lieri\/apresentacao\/\",\"url\":\"https:\/\/laboratorios.ufrrj.br\/lieri\/apresentacao\/\",\"name\":\"Apresenta\u00e7\u00e3o - LIERI\",\"isPartOf\":{\"@id\":\"https:\/\/laboratorios.ufrrj.br\/lieri\/#website\"},\"datePublished\":\"2016-05-19T13:11:11+00:00\",\"dateModified\":\"2016-05-31T18:53:22+00:00\",\"breadcrumb\":{\"@id\":\"https:\/\/laboratorios.ufrrj.br\/lieri\/apresentacao\/#breadcrumb\"},\"inLanguage\":\"pt-BR\",\"potentialAction\":[{\"@type\":\"ReadAction\",\"target\":[\"https:\/\/laboratorios.ufrrj.br\/lieri\/apresentacao\/\"]}]},{\"@type\":\"BreadcrumbList\",\"@id\":\"https:\/\/laboratorios.ufrrj.br\/lieri\/apresentacao\/#breadcrumb\",\"itemListElement\":[{\"@type\":\"ListItem\",\"position\":1,\"name\":\"In\u00edcio\",\"item\":\"https:\/\/laboratorios.ufrrj.br\/lieri\/\"},{\"@type\":\"ListItem\",\"position\":2,\"name\":\"Apresenta\u00e7\u00e3o\"}]},{\"@type\":\"WebSite\",\"@id\":\"https:\/\/laboratorios.ufrrj.br\/lieri\/#website\",\"url\":\"https:\/\/laboratorios.ufrrj.br\/lieri\/\",\"name\":\"LIERI\",\"description\":\"Laborat\u00f3rio Interdisciplinar de Estudos em Rela\u00e7\u00f5es Internacionais - UFRRJ\",\"potentialAction\":[{\"@type\":\"SearchAction\",\"target\":{\"@type\":\"EntryPoint\",\"urlTemplate\":\"https:\/\/laboratorios.ufrrj.br\/lieri\/?s={search_term_string}\"},\"query-input\":{\"@type\":\"PropertyValueSpecification\",\"valueRequired\":true,\"valueName\":\"search_term_string\"}}],\"inLanguage\":\"pt-BR\"}]}<\/script>\n<!-- \/ Yoast SEO plugin. -->","yoast_head_json":{"title":"Apresenta\u00e7\u00e3o - LIERI","robots":{"index":"index","follow":"follow","max-snippet":"max-snippet:-1","max-image-preview":"max-image-preview:large","max-video-preview":"max-video-preview:-1"},"canonical":"https:\/\/laboratorios.ufrrj.br\/lieri\/apresentacao\/","og_locale":"pt_BR","og_type":"article","og_title":"Apresenta\u00e7\u00e3o - LIERI","og_description":"O Laborat\u00f3rio Interdisciplinar de Estudos em Rela\u00e7\u00f5es Internacionais (Lieri) \u00e9 um n\u00facleo de pesquisa que reivindica uma abordagem interdisciplinar das rela\u00e7\u00f5es internacionais, [&hellip;]","og_url":"https:\/\/laboratorios.ufrrj.br\/lieri\/apresentacao\/","og_site_name":"LIERI","article_modified_time":"2016-05-31T18:53:22+00:00","twitter_card":"summary_large_image","twitter_misc":{"Est. tempo de leitura":"1 minuto"},"schema":{"@context":"https:\/\/schema.org","@graph":[{"@type":"WebPage","@id":"https:\/\/laboratorios.ufrrj.br\/lieri\/apresentacao\/","url":"https:\/\/laboratorios.ufrrj.br\/lieri\/apresentacao\/","name":"Apresenta\u00e7\u00e3o - LIERI","isPartOf":{"@id":"https:\/\/laboratorios.ufrrj.br\/lieri\/#website"},"datePublished":"2016-05-19T13:11:11+00:00","dateModified":"2016-05-31T18:53:22+00:00","breadcrumb":{"@id":"https:\/\/laboratorios.ufrrj.br\/lieri\/apresentacao\/#breadcrumb"},"inLanguage":"pt-BR","potentialAction":[{"@type":"ReadAction","target":["https:\/\/laboratorios.ufrrj.br\/lieri\/apresentacao\/"]}]},{"@type":"BreadcrumbList","@id":"https:\/\/laboratorios.ufrrj.br\/lieri\/apresentacao\/#breadcrumb","itemListElement":[{"@type":"ListItem","position":1,"name":"In\u00edcio","item":"https:\/\/laboratorios.ufrrj.br\/lieri\/"},{"@type":"ListItem","position":2,"name":"Apresenta\u00e7\u00e3o"}]},{"@type":"WebSite","@id":"https:\/\/laboratorios.ufrrj.br\/lieri\/#website","url":"https:\/\/laboratorios.ufrrj.br\/lieri\/","name":"LIERI","description":"Laborat\u00f3rio Interdisciplinar de Estudos em Rela\u00e7\u00f5es Internacionais - UFRRJ","potentialAction":[{"@type":"SearchAction","target":{"@type":"EntryPoint","urlTemplate":"https:\/\/laboratorios.ufrrj.br\/lieri\/?s={search_term_string}"},"query-input":{"@type":"PropertyValueSpecification","valueRequired":true,"valueName":"search_term_string"}}],"inLanguage":"pt-BR"}]}},"_links":{"self":[{"href":"https:\/\/laboratorios.ufrrj.br\/lieri\/wp-json\/wp\/v2\/pages\/24","targetHints":{"allow":["GET"]}}],"collection":[{"href":"https:\/\/laboratorios.ufrrj.br\/lieri\/wp-json\/wp\/v2\/pages"}],"about":[{"href":"https:\/\/laboratorios.ufrrj.br\/lieri\/wp-json\/wp\/v2\/types\/page"}],"author":[{"embeddable":true,"href":"https:\/\/laboratorios.ufrrj.br\/lieri\/wp-json\/wp\/v2\/users\/1"}],"replies":[{"embeddable":true,"href":"https:\/\/laboratorios.ufrrj.br\/lieri\/wp-json\/wp\/v2\/comments?post=24"}],"version-history":[{"count":4,"href":"https:\/\/laboratorios.ufrrj.br\/lieri\/wp-json\/wp\/v2\/pages\/24\/revisions"}],"predecessor-version":[{"id":72,"href":"https:\/\/laboratorios.ufrrj.br\/lieri\/wp-json\/wp\/v2\/pages\/24\/revisions\/72"}],"wp:attachment":[{"href":"https:\/\/laboratorios.ufrrj.br\/lieri\/wp-json\/wp\/v2\/media?parent=24"}],"curies":[{"name":"wp","href":"https:\/\/api.w.org\/{rel}","templated":true}]}}