{"id":29,"date":"2016-04-26T16:34:06","date_gmt":"2016-04-26T16:34:06","guid":{"rendered":"http:\/\/laboratorios.ufrrj.br\/lgcs\/?page_id=29"},"modified":"2020-07-25T15:10:47","modified_gmt":"2020-07-25T15:10:47","slug":"linha-de-pesquisa","status":"publish","type":"page","link":"https:\/\/laboratorios.ufrrj.br\/lgcs\/linha-de-pesquisa\/","title":{"rendered":"Linha de Pesquisa"},"content":{"rendered":"<p>Pedologia<\/p>\n<p>Uso e manejo do solo<\/p>\n<p>Ciclagem de nutrientes em florestas naturais e plantadas<\/p>\n<p>Reconstitui\u00e7\u00e3o paleoambiental<\/p>\n<p>Aptid\u00e3o agr\u00edcola das terras<\/p>\n","protected":false},"excerpt":{"rendered":"<p>Pedologia Uso e manejo do solo Ciclagem de nutrientes em florestas naturais e plantadas Reconstitui\u00e7\u00e3o paleoambiental Aptid\u00e3o agr\u00edcola das terras<\/p>\n","protected":false},"author":9,"featured_media":0,"parent":0,"menu_order":0,"comment_status":"open","ping_status":"open","template":"","meta":{"_acf_changed":false,"footnotes":"","_links_to":"","_links_to_target":""},"class_list":["post-29","page","type-page","status-publish","hentry"],"acf":[],"yoast_head":"<!-- This site is optimized with the Yoast SEO plugin v26.8 - https:\/\/yoast.com\/product\/yoast-seo-wordpress\/ -->\n<title>Linha de Pesquisa - LGCS - Laborat\u00f3rio de G\u00eanese e Classifica\u00e7\u00e3o do Solo<\/title>\n<meta name=\"robots\" content=\"index, follow, max-snippet:-1, max-image-preview:large, max-video-preview:-1\" \/>\n<link rel=\"canonical\" href=\"https:\/\/laboratorios.ufrrj.br\/lgcs\/linha-de-pesquisa\/\" \/>\n<meta property=\"og:locale\" content=\"pt_BR\" \/>\n<meta property=\"og:type\" content=\"article\" \/>\n<meta property=\"og:title\" content=\"Linha de Pesquisa - LGCS - Laborat\u00f3rio de G\u00eanese e Classifica\u00e7\u00e3o do Solo\" \/>\n<meta property=\"og:description\" content=\"Pedologia Uso e manejo do solo Ciclagem de nutrientes em florestas naturais e plantadas Reconstitui\u00e7\u00e3o paleoambiental Aptid\u00e3o agr\u00edcola das terras\" \/>\n<meta property=\"og:url\" content=\"https:\/\/laboratorios.ufrrj.br\/lgcs\/linha-de-pesquisa\/\" \/>\n<meta property=\"og:site_name\" content=\"LGCS - Laborat\u00f3rio de G\u00eanese e Classifica\u00e7\u00e3o do Solo\" \/>\n<meta property=\"article:modified_time\" content=\"2020-07-25T15:10:47+00:00\" \/>\n<meta name=\"twitter:card\" content=\"summary_large_image\" \/>\n<script type=\"application\/ld+json\" class=\"yoast-schema-graph\">{\"@context\":\"https:\/\/schema.org\",\"@graph\":[{\"@type\":\"WebPage\",\"@id\":\"https:\/\/laboratorios.ufrrj.br\/lgcs\/linha-de-pesquisa\/\",\"url\":\"https:\/\/laboratorios.ufrrj.br\/lgcs\/linha-de-pesquisa\/\",\"name\":\"Linha de Pesquisa - LGCS - Laborat\u00f3rio de G\u00eanese e Classifica\u00e7\u00e3o do Solo\",\"isPartOf\":{\"@id\":\"https:\/\/laboratorios.ufrrj.br\/lgcs\/#website\"},\"datePublished\":\"2016-04-26T16:34:06+00:00\",\"dateModified\":\"2020-07-25T15:10:47+00:00\",\"breadcrumb\":{\"@id\":\"https:\/\/laboratorios.ufrrj.br\/lgcs\/linha-de-pesquisa\/#breadcrumb\"},\"inLanguage\":\"pt-BR\",\"potentialAction\":[{\"@type\":\"ReadAction\",\"target\":[\"https:\/\/laboratorios.ufrrj.br\/lgcs\/linha-de-pesquisa\/\"]}]},{\"@type\":\"BreadcrumbList\",\"@id\":\"https:\/\/laboratorios.ufrrj.br\/lgcs\/linha-de-pesquisa\/#breadcrumb\",\"itemListElement\":[{\"@type\":\"ListItem\",\"position\":1,\"name\":\"In\u00edcio\",\"item\":\"https:\/\/laboratorios.ufrrj.br\/lgcs\/\"},{\"@type\":\"ListItem\",\"position\":2,\"name\":\"Linha de Pesquisa\"}]},{\"@type\":\"WebSite\",\"@id\":\"https:\/\/laboratorios.ufrrj.br\/lgcs\/#website\",\"url\":\"https:\/\/laboratorios.ufrrj.br\/lgcs\/\",\"name\":\"LGCS - Laborat\u00f3rio de G\u00eanese e Classifica\u00e7\u00e3o do Solo\",\"description\":\"CAMPUS SEROP\u00c9DICA \u2013 UFRRJ\",\"potentialAction\":[{\"@type\":\"SearchAction\",\"target\":{\"@type\":\"EntryPoint\",\"urlTemplate\":\"https:\/\/laboratorios.ufrrj.br\/lgcs\/?s={search_term_string}\"},\"query-input\":{\"@type\":\"PropertyValueSpecification\",\"valueRequired\":true,\"valueName\":\"search_term_string\"}}],\"inLanguage\":\"pt-BR\"}]}<\/script>\n<!-- \/ Yoast SEO plugin. -->","yoast_head_json":{"title":"Linha de Pesquisa - LGCS - Laborat\u00f3rio de G\u00eanese e Classifica\u00e7\u00e3o do Solo","robots":{"index":"index","follow":"follow","max-snippet":"max-snippet:-1","max-image-preview":"max-image-preview:large","max-video-preview":"max-video-preview:-1"},"canonical":"https:\/\/laboratorios.ufrrj.br\/lgcs\/linha-de-pesquisa\/","og_locale":"pt_BR","og_type":"article","og_title":"Linha de Pesquisa - LGCS - Laborat\u00f3rio de G\u00eanese e Classifica\u00e7\u00e3o do Solo","og_description":"Pedologia Uso e manejo do solo Ciclagem de nutrientes em florestas naturais e plantadas Reconstitui\u00e7\u00e3o paleoambiental Aptid\u00e3o agr\u00edcola das terras","og_url":"https:\/\/laboratorios.ufrrj.br\/lgcs\/linha-de-pesquisa\/","og_site_name":"LGCS - Laborat\u00f3rio de G\u00eanese e Classifica\u00e7\u00e3o do Solo","article_modified_time":"2020-07-25T15:10:47+00:00","twitter_card":"summary_large_image","schema":{"@context":"https:\/\/schema.org","@graph":[{"@type":"WebPage","@id":"https:\/\/laboratorios.ufrrj.br\/lgcs\/linha-de-pesquisa\/","url":"https:\/\/laboratorios.ufrrj.br\/lgcs\/linha-de-pesquisa\/","name":"Linha de Pesquisa - LGCS - Laborat\u00f3rio de G\u00eanese e Classifica\u00e7\u00e3o do Solo","isPartOf":{"@id":"https:\/\/laboratorios.ufrrj.br\/lgcs\/#website"},"datePublished":"2016-04-26T16:34:06+00:00","dateModified":"2020-07-25T15:10:47+00:00","breadcrumb":{"@id":"https:\/\/laboratorios.ufrrj.br\/lgcs\/linha-de-pesquisa\/#breadcrumb"},"inLanguage":"pt-BR","potentialAction":[{"@type":"ReadAction","target":["https:\/\/laboratorios.ufrrj.br\/lgcs\/linha-de-pesquisa\/"]}]},{"@type":"BreadcrumbList","@id":"https:\/\/laboratorios.ufrrj.br\/lgcs\/linha-de-pesquisa\/#breadcrumb","itemListElement":[{"@type":"ListItem","position":1,"name":"In\u00edcio","item":"https:\/\/laboratorios.ufrrj.br\/lgcs\/"},{"@type":"ListItem","position":2,"name":"Linha de Pesquisa"}]},{"@type":"WebSite","@id":"https:\/\/laboratorios.ufrrj.br\/lgcs\/#website","url":"https:\/\/laboratorios.ufrrj.br\/lgcs\/","name":"LGCS - Laborat\u00f3rio de G\u00eanese e Classifica\u00e7\u00e3o do Solo","description":"CAMPUS SEROP\u00c9DICA \u2013 UFRRJ","potentialAction":[{"@type":"SearchAction","target":{"@type":"EntryPoint","urlTemplate":"https:\/\/laboratorios.ufrrj.br\/lgcs\/?s={search_term_string}"},"query-input":{"@type":"PropertyValueSpecification","valueRequired":true,"valueName":"search_term_string"}}],"inLanguage":"pt-BR"}]}},"_links":{"self":[{"href":"https:\/\/laboratorios.ufrrj.br\/lgcs\/wp-json\/wp\/v2\/pages\/29","targetHints":{"allow":["GET"]}}],"collection":[{"href":"https:\/\/laboratorios.ufrrj.br\/lgcs\/wp-json\/wp\/v2\/pages"}],"about":[{"href":"https:\/\/laboratorios.ufrrj.br\/lgcs\/wp-json\/wp\/v2\/types\/page"}],"author":[{"embeddable":true,"href":"https:\/\/laboratorios.ufrrj.br\/lgcs\/wp-json\/wp\/v2\/users\/9"}],"replies":[{"embeddable":true,"href":"https:\/\/laboratorios.ufrrj.br\/lgcs\/wp-json\/wp\/v2\/comments?post=29"}],"version-history":[{"count":3,"href":"https:\/\/laboratorios.ufrrj.br\/lgcs\/wp-json\/wp\/v2\/pages\/29\/revisions"}],"predecessor-version":[{"id":146,"href":"https:\/\/laboratorios.ufrrj.br\/lgcs\/wp-json\/wp\/v2\/pages\/29\/revisions\/146"}],"wp:attachment":[{"href":"https:\/\/laboratorios.ufrrj.br\/lgcs\/wp-json\/wp\/v2\/media?parent=29"}],"curies":[{"name":"wp","href":"https:\/\/api.w.org\/{rel}","templated":true}]}}