{"id":1358,"date":"2025-06-04T12:29:09","date_gmt":"2025-06-04T15:29:09","guid":{"rendered":"https:\/\/laboratorios.ufrrj.br\/levicaufrrj\/?page_id=1358"},"modified":"2025-09-07T20:23:06","modified_gmt":"2025-09-07T23:23:06","slug":"evento-de-lancamento-do-livro-de-10-anos-do-levica","status":"publish","type":"page","link":"https:\/\/laboratorios.ufrrj.br\/levicaufrrj\/evento-de-lancamento-do-livro-de-10-anos-do-levica\/","title":{"rendered":"Lan\u00e7amento do Livro de 10 anos do LEVICA"},"content":{"rendered":"\n<p>O livro \u201cCrian\u00e7as e adolescentes (in)visibilizados\u201d foi lan\u00e7ado em comemora\u00e7\u00e3o aos 10 anos do Levica\/UFRRJ. A obra re\u00fane pesquisas, interven\u00e7\u00f5es e a\u00e7\u00f5es de extens\u00e3o com crian\u00e7as e adolescentes v\u00edtimas de viol\u00eancia. O evento aconteceu na Casa de Cultura de Nova Igua\u00e7u e contou com a presen\u00e7a de mais de 200 participantes.<\/p>\n\n\n\n<p>O evento contou com a presen\u00e7a de representantes dos setores da justi\u00e7a, assist\u00eancia social, educa\u00e7\u00e3o e sa\u00fade. Pacientes, familiares e moradores das comunidades impactadas pelo trabalho do Levica e da Associa\u00e7\u00e3o Vida Plena de Mesquita (AVP) tamb\u00e9m compareceram. A programa\u00e7\u00e3o incluiu ainda apresenta\u00e7\u00f5es da Orquestra Infantojuvenil da Associa\u00e7\u00e3o Vida no Crescimento e na Solidariedade (Avicres) e do Ballet Florescer, da AVP.<\/p>\n\n\n\n<p>Al\u00e9m das atividades culturais, o evento tamb\u00e9m promoveu uma roda de conversa com o objetivo de amplificar a voz de adolescentes (in)visibilizados. Nesse espa\u00e7o, a arte e as narrativas foram inseridas como estrat\u00e9gias fundamentais de prote\u00e7\u00e3o e enfrentamento \u00e0 viol\u00eancia contra crian\u00e7as e adolescentes.<\/p>\n\n\n\n<p>Al\u00e9m disso, a programa\u00e7\u00e3o contou com a participa\u00e7\u00e3o especial de Ana L\u00facia Gomes de Alc\u00e2ntara \u2014 mestre em Servi\u00e7o Social e assistente social do Tribunal de Justi\u00e7a do Rio de Janeiro (TJRJ). Durante sua fala, ela apresentou as a\u00e7\u00f5es desenvolvidas pela Vara da Inf\u00e2ncia, da Juventude e do Idoso das comarcas de Nova Igua\u00e7u e Mesquita, com foco na prote\u00e7\u00e3o integral de crian\u00e7as e adolescentes da regi\u00e3o.<\/p>\n\n\n\n<div class=\"wp-block-group\"><div class=\"wp-block-group__inner-container is-layout-constrained wp-block-group-is-layout-constrained\">\n<figure class=\"wp-block-gallery has-nested-images columns-2 is-cropped wp-block-gallery-1 is-layout-flex wp-block-gallery-is-layout-flex\">\n<figure class=\"wp-block-image size-large\"><a href=\"https:\/\/laboratorios.ufrrj.br\/levicaufrrj\/wp-content\/uploads\/sites\/39\/2025\/09\/WhatsApp-Image-2025-09-05-at-12.19.45-1-1.jpeg\"><img loading=\"lazy\" decoding=\"async\" width=\"1024\" height=\"768\" data-id=\"2236\" src=\"https:\/\/laboratorios.ufrrj.br\/levicaufrrj\/wp-content\/uploads\/sites\/39\/2025\/09\/WhatsApp-Image-2025-09-05-at-12.19.45-1-1-1024x768.jpeg\" alt=\"\" class=\"wp-image-2236\" srcset=\"https:\/\/laboratorios.ufrrj.br\/levicaufrrj\/wp-content\/uploads\/sites\/39\/2025\/09\/WhatsApp-Image-2025-09-05-at-12.19.45-1-1-1024x768.jpeg 1024w, https:\/\/laboratorios.ufrrj.br\/levicaufrrj\/wp-content\/uploads\/sites\/39\/2025\/09\/WhatsApp-Image-2025-09-05-at-12.19.45-1-1-300x225.jpeg 300w, https:\/\/laboratorios.ufrrj.br\/levicaufrrj\/wp-content\/uploads\/sites\/39\/2025\/09\/WhatsApp-Image-2025-09-05-at-12.19.45-1-1-768x576.jpeg 768w, https:\/\/laboratorios.ufrrj.br\/levicaufrrj\/wp-content\/uploads\/sites\/39\/2025\/09\/WhatsApp-Image-2025-09-05-at-12.19.45-1-1-1536x1152.jpeg 1536w, https:\/\/laboratorios.ufrrj.br\/levicaufrrj\/wp-content\/uploads\/sites\/39\/2025\/09\/WhatsApp-Image-2025-09-05-at-12.19.45-1-1-93x70.jpeg 93w, https:\/\/laboratorios.ufrrj.br\/levicaufrrj\/wp-content\/uploads\/sites\/39\/2025\/09\/WhatsApp-Image-2025-09-05-at-12.19.45-1-1.jpeg 1600w\" sizes=\"auto, (max-width: 1024px) 100vw, 1024px\" \/><\/a><\/figure>\n\n\n\n<figure class=\"wp-block-image size-large\"><a href=\"https:\/\/laboratorios.ufrrj.br\/levicaufrrj\/wp-content\/uploads\/sites\/39\/2025\/09\/WhatsApp-Image-2025-09-05-at-12.19.45-2-1.jpeg\"><img loading=\"lazy\" decoding=\"async\" width=\"768\" height=\"1024\" data-id=\"2234\" src=\"https:\/\/laboratorios.ufrrj.br\/levicaufrrj\/wp-content\/uploads\/sites\/39\/2025\/09\/WhatsApp-Image-2025-09-05-at-12.19.45-2-1-768x1024.jpeg\" alt=\"\" class=\"wp-image-2234\" srcset=\"https:\/\/laboratorios.ufrrj.br\/levicaufrrj\/wp-content\/uploads\/sites\/39\/2025\/09\/WhatsApp-Image-2025-09-05-at-12.19.45-2-1-768x1024.jpeg 768w, https:\/\/laboratorios.ufrrj.br\/levicaufrrj\/wp-content\/uploads\/sites\/39\/2025\/09\/WhatsApp-Image-2025-09-05-at-12.19.45-2-1-225x300.jpeg 225w, https:\/\/laboratorios.ufrrj.br\/levicaufrrj\/wp-content\/uploads\/sites\/39\/2025\/09\/WhatsApp-Image-2025-09-05-at-12.19.45-2-1-1152x1536.jpeg 1152w, https:\/\/laboratorios.ufrrj.br\/levicaufrrj\/wp-content\/uploads\/sites\/39\/2025\/09\/WhatsApp-Image-2025-09-05-at-12.19.45-2-1-53x70.jpeg 53w, https:\/\/laboratorios.ufrrj.br\/levicaufrrj\/wp-content\/uploads\/sites\/39\/2025\/09\/WhatsApp-Image-2025-09-05-at-12.19.45-2-1.jpeg 1200w\" sizes=\"auto, (max-width: 768px) 100vw, 768px\" \/><\/a><\/figure>\n\n\n\n<figure class=\"wp-block-image size-large\"><a href=\"https:\/\/laboratorios.ufrrj.br\/levicaufrrj\/wp-content\/uploads\/sites\/39\/2025\/09\/WhatsApp-Image-2025-09-05-at-12.19.45-3-1.jpeg\"><img loading=\"lazy\" decoding=\"async\" width=\"576\" height=\"1024\" data-id=\"2235\" src=\"https:\/\/laboratorios.ufrrj.br\/levicaufrrj\/wp-content\/uploads\/sites\/39\/2025\/09\/WhatsApp-Image-2025-09-05-at-12.19.45-3-1-576x1024.jpeg\" alt=\"\" class=\"wp-image-2235\" srcset=\"https:\/\/laboratorios.ufrrj.br\/levicaufrrj\/wp-content\/uploads\/sites\/39\/2025\/09\/WhatsApp-Image-2025-09-05-at-12.19.45-3-1-576x1024.jpeg 576w, https:\/\/laboratorios.ufrrj.br\/levicaufrrj\/wp-content\/uploads\/sites\/39\/2025\/09\/WhatsApp-Image-2025-09-05-at-12.19.45-3-1-169x300.jpeg 169w, https:\/\/laboratorios.ufrrj.br\/levicaufrrj\/wp-content\/uploads\/sites\/39\/2025\/09\/WhatsApp-Image-2025-09-05-at-12.19.45-3-1-768x1365.jpeg 768w, https:\/\/laboratorios.ufrrj.br\/levicaufrrj\/wp-content\/uploads\/sites\/39\/2025\/09\/WhatsApp-Image-2025-09-05-at-12.19.45-3-1-864x1536.jpeg 864w, https:\/\/laboratorios.ufrrj.br\/levicaufrrj\/wp-content\/uploads\/sites\/39\/2025\/09\/WhatsApp-Image-2025-09-05-at-12.19.45-3-1-39x70.jpeg 39w, https:\/\/laboratorios.ufrrj.br\/levicaufrrj\/wp-content\/uploads\/sites\/39\/2025\/09\/WhatsApp-Image-2025-09-05-at-12.19.45-3-1.jpeg 900w\" sizes=\"auto, (max-width: 576px) 100vw, 576px\" \/><\/a><\/figure>\n\n\n\n<figure class=\"wp-block-image size-large\"><a href=\"https:\/\/laboratorios.ufrrj.br\/levicaufrrj\/wp-content\/uploads\/sites\/39\/2025\/09\/WhatsApp-Image-2025-09-05-at-12.19.45-4.jpeg\"><img loading=\"lazy\" decoding=\"async\" width=\"1024\" height=\"768\" data-id=\"2237\" src=\"https:\/\/laboratorios.ufrrj.br\/levicaufrrj\/wp-content\/uploads\/sites\/39\/2025\/09\/WhatsApp-Image-2025-09-05-at-12.19.45-4-1024x768.jpeg\" alt=\"\" class=\"wp-image-2237\" srcset=\"https:\/\/laboratorios.ufrrj.br\/levicaufrrj\/wp-content\/uploads\/sites\/39\/2025\/09\/WhatsApp-Image-2025-09-05-at-12.19.45-4-1024x768.jpeg 1024w, https:\/\/laboratorios.ufrrj.br\/levicaufrrj\/wp-content\/uploads\/sites\/39\/2025\/09\/WhatsApp-Image-2025-09-05-at-12.19.45-4-300x225.jpeg 300w, https:\/\/laboratorios.ufrrj.br\/levicaufrrj\/wp-content\/uploads\/sites\/39\/2025\/09\/WhatsApp-Image-2025-09-05-at-12.19.45-4-768x576.jpeg 768w, https:\/\/laboratorios.ufrrj.br\/levicaufrrj\/wp-content\/uploads\/sites\/39\/2025\/09\/WhatsApp-Image-2025-09-05-at-12.19.45-4-1536x1152.jpeg 1536w, https:\/\/laboratorios.ufrrj.br\/levicaufrrj\/wp-content\/uploads\/sites\/39\/2025\/09\/WhatsApp-Image-2025-09-05-at-12.19.45-4-93x70.jpeg 93w, https:\/\/laboratorios.ufrrj.br\/levicaufrrj\/wp-content\/uploads\/sites\/39\/2025\/09\/WhatsApp-Image-2025-09-05-at-12.19.45-4.jpeg 1600w\" sizes=\"auto, (max-width: 1024px) 100vw, 1024px\" \/><\/a><\/figure>\n<\/figure>\n<\/div><\/div>\n\n\n\n<figure class=\"wp-block-gallery has-nested-images columns-2 is-cropped wp-block-gallery-2 is-layout-flex wp-block-gallery-is-layout-flex\">\n<figure class=\"wp-block-image size-thumbnail is-style-default\"><a href=\"https:\/\/laboratorios.ufrrj.br\/levicaufrrj\/wp-content\/uploads\/sites\/39\/2025\/06\/book.jpg\"><img loading=\"lazy\" decoding=\"async\" width=\"150\" height=\"150\" data-id=\"1495\" src=\"https:\/\/laboratorios.ufrrj.br\/levicaufrrj\/wp-content\/uploads\/sites\/39\/2025\/06\/book-150x150.jpg\" alt=\"\" class=\"wp-image-1495\" srcset=\"https:\/\/laboratorios.ufrrj.br\/levicaufrrj\/wp-content\/uploads\/sites\/39\/2025\/06\/book-150x150.jpg 150w, https:\/\/laboratorios.ufrrj.br\/levicaufrrj\/wp-content\/uploads\/sites\/39\/2025\/06\/book-300x300.jpg 300w, https:\/\/laboratorios.ufrrj.br\/levicaufrrj\/wp-content\/uploads\/sites\/39\/2025\/06\/book-1024x1024.jpg 1024w, https:\/\/laboratorios.ufrrj.br\/levicaufrrj\/wp-content\/uploads\/sites\/39\/2025\/06\/book-768x768.jpg 768w, https:\/\/laboratorios.ufrrj.br\/levicaufrrj\/wp-content\/uploads\/sites\/39\/2025\/06\/book-1536x1536.jpg 1536w, https:\/\/laboratorios.ufrrj.br\/levicaufrrj\/wp-content\/uploads\/sites\/39\/2025\/06\/book-200x200.jpg 200w, https:\/\/laboratorios.ufrrj.br\/levicaufrrj\/wp-content\/uploads\/sites\/39\/2025\/06\/book-70x70.jpg 70w, https:\/\/laboratorios.ufrrj.br\/levicaufrrj\/wp-content\/uploads\/sites\/39\/2025\/06\/book.jpg 1620w\" sizes=\"auto, (max-width: 150px) 100vw, 150px\" \/><\/a><\/figure>\n\n\n\n<figure class=\"wp-block-image size-full\"><a href=\"https:\/\/laboratorios.ufrrj.br\/levicaufrrj\/wp-content\/uploads\/sites\/39\/2025\/06\/foto-2-levica-1.jpg\"><img loading=\"lazy\" decoding=\"async\" width=\"206\" height=\"314\" data-id=\"1506\" src=\"https:\/\/laboratorios.ufrrj.br\/levicaufrrj\/wp-content\/uploads\/sites\/39\/2025\/06\/foto-2-levica-1.jpg\" alt=\"Convidada especial, Ana L\u00facia Gomes de Alc\u00e2ntara, acompanhada da professora Ana Cl\u00e1udia de Azevedo Peixoto\" class=\"wp-image-1506\" srcset=\"https:\/\/laboratorios.ufrrj.br\/levicaufrrj\/wp-content\/uploads\/sites\/39\/2025\/06\/foto-2-levica-1.jpg 206w, https:\/\/laboratorios.ufrrj.br\/levicaufrrj\/wp-content\/uploads\/sites\/39\/2025\/06\/foto-2-levica-1-197x300.jpg 197w, https:\/\/laboratorios.ufrrj.br\/levicaufrrj\/wp-content\/uploads\/sites\/39\/2025\/06\/foto-2-levica-1-46x70.jpg 46w\" sizes=\"auto, (max-width: 206px) 100vw, 206px\" \/><\/a><\/figure>\n\n\n\n<figure class=\"wp-block-image size-thumbnail\"><a href=\"https:\/\/laboratorios.ufrrj.br\/levicaufrrj\/wp-content\/uploads\/sites\/39\/2025\/06\/foto-4-levica.jpg\"><img loading=\"lazy\" decoding=\"async\" width=\"150\" height=\"150\" data-id=\"1493\" src=\"https:\/\/laboratorios.ufrrj.br\/levicaufrrj\/wp-content\/uploads\/sites\/39\/2025\/06\/foto-4-levica-150x150.jpg\" alt=\"\" class=\"wp-image-1493\" srcset=\"https:\/\/laboratorios.ufrrj.br\/levicaufrrj\/wp-content\/uploads\/sites\/39\/2025\/06\/foto-4-levica-150x150.jpg 150w, https:\/\/laboratorios.ufrrj.br\/levicaufrrj\/wp-content\/uploads\/sites\/39\/2025\/06\/foto-4-levica-200x200.jpg 200w\" sizes=\"auto, (max-width: 150px) 100vw, 150px\" \/><\/a><\/figure>\n\n\n\n<figure class=\"wp-block-image size-thumbnail\"><a href=\"https:\/\/laboratorios.ufrrj.br\/levicaufrrj\/wp-content\/uploads\/sites\/39\/2025\/06\/IMG_3321-scaled-e1750888212952.jpg\"><img loading=\"lazy\" decoding=\"async\" width=\"150\" height=\"150\" data-id=\"1511\" src=\"https:\/\/laboratorios.ufrrj.br\/levicaufrrj\/wp-content\/uploads\/sites\/39\/2025\/06\/IMG_3321-scaled-e1750888212952-150x150.jpg\" alt=\"Ballet Florescer da Associa\u00e7\u00e3o Vida Plena de Mesquita\" class=\"wp-image-1511\" srcset=\"https:\/\/laboratorios.ufrrj.br\/levicaufrrj\/wp-content\/uploads\/sites\/39\/2025\/06\/IMG_3321-scaled-e1750888212952-150x150.jpg 150w, https:\/\/laboratorios.ufrrj.br\/levicaufrrj\/wp-content\/uploads\/sites\/39\/2025\/06\/IMG_3321-scaled-e1750888212952-200x200.jpg 200w\" sizes=\"auto, (max-width: 150px) 100vw, 150px\" \/><\/a><\/figure>\n\n\n\n<figure class=\"wp-block-image size-full\"><a href=\"https:\/\/laboratorios.ufrrj.br\/levicaufrrj\/wp-content\/uploads\/sites\/39\/2025\/06\/foto-8-levica-1.jpg\"><img loading=\"lazy\" decoding=\"async\" width=\"493\" height=\"267\" data-id=\"1507\" src=\"https:\/\/laboratorios.ufrrj.br\/levicaufrrj\/wp-content\/uploads\/sites\/39\/2025\/06\/foto-8-levica-1.jpg\" alt=\"Orquestra infantojuvenil da Avicres\" class=\"wp-image-1507\" srcset=\"https:\/\/laboratorios.ufrrj.br\/levicaufrrj\/wp-content\/uploads\/sites\/39\/2025\/06\/foto-8-levica-1.jpg 493w, https:\/\/laboratorios.ufrrj.br\/levicaufrrj\/wp-content\/uploads\/sites\/39\/2025\/06\/foto-8-levica-1-300x162.jpg 300w, https:\/\/laboratorios.ufrrj.br\/levicaufrrj\/wp-content\/uploads\/sites\/39\/2025\/06\/foto-8-levica-1-129x70.jpg 129w\" sizes=\"auto, (max-width: 493px) 100vw, 493px\" \/><\/a><\/figure>\n\n\n\n<figure class=\"wp-block-image size-full\"><a href=\"https:\/\/laboratorios.ufrrj.br\/levicaufrrj\/wp-content\/uploads\/sites\/39\/2025\/06\/foto-1-levica-1.jpg\"><img decoding=\"async\" data-id=\"1508\" src=\"https:\/\/laboratorios.ufrrj.br\/levicaufrrj\/wp-content\/uploads\/sites\/39\/2025\/06\/foto-1-levica-1.jpg\" alt=\"Autoras no evento de lan\u00e7amento da obra organizada pela docente da UFRRJ Ana Cl\u00e1udia de Azevedo Peixoto (ao centro).\" class=\"wp-image-1508\"\/><\/a><\/figure>\n<\/figure>\n","protected":false},"excerpt":{"rendered":"<p>O livro \u201cCrian\u00e7as e adolescentes (in)visibilizados\u201d foi lan\u00e7ado em comemora\u00e7\u00e3o aos 10 anos do Levica\/UFRRJ. A obra re\u00fane pesquisas, interven\u00e7\u00f5es e a\u00e7\u00f5es [&hellip;]<\/p>\n","protected":false},"author":9,"featured_media":1495,"parent":0,"menu_order":0,"comment_status":"closed","ping_status":"closed","template":"","meta":{"_acf_changed":false,"footnotes":""},"class_list":["post-1358","page","type-page","status-publish","has-post-thumbnail","hentry"],"acf":[],"yoast_head":"<!-- This site is optimized with the Yoast SEO plugin v26.8 - https:\/\/yoast.com\/product\/yoast-seo-wordpress\/ -->\n<title>Lan\u00e7amento do Livro de 10 anos do LEVICA<\/title>\n<meta name=\"robots\" content=\"index, follow, max-snippet:-1, max-image-preview:large, max-video-preview:-1\" \/>\n<link rel=\"canonical\" href=\"https:\/\/laboratorios.ufrrj.br\/levicaufrrj\/evento-de-lancamento-do-livro-de-10-anos-do-levica\/\" \/>\n<meta property=\"og:locale\" content=\"pt_BR\" \/>\n<meta property=\"og:type\" content=\"article\" \/>\n<meta property=\"og:title\" content=\"Lan\u00e7amento do Livro de 10 anos do LEVICA\" \/>\n<meta property=\"og:description\" content=\"O livro \u201cCrian\u00e7as e adolescentes (in)visibilizados\u201d foi lan\u00e7ado em comemora\u00e7\u00e3o aos 10 anos do Levica\/UFRRJ. A obra re\u00fane pesquisas, interven\u00e7\u00f5es e a\u00e7\u00f5es [&hellip;]\" \/>\n<meta property=\"og:url\" content=\"https:\/\/laboratorios.ufrrj.br\/levicaufrrj\/evento-de-lancamento-do-livro-de-10-anos-do-levica\/\" \/>\n<meta property=\"og:site_name\" content=\"Laborat\u00f3rio de Estudos sobre Viol\u00eancia contra Crian\u00e7as e Adolescentes\" \/>\n<meta property=\"article:publisher\" content=\"https:\/\/www.facebook.com\/levicaufrrj\/\" \/>\n<meta property=\"article:modified_time\" content=\"2025-09-07T23:23:06+00:00\" \/>\n<meta property=\"og:image\" content=\"https:\/\/laboratorios.ufrrj.br\/levicaufrrj\/wp-content\/uploads\/sites\/39\/2025\/06\/book.jpg\" \/>\n\t<meta property=\"og:image:width\" content=\"1620\" \/>\n\t<meta property=\"og:image:height\" content=\"1620\" \/>\n\t<meta property=\"og:image:type\" content=\"image\/jpeg\" \/>\n<meta name=\"twitter:card\" content=\"summary_large_image\" \/>\n<meta name=\"twitter:label1\" content=\"Est. tempo de leitura\" \/>\n\t<meta name=\"twitter:data1\" content=\"4 minutos\" \/>\n<script type=\"application\/ld+json\" class=\"yoast-schema-graph\">{\"@context\":\"https:\/\/schema.org\",\"@graph\":[{\"@type\":\"WebPage\",\"@id\":\"https:\/\/laboratorios.ufrrj.br\/levicaufrrj\/evento-de-lancamento-do-livro-de-10-anos-do-levica\/\",\"url\":\"https:\/\/laboratorios.ufrrj.br\/levicaufrrj\/evento-de-lancamento-do-livro-de-10-anos-do-levica\/\",\"name\":\"Lan\u00e7amento do Livro de 10 anos do LEVICA\",\"isPartOf\":{\"@id\":\"https:\/\/laboratorios.ufrrj.br\/levicaufrrj\/#website\"},\"primaryImageOfPage\":{\"@id\":\"https:\/\/laboratorios.ufrrj.br\/levicaufrrj\/evento-de-lancamento-do-livro-de-10-anos-do-levica\/#primaryimage\"},\"image\":{\"@id\":\"https:\/\/laboratorios.ufrrj.br\/levicaufrrj\/evento-de-lancamento-do-livro-de-10-anos-do-levica\/#primaryimage\"},\"thumbnailUrl\":\"https:\/\/laboratorios.ufrrj.br\/levicaufrrj\/wp-content\/uploads\/sites\/39\/2025\/06\/book.jpg\",\"datePublished\":\"2025-06-04T15:29:09+00:00\",\"dateModified\":\"2025-09-07T23:23:06+00:00\",\"breadcrumb\":{\"@id\":\"https:\/\/laboratorios.ufrrj.br\/levicaufrrj\/evento-de-lancamento-do-livro-de-10-anos-do-levica\/#breadcrumb\"},\"inLanguage\":\"pt-BR\",\"potentialAction\":[{\"@type\":\"ReadAction\",\"target\":[\"https:\/\/laboratorios.ufrrj.br\/levicaufrrj\/evento-de-lancamento-do-livro-de-10-anos-do-levica\/\"]}]},{\"@type\":\"ImageObject\",\"inLanguage\":\"pt-BR\",\"@id\":\"https:\/\/laboratorios.ufrrj.br\/levicaufrrj\/evento-de-lancamento-do-livro-de-10-anos-do-levica\/#primaryimage\",\"url\":\"https:\/\/laboratorios.ufrrj.br\/levicaufrrj\/wp-content\/uploads\/sites\/39\/2025\/06\/book.jpg\",\"contentUrl\":\"https:\/\/laboratorios.ufrrj.br\/levicaufrrj\/wp-content\/uploads\/sites\/39\/2025\/06\/book.jpg\",\"width\":1620,\"height\":1620,\"caption\":\"Livro\"},{\"@type\":\"BreadcrumbList\",\"@id\":\"https:\/\/laboratorios.ufrrj.br\/levicaufrrj\/evento-de-lancamento-do-livro-de-10-anos-do-levica\/#breadcrumb\",\"itemListElement\":[{\"@type\":\"ListItem\",\"position\":1,\"name\":\"In\u00edcio\",\"item\":\"https:\/\/laboratorios.ufrrj.br\/levicaufrrj\/\"},{\"@type\":\"ListItem\",\"position\":2,\"name\":\"Lan\u00e7amento do Livro de 10 anos do LEVICA\"}]},{\"@type\":\"WebSite\",\"@id\":\"https:\/\/laboratorios.ufrrj.br\/levicaufrrj\/#website\",\"url\":\"https:\/\/laboratorios.ufrrj.br\/levicaufrrj\/\",\"name\":\"Laborat\u00f3rio de Estudos sobre Viol\u00eancia contra Crian\u00e7as e Adolescentes\",\"description\":\"LEVICA - Campus Serop\u00e9dica - UFRRJ\",\"publisher\":{\"@id\":\"https:\/\/laboratorios.ufrrj.br\/levicaufrrj\/#organization\"},\"potentialAction\":[{\"@type\":\"SearchAction\",\"target\":{\"@type\":\"EntryPoint\",\"urlTemplate\":\"https:\/\/laboratorios.ufrrj.br\/levicaufrrj\/?s={search_term_string}\"},\"query-input\":{\"@type\":\"PropertyValueSpecification\",\"valueRequired\":true,\"valueName\":\"search_term_string\"}}],\"inLanguage\":\"pt-BR\"},{\"@type\":\"Organization\",\"@id\":\"https:\/\/laboratorios.ufrrj.br\/levicaufrrj\/#organization\",\"name\":\"LEVICA\",\"url\":\"https:\/\/laboratorios.ufrrj.br\/levicaufrrj\/\",\"logo\":{\"@type\":\"ImageObject\",\"inLanguage\":\"pt-BR\",\"@id\":\"https:\/\/laboratorios.ufrrj.br\/levicaufrrj\/#\/schema\/logo\/image\/\",\"url\":\"https:\/\/laboratorios.ufrrj.br\/levicaufrrj\/wp-content\/uploads\/sites\/39\/2025\/05\/levica-logo.png\",\"contentUrl\":\"https:\/\/laboratorios.ufrrj.br\/levicaufrrj\/wp-content\/uploads\/sites\/39\/2025\/05\/levica-logo.png\",\"width\":512,\"height\":512,\"caption\":\"LEVICA\"},\"image\":{\"@id\":\"https:\/\/laboratorios.ufrrj.br\/levicaufrrj\/#\/schema\/logo\/image\/\"},\"sameAs\":[\"https:\/\/www.facebook.com\/levicaufrrj\/\",\"https:\/\/www.instagram.com\/levicaufrrj\/\",\"https:\/\/www.youtube.com\/@levicaufrrj6400\"]}]}<\/script>\n<!-- \/ Yoast SEO plugin. -->","yoast_head_json":{"title":"Lan\u00e7amento do Livro de 10 anos do LEVICA","robots":{"index":"index","follow":"follow","max-snippet":"max-snippet:-1","max-image-preview":"max-image-preview:large","max-video-preview":"max-video-preview:-1"},"canonical":"https:\/\/laboratorios.ufrrj.br\/levicaufrrj\/evento-de-lancamento-do-livro-de-10-anos-do-levica\/","og_locale":"pt_BR","og_type":"article","og_title":"Lan\u00e7amento do Livro de 10 anos do LEVICA","og_description":"O livro \u201cCrian\u00e7as e adolescentes (in)visibilizados\u201d foi lan\u00e7ado em comemora\u00e7\u00e3o aos 10 anos do Levica\/UFRRJ. A obra re\u00fane pesquisas, interven\u00e7\u00f5es e a\u00e7\u00f5es [&hellip;]","og_url":"https:\/\/laboratorios.ufrrj.br\/levicaufrrj\/evento-de-lancamento-do-livro-de-10-anos-do-levica\/","og_site_name":"Laborat\u00f3rio de Estudos sobre Viol\u00eancia contra Crian\u00e7as e Adolescentes","article_publisher":"https:\/\/www.facebook.com\/levicaufrrj\/","article_modified_time":"2025-09-07T23:23:06+00:00","og_image":[{"width":1620,"height":1620,"url":"https:\/\/laboratorios.ufrrj.br\/levicaufrrj\/wp-content\/uploads\/sites\/39\/2025\/06\/book.jpg","type":"image\/jpeg"}],"twitter_card":"summary_large_image","twitter_misc":{"Est. tempo de leitura":"4 minutos"},"schema":{"@context":"https:\/\/schema.org","@graph":[{"@type":"WebPage","@id":"https:\/\/laboratorios.ufrrj.br\/levicaufrrj\/evento-de-lancamento-do-livro-de-10-anos-do-levica\/","url":"https:\/\/laboratorios.ufrrj.br\/levicaufrrj\/evento-de-lancamento-do-livro-de-10-anos-do-levica\/","name":"Lan\u00e7amento do Livro de 10 anos do LEVICA","isPartOf":{"@id":"https:\/\/laboratorios.ufrrj.br\/levicaufrrj\/#website"},"primaryImageOfPage":{"@id":"https:\/\/laboratorios.ufrrj.br\/levicaufrrj\/evento-de-lancamento-do-livro-de-10-anos-do-levica\/#primaryimage"},"image":{"@id":"https:\/\/laboratorios.ufrrj.br\/levicaufrrj\/evento-de-lancamento-do-livro-de-10-anos-do-levica\/#primaryimage"},"thumbnailUrl":"https:\/\/laboratorios.ufrrj.br\/levicaufrrj\/wp-content\/uploads\/sites\/39\/2025\/06\/book.jpg","datePublished":"2025-06-04T15:29:09+00:00","dateModified":"2025-09-07T23:23:06+00:00","breadcrumb":{"@id":"https:\/\/laboratorios.ufrrj.br\/levicaufrrj\/evento-de-lancamento-do-livro-de-10-anos-do-levica\/#breadcrumb"},"inLanguage":"pt-BR","potentialAction":[{"@type":"ReadAction","target":["https:\/\/laboratorios.ufrrj.br\/levicaufrrj\/evento-de-lancamento-do-livro-de-10-anos-do-levica\/"]}]},{"@type":"ImageObject","inLanguage":"pt-BR","@id":"https:\/\/laboratorios.ufrrj.br\/levicaufrrj\/evento-de-lancamento-do-livro-de-10-anos-do-levica\/#primaryimage","url":"https:\/\/laboratorios.ufrrj.br\/levicaufrrj\/wp-content\/uploads\/sites\/39\/2025\/06\/book.jpg","contentUrl":"https:\/\/laboratorios.ufrrj.br\/levicaufrrj\/wp-content\/uploads\/sites\/39\/2025\/06\/book.jpg","width":1620,"height":1620,"caption":"Livro"},{"@type":"BreadcrumbList","@id":"https:\/\/laboratorios.ufrrj.br\/levicaufrrj\/evento-de-lancamento-do-livro-de-10-anos-do-levica\/#breadcrumb","itemListElement":[{"@type":"ListItem","position":1,"name":"In\u00edcio","item":"https:\/\/laboratorios.ufrrj.br\/levicaufrrj\/"},{"@type":"ListItem","position":2,"name":"Lan\u00e7amento do Livro de 10 anos do LEVICA"}]},{"@type":"WebSite","@id":"https:\/\/laboratorios.ufrrj.br\/levicaufrrj\/#website","url":"https:\/\/laboratorios.ufrrj.br\/levicaufrrj\/","name":"Laborat\u00f3rio de Estudos sobre Viol\u00eancia contra Crian\u00e7as e Adolescentes","description":"LEVICA - Campus Serop\u00e9dica - UFRRJ","publisher":{"@id":"https:\/\/laboratorios.ufrrj.br\/levicaufrrj\/#organization"},"potentialAction":[{"@type":"SearchAction","target":{"@type":"EntryPoint","urlTemplate":"https:\/\/laboratorios.ufrrj.br\/levicaufrrj\/?s={search_term_string}"},"query-input":{"@type":"PropertyValueSpecification","valueRequired":true,"valueName":"search_term_string"}}],"inLanguage":"pt-BR"},{"@type":"Organization","@id":"https:\/\/laboratorios.ufrrj.br\/levicaufrrj\/#organization","name":"LEVICA","url":"https:\/\/laboratorios.ufrrj.br\/levicaufrrj\/","logo":{"@type":"ImageObject","inLanguage":"pt-BR","@id":"https:\/\/laboratorios.ufrrj.br\/levicaufrrj\/#\/schema\/logo\/image\/","url":"https:\/\/laboratorios.ufrrj.br\/levicaufrrj\/wp-content\/uploads\/sites\/39\/2025\/05\/levica-logo.png","contentUrl":"https:\/\/laboratorios.ufrrj.br\/levicaufrrj\/wp-content\/uploads\/sites\/39\/2025\/05\/levica-logo.png","width":512,"height":512,"caption":"LEVICA"},"image":{"@id":"https:\/\/laboratorios.ufrrj.br\/levicaufrrj\/#\/schema\/logo\/image\/"},"sameAs":["https:\/\/www.facebook.com\/levicaufrrj\/","https:\/\/www.instagram.com\/levicaufrrj\/","https:\/\/www.youtube.com\/@levicaufrrj6400"]}]}},"_links":{"self":[{"href":"https:\/\/laboratorios.ufrrj.br\/levicaufrrj\/wp-json\/wp\/v2\/pages\/1358","targetHints":{"allow":["GET"]}}],"collection":[{"href":"https:\/\/laboratorios.ufrrj.br\/levicaufrrj\/wp-json\/wp\/v2\/pages"}],"about":[{"href":"https:\/\/laboratorios.ufrrj.br\/levicaufrrj\/wp-json\/wp\/v2\/types\/page"}],"author":[{"embeddable":true,"href":"https:\/\/laboratorios.ufrrj.br\/levicaufrrj\/wp-json\/wp\/v2\/users\/9"}],"replies":[{"embeddable":true,"href":"https:\/\/laboratorios.ufrrj.br\/levicaufrrj\/wp-json\/wp\/v2\/comments?post=1358"}],"version-history":[{"count":11,"href":"https:\/\/laboratorios.ufrrj.br\/levicaufrrj\/wp-json\/wp\/v2\/pages\/1358\/revisions"}],"predecessor-version":[{"id":2238,"href":"https:\/\/laboratorios.ufrrj.br\/levicaufrrj\/wp-json\/wp\/v2\/pages\/1358\/revisions\/2238"}],"wp:featuredmedia":[{"embeddable":true,"href":"https:\/\/laboratorios.ufrrj.br\/levicaufrrj\/wp-json\/wp\/v2\/media\/1495"}],"wp:attachment":[{"href":"https:\/\/laboratorios.ufrrj.br\/levicaufrrj\/wp-json\/wp\/v2\/media?parent=1358"}],"curies":[{"name":"wp","href":"https:\/\/api.w.org\/{rel}","templated":true}]}}