{"id":1348,"date":"2025-06-04T12:26:53","date_gmt":"2025-06-04T15:26:53","guid":{"rendered":"https:\/\/laboratorios.ufrrj.br\/levicaufrrj\/?page_id=1348"},"modified":"2025-08-20T15:36:48","modified_gmt":"2025-08-20T18:36:48","slug":"projetos-de-extensao-concluido","status":"publish","type":"page","link":"https:\/\/laboratorios.ufrrj.br\/levicaufrrj\/projetos-de-extensao-concluido\/","title":{"rendered":"Projetos de Extens\u00e3o conclu\u00eddos"},"content":{"rendered":"\n<ul class=\"wp-block-list\">\n<li><strong>AVALIA\u00c7\u00c3O DE PROGRAMAS DE INTERVEN\u00c7\u00c3O COM ADOLESCENTES ACOLHIDAS INSTITUCIONALMENTE (2021-2022)<\/strong><\/li>\n<\/ul>\n\n\n\n<p>O acolhimento institucional se d\u00e1 como uma das medidas protetivas previstas na Lei Federal n\u00ba 8069\/1990(ECA), art. 101, VII, com reda\u00e7\u00e3o dada pela Lei Federal n\u00ba 12010\/2009&nbsp; \u2013 Nova Lei de Ado\u00e7\u00e3o \u2013, aplic\u00e1veis a crian\u00e7as e adolescentes quando encontrados em situa\u00e7\u00e3o de amea\u00e7a e viola\u00e7\u00e3o dos direitos reconhecidos na lei supracitada. Embora o acolhimento institucional seja medida provis\u00f3ria de prote\u00e7\u00e3o de crian\u00e7as e adolescentes em situa\u00e7\u00e3o de vulnerabilidade social e exposi\u00e7\u00e3o a m\u00faltiplas viol\u00eancias e a casa de acolhimento seja um lugar de passagem, pois preza-se pela conviv\u00eancia familiar e comunit\u00e1ria. Em muitas pesquisas verifica-se que o tempo de perman\u00eancia das crian\u00e7as nessas institui\u00e7\u00f5es ultrapassa dez anos.&nbsp; As investiga\u00e7\u00f5es cient\u00edficas que t\u00eam sido realizadas ao longo do tempo, e cujas conclus\u00f5es apontam para a institucionaliza\u00e7\u00e3o como um fator de risco para o desenvolvimento das crian\u00e7as e adolescentes que s\u00e3o alvo desta medida.&nbsp; Segundo documento disponibilizado pela Secretaria de Direitos Humanos (SDH), onde re\u00fane relatos e conclus\u00f5es de um grupo de trabalho com profissionais que atuam nessas institui\u00e7\u00f5es, \u201co desabrigamento come\u00e7a quando a crian\u00e7a ou o adolescente chega ao abrigo&#8221;. \u00c9 o trabalho de toda a equipe, desde a chegada, com muita qualidade, que proporcionar\u00e1 uma sa\u00edda adequada\u201d. Ou seja, falar da sa\u00edda desses adolescentes da institui\u00e7\u00e3o, \u00e9 falar da qualidade do servi\u00e7o oferecido durante o per\u00edodo no qual eles se encontram acolhidos, e tamb\u00e9m dos v\u00ednculos e afetos estabelecidos. Tomando esses dados como refer\u00eancia, essa pesquisa de extens\u00e3o visou preparar adolescentes meninos acolhidos para lidar com o processo de desligamento por maioridade na Baixada Fluminense \u2013 RJ. Para tal, foram aplicados e avaliados os efeitos do programa Candeia, que est\u00e1 dividido em seis eixos e conta com dez encontros que ocorreram em formato de grupo focal e roda de conversa.<\/p>\n","protected":false},"excerpt":{"rendered":"<p>O acolhimento institucional se d\u00e1 como uma das medidas protetivas previstas na Lei Federal n\u00ba 8069\/1990(ECA), art. 101, VII, com reda\u00e7\u00e3o dada [&hellip;]<\/p>\n","protected":false},"author":9,"featured_media":0,"parent":0,"menu_order":0,"comment_status":"closed","ping_status":"closed","template":"","meta":{"_acf_changed":false,"footnotes":""},"class_list":["post-1348","page","type-page","status-publish","hentry"],"acf":[],"yoast_head":"<!-- This site is optimized with the Yoast SEO plugin v26.8 - https:\/\/yoast.com\/product\/yoast-seo-wordpress\/ -->\n<title>LEVICA Projetos de Extens\u00e3o conclu\u00eddo<\/title>\n<meta name=\"robots\" content=\"index, follow, max-snippet:-1, max-image-preview:large, max-video-preview:-1\" \/>\n<link rel=\"canonical\" href=\"https:\/\/laboratorios.ufrrj.br\/levicaufrrj\/projetos-de-extensao-concluido\/\" \/>\n<meta property=\"og:locale\" content=\"pt_BR\" \/>\n<meta property=\"og:type\" content=\"article\" \/>\n<meta property=\"og:title\" content=\"LEVICA Projetos de Extens\u00e3o conclu\u00eddo\" \/>\n<meta property=\"og:description\" content=\"O acolhimento institucional se d\u00e1 como uma das medidas protetivas previstas na Lei Federal n\u00ba 8069\/1990(ECA), art. 101, VII, com reda\u00e7\u00e3o dada [&hellip;]\" \/>\n<meta property=\"og:url\" content=\"https:\/\/laboratorios.ufrrj.br\/levicaufrrj\/projetos-de-extensao-concluido\/\" \/>\n<meta property=\"og:site_name\" content=\"Laborat\u00f3rio de Estudos sobre Viol\u00eancia contra Crian\u00e7as e Adolescentes\" \/>\n<meta property=\"article:publisher\" content=\"https:\/\/www.facebook.com\/levicaufrrj\/\" \/>\n<meta property=\"article:modified_time\" content=\"2025-08-20T18:36:48+00:00\" \/>\n<meta name=\"twitter:card\" content=\"summary_large_image\" \/>\n<meta name=\"twitter:label1\" content=\"Est. tempo de leitura\" \/>\n\t<meta name=\"twitter:data1\" content=\"2 minutos\" \/>\n<script type=\"application\/ld+json\" class=\"yoast-schema-graph\">{\"@context\":\"https:\/\/schema.org\",\"@graph\":[{\"@type\":\"WebPage\",\"@id\":\"https:\/\/laboratorios.ufrrj.br\/levicaufrrj\/projetos-de-extensao-concluido\/\",\"url\":\"https:\/\/laboratorios.ufrrj.br\/levicaufrrj\/projetos-de-extensao-concluido\/\",\"name\":\"LEVICA Projetos de Extens\u00e3o conclu\u00eddo\",\"isPartOf\":{\"@id\":\"https:\/\/laboratorios.ufrrj.br\/levicaufrrj\/#website\"},\"datePublished\":\"2025-06-04T15:26:53+00:00\",\"dateModified\":\"2025-08-20T18:36:48+00:00\",\"breadcrumb\":{\"@id\":\"https:\/\/laboratorios.ufrrj.br\/levicaufrrj\/projetos-de-extensao-concluido\/#breadcrumb\"},\"inLanguage\":\"pt-BR\",\"potentialAction\":[{\"@type\":\"ReadAction\",\"target\":[\"https:\/\/laboratorios.ufrrj.br\/levicaufrrj\/projetos-de-extensao-concluido\/\"]}]},{\"@type\":\"BreadcrumbList\",\"@id\":\"https:\/\/laboratorios.ufrrj.br\/levicaufrrj\/projetos-de-extensao-concluido\/#breadcrumb\",\"itemListElement\":[{\"@type\":\"ListItem\",\"position\":1,\"name\":\"In\u00edcio\",\"item\":\"https:\/\/laboratorios.ufrrj.br\/levicaufrrj\/\"},{\"@type\":\"ListItem\",\"position\":2,\"name\":\"Projetos de Extens\u00e3o conclu\u00eddos\"}]},{\"@type\":\"WebSite\",\"@id\":\"https:\/\/laboratorios.ufrrj.br\/levicaufrrj\/#website\",\"url\":\"https:\/\/laboratorios.ufrrj.br\/levicaufrrj\/\",\"name\":\"Laborat\u00f3rio de Estudos sobre Viol\u00eancia contra Crian\u00e7as e Adolescentes\",\"description\":\"LEVICA - Campus Serop\u00e9dica - UFRRJ\",\"publisher\":{\"@id\":\"https:\/\/laboratorios.ufrrj.br\/levicaufrrj\/#organization\"},\"potentialAction\":[{\"@type\":\"SearchAction\",\"target\":{\"@type\":\"EntryPoint\",\"urlTemplate\":\"https:\/\/laboratorios.ufrrj.br\/levicaufrrj\/?s={search_term_string}\"},\"query-input\":{\"@type\":\"PropertyValueSpecification\",\"valueRequired\":true,\"valueName\":\"search_term_string\"}}],\"inLanguage\":\"pt-BR\"},{\"@type\":\"Organization\",\"@id\":\"https:\/\/laboratorios.ufrrj.br\/levicaufrrj\/#organization\",\"name\":\"LEVICA\",\"url\":\"https:\/\/laboratorios.ufrrj.br\/levicaufrrj\/\",\"logo\":{\"@type\":\"ImageObject\",\"inLanguage\":\"pt-BR\",\"@id\":\"https:\/\/laboratorios.ufrrj.br\/levicaufrrj\/#\/schema\/logo\/image\/\",\"url\":\"https:\/\/laboratorios.ufrrj.br\/levicaufrrj\/wp-content\/uploads\/sites\/39\/2025\/05\/levica-logo.png\",\"contentUrl\":\"https:\/\/laboratorios.ufrrj.br\/levicaufrrj\/wp-content\/uploads\/sites\/39\/2025\/05\/levica-logo.png\",\"width\":512,\"height\":512,\"caption\":\"LEVICA\"},\"image\":{\"@id\":\"https:\/\/laboratorios.ufrrj.br\/levicaufrrj\/#\/schema\/logo\/image\/\"},\"sameAs\":[\"https:\/\/www.facebook.com\/levicaufrrj\/\",\"https:\/\/www.instagram.com\/levicaufrrj\/\",\"https:\/\/www.youtube.com\/@levicaufrrj6400\"]}]}<\/script>\n<!-- \/ Yoast SEO plugin. -->","yoast_head_json":{"title":"LEVICA Projetos de Extens\u00e3o conclu\u00eddo","robots":{"index":"index","follow":"follow","max-snippet":"max-snippet:-1","max-image-preview":"max-image-preview:large","max-video-preview":"max-video-preview:-1"},"canonical":"https:\/\/laboratorios.ufrrj.br\/levicaufrrj\/projetos-de-extensao-concluido\/","og_locale":"pt_BR","og_type":"article","og_title":"LEVICA Projetos de Extens\u00e3o conclu\u00eddo","og_description":"O acolhimento institucional se d\u00e1 como uma das medidas protetivas previstas na Lei Federal n\u00ba 8069\/1990(ECA), art. 101, VII, com reda\u00e7\u00e3o dada [&hellip;]","og_url":"https:\/\/laboratorios.ufrrj.br\/levicaufrrj\/projetos-de-extensao-concluido\/","og_site_name":"Laborat\u00f3rio de Estudos sobre Viol\u00eancia contra Crian\u00e7as e Adolescentes","article_publisher":"https:\/\/www.facebook.com\/levicaufrrj\/","article_modified_time":"2025-08-20T18:36:48+00:00","twitter_card":"summary_large_image","twitter_misc":{"Est. tempo de leitura":"2 minutos"},"schema":{"@context":"https:\/\/schema.org","@graph":[{"@type":"WebPage","@id":"https:\/\/laboratorios.ufrrj.br\/levicaufrrj\/projetos-de-extensao-concluido\/","url":"https:\/\/laboratorios.ufrrj.br\/levicaufrrj\/projetos-de-extensao-concluido\/","name":"LEVICA Projetos de Extens\u00e3o conclu\u00eddo","isPartOf":{"@id":"https:\/\/laboratorios.ufrrj.br\/levicaufrrj\/#website"},"datePublished":"2025-06-04T15:26:53+00:00","dateModified":"2025-08-20T18:36:48+00:00","breadcrumb":{"@id":"https:\/\/laboratorios.ufrrj.br\/levicaufrrj\/projetos-de-extensao-concluido\/#breadcrumb"},"inLanguage":"pt-BR","potentialAction":[{"@type":"ReadAction","target":["https:\/\/laboratorios.ufrrj.br\/levicaufrrj\/projetos-de-extensao-concluido\/"]}]},{"@type":"BreadcrumbList","@id":"https:\/\/laboratorios.ufrrj.br\/levicaufrrj\/projetos-de-extensao-concluido\/#breadcrumb","itemListElement":[{"@type":"ListItem","position":1,"name":"In\u00edcio","item":"https:\/\/laboratorios.ufrrj.br\/levicaufrrj\/"},{"@type":"ListItem","position":2,"name":"Projetos de Extens\u00e3o conclu\u00eddos"}]},{"@type":"WebSite","@id":"https:\/\/laboratorios.ufrrj.br\/levicaufrrj\/#website","url":"https:\/\/laboratorios.ufrrj.br\/levicaufrrj\/","name":"Laborat\u00f3rio de Estudos sobre Viol\u00eancia contra Crian\u00e7as e Adolescentes","description":"LEVICA - Campus Serop\u00e9dica - UFRRJ","publisher":{"@id":"https:\/\/laboratorios.ufrrj.br\/levicaufrrj\/#organization"},"potentialAction":[{"@type":"SearchAction","target":{"@type":"EntryPoint","urlTemplate":"https:\/\/laboratorios.ufrrj.br\/levicaufrrj\/?s={search_term_string}"},"query-input":{"@type":"PropertyValueSpecification","valueRequired":true,"valueName":"search_term_string"}}],"inLanguage":"pt-BR"},{"@type":"Organization","@id":"https:\/\/laboratorios.ufrrj.br\/levicaufrrj\/#organization","name":"LEVICA","url":"https:\/\/laboratorios.ufrrj.br\/levicaufrrj\/","logo":{"@type":"ImageObject","inLanguage":"pt-BR","@id":"https:\/\/laboratorios.ufrrj.br\/levicaufrrj\/#\/schema\/logo\/image\/","url":"https:\/\/laboratorios.ufrrj.br\/levicaufrrj\/wp-content\/uploads\/sites\/39\/2025\/05\/levica-logo.png","contentUrl":"https:\/\/laboratorios.ufrrj.br\/levicaufrrj\/wp-content\/uploads\/sites\/39\/2025\/05\/levica-logo.png","width":512,"height":512,"caption":"LEVICA"},"image":{"@id":"https:\/\/laboratorios.ufrrj.br\/levicaufrrj\/#\/schema\/logo\/image\/"},"sameAs":["https:\/\/www.facebook.com\/levicaufrrj\/","https:\/\/www.instagram.com\/levicaufrrj\/","https:\/\/www.youtube.com\/@levicaufrrj6400"]}]}},"_links":{"self":[{"href":"https:\/\/laboratorios.ufrrj.br\/levicaufrrj\/wp-json\/wp\/v2\/pages\/1348","targetHints":{"allow":["GET"]}}],"collection":[{"href":"https:\/\/laboratorios.ufrrj.br\/levicaufrrj\/wp-json\/wp\/v2\/pages"}],"about":[{"href":"https:\/\/laboratorios.ufrrj.br\/levicaufrrj\/wp-json\/wp\/v2\/types\/page"}],"author":[{"embeddable":true,"href":"https:\/\/laboratorios.ufrrj.br\/levicaufrrj\/wp-json\/wp\/v2\/users\/9"}],"replies":[{"embeddable":true,"href":"https:\/\/laboratorios.ufrrj.br\/levicaufrrj\/wp-json\/wp\/v2\/comments?post=1348"}],"version-history":[{"count":3,"href":"https:\/\/laboratorios.ufrrj.br\/levicaufrrj\/wp-json\/wp\/v2\/pages\/1348\/revisions"}],"predecessor-version":[{"id":2121,"href":"https:\/\/laboratorios.ufrrj.br\/levicaufrrj\/wp-json\/wp\/v2\/pages\/1348\/revisions\/2121"}],"wp:attachment":[{"href":"https:\/\/laboratorios.ufrrj.br\/levicaufrrj\/wp-json\/wp\/v2\/media?parent=1348"}],"curies":[{"name":"wp","href":"https:\/\/api.w.org\/{rel}","templated":true}]}}