{"id":1346,"date":"2025-06-04T12:26:39","date_gmt":"2025-06-04T15:26:39","guid":{"rendered":"https:\/\/laboratorios.ufrrj.br\/levicaufrrj\/?page_id=1346"},"modified":"2025-08-20T16:32:53","modified_gmt":"2025-08-20T19:32:53","slug":"projetos-de-pesquisas-concluido","status":"publish","type":"page","link":"https:\/\/laboratorios.ufrrj.br\/levicaufrrj\/projetos-de-pesquisas-concluido\/","title":{"rendered":"Projetos de Pesquisa conclu\u00eddos"},"content":{"rendered":"\n<ul class=\"wp-block-list\">\n<li><strong>ESTUDO DE CRIAN\u00c7AS E ADOLESCENTES EM SITUA\u00c7\u00c3O DE MIGRA\u00c7\u00c3O REF\u00daGIO EM TERRIT\u00d3RIO BRASILEIRO (2024-2025)<\/strong><\/li>\n<\/ul>\n\n\n\n<p>Este trabalho faz parte da pesquisa cujo objetivo \u00e9 investigar e estudar a\u00e7\u00f5es produzidas pela psicologia no acolhimento de crian\u00e7as e fam\u00edlias refugiadas no Brasil. Uma vez que o deslocamento for\u00e7ado \u00e9 uma viv\u00eancia que corrobora em muitos impactos no desenvolvimento psicossocial da crian\u00e7a, este trabalho visa compreender os efeitos do processo de ref\u00fagio na subjetividade e na sa\u00fade mental da crian\u00e7a migrante. Para isso, utilizou-se as metodologias qualitativas da Revis\u00e3o Integrativa da Literatura e An\u00e1lise de Conte\u00fado. Os resultados apontaram para a aus\u00eancia de a\u00e7\u00f5es pr\u00f3prias da psicologia no acolhimento das crian\u00e7as migrantes. Tamb\u00e9m, indicaram a necessidade de escutar a perspectiva da pr\u00f3pria crian\u00e7a sobre sua experi\u00eancia migrat\u00f3ria, de modo a promover visibilidade \u00e0s suas narrativas, perspectivas e seus interesses. Os resultados, ainda, revelaram que a escuta pode ser uma das formas de interven\u00e7\u00e3o da psicologia, uma vez que pode contribuir na produ\u00e7\u00e3o de novos sentidos sobre a experi\u00eancia do deslocamento. Desse modo, a pesquisa ressalta a import\u00e2ncia da aten\u00e7\u00e3o e cuidado \u00e0 situa\u00e7\u00e3o de migra\u00e7\u00e3o infantil no Brasil, visto que a inf\u00e2ncia \u00e9 um per\u00edodo crucial no desenvolvimento biopsicossocial da crian\u00e7a; e refor\u00e7a, principalmente, a necessidade de a\u00e7\u00f5es da psicologia para o acolhimento dessa popula\u00e7\u00e3o.<\/p>\n\n\n\n<ul class=\"wp-block-list\">\n<li><strong>CRIAN\u00c7AS EM SITUA\u00c7\u00c3O DE REF\u00daGIO EM TERRIT\u00d3RIO BRASILEIRO: A\u00c7\u00d5ES PROTETIVAS E LOCAIS DE REF\u00daGIO (2024 -2025)<\/strong><\/li>\n<\/ul>\n\n\n\n<p>A mobilidade migrat\u00f3ria, marcada na hist\u00f3ria da humanidade, atualmente tem tomado propor\u00e7\u00f5es majoradas, sobretudo por deslocamento for\u00e7ado. O Alto Comissariado das Na\u00e7\u00f5es Unidas para Refugiados (ACNUR) estima que, no ano de 2021, cerca de 50% do total de 21,1 milh\u00f5es de pessoas em situa\u00e7\u00e3o de ref\u00fagio no mundo s\u00e3o crian\u00e7as e adolescentes. O fato requer um olhar sens\u00edvel e cuidadoso, visto que se trata de indiv\u00edduos em desenvolvimento, que,com frequ\u00eancia, foram expostos a eventos traum\u00e1ticos, persegui\u00e7\u00e3o, viol\u00eancias e viola\u00e7\u00f5es de direitos humanos. Nesse cen\u00e1rio, \u00e9 imprescind\u00edvel a implementa\u00e7\u00e3o de pol\u00edticas p\u00fablicas, estrat\u00e9gias de acolhimento e a\u00e7\u00f5es governamentais orientadas \u00e0 garantia de direitos e \u00e0 viabiliza\u00e7\u00e3o de um desenvolvimento saud\u00e1vel, de forma que seja assegurada a n\u00e3o perpetua\u00e7\u00e3o das viola\u00e7\u00f5es e viol\u00eancias vivenciadas pelos infantes em seu pa\u00eds natal. Diante disso, este projeto se prop\u00f4s a realizar o mapeamento dos locais de ref\u00fagio de crian\u00e7as no Rio de Janeiro, bem como investigou quais a\u00e7\u00f5es de cuidado est\u00e3o sendo implementadas visando atender \u00e0s necessidades b\u00e1sicas e emocionais desse p\u00fablico.<\/p>\n\n\n\n<p><\/p>\n\n\n\n<ul class=\"wp-block-list\">\n<li><strong>APLICA\u00c7\u00c3O E AVALIA\u00c7\u00c3O DO PROGRAMA ACT &#8211; ADULTS AND CHILDREN TOGETHER &#8211; RAISING SAFE KIDS &#8211; PARA EDUCAR CRIAN\u00c7AS EM AMBIENTES SEGUROS: PREVEN\u00c7\u00c3O A VIOL\u00caNCIA INFANTIL (2019-2020)<\/strong><\/li>\n<\/ul>\n\n\n\n<p>A viol\u00eancia \u00e9 considerada um problema de sa\u00fade p\u00fablica no Brasil, constituindo hoje a primeira causa de morte de crian\u00e7as e adolescentes a partir dos cinco anos de idade. \u00c9 considerado um fen\u00f4meno complexo e multicausal, estando relacionado a m\u00faltiplos fatores, tais como cultural, socioecon\u00f4mico, psicol\u00f3gico, biol\u00f3gico e ambiental. Segundo pesquisas, a viol\u00eancia praticada contra crian\u00e7as e adolescentes acarreta consequ\u00eancias negativas nas \u00e1reas cognitiva, emocional e comportamental. Importante ressaltar que grande parte dessa viol\u00eancia \u00e9 praticada dentro do ambiente familiar. Sabe-se que a fam\u00edlia desempenha um papel de destaque no desenvolvimento infantojuvenil, uma vez que constitui o primeiro sistema no qual o humano em desenvolvimento interage. A din\u00e2mica da fam\u00edlia \u00e9 importante e crucial para o seu desenvolvimento. O papel dos pais ou respons\u00e1veis\/cuidadores, al\u00e9m do provimento dos bens, sustento dos filhos e educa\u00e7\u00e3o, consiste em transmitir valores culturais e modelos de comportamento que v\u00e3o gerar a estrutura da personalidade do sujeito. Dessa forma, este projeto teve o objetivo de auxiliar fam\u00edlias e cuidadores de crian\u00e7as a educarem seus filhos em ambientes seguros, provendo modelos seguros de relacionamento e estrat\u00e9gias que possibilitaram um desenvolvimento saud\u00e1vel dos infantes.<\/p>\n\n\n\n<ul class=\"wp-block-list\">\n<li><strong>OS DESAFIOS DA POPULA\u00c7\u00c3O EM SITUA\u00c7\u00c3O DE RUA FRENTE \u00c0S POL\u00cdTICAS DE SA\u00daDE P\u00daBLICA (2018-2019)<\/strong><\/li>\n<\/ul>\n\n\n\n<p>Essa pesquisa teve por objetivo analisar a popula\u00e7\u00e3o em situa\u00e7\u00e3o de rua internada em determinada institui\u00e7\u00e3o de sa\u00fade p\u00fablica, bem como seus desafios antes e durante o processo de interna\u00e7\u00e3o. Tratou-se de uma pesquisa explorat\u00f3ria a fim de investigar aspectos como: preconceito, neglig\u00eancia, segrega\u00e7\u00e3o, discrimina\u00e7\u00e3o e os impactos da interna\u00e7\u00e3o na vida de uma pessoa em situa\u00e7\u00e3o de rua, especificamente no processo ap\u00f3s a alta m\u00e9dica, onde h\u00e1 a necessidade de cuidados paliativos.<\/p>\n\n\n\n<ul class=\"wp-block-list\">\n<li><strong>PREVENINDO E INTERVINDO NA VIOL\u00caNCIA CONTRA CRIAN\u00c7AS E ADOLESCENTES (2014-2015)<\/strong><\/li>\n<\/ul>\n\n\n\n<p>O objetivo geral do projeto foi propiciar atendimento psicol\u00f3gico, na abordagem cognitivo-comportamental, a crian\u00e7as e adolescentes v\u00edtimas de viol\u00eancia na Baixada Fluminense, com os seguintes objetivos espec\u00edficos: organizar campanhas e a\u00e7\u00f5es preventivas contra todos os tipos de viol\u00eancia que afetam crian\u00e7as e adolescentes na Baixada Fluminense; desenvolver as campanhas de preven\u00e7\u00e3o contra viol\u00eancia em escolas, comunidades, igrejas, centros, postos de sa\u00fade e \u00e1reas p\u00fablicas diversas; propiciar atendimento psicol\u00f3gico individual e \/ ou em grupo para crian\u00e7as e adolescentes v\u00edtimas de viol\u00eancia; orientar e acompanhar familiares dos usu\u00e1rios do projeto; encaminhar para o conselho tutelar da regi\u00e3o os casos que sejam necess\u00e1rios maior investiga\u00e7\u00e3o ou encaminhamento ao Minist\u00e9rio P\u00fablico; elaborar laudos, relat\u00f3rios e parecer, quando necess\u00e1rio.<\/p>\n","protected":false},"excerpt":{"rendered":"<p>Este trabalho faz parte da pesquisa cujo objetivo \u00e9 investigar e estudar a\u00e7\u00f5es produzidas pela psicologia no acolhimento de crian\u00e7as e fam\u00edlias [&hellip;]<\/p>\n","protected":false},"author":9,"featured_media":0,"parent":0,"menu_order":0,"comment_status":"closed","ping_status":"closed","template":"","meta":{"_acf_changed":false,"footnotes":""},"class_list":["post-1346","page","type-page","status-publish","hentry"],"acf":[],"yoast_head":"<!-- This site is optimized with the Yoast SEO plugin v26.8 - https:\/\/yoast.com\/product\/yoast-seo-wordpress\/ -->\n<title>Projetos de Pesquisa conclu\u00eddos - Laborat\u00f3rio de Estudos sobre Viol\u00eancia contra Crian\u00e7as e Adolescentes<\/title>\n<meta name=\"robots\" content=\"index, follow, max-snippet:-1, max-image-preview:large, max-video-preview:-1\" \/>\n<link rel=\"canonical\" href=\"https:\/\/laboratorios.ufrrj.br\/levicaufrrj\/projetos-de-pesquisas-concluido\/\" \/>\n<meta property=\"og:locale\" content=\"pt_BR\" \/>\n<meta property=\"og:type\" content=\"article\" \/>\n<meta property=\"og:title\" content=\"Projetos de Pesquisa conclu\u00eddos - Laborat\u00f3rio de Estudos sobre Viol\u00eancia contra Crian\u00e7as e Adolescentes\" \/>\n<meta property=\"og:description\" content=\"Este trabalho faz parte da pesquisa cujo objetivo \u00e9 investigar e estudar a\u00e7\u00f5es produzidas pela psicologia no acolhimento de crian\u00e7as e fam\u00edlias [&hellip;]\" \/>\n<meta property=\"og:url\" content=\"https:\/\/laboratorios.ufrrj.br\/levicaufrrj\/projetos-de-pesquisas-concluido\/\" \/>\n<meta property=\"og:site_name\" content=\"Laborat\u00f3rio de Estudos sobre Viol\u00eancia contra Crian\u00e7as e Adolescentes\" \/>\n<meta property=\"article:publisher\" content=\"https:\/\/www.facebook.com\/levicaufrrj\/\" \/>\n<meta property=\"article:modified_time\" content=\"2025-08-20T19:32:53+00:00\" \/>\n<meta name=\"twitter:card\" content=\"summary_large_image\" \/>\n<meta name=\"twitter:label1\" content=\"Est. tempo de leitura\" \/>\n\t<meta name=\"twitter:data1\" content=\"5 minutos\" \/>\n<script type=\"application\/ld+json\" class=\"yoast-schema-graph\">{\"@context\":\"https:\/\/schema.org\",\"@graph\":[{\"@type\":\"WebPage\",\"@id\":\"https:\/\/laboratorios.ufrrj.br\/levicaufrrj\/projetos-de-pesquisas-concluido\/\",\"url\":\"https:\/\/laboratorios.ufrrj.br\/levicaufrrj\/projetos-de-pesquisas-concluido\/\",\"name\":\"Projetos de Pesquisa conclu\u00eddos - Laborat\u00f3rio de Estudos sobre Viol\u00eancia contra Crian\u00e7as e Adolescentes\",\"isPartOf\":{\"@id\":\"https:\/\/laboratorios.ufrrj.br\/levicaufrrj\/#website\"},\"datePublished\":\"2025-06-04T15:26:39+00:00\",\"dateModified\":\"2025-08-20T19:32:53+00:00\",\"breadcrumb\":{\"@id\":\"https:\/\/laboratorios.ufrrj.br\/levicaufrrj\/projetos-de-pesquisas-concluido\/#breadcrumb\"},\"inLanguage\":\"pt-BR\",\"potentialAction\":[{\"@type\":\"ReadAction\",\"target\":[\"https:\/\/laboratorios.ufrrj.br\/levicaufrrj\/projetos-de-pesquisas-concluido\/\"]}]},{\"@type\":\"BreadcrumbList\",\"@id\":\"https:\/\/laboratorios.ufrrj.br\/levicaufrrj\/projetos-de-pesquisas-concluido\/#breadcrumb\",\"itemListElement\":[{\"@type\":\"ListItem\",\"position\":1,\"name\":\"In\u00edcio\",\"item\":\"https:\/\/laboratorios.ufrrj.br\/levicaufrrj\/\"},{\"@type\":\"ListItem\",\"position\":2,\"name\":\"Projetos de Pesquisa conclu\u00eddos\"}]},{\"@type\":\"WebSite\",\"@id\":\"https:\/\/laboratorios.ufrrj.br\/levicaufrrj\/#website\",\"url\":\"https:\/\/laboratorios.ufrrj.br\/levicaufrrj\/\",\"name\":\"Laborat\u00f3rio de Estudos sobre Viol\u00eancia contra Crian\u00e7as e Adolescentes\",\"description\":\"LEVICA - Campus Serop\u00e9dica - UFRRJ\",\"publisher\":{\"@id\":\"https:\/\/laboratorios.ufrrj.br\/levicaufrrj\/#organization\"},\"potentialAction\":[{\"@type\":\"SearchAction\",\"target\":{\"@type\":\"EntryPoint\",\"urlTemplate\":\"https:\/\/laboratorios.ufrrj.br\/levicaufrrj\/?s={search_term_string}\"},\"query-input\":{\"@type\":\"PropertyValueSpecification\",\"valueRequired\":true,\"valueName\":\"search_term_string\"}}],\"inLanguage\":\"pt-BR\"},{\"@type\":\"Organization\",\"@id\":\"https:\/\/laboratorios.ufrrj.br\/levicaufrrj\/#organization\",\"name\":\"LEVICA\",\"url\":\"https:\/\/laboratorios.ufrrj.br\/levicaufrrj\/\",\"logo\":{\"@type\":\"ImageObject\",\"inLanguage\":\"pt-BR\",\"@id\":\"https:\/\/laboratorios.ufrrj.br\/levicaufrrj\/#\/schema\/logo\/image\/\",\"url\":\"https:\/\/laboratorios.ufrrj.br\/levicaufrrj\/wp-content\/uploads\/sites\/39\/2025\/05\/levica-logo.png\",\"contentUrl\":\"https:\/\/laboratorios.ufrrj.br\/levicaufrrj\/wp-content\/uploads\/sites\/39\/2025\/05\/levica-logo.png\",\"width\":512,\"height\":512,\"caption\":\"LEVICA\"},\"image\":{\"@id\":\"https:\/\/laboratorios.ufrrj.br\/levicaufrrj\/#\/schema\/logo\/image\/\"},\"sameAs\":[\"https:\/\/www.facebook.com\/levicaufrrj\/\",\"https:\/\/www.instagram.com\/levicaufrrj\/\",\"https:\/\/www.youtube.com\/@levicaufrrj6400\"]}]}<\/script>\n<!-- \/ Yoast SEO plugin. -->","yoast_head_json":{"title":"Projetos de Pesquisa conclu\u00eddos - Laborat\u00f3rio de Estudos sobre Viol\u00eancia contra Crian\u00e7as e Adolescentes","robots":{"index":"index","follow":"follow","max-snippet":"max-snippet:-1","max-image-preview":"max-image-preview:large","max-video-preview":"max-video-preview:-1"},"canonical":"https:\/\/laboratorios.ufrrj.br\/levicaufrrj\/projetos-de-pesquisas-concluido\/","og_locale":"pt_BR","og_type":"article","og_title":"Projetos de Pesquisa conclu\u00eddos - Laborat\u00f3rio de Estudos sobre Viol\u00eancia contra Crian\u00e7as e Adolescentes","og_description":"Este trabalho faz parte da pesquisa cujo objetivo \u00e9 investigar e estudar a\u00e7\u00f5es produzidas pela psicologia no acolhimento de crian\u00e7as e fam\u00edlias [&hellip;]","og_url":"https:\/\/laboratorios.ufrrj.br\/levicaufrrj\/projetos-de-pesquisas-concluido\/","og_site_name":"Laborat\u00f3rio de Estudos sobre Viol\u00eancia contra Crian\u00e7as e Adolescentes","article_publisher":"https:\/\/www.facebook.com\/levicaufrrj\/","article_modified_time":"2025-08-20T19:32:53+00:00","twitter_card":"summary_large_image","twitter_misc":{"Est. tempo de leitura":"5 minutos"},"schema":{"@context":"https:\/\/schema.org","@graph":[{"@type":"WebPage","@id":"https:\/\/laboratorios.ufrrj.br\/levicaufrrj\/projetos-de-pesquisas-concluido\/","url":"https:\/\/laboratorios.ufrrj.br\/levicaufrrj\/projetos-de-pesquisas-concluido\/","name":"Projetos de Pesquisa conclu\u00eddos - Laborat\u00f3rio de Estudos sobre Viol\u00eancia contra Crian\u00e7as e Adolescentes","isPartOf":{"@id":"https:\/\/laboratorios.ufrrj.br\/levicaufrrj\/#website"},"datePublished":"2025-06-04T15:26:39+00:00","dateModified":"2025-08-20T19:32:53+00:00","breadcrumb":{"@id":"https:\/\/laboratorios.ufrrj.br\/levicaufrrj\/projetos-de-pesquisas-concluido\/#breadcrumb"},"inLanguage":"pt-BR","potentialAction":[{"@type":"ReadAction","target":["https:\/\/laboratorios.ufrrj.br\/levicaufrrj\/projetos-de-pesquisas-concluido\/"]}]},{"@type":"BreadcrumbList","@id":"https:\/\/laboratorios.ufrrj.br\/levicaufrrj\/projetos-de-pesquisas-concluido\/#breadcrumb","itemListElement":[{"@type":"ListItem","position":1,"name":"In\u00edcio","item":"https:\/\/laboratorios.ufrrj.br\/levicaufrrj\/"},{"@type":"ListItem","position":2,"name":"Projetos de Pesquisa conclu\u00eddos"}]},{"@type":"WebSite","@id":"https:\/\/laboratorios.ufrrj.br\/levicaufrrj\/#website","url":"https:\/\/laboratorios.ufrrj.br\/levicaufrrj\/","name":"Laborat\u00f3rio de Estudos sobre Viol\u00eancia contra Crian\u00e7as e Adolescentes","description":"LEVICA - Campus Serop\u00e9dica - UFRRJ","publisher":{"@id":"https:\/\/laboratorios.ufrrj.br\/levicaufrrj\/#organization"},"potentialAction":[{"@type":"SearchAction","target":{"@type":"EntryPoint","urlTemplate":"https:\/\/laboratorios.ufrrj.br\/levicaufrrj\/?s={search_term_string}"},"query-input":{"@type":"PropertyValueSpecification","valueRequired":true,"valueName":"search_term_string"}}],"inLanguage":"pt-BR"},{"@type":"Organization","@id":"https:\/\/laboratorios.ufrrj.br\/levicaufrrj\/#organization","name":"LEVICA","url":"https:\/\/laboratorios.ufrrj.br\/levicaufrrj\/","logo":{"@type":"ImageObject","inLanguage":"pt-BR","@id":"https:\/\/laboratorios.ufrrj.br\/levicaufrrj\/#\/schema\/logo\/image\/","url":"https:\/\/laboratorios.ufrrj.br\/levicaufrrj\/wp-content\/uploads\/sites\/39\/2025\/05\/levica-logo.png","contentUrl":"https:\/\/laboratorios.ufrrj.br\/levicaufrrj\/wp-content\/uploads\/sites\/39\/2025\/05\/levica-logo.png","width":512,"height":512,"caption":"LEVICA"},"image":{"@id":"https:\/\/laboratorios.ufrrj.br\/levicaufrrj\/#\/schema\/logo\/image\/"},"sameAs":["https:\/\/www.facebook.com\/levicaufrrj\/","https:\/\/www.instagram.com\/levicaufrrj\/","https:\/\/www.youtube.com\/@levicaufrrj6400"]}]}},"_links":{"self":[{"href":"https:\/\/laboratorios.ufrrj.br\/levicaufrrj\/wp-json\/wp\/v2\/pages\/1346","targetHints":{"allow":["GET"]}}],"collection":[{"href":"https:\/\/laboratorios.ufrrj.br\/levicaufrrj\/wp-json\/wp\/v2\/pages"}],"about":[{"href":"https:\/\/laboratorios.ufrrj.br\/levicaufrrj\/wp-json\/wp\/v2\/types\/page"}],"author":[{"embeddable":true,"href":"https:\/\/laboratorios.ufrrj.br\/levicaufrrj\/wp-json\/wp\/v2\/users\/9"}],"replies":[{"embeddable":true,"href":"https:\/\/laboratorios.ufrrj.br\/levicaufrrj\/wp-json\/wp\/v2\/comments?post=1346"}],"version-history":[{"count":5,"href":"https:\/\/laboratorios.ufrrj.br\/levicaufrrj\/wp-json\/wp\/v2\/pages\/1346\/revisions"}],"predecessor-version":[{"id":2151,"href":"https:\/\/laboratorios.ufrrj.br\/levicaufrrj\/wp-json\/wp\/v2\/pages\/1346\/revisions\/2151"}],"wp:attachment":[{"href":"https:\/\/laboratorios.ufrrj.br\/levicaufrrj\/wp-json\/wp\/v2\/media?parent=1346"}],"curies":[{"name":"wp","href":"https:\/\/api.w.org\/{rel}","templated":true}]}}