{"id":1344,"date":"2025-06-04T12:26:28","date_gmt":"2025-06-04T15:26:28","guid":{"rendered":"https:\/\/laboratorios.ufrrj.br\/levicaufrrj\/?page_id=1344"},"modified":"2025-08-20T15:31:49","modified_gmt":"2025-08-20T18:31:49","slug":"projetos-de-pesquisa-em-andamento","status":"publish","type":"page","link":"https:\/\/laboratorios.ufrrj.br\/levicaufrrj\/projetos-de-pesquisa-em-andamento\/","title":{"rendered":"Projetos de Pesquisa em andamento"},"content":{"rendered":"\n<ul class=\"wp-block-list\">\n<li><strong>M\u00cdDIAS SOCIAIS E TECNOLOGIAS PARTICIPATIVAS: ESTRAT\u00c9GIAS INOVADORAS NA PREVEN\u00c7\u00c3O DA VIOL\u00caNCIA INFANTOJUVENIL (2025 &#8211; atual)<\/strong><\/li>\n<\/ul>\n\n\n\n<p>A viol\u00eancia contra crian\u00e7as e adolescentes \u00e9 um grave problema de sa\u00fade p\u00fablica no Brasil, manifestando-se em ambientes familiares, escolares e, atualmente, no ambiente digital. Dados do mapa da viol\u00eancia s\u00e3o alarmantes e revelam registros de viol\u00eancias em escolas p\u00fablicas e o lar como sendo o principal local das agress\u00f5es. Um dado importante foi o cyberbullying afetando um em cada tr\u00eas jovens. As consequ\u00eancias da viol\u00eancia ao longo do desenvolvimento s\u00e3o devastadoras: desde impactos neurobiol\u00f3gicos &#8211; como redu\u00e7\u00e3o do hipocampo-, at\u00e9 preju\u00edzos cognitivos e emocionais duradouros. Diante desse cen\u00e1rio, as m\u00eddias sociais e tecnologias sociais participativas emergem como ferramentas estrat\u00e9gicas para preven\u00e7\u00e3o. Plataformas digitais, como as mantidas pelo LEVICA\/UFRRJ (Instagram @levica.ufrrj e YouTube), t\u00eam demonstrado efic\u00e1cia na divulga\u00e7\u00e3o cient\u00edfica e mobiliza\u00e7\u00e3o social, aliando rigor acad\u00eamico \u00e0 linguagem acess\u00edvel para o combate da viol\u00eancia, auxiliando a comunidade externa e a sociedade geral na amplia\u00e7\u00e3o de conhecimentos sobre os temas para auxiliar a tomada de decis\u00e3o frente a casos de viol\u00eancia, autoprote\u00e7\u00e3o. Levando isso em conta, esse projeto visa \u00e0 cria\u00e7\u00e3o e desenvolvimento de tecnologias sociais como instrumento de transforma\u00e7\u00e3o social que atuar\u00e1 na orienta\u00e7\u00e3o a respeito da prote\u00e7\u00e3o e viol\u00eancia infantojuvenil, com vistas a suprir uma demanda social premente no Brasil. Espera-se com esse projeto que o letramento midi\u00e1tico, por meio da cria\u00e7\u00e3o das tecnologias sociais, estimule e incentive o pensamento cr\u00edtico, acess\u00edvel, e tenha potencial de multiplica\u00e7\u00e3o de informa\u00e7\u00f5es e produ\u00e7\u00e3o de novos conhecimentos na \u00e1rea da prote\u00e7\u00e3o infantojuvenil.<\/p>\n\n\n\n<p><\/p>\n\n\n\n<ul class=\"wp-block-list\">\n<li><strong>MUTISMO SELETIVO: UM ESTUDO DE CRIA\u00c7\u00c3O E APLICA\u00c7\u00c3O DE T\u00c9CNICAS PARA INTERVEN\u00c7\u00c3O COM CUIDADORES, CRIAN\u00c7AS E ADOLESCENTES (2024 &#8211; atual)<\/strong><\/li>\n<\/ul>\n\n\n\n<p>Esse projeto visa o aprimoramento de t\u00e9cnicas com a utiliza\u00e7\u00e3o de desenvolvimento de tecnologia social para psicoeducar crian\u00e7as e adolescentes a respeito do transtorno denominado Mutismo Seletivo (MS). O MS \u00e9 um transtorno de ansiedade infantil caracterizado pela aus\u00eancia da fala em situa\u00e7\u00f5es sociais nas quais se espera a verbaliza\u00e7\u00e3o da crian\u00e7a ou do adolescente. Quando n\u00e3o tratado, pode evoluir e se tornar uma fobia social grave, afetando a sa\u00fade mental e influenciando de forma negativa o curso do desenvolvimento e a qualidade de vida desses sujeitos. A Organiza\u00e7\u00e3o Mundial de Sa\u00fade publicou que dist\u00farbios de ansiedade afetam em torno de 1 a 3% da popula\u00e7\u00e3o entre 0 e 17 anos, o que equivale a 8 milh\u00f5es de crian\u00e7as e adolescentes no mundo. Embora a preval\u00eancia do MS esteja estimada em menos de 1% da popula\u00e7\u00e3o, observa-se, por meio de pesquisas e evid\u00eancias cl\u00ednicas, que sua preval\u00eancia e incid\u00eancia t\u00eam aumentado em todo o mundo, principalmente no Brasil. Dessa forma, aprimorar formas de interven\u00e7\u00e3o e trabalhar com preven\u00e7\u00e3o pode aumentar a qualidade de vida e bem-estar de crian\u00e7as e adolescentes com o transtorno. Para isso, a psicoeduca\u00e7\u00e3o, como metodologia ou t\u00e9cnica de trabalho, apresenta-se como um importante e imprescind\u00edvel instrumento, que visa orientar pessoas e comunidades sobre o funcionamento do MS, facilitando processos de mudan\u00e7a nos pais e nos filhos e evitando a manuten\u00e7\u00e3o do comportamento mudo e a inibi\u00e7\u00e3o comportamental que refor\u00e7am o transtorno.&nbsp;<\/p>\n","protected":false},"excerpt":{"rendered":"<p>A viol\u00eancia contra crian\u00e7as e adolescentes \u00e9 um grave problema de sa\u00fade p\u00fablica no Brasil, manifestando-se em ambientes familiares, escolares e, atualmente, [&hellip;]<\/p>\n","protected":false},"author":9,"featured_media":0,"parent":0,"menu_order":0,"comment_status":"closed","ping_status":"closed","template":"","meta":{"_acf_changed":false,"footnotes":""},"class_list":["post-1344","page","type-page","status-publish","hentry"],"acf":[],"yoast_head":"<!-- This site is optimized with the Yoast SEO plugin v26.8 - https:\/\/yoast.com\/product\/yoast-seo-wordpress\/ -->\n<title>LEVICA Projetos de Pesquisa em andamento<\/title>\n<meta name=\"robots\" content=\"index, follow, max-snippet:-1, max-image-preview:large, max-video-preview:-1\" \/>\n<link rel=\"canonical\" href=\"https:\/\/laboratorios.ufrrj.br\/levicaufrrj\/projetos-de-pesquisa-em-andamento\/\" \/>\n<meta property=\"og:locale\" content=\"pt_BR\" \/>\n<meta property=\"og:type\" content=\"article\" \/>\n<meta property=\"og:title\" content=\"LEVICA Projetos de Pesquisa em andamento\" \/>\n<meta property=\"og:description\" content=\"A viol\u00eancia contra crian\u00e7as e adolescentes \u00e9 um grave problema de sa\u00fade p\u00fablica no Brasil, manifestando-se em ambientes familiares, escolares e, atualmente, [&hellip;]\" \/>\n<meta property=\"og:url\" content=\"https:\/\/laboratorios.ufrrj.br\/levicaufrrj\/projetos-de-pesquisa-em-andamento\/\" \/>\n<meta property=\"og:site_name\" content=\"Laborat\u00f3rio de Estudos sobre Viol\u00eancia contra Crian\u00e7as e Adolescentes\" \/>\n<meta property=\"article:publisher\" content=\"https:\/\/www.facebook.com\/levicaufrrj\/\" \/>\n<meta property=\"article:modified_time\" content=\"2025-08-20T18:31:49+00:00\" \/>\n<meta name=\"twitter:card\" content=\"summary_large_image\" \/>\n<meta name=\"twitter:label1\" content=\"Est. tempo de leitura\" \/>\n\t<meta name=\"twitter:data1\" content=\"3 minutos\" \/>\n<script type=\"application\/ld+json\" class=\"yoast-schema-graph\">{\"@context\":\"https:\/\/schema.org\",\"@graph\":[{\"@type\":\"WebPage\",\"@id\":\"https:\/\/laboratorios.ufrrj.br\/levicaufrrj\/projetos-de-pesquisa-em-andamento\/\",\"url\":\"https:\/\/laboratorios.ufrrj.br\/levicaufrrj\/projetos-de-pesquisa-em-andamento\/\",\"name\":\"LEVICA Projetos de Pesquisa em andamento\",\"isPartOf\":{\"@id\":\"https:\/\/laboratorios.ufrrj.br\/levicaufrrj\/#website\"},\"datePublished\":\"2025-06-04T15:26:28+00:00\",\"dateModified\":\"2025-08-20T18:31:49+00:00\",\"breadcrumb\":{\"@id\":\"https:\/\/laboratorios.ufrrj.br\/levicaufrrj\/projetos-de-pesquisa-em-andamento\/#breadcrumb\"},\"inLanguage\":\"pt-BR\",\"potentialAction\":[{\"@type\":\"ReadAction\",\"target\":[\"https:\/\/laboratorios.ufrrj.br\/levicaufrrj\/projetos-de-pesquisa-em-andamento\/\"]}]},{\"@type\":\"BreadcrumbList\",\"@id\":\"https:\/\/laboratorios.ufrrj.br\/levicaufrrj\/projetos-de-pesquisa-em-andamento\/#breadcrumb\",\"itemListElement\":[{\"@type\":\"ListItem\",\"position\":1,\"name\":\"In\u00edcio\",\"item\":\"https:\/\/laboratorios.ufrrj.br\/levicaufrrj\/\"},{\"@type\":\"ListItem\",\"position\":2,\"name\":\"Projetos de Pesquisa em andamento\"}]},{\"@type\":\"WebSite\",\"@id\":\"https:\/\/laboratorios.ufrrj.br\/levicaufrrj\/#website\",\"url\":\"https:\/\/laboratorios.ufrrj.br\/levicaufrrj\/\",\"name\":\"Laborat\u00f3rio de Estudos sobre Viol\u00eancia contra Crian\u00e7as e Adolescentes\",\"description\":\"LEVICA - Campus Serop\u00e9dica - UFRRJ\",\"publisher\":{\"@id\":\"https:\/\/laboratorios.ufrrj.br\/levicaufrrj\/#organization\"},\"potentialAction\":[{\"@type\":\"SearchAction\",\"target\":{\"@type\":\"EntryPoint\",\"urlTemplate\":\"https:\/\/laboratorios.ufrrj.br\/levicaufrrj\/?s={search_term_string}\"},\"query-input\":{\"@type\":\"PropertyValueSpecification\",\"valueRequired\":true,\"valueName\":\"search_term_string\"}}],\"inLanguage\":\"pt-BR\"},{\"@type\":\"Organization\",\"@id\":\"https:\/\/laboratorios.ufrrj.br\/levicaufrrj\/#organization\",\"name\":\"LEVICA\",\"url\":\"https:\/\/laboratorios.ufrrj.br\/levicaufrrj\/\",\"logo\":{\"@type\":\"ImageObject\",\"inLanguage\":\"pt-BR\",\"@id\":\"https:\/\/laboratorios.ufrrj.br\/levicaufrrj\/#\/schema\/logo\/image\/\",\"url\":\"https:\/\/laboratorios.ufrrj.br\/levicaufrrj\/wp-content\/uploads\/sites\/39\/2025\/05\/levica-logo.png\",\"contentUrl\":\"https:\/\/laboratorios.ufrrj.br\/levicaufrrj\/wp-content\/uploads\/sites\/39\/2025\/05\/levica-logo.png\",\"width\":512,\"height\":512,\"caption\":\"LEVICA\"},\"image\":{\"@id\":\"https:\/\/laboratorios.ufrrj.br\/levicaufrrj\/#\/schema\/logo\/image\/\"},\"sameAs\":[\"https:\/\/www.facebook.com\/levicaufrrj\/\",\"https:\/\/www.instagram.com\/levicaufrrj\/\",\"https:\/\/www.youtube.com\/@levicaufrrj6400\"]}]}<\/script>\n<!-- \/ Yoast SEO plugin. -->","yoast_head_json":{"title":"LEVICA Projetos de Pesquisa em andamento","robots":{"index":"index","follow":"follow","max-snippet":"max-snippet:-1","max-image-preview":"max-image-preview:large","max-video-preview":"max-video-preview:-1"},"canonical":"https:\/\/laboratorios.ufrrj.br\/levicaufrrj\/projetos-de-pesquisa-em-andamento\/","og_locale":"pt_BR","og_type":"article","og_title":"LEVICA Projetos de Pesquisa em andamento","og_description":"A viol\u00eancia contra crian\u00e7as e adolescentes \u00e9 um grave problema de sa\u00fade p\u00fablica no Brasil, manifestando-se em ambientes familiares, escolares e, atualmente, [&hellip;]","og_url":"https:\/\/laboratorios.ufrrj.br\/levicaufrrj\/projetos-de-pesquisa-em-andamento\/","og_site_name":"Laborat\u00f3rio de Estudos sobre Viol\u00eancia contra Crian\u00e7as e Adolescentes","article_publisher":"https:\/\/www.facebook.com\/levicaufrrj\/","article_modified_time":"2025-08-20T18:31:49+00:00","twitter_card":"summary_large_image","twitter_misc":{"Est. tempo de leitura":"3 minutos"},"schema":{"@context":"https:\/\/schema.org","@graph":[{"@type":"WebPage","@id":"https:\/\/laboratorios.ufrrj.br\/levicaufrrj\/projetos-de-pesquisa-em-andamento\/","url":"https:\/\/laboratorios.ufrrj.br\/levicaufrrj\/projetos-de-pesquisa-em-andamento\/","name":"LEVICA Projetos de Pesquisa em andamento","isPartOf":{"@id":"https:\/\/laboratorios.ufrrj.br\/levicaufrrj\/#website"},"datePublished":"2025-06-04T15:26:28+00:00","dateModified":"2025-08-20T18:31:49+00:00","breadcrumb":{"@id":"https:\/\/laboratorios.ufrrj.br\/levicaufrrj\/projetos-de-pesquisa-em-andamento\/#breadcrumb"},"inLanguage":"pt-BR","potentialAction":[{"@type":"ReadAction","target":["https:\/\/laboratorios.ufrrj.br\/levicaufrrj\/projetos-de-pesquisa-em-andamento\/"]}]},{"@type":"BreadcrumbList","@id":"https:\/\/laboratorios.ufrrj.br\/levicaufrrj\/projetos-de-pesquisa-em-andamento\/#breadcrumb","itemListElement":[{"@type":"ListItem","position":1,"name":"In\u00edcio","item":"https:\/\/laboratorios.ufrrj.br\/levicaufrrj\/"},{"@type":"ListItem","position":2,"name":"Projetos de Pesquisa em andamento"}]},{"@type":"WebSite","@id":"https:\/\/laboratorios.ufrrj.br\/levicaufrrj\/#website","url":"https:\/\/laboratorios.ufrrj.br\/levicaufrrj\/","name":"Laborat\u00f3rio de Estudos sobre Viol\u00eancia contra Crian\u00e7as e Adolescentes","description":"LEVICA - Campus Serop\u00e9dica - UFRRJ","publisher":{"@id":"https:\/\/laboratorios.ufrrj.br\/levicaufrrj\/#organization"},"potentialAction":[{"@type":"SearchAction","target":{"@type":"EntryPoint","urlTemplate":"https:\/\/laboratorios.ufrrj.br\/levicaufrrj\/?s={search_term_string}"},"query-input":{"@type":"PropertyValueSpecification","valueRequired":true,"valueName":"search_term_string"}}],"inLanguage":"pt-BR"},{"@type":"Organization","@id":"https:\/\/laboratorios.ufrrj.br\/levicaufrrj\/#organization","name":"LEVICA","url":"https:\/\/laboratorios.ufrrj.br\/levicaufrrj\/","logo":{"@type":"ImageObject","inLanguage":"pt-BR","@id":"https:\/\/laboratorios.ufrrj.br\/levicaufrrj\/#\/schema\/logo\/image\/","url":"https:\/\/laboratorios.ufrrj.br\/levicaufrrj\/wp-content\/uploads\/sites\/39\/2025\/05\/levica-logo.png","contentUrl":"https:\/\/laboratorios.ufrrj.br\/levicaufrrj\/wp-content\/uploads\/sites\/39\/2025\/05\/levica-logo.png","width":512,"height":512,"caption":"LEVICA"},"image":{"@id":"https:\/\/laboratorios.ufrrj.br\/levicaufrrj\/#\/schema\/logo\/image\/"},"sameAs":["https:\/\/www.facebook.com\/levicaufrrj\/","https:\/\/www.instagram.com\/levicaufrrj\/","https:\/\/www.youtube.com\/@levicaufrrj6400"]}]}},"_links":{"self":[{"href":"https:\/\/laboratorios.ufrrj.br\/levicaufrrj\/wp-json\/wp\/v2\/pages\/1344","targetHints":{"allow":["GET"]}}],"collection":[{"href":"https:\/\/laboratorios.ufrrj.br\/levicaufrrj\/wp-json\/wp\/v2\/pages"}],"about":[{"href":"https:\/\/laboratorios.ufrrj.br\/levicaufrrj\/wp-json\/wp\/v2\/types\/page"}],"author":[{"embeddable":true,"href":"https:\/\/laboratorios.ufrrj.br\/levicaufrrj\/wp-json\/wp\/v2\/users\/9"}],"replies":[{"embeddable":true,"href":"https:\/\/laboratorios.ufrrj.br\/levicaufrrj\/wp-json\/wp\/v2\/comments?post=1344"}],"version-history":[{"count":3,"href":"https:\/\/laboratorios.ufrrj.br\/levicaufrrj\/wp-json\/wp\/v2\/pages\/1344\/revisions"}],"predecessor-version":[{"id":2119,"href":"https:\/\/laboratorios.ufrrj.br\/levicaufrrj\/wp-json\/wp\/v2\/pages\/1344\/revisions\/2119"}],"wp:attachment":[{"href":"https:\/\/laboratorios.ufrrj.br\/levicaufrrj\/wp-json\/wp\/v2\/media?parent=1344"}],"curies":[{"name":"wp","href":"https:\/\/api.w.org\/{rel}","templated":true}]}}