{"id":1337,"date":"2025-06-04T12:24:51","date_gmt":"2025-06-04T15:24:51","guid":{"rendered":"https:\/\/laboratorios.ufrrj.br\/levicaufrrj\/?page_id=1337"},"modified":"2025-08-19T20:30:03","modified_gmt":"2025-08-19T23:30:03","slug":"colaboradores-externos","status":"publish","type":"page","link":"https:\/\/laboratorios.ufrrj.br\/levicaufrrj\/colaboradores-externos\/","title":{"rendered":"Colaboradores"},"content":{"rendered":"\n<p><strong>Marcelo Princeswal<\/strong><\/p>\n\n\n\n<p>Colaborador interno do LEVICA\/UFRRJ. Professor do Depto de Psicologia da UFRRJ. Doutor em Psicologia pela UERJ. Atua no tema de Pol\u00edticas p\u00fablicas, Educa\u00e7\u00e3o e Movimentos sociais na Am\u00e9rica Latina.<\/p>\n\n\n\n<div class=\"wp-block-buttons is-layout-flex wp-block-buttons-is-layout-flex\">\n<div class=\"wp-block-button\"><a class=\"wp-block-button__link wp-element-button\" href=\" http:\/\/lattes.cnpq.br\/1768839082341541\">Curr\u00edculo Lattes<\/a><\/div>\n<\/div>\n\n\n\n<p><\/p>\n\n\n\n<p><strong>Sandra Duarte Ant\u00e3o<\/strong><\/p>\n\n\n\n<figure class=\"wp-block-image size-large is-resized\"><a href=\"https:\/\/laboratorios.ufrrj.br\/levicaufrrj\/wp-content\/uploads\/sites\/39\/2025\/08\/WhatsApp-Image-2025-08-15-at-20.10.20.jpeg\"><img loading=\"lazy\" decoding=\"async\" src=\"https:\/\/laboratorios.ufrrj.br\/levicaufrrj\/wp-content\/uploads\/sites\/39\/2025\/08\/WhatsApp-Image-2025-08-15-at-20.10.20-768x1024.jpeg\" alt=\"\" class=\"wp-image-1932\" width=\"179\" height=\"239\" srcset=\"https:\/\/laboratorios.ufrrj.br\/levicaufrrj\/wp-content\/uploads\/sites\/39\/2025\/08\/WhatsApp-Image-2025-08-15-at-20.10.20-768x1024.jpeg 768w, https:\/\/laboratorios.ufrrj.br\/levicaufrrj\/wp-content\/uploads\/sites\/39\/2025\/08\/WhatsApp-Image-2025-08-15-at-20.10.20-225x300.jpeg 225w, https:\/\/laboratorios.ufrrj.br\/levicaufrrj\/wp-content\/uploads\/sites\/39\/2025\/08\/WhatsApp-Image-2025-08-15-at-20.10.20-1152x1536.jpeg 1152w, https:\/\/laboratorios.ufrrj.br\/levicaufrrj\/wp-content\/uploads\/sites\/39\/2025\/08\/WhatsApp-Image-2025-08-15-at-20.10.20-53x70.jpeg 53w, https:\/\/laboratorios.ufrrj.br\/levicaufrrj\/wp-content\/uploads\/sites\/39\/2025\/08\/WhatsApp-Image-2025-08-15-at-20.10.20.jpeg 1200w\" sizes=\"auto, (max-width: 179px) 100vw, 179px\" \/><\/a><\/figure>\n\n\n\n<p>Psic\u00f3loga. Doutora em Psicologia pela UFRRJ-LEVICA. Especialista em TCC. Coordenadora do projeto de extens\u00e3o Ginga: por uma escola antirracista que visa fomentar debates decoloniais na forma\u00e7\u00e3o em Psicologia e promover interven\u00e7\u00f5es pr\u00e1ticas visando o combate ao racismo nas escolas. Desenvolve trabalho com adolescentes e jovens no Projeto Social Sonhos Unidos, que visa o fortalecimento dos v\u00ednculos comunit\u00e1rios para buscar justi\u00e7a social.\u00a0<\/p>\n\n\n\n<div class=\"wp-block-buttons is-layout-flex wp-block-buttons-is-layout-flex\">\n<div class=\"wp-block-button\"><a class=\"wp-block-button__link wp-element-button\" href=\"http:\/\/lattes.cnpq.br\/7645233553103478\">Curr\u00edculo Lattes<\/a><\/div>\n\n\n\n<div class=\"wp-block-button\"><a class=\"wp-block-button__link wp-element-button\" href=\"https:\/\/www.instagram.com\/sandra.duarte.antao?igsh=azI3bTVhdHgyc3Jl\">Instagram<\/a><\/div>\n<\/div>\n","protected":false},"excerpt":{"rendered":"<p>Marcelo Princeswal Colaborador interno do LEVICA\/UFRRJ. Professor do Depto de Psicologia da UFRRJ. Doutor em Psicologia pela UERJ. Atua no tema de [&hellip;]<\/p>\n","protected":false},"author":9,"featured_media":0,"parent":0,"menu_order":0,"comment_status":"closed","ping_status":"closed","template":"","meta":{"_acf_changed":false,"footnotes":""},"class_list":["post-1337","page","type-page","status-publish","hentry"],"acf":[],"yoast_head":"<!-- This site is optimized with the Yoast SEO plugin v26.8 - https:\/\/yoast.com\/product\/yoast-seo-wordpress\/ -->\n<title>Colaboradores - Laborat\u00f3rio de Estudos sobre Viol\u00eancia contra Crian\u00e7as e Adolescentes<\/title>\n<meta name=\"robots\" content=\"index, follow, max-snippet:-1, max-image-preview:large, max-video-preview:-1\" \/>\n<link rel=\"canonical\" href=\"https:\/\/laboratorios.ufrrj.br\/levicaufrrj\/colaboradores-externos\/\" \/>\n<meta property=\"og:locale\" content=\"pt_BR\" \/>\n<meta property=\"og:type\" content=\"article\" \/>\n<meta property=\"og:title\" content=\"Colaboradores - Laborat\u00f3rio de Estudos sobre Viol\u00eancia contra Crian\u00e7as e Adolescentes\" \/>\n<meta property=\"og:description\" content=\"Marcelo Princeswal Colaborador interno do LEVICA\/UFRRJ. Professor do Depto de Psicologia da UFRRJ. Doutor em Psicologia pela UERJ. Atua no tema de [&hellip;]\" \/>\n<meta property=\"og:url\" content=\"https:\/\/laboratorios.ufrrj.br\/levicaufrrj\/colaboradores-externos\/\" \/>\n<meta property=\"og:site_name\" content=\"Laborat\u00f3rio de Estudos sobre Viol\u00eancia contra Crian\u00e7as e Adolescentes\" \/>\n<meta property=\"article:publisher\" content=\"https:\/\/www.facebook.com\/levicaufrrj\/\" \/>\n<meta property=\"article:modified_time\" content=\"2025-08-19T23:30:03+00:00\" \/>\n<meta property=\"og:image\" content=\"https:\/\/laboratorios.ufrrj.br\/levicaufrrj\/wp-content\/uploads\/sites\/39\/2025\/08\/WhatsApp-Image-2025-08-15-at-20.10.20-768x1024.jpeg\" \/>\n<meta name=\"twitter:card\" content=\"summary_large_image\" \/>\n<meta name=\"twitter:label1\" content=\"Est. tempo de leitura\" \/>\n\t<meta name=\"twitter:data1\" content=\"1 minuto\" \/>\n<script type=\"application\/ld+json\" class=\"yoast-schema-graph\">{\"@context\":\"https:\/\/schema.org\",\"@graph\":[{\"@type\":\"WebPage\",\"@id\":\"https:\/\/laboratorios.ufrrj.br\/levicaufrrj\/colaboradores-externos\/\",\"url\":\"https:\/\/laboratorios.ufrrj.br\/levicaufrrj\/colaboradores-externos\/\",\"name\":\"Colaboradores - Laborat\u00f3rio de Estudos sobre Viol\u00eancia contra Crian\u00e7as e Adolescentes\",\"isPartOf\":{\"@id\":\"https:\/\/laboratorios.ufrrj.br\/levicaufrrj\/#website\"},\"primaryImageOfPage\":{\"@id\":\"https:\/\/laboratorios.ufrrj.br\/levicaufrrj\/colaboradores-externos\/#primaryimage\"},\"image\":{\"@id\":\"https:\/\/laboratorios.ufrrj.br\/levicaufrrj\/colaboradores-externos\/#primaryimage\"},\"thumbnailUrl\":\"https:\/\/laboratorios.ufrrj.br\/levicaufrrj\/wp-content\/uploads\/sites\/39\/2025\/08\/WhatsApp-Image-2025-08-15-at-20.10.20-768x1024.jpeg\",\"datePublished\":\"2025-06-04T15:24:51+00:00\",\"dateModified\":\"2025-08-19T23:30:03+00:00\",\"breadcrumb\":{\"@id\":\"https:\/\/laboratorios.ufrrj.br\/levicaufrrj\/colaboradores-externos\/#breadcrumb\"},\"inLanguage\":\"pt-BR\",\"potentialAction\":[{\"@type\":\"ReadAction\",\"target\":[\"https:\/\/laboratorios.ufrrj.br\/levicaufrrj\/colaboradores-externos\/\"]}]},{\"@type\":\"ImageObject\",\"inLanguage\":\"pt-BR\",\"@id\":\"https:\/\/laboratorios.ufrrj.br\/levicaufrrj\/colaboradores-externos\/#primaryimage\",\"url\":\"https:\/\/laboratorios.ufrrj.br\/levicaufrrj\/wp-content\/uploads\/sites\/39\/2025\/08\/WhatsApp-Image-2025-08-15-at-20.10.20-768x1024.jpeg\",\"contentUrl\":\"https:\/\/laboratorios.ufrrj.br\/levicaufrrj\/wp-content\/uploads\/sites\/39\/2025\/08\/WhatsApp-Image-2025-08-15-at-20.10.20-768x1024.jpeg\"},{\"@type\":\"BreadcrumbList\",\"@id\":\"https:\/\/laboratorios.ufrrj.br\/levicaufrrj\/colaboradores-externos\/#breadcrumb\",\"itemListElement\":[{\"@type\":\"ListItem\",\"position\":1,\"name\":\"In\u00edcio\",\"item\":\"https:\/\/laboratorios.ufrrj.br\/levicaufrrj\/\"},{\"@type\":\"ListItem\",\"position\":2,\"name\":\"Colaboradores\"}]},{\"@type\":\"WebSite\",\"@id\":\"https:\/\/laboratorios.ufrrj.br\/levicaufrrj\/#website\",\"url\":\"https:\/\/laboratorios.ufrrj.br\/levicaufrrj\/\",\"name\":\"Laborat\u00f3rio de Estudos sobre Viol\u00eancia contra Crian\u00e7as e Adolescentes\",\"description\":\"LEVICA - Campus Serop\u00e9dica - UFRRJ\",\"publisher\":{\"@id\":\"https:\/\/laboratorios.ufrrj.br\/levicaufrrj\/#organization\"},\"potentialAction\":[{\"@type\":\"SearchAction\",\"target\":{\"@type\":\"EntryPoint\",\"urlTemplate\":\"https:\/\/laboratorios.ufrrj.br\/levicaufrrj\/?s={search_term_string}\"},\"query-input\":{\"@type\":\"PropertyValueSpecification\",\"valueRequired\":true,\"valueName\":\"search_term_string\"}}],\"inLanguage\":\"pt-BR\"},{\"@type\":\"Organization\",\"@id\":\"https:\/\/laboratorios.ufrrj.br\/levicaufrrj\/#organization\",\"name\":\"LEVICA\",\"url\":\"https:\/\/laboratorios.ufrrj.br\/levicaufrrj\/\",\"logo\":{\"@type\":\"ImageObject\",\"inLanguage\":\"pt-BR\",\"@id\":\"https:\/\/laboratorios.ufrrj.br\/levicaufrrj\/#\/schema\/logo\/image\/\",\"url\":\"https:\/\/laboratorios.ufrrj.br\/levicaufrrj\/wp-content\/uploads\/sites\/39\/2025\/05\/levica-logo.png\",\"contentUrl\":\"https:\/\/laboratorios.ufrrj.br\/levicaufrrj\/wp-content\/uploads\/sites\/39\/2025\/05\/levica-logo.png\",\"width\":512,\"height\":512,\"caption\":\"LEVICA\"},\"image\":{\"@id\":\"https:\/\/laboratorios.ufrrj.br\/levicaufrrj\/#\/schema\/logo\/image\/\"},\"sameAs\":[\"https:\/\/www.facebook.com\/levicaufrrj\/\",\"https:\/\/www.instagram.com\/levicaufrrj\/\",\"https:\/\/www.youtube.com\/@levicaufrrj6400\"]}]}<\/script>\n<!-- \/ Yoast SEO plugin. -->","yoast_head_json":{"title":"Colaboradores - Laborat\u00f3rio de Estudos sobre Viol\u00eancia contra Crian\u00e7as e Adolescentes","robots":{"index":"index","follow":"follow","max-snippet":"max-snippet:-1","max-image-preview":"max-image-preview:large","max-video-preview":"max-video-preview:-1"},"canonical":"https:\/\/laboratorios.ufrrj.br\/levicaufrrj\/colaboradores-externos\/","og_locale":"pt_BR","og_type":"article","og_title":"Colaboradores - Laborat\u00f3rio de Estudos sobre Viol\u00eancia contra Crian\u00e7as e Adolescentes","og_description":"Marcelo Princeswal Colaborador interno do LEVICA\/UFRRJ. Professor do Depto de Psicologia da UFRRJ. Doutor em Psicologia pela UERJ. Atua no tema de [&hellip;]","og_url":"https:\/\/laboratorios.ufrrj.br\/levicaufrrj\/colaboradores-externos\/","og_site_name":"Laborat\u00f3rio de Estudos sobre Viol\u00eancia contra Crian\u00e7as e Adolescentes","article_publisher":"https:\/\/www.facebook.com\/levicaufrrj\/","article_modified_time":"2025-08-19T23:30:03+00:00","og_image":[{"url":"https:\/\/laboratorios.ufrrj.br\/levicaufrrj\/wp-content\/uploads\/sites\/39\/2025\/08\/WhatsApp-Image-2025-08-15-at-20.10.20-768x1024.jpeg","type":"","width":"","height":""}],"twitter_card":"summary_large_image","twitter_misc":{"Est. tempo de leitura":"1 minuto"},"schema":{"@context":"https:\/\/schema.org","@graph":[{"@type":"WebPage","@id":"https:\/\/laboratorios.ufrrj.br\/levicaufrrj\/colaboradores-externos\/","url":"https:\/\/laboratorios.ufrrj.br\/levicaufrrj\/colaboradores-externos\/","name":"Colaboradores - Laborat\u00f3rio de Estudos sobre Viol\u00eancia contra Crian\u00e7as e Adolescentes","isPartOf":{"@id":"https:\/\/laboratorios.ufrrj.br\/levicaufrrj\/#website"},"primaryImageOfPage":{"@id":"https:\/\/laboratorios.ufrrj.br\/levicaufrrj\/colaboradores-externos\/#primaryimage"},"image":{"@id":"https:\/\/laboratorios.ufrrj.br\/levicaufrrj\/colaboradores-externos\/#primaryimage"},"thumbnailUrl":"https:\/\/laboratorios.ufrrj.br\/levicaufrrj\/wp-content\/uploads\/sites\/39\/2025\/08\/WhatsApp-Image-2025-08-15-at-20.10.20-768x1024.jpeg","datePublished":"2025-06-04T15:24:51+00:00","dateModified":"2025-08-19T23:30:03+00:00","breadcrumb":{"@id":"https:\/\/laboratorios.ufrrj.br\/levicaufrrj\/colaboradores-externos\/#breadcrumb"},"inLanguage":"pt-BR","potentialAction":[{"@type":"ReadAction","target":["https:\/\/laboratorios.ufrrj.br\/levicaufrrj\/colaboradores-externos\/"]}]},{"@type":"ImageObject","inLanguage":"pt-BR","@id":"https:\/\/laboratorios.ufrrj.br\/levicaufrrj\/colaboradores-externos\/#primaryimage","url":"https:\/\/laboratorios.ufrrj.br\/levicaufrrj\/wp-content\/uploads\/sites\/39\/2025\/08\/WhatsApp-Image-2025-08-15-at-20.10.20-768x1024.jpeg","contentUrl":"https:\/\/laboratorios.ufrrj.br\/levicaufrrj\/wp-content\/uploads\/sites\/39\/2025\/08\/WhatsApp-Image-2025-08-15-at-20.10.20-768x1024.jpeg"},{"@type":"BreadcrumbList","@id":"https:\/\/laboratorios.ufrrj.br\/levicaufrrj\/colaboradores-externos\/#breadcrumb","itemListElement":[{"@type":"ListItem","position":1,"name":"In\u00edcio","item":"https:\/\/laboratorios.ufrrj.br\/levicaufrrj\/"},{"@type":"ListItem","position":2,"name":"Colaboradores"}]},{"@type":"WebSite","@id":"https:\/\/laboratorios.ufrrj.br\/levicaufrrj\/#website","url":"https:\/\/laboratorios.ufrrj.br\/levicaufrrj\/","name":"Laborat\u00f3rio de Estudos sobre Viol\u00eancia contra Crian\u00e7as e Adolescentes","description":"LEVICA - Campus Serop\u00e9dica - UFRRJ","publisher":{"@id":"https:\/\/laboratorios.ufrrj.br\/levicaufrrj\/#organization"},"potentialAction":[{"@type":"SearchAction","target":{"@type":"EntryPoint","urlTemplate":"https:\/\/laboratorios.ufrrj.br\/levicaufrrj\/?s={search_term_string}"},"query-input":{"@type":"PropertyValueSpecification","valueRequired":true,"valueName":"search_term_string"}}],"inLanguage":"pt-BR"},{"@type":"Organization","@id":"https:\/\/laboratorios.ufrrj.br\/levicaufrrj\/#organization","name":"LEVICA","url":"https:\/\/laboratorios.ufrrj.br\/levicaufrrj\/","logo":{"@type":"ImageObject","inLanguage":"pt-BR","@id":"https:\/\/laboratorios.ufrrj.br\/levicaufrrj\/#\/schema\/logo\/image\/","url":"https:\/\/laboratorios.ufrrj.br\/levicaufrrj\/wp-content\/uploads\/sites\/39\/2025\/05\/levica-logo.png","contentUrl":"https:\/\/laboratorios.ufrrj.br\/levicaufrrj\/wp-content\/uploads\/sites\/39\/2025\/05\/levica-logo.png","width":512,"height":512,"caption":"LEVICA"},"image":{"@id":"https:\/\/laboratorios.ufrrj.br\/levicaufrrj\/#\/schema\/logo\/image\/"},"sameAs":["https:\/\/www.facebook.com\/levicaufrrj\/","https:\/\/www.instagram.com\/levicaufrrj\/","https:\/\/www.youtube.com\/@levicaufrrj6400"]}]}},"_links":{"self":[{"href":"https:\/\/laboratorios.ufrrj.br\/levicaufrrj\/wp-json\/wp\/v2\/pages\/1337","targetHints":{"allow":["GET"]}}],"collection":[{"href":"https:\/\/laboratorios.ufrrj.br\/levicaufrrj\/wp-json\/wp\/v2\/pages"}],"about":[{"href":"https:\/\/laboratorios.ufrrj.br\/levicaufrrj\/wp-json\/wp\/v2\/types\/page"}],"author":[{"embeddable":true,"href":"https:\/\/laboratorios.ufrrj.br\/levicaufrrj\/wp-json\/wp\/v2\/users\/9"}],"replies":[{"embeddable":true,"href":"https:\/\/laboratorios.ufrrj.br\/levicaufrrj\/wp-json\/wp\/v2\/comments?post=1337"}],"version-history":[{"count":6,"href":"https:\/\/laboratorios.ufrrj.br\/levicaufrrj\/wp-json\/wp\/v2\/pages\/1337\/revisions"}],"predecessor-version":[{"id":2083,"href":"https:\/\/laboratorios.ufrrj.br\/levicaufrrj\/wp-json\/wp\/v2\/pages\/1337\/revisions\/2083"}],"wp:attachment":[{"href":"https:\/\/laboratorios.ufrrj.br\/levicaufrrj\/wp-json\/wp\/v2\/media?parent=1337"}],"curies":[{"name":"wp","href":"https:\/\/api.w.org\/{rel}","templated":true}]}}