{"id":49,"date":"2019-11-14T20:14:30","date_gmt":"2019-11-14T23:14:30","guid":{"rendered":"http:\/\/laboratorios.ufrrj.br\/labsafe\/?page_id=49"},"modified":"2020-04-05T13:45:53","modified_gmt":"2020-04-05T16:45:53","slug":"historico-gepac","status":"publish","type":"page","link":"https:\/\/laboratorios.ufrrj.br\/labsafe\/historico-gepac\/","title":{"rendered":"Hist\u00f3rico GEPAC"},"content":{"rendered":"<h1>GEPAC: GRUPO DE ESTUDOS E PESQUISAS EM ASPECTOS PSICOSSOCIAIS DO CORPO<\/h1>\n<p>&nbsp;<\/p>\n<p>O Grupo de Estudos e Pesquisas em Aspectos Psicossociais do Corpo &#8211; GEPAC re\u00fane pesquisadores, alunos e estudiosos da UFRRJ e de algumas institui\u00e7\u00f5es de ensino superior e pesquisa do Sudeste com o intuito de refletir, discutir e pesquisar temas variados nos campos de interven\u00e7\u00e3o em Educa\u00e7\u00e3o F\u00edsica. Dentre os temas de destaque, encontram-se: a) Imagem corporal e constructos correlatos (autoconceito, autoestima, autoaceita\u00e7\u00e3o, entre outros); b) Psicometria: cria\u00e7\u00e3o, adapta\u00e7\u00e3o transcultural e valida\u00e7\u00e3o de escalas de medida em imagem corporal, corporeidade e aspectos psicossociais do corpo; c) Diversidade como princ\u00edpio; e d) Representa\u00e7\u00f5es sociais. A amplia\u00e7\u00e3o profunda e consistente do conhecimento nestas \u00e1reas; a publica\u00e7\u00e3o dos resultados das pesquisas realizadas em peri\u00f3dicos renomados; e ainda, reflex\u00f5es sobre medidas de interven\u00e7\u00e3o s\u00f3lidas e assertivas nos campos de atua\u00e7\u00e3o do professor\/profissional de Educa\u00e7\u00e3o F\u00edsica configuram uns dos nossos principais enfoques.<\/p>\n","protected":false},"excerpt":{"rendered":"<p>GEPAC: GRUPO DE ESTUDOS E PESQUISAS EM ASPECTOS PSICOSSOCIAIS DO CORPO &nbsp; O Grupo de Estudos e Pesquisas em Aspectos <a class=\"read-more\" href=\"https:\/\/laboratorios.ufrrj.br\/labsafe\/historico-gepac\/ \" >&#8230; <span class=\"font-italic\">leia mais <i class=\"fas fa-angle-right\"><\/i><\/span><\/a><\/p>\n","protected":false},"author":21,"featured_media":0,"parent":0,"menu_order":0,"comment_status":"closed","ping_status":"closed","template":"","meta":{"_acf_changed":false,"footnotes":""},"class_list":["post-49","page","type-page","status-publish","hentry"],"acf":[],"yoast_head":"<!-- This site is optimized with the Yoast SEO plugin v26.8 - https:\/\/yoast.com\/product\/yoast-seo-wordpress\/ -->\n<title>Hist\u00f3rico GEPAC - LABSAFE<\/title>\n<meta name=\"robots\" content=\"index, follow, max-snippet:-1, max-image-preview:large, max-video-preview:-1\" \/>\n<link rel=\"canonical\" href=\"https:\/\/laboratorios.ufrrj.br\/labsafe\/historico-gepac\/\" \/>\n<meta property=\"og:locale\" content=\"pt_BR\" \/>\n<meta property=\"og:type\" content=\"article\" \/>\n<meta property=\"og:title\" content=\"Hist\u00f3rico GEPAC - LABSAFE\" \/>\n<meta property=\"og:description\" content=\"GEPAC: GRUPO DE ESTUDOS E PESQUISAS EM ASPECTOS PSICOSSOCIAIS DO CORPO &nbsp; O Grupo de Estudos e Pesquisas em Aspectos ... leia mais\" \/>\n<meta property=\"og:url\" content=\"https:\/\/laboratorios.ufrrj.br\/labsafe\/historico-gepac\/\" \/>\n<meta property=\"og:site_name\" content=\"LABSAFE\" \/>\n<meta property=\"article:modified_time\" content=\"2020-04-05T16:45:53+00:00\" \/>\n<meta name=\"twitter:card\" content=\"summary_large_image\" \/>\n<meta name=\"twitter:label1\" content=\"Est. tempo de leitura\" \/>\n\t<meta name=\"twitter:data1\" content=\"1 minuto\" \/>\n<script type=\"application\/ld+json\" class=\"yoast-schema-graph\">{\"@context\":\"https:\/\/schema.org\",\"@graph\":[{\"@type\":\"WebPage\",\"@id\":\"https:\/\/laboratorios.ufrrj.br\/labsafe\/historico-gepac\/\",\"url\":\"https:\/\/laboratorios.ufrrj.br\/labsafe\/historico-gepac\/\",\"name\":\"Hist\u00f3rico GEPAC - LABSAFE\",\"isPartOf\":{\"@id\":\"https:\/\/laboratorios.ufrrj.br\/labsafe\/#website\"},\"datePublished\":\"2019-11-14T23:14:30+00:00\",\"dateModified\":\"2020-04-05T16:45:53+00:00\",\"breadcrumb\":{\"@id\":\"https:\/\/laboratorios.ufrrj.br\/labsafe\/historico-gepac\/#breadcrumb\"},\"inLanguage\":\"pt-BR\",\"potentialAction\":[{\"@type\":\"ReadAction\",\"target\":[\"https:\/\/laboratorios.ufrrj.br\/labsafe\/historico-gepac\/\"]}]},{\"@type\":\"BreadcrumbList\",\"@id\":\"https:\/\/laboratorios.ufrrj.br\/labsafe\/historico-gepac\/#breadcrumb\",\"itemListElement\":[{\"@type\":\"ListItem\",\"position\":1,\"name\":\"In\u00edcio\",\"item\":\"https:\/\/laboratorios.ufrrj.br\/labsafe\/\"},{\"@type\":\"ListItem\",\"position\":2,\"name\":\"Hist\u00f3rico GEPAC\"}]},{\"@type\":\"WebSite\",\"@id\":\"https:\/\/laboratorios.ufrrj.br\/labsafe\/#website\",\"url\":\"https:\/\/laboratorios.ufrrj.br\/labsafe\/\",\"name\":\"LABSAFE\",\"description\":\"Laborat\u00f3rio de Dimens\u00f5es Aplicadas \u00e0 Atividade F\u00edsica\",\"potentialAction\":[{\"@type\":\"SearchAction\",\"target\":{\"@type\":\"EntryPoint\",\"urlTemplate\":\"https:\/\/laboratorios.ufrrj.br\/labsafe\/?s={search_term_string}\"},\"query-input\":{\"@type\":\"PropertyValueSpecification\",\"valueRequired\":true,\"valueName\":\"search_term_string\"}}],\"inLanguage\":\"pt-BR\"}]}<\/script>\n<!-- \/ Yoast SEO plugin. -->","yoast_head_json":{"title":"Hist\u00f3rico GEPAC - LABSAFE","robots":{"index":"index","follow":"follow","max-snippet":"max-snippet:-1","max-image-preview":"max-image-preview:large","max-video-preview":"max-video-preview:-1"},"canonical":"https:\/\/laboratorios.ufrrj.br\/labsafe\/historico-gepac\/","og_locale":"pt_BR","og_type":"article","og_title":"Hist\u00f3rico GEPAC - LABSAFE","og_description":"GEPAC: GRUPO DE ESTUDOS E PESQUISAS EM ASPECTOS PSICOSSOCIAIS DO CORPO &nbsp; O Grupo de Estudos e Pesquisas em Aspectos ... leia mais","og_url":"https:\/\/laboratorios.ufrrj.br\/labsafe\/historico-gepac\/","og_site_name":"LABSAFE","article_modified_time":"2020-04-05T16:45:53+00:00","twitter_card":"summary_large_image","twitter_misc":{"Est. tempo de leitura":"1 minuto"},"schema":{"@context":"https:\/\/schema.org","@graph":[{"@type":"WebPage","@id":"https:\/\/laboratorios.ufrrj.br\/labsafe\/historico-gepac\/","url":"https:\/\/laboratorios.ufrrj.br\/labsafe\/historico-gepac\/","name":"Hist\u00f3rico GEPAC - LABSAFE","isPartOf":{"@id":"https:\/\/laboratorios.ufrrj.br\/labsafe\/#website"},"datePublished":"2019-11-14T23:14:30+00:00","dateModified":"2020-04-05T16:45:53+00:00","breadcrumb":{"@id":"https:\/\/laboratorios.ufrrj.br\/labsafe\/historico-gepac\/#breadcrumb"},"inLanguage":"pt-BR","potentialAction":[{"@type":"ReadAction","target":["https:\/\/laboratorios.ufrrj.br\/labsafe\/historico-gepac\/"]}]},{"@type":"BreadcrumbList","@id":"https:\/\/laboratorios.ufrrj.br\/labsafe\/historico-gepac\/#breadcrumb","itemListElement":[{"@type":"ListItem","position":1,"name":"In\u00edcio","item":"https:\/\/laboratorios.ufrrj.br\/labsafe\/"},{"@type":"ListItem","position":2,"name":"Hist\u00f3rico GEPAC"}]},{"@type":"WebSite","@id":"https:\/\/laboratorios.ufrrj.br\/labsafe\/#website","url":"https:\/\/laboratorios.ufrrj.br\/labsafe\/","name":"LABSAFE","description":"Laborat\u00f3rio de Dimens\u00f5es Aplicadas \u00e0 Atividade F\u00edsica","potentialAction":[{"@type":"SearchAction","target":{"@type":"EntryPoint","urlTemplate":"https:\/\/laboratorios.ufrrj.br\/labsafe\/?s={search_term_string}"},"query-input":{"@type":"PropertyValueSpecification","valueRequired":true,"valueName":"search_term_string"}}],"inLanguage":"pt-BR"}]}},"_links":{"self":[{"href":"https:\/\/laboratorios.ufrrj.br\/labsafe\/wp-json\/wp\/v2\/pages\/49","targetHints":{"allow":["GET"]}}],"collection":[{"href":"https:\/\/laboratorios.ufrrj.br\/labsafe\/wp-json\/wp\/v2\/pages"}],"about":[{"href":"https:\/\/laboratorios.ufrrj.br\/labsafe\/wp-json\/wp\/v2\/types\/page"}],"author":[{"embeddable":true,"href":"https:\/\/laboratorios.ufrrj.br\/labsafe\/wp-json\/wp\/v2\/users\/21"}],"replies":[{"embeddable":true,"href":"https:\/\/laboratorios.ufrrj.br\/labsafe\/wp-json\/wp\/v2\/comments?post=49"}],"version-history":[{"count":4,"href":"https:\/\/laboratorios.ufrrj.br\/labsafe\/wp-json\/wp\/v2\/pages\/49\/revisions"}],"predecessor-version":[{"id":294,"href":"https:\/\/laboratorios.ufrrj.br\/labsafe\/wp-json\/wp\/v2\/pages\/49\/revisions\/294"}],"wp:attachment":[{"href":"https:\/\/laboratorios.ufrrj.br\/labsafe\/wp-json\/wp\/v2\/media?parent=49"}],"curies":[{"name":"wp","href":"https:\/\/api.w.org\/{rel}","templated":true}]}}