{"id":336,"date":"2021-05-18T23:47:00","date_gmt":"2021-05-19T02:47:00","guid":{"rendered":"https:\/\/laboratorios.ufrrj.br\/labsafe\/?page_id=336"},"modified":"2021-05-18T23:47:08","modified_gmt":"2021-05-19T02:47:08","slug":"cursos","status":"publish","type":"page","link":"https:\/\/laboratorios.ufrrj.br\/labsafe\/cursos\/","title":{"rendered":"Cursos"},"content":{"rendered":"<p><img loading=\"lazy\" decoding=\"async\" class=\"wp-image-322 alignleft\" src=\"https:\/\/laboratorios.ufrrj.br\/labsafe\/wp-content\/uploads\/sites\/19\/2021\/05\/nossos-cursos-300x300.png\" alt=\"\" width=\"245\" height=\"245\" srcset=\"https:\/\/laboratorios.ufrrj.br\/labsafe\/wp-content\/uploads\/sites\/19\/2021\/05\/nossos-cursos-300x300.png 300w, https:\/\/laboratorios.ufrrj.br\/labsafe\/wp-content\/uploads\/sites\/19\/2021\/05\/nossos-cursos-150x150.png 150w, https:\/\/laboratorios.ufrrj.br\/labsafe\/wp-content\/uploads\/sites\/19\/2021\/05\/nossos-cursos-75x75.png 75w, https:\/\/laboratorios.ufrrj.br\/labsafe\/wp-content\/uploads\/sites\/19\/2021\/05\/nossos-cursos-100x100.png 100w, https:\/\/laboratorios.ufrrj.br\/labsafe\/wp-content\/uploads\/sites\/19\/2021\/05\/nossos-cursos.png 500w\" sizes=\"auto, (max-width: 245px) 100vw, 245px\" \/><\/p>\n<p><strong>Curso de An\u00e1lise Estat\u00edstica no Software R<\/strong><\/p>\n<p>&nbsp;<\/p>\n<p>&nbsp;<\/p>\n<p>&nbsp;<\/p>\n<p><a href=\"https:\/\/www.youtube.com\/watch?v=E1URZCmIB0g&amp;list=PL2lwueoHLstOQ22ACoMaQq06fezXFWEcR\">Clique Aqui<\/a>&#8211; Para acessar o conte\u00fado do curso<\/p>\n","protected":false},"excerpt":{"rendered":"<p>Curso de An\u00e1lise Estat\u00edstica no Software R &nbsp; &nbsp; &nbsp; Clique Aqui&#8211; Para acessar o conte\u00fado do curso<\/p>\n","protected":false},"author":21,"featured_media":0,"parent":0,"menu_order":0,"comment_status":"closed","ping_status":"closed","template":"","meta":{"_acf_changed":false,"footnotes":""},"class_list":["post-336","page","type-page","status-publish","hentry"],"acf":[],"yoast_head":"<!-- This site is optimized with the Yoast SEO plugin v26.8 - https:\/\/yoast.com\/product\/yoast-seo-wordpress\/ -->\n<title>Cursos - LABSAFE<\/title>\n<meta name=\"robots\" content=\"index, follow, max-snippet:-1, max-image-preview:large, max-video-preview:-1\" \/>\n<link rel=\"canonical\" href=\"https:\/\/laboratorios.ufrrj.br\/labsafe\/cursos\/\" \/>\n<meta property=\"og:locale\" content=\"pt_BR\" \/>\n<meta property=\"og:type\" content=\"article\" \/>\n<meta property=\"og:title\" content=\"Cursos - LABSAFE\" \/>\n<meta property=\"og:description\" content=\"Curso de An\u00e1lise Estat\u00edstica no Software R &nbsp; &nbsp; &nbsp; Clique Aqui&#8211; Para acessar o conte\u00fado do curso\" \/>\n<meta property=\"og:url\" content=\"https:\/\/laboratorios.ufrrj.br\/labsafe\/cursos\/\" \/>\n<meta property=\"og:site_name\" content=\"LABSAFE\" \/>\n<meta property=\"article:modified_time\" content=\"2021-05-19T02:47:08+00:00\" \/>\n<meta property=\"og:image\" content=\"https:\/\/laboratorios.ufrrj.br\/labsafe\/wp-content\/uploads\/sites\/19\/2021\/05\/nossos-cursos.png\" \/>\n\t<meta property=\"og:image:width\" content=\"500\" \/>\n\t<meta property=\"og:image:height\" content=\"500\" \/>\n\t<meta property=\"og:image:type\" content=\"image\/png\" \/>\n<meta name=\"twitter:card\" content=\"summary_large_image\" \/>\n<script type=\"application\/ld+json\" class=\"yoast-schema-graph\">{\"@context\":\"https:\/\/schema.org\",\"@graph\":[{\"@type\":\"WebPage\",\"@id\":\"https:\/\/laboratorios.ufrrj.br\/labsafe\/cursos\/\",\"url\":\"https:\/\/laboratorios.ufrrj.br\/labsafe\/cursos\/\",\"name\":\"Cursos - LABSAFE\",\"isPartOf\":{\"@id\":\"https:\/\/laboratorios.ufrrj.br\/labsafe\/#website\"},\"primaryImageOfPage\":{\"@id\":\"https:\/\/laboratorios.ufrrj.br\/labsafe\/cursos\/#primaryimage\"},\"image\":{\"@id\":\"https:\/\/laboratorios.ufrrj.br\/labsafe\/cursos\/#primaryimage\"},\"thumbnailUrl\":\"https:\/\/laboratorios.ufrrj.br\/labsafe\/wp-content\/uploads\/sites\/19\/2021\/05\/nossos-cursos-300x300.png\",\"datePublished\":\"2021-05-19T02:47:00+00:00\",\"dateModified\":\"2021-05-19T02:47:08+00:00\",\"breadcrumb\":{\"@id\":\"https:\/\/laboratorios.ufrrj.br\/labsafe\/cursos\/#breadcrumb\"},\"inLanguage\":\"pt-BR\",\"potentialAction\":[{\"@type\":\"ReadAction\",\"target\":[\"https:\/\/laboratorios.ufrrj.br\/labsafe\/cursos\/\"]}]},{\"@type\":\"ImageObject\",\"inLanguage\":\"pt-BR\",\"@id\":\"https:\/\/laboratorios.ufrrj.br\/labsafe\/cursos\/#primaryimage\",\"url\":\"https:\/\/laboratorios.ufrrj.br\/labsafe\/wp-content\/uploads\/sites\/19\/2021\/05\/nossos-cursos.png\",\"contentUrl\":\"https:\/\/laboratorios.ufrrj.br\/labsafe\/wp-content\/uploads\/sites\/19\/2021\/05\/nossos-cursos.png\",\"width\":500,\"height\":500},{\"@type\":\"BreadcrumbList\",\"@id\":\"https:\/\/laboratorios.ufrrj.br\/labsafe\/cursos\/#breadcrumb\",\"itemListElement\":[{\"@type\":\"ListItem\",\"position\":1,\"name\":\"In\u00edcio\",\"item\":\"https:\/\/laboratorios.ufrrj.br\/labsafe\/\"},{\"@type\":\"ListItem\",\"position\":2,\"name\":\"Cursos\"}]},{\"@type\":\"WebSite\",\"@id\":\"https:\/\/laboratorios.ufrrj.br\/labsafe\/#website\",\"url\":\"https:\/\/laboratorios.ufrrj.br\/labsafe\/\",\"name\":\"LABSAFE\",\"description\":\"Laborat\u00f3rio de Dimens\u00f5es Aplicadas \u00e0 Atividade F\u00edsica\",\"potentialAction\":[{\"@type\":\"SearchAction\",\"target\":{\"@type\":\"EntryPoint\",\"urlTemplate\":\"https:\/\/laboratorios.ufrrj.br\/labsafe\/?s={search_term_string}\"},\"query-input\":{\"@type\":\"PropertyValueSpecification\",\"valueRequired\":true,\"valueName\":\"search_term_string\"}}],\"inLanguage\":\"pt-BR\"}]}<\/script>\n<!-- \/ Yoast SEO plugin. -->","yoast_head_json":{"title":"Cursos - LABSAFE","robots":{"index":"index","follow":"follow","max-snippet":"max-snippet:-1","max-image-preview":"max-image-preview:large","max-video-preview":"max-video-preview:-1"},"canonical":"https:\/\/laboratorios.ufrrj.br\/labsafe\/cursos\/","og_locale":"pt_BR","og_type":"article","og_title":"Cursos - LABSAFE","og_description":"Curso de An\u00e1lise Estat\u00edstica no Software R &nbsp; &nbsp; &nbsp; Clique Aqui&#8211; Para acessar o conte\u00fado do curso","og_url":"https:\/\/laboratorios.ufrrj.br\/labsafe\/cursos\/","og_site_name":"LABSAFE","article_modified_time":"2021-05-19T02:47:08+00:00","og_image":[{"width":500,"height":500,"url":"https:\/\/laboratorios.ufrrj.br\/labsafe\/wp-content\/uploads\/sites\/19\/2021\/05\/nossos-cursos.png","type":"image\/png"}],"twitter_card":"summary_large_image","schema":{"@context":"https:\/\/schema.org","@graph":[{"@type":"WebPage","@id":"https:\/\/laboratorios.ufrrj.br\/labsafe\/cursos\/","url":"https:\/\/laboratorios.ufrrj.br\/labsafe\/cursos\/","name":"Cursos - LABSAFE","isPartOf":{"@id":"https:\/\/laboratorios.ufrrj.br\/labsafe\/#website"},"primaryImageOfPage":{"@id":"https:\/\/laboratorios.ufrrj.br\/labsafe\/cursos\/#primaryimage"},"image":{"@id":"https:\/\/laboratorios.ufrrj.br\/labsafe\/cursos\/#primaryimage"},"thumbnailUrl":"https:\/\/laboratorios.ufrrj.br\/labsafe\/wp-content\/uploads\/sites\/19\/2021\/05\/nossos-cursos-300x300.png","datePublished":"2021-05-19T02:47:00+00:00","dateModified":"2021-05-19T02:47:08+00:00","breadcrumb":{"@id":"https:\/\/laboratorios.ufrrj.br\/labsafe\/cursos\/#breadcrumb"},"inLanguage":"pt-BR","potentialAction":[{"@type":"ReadAction","target":["https:\/\/laboratorios.ufrrj.br\/labsafe\/cursos\/"]}]},{"@type":"ImageObject","inLanguage":"pt-BR","@id":"https:\/\/laboratorios.ufrrj.br\/labsafe\/cursos\/#primaryimage","url":"https:\/\/laboratorios.ufrrj.br\/labsafe\/wp-content\/uploads\/sites\/19\/2021\/05\/nossos-cursos.png","contentUrl":"https:\/\/laboratorios.ufrrj.br\/labsafe\/wp-content\/uploads\/sites\/19\/2021\/05\/nossos-cursos.png","width":500,"height":500},{"@type":"BreadcrumbList","@id":"https:\/\/laboratorios.ufrrj.br\/labsafe\/cursos\/#breadcrumb","itemListElement":[{"@type":"ListItem","position":1,"name":"In\u00edcio","item":"https:\/\/laboratorios.ufrrj.br\/labsafe\/"},{"@type":"ListItem","position":2,"name":"Cursos"}]},{"@type":"WebSite","@id":"https:\/\/laboratorios.ufrrj.br\/labsafe\/#website","url":"https:\/\/laboratorios.ufrrj.br\/labsafe\/","name":"LABSAFE","description":"Laborat\u00f3rio de Dimens\u00f5es Aplicadas \u00e0 Atividade F\u00edsica","potentialAction":[{"@type":"SearchAction","target":{"@type":"EntryPoint","urlTemplate":"https:\/\/laboratorios.ufrrj.br\/labsafe\/?s={search_term_string}"},"query-input":{"@type":"PropertyValueSpecification","valueRequired":true,"valueName":"search_term_string"}}],"inLanguage":"pt-BR"}]}},"_links":{"self":[{"href":"https:\/\/laboratorios.ufrrj.br\/labsafe\/wp-json\/wp\/v2\/pages\/336","targetHints":{"allow":["GET"]}}],"collection":[{"href":"https:\/\/laboratorios.ufrrj.br\/labsafe\/wp-json\/wp\/v2\/pages"}],"about":[{"href":"https:\/\/laboratorios.ufrrj.br\/labsafe\/wp-json\/wp\/v2\/types\/page"}],"author":[{"embeddable":true,"href":"https:\/\/laboratorios.ufrrj.br\/labsafe\/wp-json\/wp\/v2\/users\/21"}],"replies":[{"embeddable":true,"href":"https:\/\/laboratorios.ufrrj.br\/labsafe\/wp-json\/wp\/v2\/comments?post=336"}],"version-history":[{"count":1,"href":"https:\/\/laboratorios.ufrrj.br\/labsafe\/wp-json\/wp\/v2\/pages\/336\/revisions"}],"predecessor-version":[{"id":337,"href":"https:\/\/laboratorios.ufrrj.br\/labsafe\/wp-json\/wp\/v2\/pages\/336\/revisions\/337"}],"wp:attachment":[{"href":"https:\/\/laboratorios.ufrrj.br\/labsafe\/wp-json\/wp\/v2\/media?parent=336"}],"curies":[{"name":"wp","href":"https:\/\/api.w.org\/{rel}","templated":true}]}}