{"id":221,"date":"2020-04-04T17:53:51","date_gmt":"2020-04-04T20:53:51","guid":{"rendered":"http:\/\/laboratorios.ufrrj.br\/labsafe\/?page_id=221"},"modified":"2020-04-04T18:05:10","modified_gmt":"2020-04-04T21:05:10","slug":"censo-de-saude","status":"publish","type":"page","link":"https:\/\/laboratorios.ufrrj.br\/labsafe\/censo-de-saude\/","title":{"rendered":"Censo de Sa\u00fade"},"content":{"rendered":"<p><img loading=\"lazy\" decoding=\"async\" class=\"size-medium wp-image-222 aligncenter\" src=\"http:\/\/laboratorios.ufrrj.br\/labsafe\/wp-content\/uploads\/sites\/19\/2020\/03\/CENSO_LOGO_PRETA_SEMFUNDO-01-300x300.png\" alt=\"\" width=\"300\" height=\"300\" \/><\/p>\n<p><strong>O QUE \u00c9 O CENSO?<\/strong><br \/>\nO Departamento de Educa\u00e7\u00e3o F\u00edsica e Desportos (DEFD), em parceria com a Coordena\u00e7\u00e3o de Aten\u00e7\u00e3o \u00e0 Sa\u00fade e Seguran\u00e7a do Trabalho (CASST) instituem o Censo de Sa\u00fade, com o objetivo de averiguar a sa\u00fade dos t\u00e9cnicos-administrativos da Universidade Federal Rural do Rio de Janeiro (UFRRJ).<\/p>\n<p><strong>QUAL O NOSSO OBJETIVO?\u00a0<\/strong><\/p>\n<p>\u00c9 importante entender que a sa\u00fade \u00e9 ampla e abrange aspectos f\u00edsicos, psicol\u00f3gicos e sociais. Por isso, nosso objetivo \u00e9 compreender quest\u00f5es relativas \u00e0 sua sa\u00fade, como os n\u00edveis de atividade f\u00edsica, sa\u00fade emocional e comportamento alimentar, por exemplo. Ser\u00e3o realizadas tamb\u00e9m aferi\u00e7\u00f5es de press\u00e3o arterial, peso e estatura.\u00a0A partir da apura\u00e7\u00e3o dos dados, o Censo planeja interven\u00e7\u00f5es para ajudar na qualidade de vida desta popula\u00e7\u00e3o.<\/p>\n<p><strong>QUEM PODER\u00c1 PARTICIPAR?<\/strong><br \/>\nTodos os funcion\u00e1rios t\u00e9cnicos-administrativos UFRRJ, dos campus de Serop\u00e9dica, Nova Igua\u00e7u, Tr\u00eas Rios e Campos dos Goytacazes poder\u00e3o participar do Censo de Sa\u00fade.<\/p>\n<p>&nbsp;<\/p>\n<p style=\"text-align: center\"><em><strong>CENSO DE SA\u00daDE NAS REDES SOCIAIS:<\/strong><\/em><\/p>\n<p style=\"text-align: center\">Facebook: @<a href=\"https:\/\/www.facebook.com\/censodesaudeufrrj\">censodesaudeufrrj<\/a>| Instagram: @<a href=\"https:\/\/www.instagram.com\/censodesaudeufrrj\/\">censodesaudeufrrj<\/a><\/p>\n<p style=\"text-align: center\"><em>Postagens todas as segundas, quartas e sextas!<\/em><\/p>\n","protected":false},"excerpt":{"rendered":"<p>O QUE \u00c9 O CENSO? O Departamento de Educa\u00e7\u00e3o F\u00edsica e Desportos (DEFD), em parceria com a Coordena\u00e7\u00e3o de Aten\u00e7\u00e3o <a class=\"read-more\" href=\"https:\/\/laboratorios.ufrrj.br\/labsafe\/censo-de-saude\/ \" >&#8230; <span class=\"font-italic\">leia mais <i class=\"fas fa-angle-right\"><\/i><\/span><\/a><\/p>\n","protected":false},"author":21,"featured_media":0,"parent":0,"menu_order":0,"comment_status":"closed","ping_status":"closed","template":"","meta":{"_acf_changed":false,"footnotes":""},"class_list":["post-221","page","type-page","status-publish","hentry"],"acf":[],"yoast_head":"<!-- This site is optimized with the Yoast SEO plugin v26.8 - https:\/\/yoast.com\/product\/yoast-seo-wordpress\/ -->\n<title>Censo de Sa\u00fade - LABSAFE<\/title>\n<meta name=\"robots\" content=\"index, follow, max-snippet:-1, max-image-preview:large, max-video-preview:-1\" \/>\n<link rel=\"canonical\" href=\"https:\/\/laboratorios.ufrrj.br\/labsafe\/censo-de-saude\/\" \/>\n<meta property=\"og:locale\" content=\"pt_BR\" \/>\n<meta property=\"og:type\" content=\"article\" \/>\n<meta property=\"og:title\" content=\"Censo de Sa\u00fade - LABSAFE\" \/>\n<meta property=\"og:description\" content=\"O QUE \u00c9 O CENSO? O Departamento de Educa\u00e7\u00e3o F\u00edsica e Desportos (DEFD), em parceria com a Coordena\u00e7\u00e3o de Aten\u00e7\u00e3o ... leia mais\" \/>\n<meta property=\"og:url\" content=\"https:\/\/laboratorios.ufrrj.br\/labsafe\/censo-de-saude\/\" \/>\n<meta property=\"og:site_name\" content=\"LABSAFE\" \/>\n<meta property=\"article:modified_time\" content=\"2020-04-04T21:05:10+00:00\" \/>\n<meta property=\"og:image\" content=\"https:\/\/laboratorios.ufrrj.br\/labsafe\/wp-content\/uploads\/sites\/19\/2020\/03\/CENSO_LOGO_PRETA_SEMFUNDO-01-e1585501205361.png\" \/>\n\t<meta property=\"og:image:width\" content=\"500\" \/>\n\t<meta property=\"og:image:height\" content=\"500\" \/>\n\t<meta property=\"og:image:type\" content=\"image\/png\" \/>\n<meta name=\"twitter:card\" content=\"summary_large_image\" \/>\n<meta name=\"twitter:label1\" content=\"Est. tempo de leitura\" \/>\n\t<meta name=\"twitter:data1\" content=\"1 minuto\" \/>\n<script type=\"application\/ld+json\" class=\"yoast-schema-graph\">{\"@context\":\"https:\/\/schema.org\",\"@graph\":[{\"@type\":\"WebPage\",\"@id\":\"https:\/\/laboratorios.ufrrj.br\/labsafe\/censo-de-saude\/\",\"url\":\"https:\/\/laboratorios.ufrrj.br\/labsafe\/censo-de-saude\/\",\"name\":\"Censo de Sa\u00fade - LABSAFE\",\"isPartOf\":{\"@id\":\"https:\/\/laboratorios.ufrrj.br\/labsafe\/#website\"},\"primaryImageOfPage\":{\"@id\":\"https:\/\/laboratorios.ufrrj.br\/labsafe\/censo-de-saude\/#primaryimage\"},\"image\":{\"@id\":\"https:\/\/laboratorios.ufrrj.br\/labsafe\/censo-de-saude\/#primaryimage\"},\"thumbnailUrl\":\"http:\/\/laboratorios.ufrrj.br\/labsafe\/wp-content\/uploads\/sites\/19\/2020\/03\/CENSO_LOGO_PRETA_SEMFUNDO-01-300x300.png\",\"datePublished\":\"2020-04-04T20:53:51+00:00\",\"dateModified\":\"2020-04-04T21:05:10+00:00\",\"breadcrumb\":{\"@id\":\"https:\/\/laboratorios.ufrrj.br\/labsafe\/censo-de-saude\/#breadcrumb\"},\"inLanguage\":\"pt-BR\",\"potentialAction\":[{\"@type\":\"ReadAction\",\"target\":[\"https:\/\/laboratorios.ufrrj.br\/labsafe\/censo-de-saude\/\"]}]},{\"@type\":\"ImageObject\",\"inLanguage\":\"pt-BR\",\"@id\":\"https:\/\/laboratorios.ufrrj.br\/labsafe\/censo-de-saude\/#primaryimage\",\"url\":\"https:\/\/laboratorios.ufrrj.br\/labsafe\/wp-content\/uploads\/sites\/19\/2020\/03\/CENSO_LOGO_PRETA_SEMFUNDO-01-e1585501205361.png\",\"contentUrl\":\"https:\/\/laboratorios.ufrrj.br\/labsafe\/wp-content\/uploads\/sites\/19\/2020\/03\/CENSO_LOGO_PRETA_SEMFUNDO-01-e1585501205361.png\",\"width\":500,\"height\":500},{\"@type\":\"BreadcrumbList\",\"@id\":\"https:\/\/laboratorios.ufrrj.br\/labsafe\/censo-de-saude\/#breadcrumb\",\"itemListElement\":[{\"@type\":\"ListItem\",\"position\":1,\"name\":\"In\u00edcio\",\"item\":\"https:\/\/laboratorios.ufrrj.br\/labsafe\/\"},{\"@type\":\"ListItem\",\"position\":2,\"name\":\"Censo de Sa\u00fade\"}]},{\"@type\":\"WebSite\",\"@id\":\"https:\/\/laboratorios.ufrrj.br\/labsafe\/#website\",\"url\":\"https:\/\/laboratorios.ufrrj.br\/labsafe\/\",\"name\":\"LABSAFE\",\"description\":\"Laborat\u00f3rio de Dimens\u00f5es Aplicadas \u00e0 Atividade F\u00edsica\",\"potentialAction\":[{\"@type\":\"SearchAction\",\"target\":{\"@type\":\"EntryPoint\",\"urlTemplate\":\"https:\/\/laboratorios.ufrrj.br\/labsafe\/?s={search_term_string}\"},\"query-input\":{\"@type\":\"PropertyValueSpecification\",\"valueRequired\":true,\"valueName\":\"search_term_string\"}}],\"inLanguage\":\"pt-BR\"}]}<\/script>\n<!-- \/ Yoast SEO plugin. -->","yoast_head_json":{"title":"Censo de Sa\u00fade - LABSAFE","robots":{"index":"index","follow":"follow","max-snippet":"max-snippet:-1","max-image-preview":"max-image-preview:large","max-video-preview":"max-video-preview:-1"},"canonical":"https:\/\/laboratorios.ufrrj.br\/labsafe\/censo-de-saude\/","og_locale":"pt_BR","og_type":"article","og_title":"Censo de Sa\u00fade - LABSAFE","og_description":"O QUE \u00c9 O CENSO? O Departamento de Educa\u00e7\u00e3o F\u00edsica e Desportos (DEFD), em parceria com a Coordena\u00e7\u00e3o de Aten\u00e7\u00e3o ... leia mais","og_url":"https:\/\/laboratorios.ufrrj.br\/labsafe\/censo-de-saude\/","og_site_name":"LABSAFE","article_modified_time":"2020-04-04T21:05:10+00:00","og_image":[{"width":500,"height":500,"url":"https:\/\/laboratorios.ufrrj.br\/labsafe\/wp-content\/uploads\/sites\/19\/2020\/03\/CENSO_LOGO_PRETA_SEMFUNDO-01-e1585501205361.png","type":"image\/png"}],"twitter_card":"summary_large_image","twitter_misc":{"Est. tempo de leitura":"1 minuto"},"schema":{"@context":"https:\/\/schema.org","@graph":[{"@type":"WebPage","@id":"https:\/\/laboratorios.ufrrj.br\/labsafe\/censo-de-saude\/","url":"https:\/\/laboratorios.ufrrj.br\/labsafe\/censo-de-saude\/","name":"Censo de Sa\u00fade - LABSAFE","isPartOf":{"@id":"https:\/\/laboratorios.ufrrj.br\/labsafe\/#website"},"primaryImageOfPage":{"@id":"https:\/\/laboratorios.ufrrj.br\/labsafe\/censo-de-saude\/#primaryimage"},"image":{"@id":"https:\/\/laboratorios.ufrrj.br\/labsafe\/censo-de-saude\/#primaryimage"},"thumbnailUrl":"http:\/\/laboratorios.ufrrj.br\/labsafe\/wp-content\/uploads\/sites\/19\/2020\/03\/CENSO_LOGO_PRETA_SEMFUNDO-01-300x300.png","datePublished":"2020-04-04T20:53:51+00:00","dateModified":"2020-04-04T21:05:10+00:00","breadcrumb":{"@id":"https:\/\/laboratorios.ufrrj.br\/labsafe\/censo-de-saude\/#breadcrumb"},"inLanguage":"pt-BR","potentialAction":[{"@type":"ReadAction","target":["https:\/\/laboratorios.ufrrj.br\/labsafe\/censo-de-saude\/"]}]},{"@type":"ImageObject","inLanguage":"pt-BR","@id":"https:\/\/laboratorios.ufrrj.br\/labsafe\/censo-de-saude\/#primaryimage","url":"https:\/\/laboratorios.ufrrj.br\/labsafe\/wp-content\/uploads\/sites\/19\/2020\/03\/CENSO_LOGO_PRETA_SEMFUNDO-01-e1585501205361.png","contentUrl":"https:\/\/laboratorios.ufrrj.br\/labsafe\/wp-content\/uploads\/sites\/19\/2020\/03\/CENSO_LOGO_PRETA_SEMFUNDO-01-e1585501205361.png","width":500,"height":500},{"@type":"BreadcrumbList","@id":"https:\/\/laboratorios.ufrrj.br\/labsafe\/censo-de-saude\/#breadcrumb","itemListElement":[{"@type":"ListItem","position":1,"name":"In\u00edcio","item":"https:\/\/laboratorios.ufrrj.br\/labsafe\/"},{"@type":"ListItem","position":2,"name":"Censo de Sa\u00fade"}]},{"@type":"WebSite","@id":"https:\/\/laboratorios.ufrrj.br\/labsafe\/#website","url":"https:\/\/laboratorios.ufrrj.br\/labsafe\/","name":"LABSAFE","description":"Laborat\u00f3rio de Dimens\u00f5es Aplicadas \u00e0 Atividade F\u00edsica","potentialAction":[{"@type":"SearchAction","target":{"@type":"EntryPoint","urlTemplate":"https:\/\/laboratorios.ufrrj.br\/labsafe\/?s={search_term_string}"},"query-input":{"@type":"PropertyValueSpecification","valueRequired":true,"valueName":"search_term_string"}}],"inLanguage":"pt-BR"}]}},"_links":{"self":[{"href":"https:\/\/laboratorios.ufrrj.br\/labsafe\/wp-json\/wp\/v2\/pages\/221","targetHints":{"allow":["GET"]}}],"collection":[{"href":"https:\/\/laboratorios.ufrrj.br\/labsafe\/wp-json\/wp\/v2\/pages"}],"about":[{"href":"https:\/\/laboratorios.ufrrj.br\/labsafe\/wp-json\/wp\/v2\/types\/page"}],"author":[{"embeddable":true,"href":"https:\/\/laboratorios.ufrrj.br\/labsafe\/wp-json\/wp\/v2\/users\/21"}],"replies":[{"embeddable":true,"href":"https:\/\/laboratorios.ufrrj.br\/labsafe\/wp-json\/wp\/v2\/comments?post=221"}],"version-history":[{"count":3,"href":"https:\/\/laboratorios.ufrrj.br\/labsafe\/wp-json\/wp\/v2\/pages\/221\/revisions"}],"predecessor-version":[{"id":272,"href":"https:\/\/laboratorios.ufrrj.br\/labsafe\/wp-json\/wp\/v2\/pages\/221\/revisions\/272"}],"wp:attachment":[{"href":"https:\/\/laboratorios.ufrrj.br\/labsafe\/wp-json\/wp\/v2\/media?parent=221"}],"curies":[{"name":"wp","href":"https:\/\/api.w.org\/{rel}","templated":true}]}}