{"id":204,"date":"2020-03-29T14:17:01","date_gmt":"2020-03-29T17:17:01","guid":{"rendered":"http:\/\/laboratorios.ufrrj.br\/labsafe\/?page_id=204"},"modified":"2020-04-06T10:50:09","modified_gmt":"2020-04-06T13:50:09","slug":"pesquisadores","status":"publish","type":"page","link":"https:\/\/laboratorios.ufrrj.br\/labsafe\/pesquisadores\/","title":{"rendered":"Pesquisadores"},"content":{"rendered":"<p><strong><img loading=\"lazy\" decoding=\"async\" class=\"size-full wp-image-234 alignleft\" src=\"http:\/\/laboratorios.ufrrj.br\/labsafe\/wp-content\/uploads\/sites\/19\/2020\/04\/icon-antonio.png\" alt=\"\" width=\"150\" height=\"150\" srcset=\"https:\/\/laboratorios.ufrrj.br\/labsafe\/wp-content\/uploads\/sites\/19\/2020\/04\/icon-antonio.png 150w, https:\/\/laboratorios.ufrrj.br\/labsafe\/wp-content\/uploads\/sites\/19\/2020\/04\/icon-antonio-75x75.png 75w, https:\/\/laboratorios.ufrrj.br\/labsafe\/wp-content\/uploads\/sites\/19\/2020\/04\/icon-antonio-100x100.png 100w\" sizes=\"auto, (max-width: 150px) 100vw, 150px\" \/>ANT\u00d4NIO CARLOS MONTEIRO PONCE DE LEON<\/strong><\/p>\n<p>Departamento de Epidemologia, Instituto de Medicina Social &#8211; Universidade do Estado do Rio de Janeiro &#8211; UERJ, Rio de Janeiro, Brasil. <strong><a href=\"http:\/\/lattes.cnpq.br\/8754508925214231\">Clique Aqui<\/a> para acessar o CV Lattes<\/strong>.<\/p>\n<p>&nbsp;<\/p>\n<p>&nbsp;<\/p>\n<p><strong><img loading=\"lazy\" decoding=\"async\" class=\"size-full wp-image-235 alignleft\" src=\"http:\/\/laboratorios.ufrrj.br\/labsafe\/wp-content\/uploads\/sites\/19\/2020\/04\/icon-claudia.png\" alt=\"\" width=\"150\" height=\"150\" srcset=\"https:\/\/laboratorios.ufrrj.br\/labsafe\/wp-content\/uploads\/sites\/19\/2020\/04\/icon-claudia.png 150w, https:\/\/laboratorios.ufrrj.br\/labsafe\/wp-content\/uploads\/sites\/19\/2020\/04\/icon-claudia-75x75.png 75w, https:\/\/laboratorios.ufrrj.br\/labsafe\/wp-content\/uploads\/sites\/19\/2020\/04\/icon-claudia-100x100.png 100w\" sizes=\"auto, (max-width: 150px) 100vw, 150px\" \/>CLAUDIA DE SOUZA LOPES\u00a0<\/strong><\/p>\n<p>Departamento de Epidemologia, Instituto de Medicina Social &#8211; Universidade do Estado do Rio de Janeiro &#8211; UERJ, Rio de Janeiro, Brasil. <strong><a href=\"http:\/\/lattes.cnpq.br\/0221968239264826\">Clique Aqui<\/a> para acessar o CV Lattes<\/strong>.<\/p>\n<p>&nbsp;<\/p>\n<p>&nbsp;<\/p>\n<p><strong><img loading=\"lazy\" decoding=\"async\" class=\"size-full wp-image-264 alignleft\" src=\"http:\/\/laboratorios.ufrrj.br\/labsafe\/wp-content\/uploads\/sites\/19\/2020\/04\/icon-geraldo.png\" alt=\"\" width=\"150\" height=\"150\" srcset=\"https:\/\/laboratorios.ufrrj.br\/labsafe\/wp-content\/uploads\/sites\/19\/2020\/04\/icon-geraldo.png 150w, https:\/\/laboratorios.ufrrj.br\/labsafe\/wp-content\/uploads\/sites\/19\/2020\/04\/icon-geraldo-75x75.png 75w, https:\/\/laboratorios.ufrrj.br\/labsafe\/wp-content\/uploads\/sites\/19\/2020\/04\/icon-geraldo-100x100.png 100w\" sizes=\"auto, (max-width: 150px) 100vw, 150px\" \/>GERALDO DE ALBUQUERQUE MARANH\u00c3O NETO<\/strong><\/p>\n<p>Laborat\u00f3rio de Ci\u00eancias da Atividade F\u00edsica, Programa de P\u00f3s-Gradua\u00e7\u00e3o em Ci\u00eancias da Atividade F\u00edsica, Universidade Salgado de Oliveira, Niter\u00f3i, Brasil.\u00a0<span style=\"font-weight: 400\"><strong><a href=\"http:\/\/lattes.cnpq.br\/9778132809360645\"> Clique Aqui<\/a> para acessar o CV Lattes.<\/strong><\/span><\/p>\n<p>&nbsp;<\/p>\n<p>&nbsp;<\/p>\n<p><strong><img loading=\"lazy\" decoding=\"async\" class=\"size-full wp-image-237 alignleft\" src=\"http:\/\/laboratorios.ufrrj.br\/labsafe\/wp-content\/uploads\/sites\/19\/2020\/04\/icon-gustavo.png\" alt=\"\" width=\"150\" height=\"150\" srcset=\"https:\/\/laboratorios.ufrrj.br\/labsafe\/wp-content\/uploads\/sites\/19\/2020\/04\/icon-gustavo.png 150w, https:\/\/laboratorios.ufrrj.br\/labsafe\/wp-content\/uploads\/sites\/19\/2020\/04\/icon-gustavo-75x75.png 75w, https:\/\/laboratorios.ufrrj.br\/labsafe\/wp-content\/uploads\/sites\/19\/2020\/04\/icon-gustavo-100x100.png 100w\" sizes=\"auto, (max-width: 150px) 100vw, 150px\" \/>GUSTAVO MOTA DE SOUSA<\/strong><\/p>\n<p>Laborat\u00f3rio integrado de Geografia F\u00edsica Aplicada (LiGA\/UFRRJ), Laborat\u00f3rio de Cartografia (GEOCART\/UFRJ) e o Laborat\u00f3rio de Dimens\u00f5es Sociais Aplicadas \u00e0 Atividade F\u00edsica (LABSAFE\/UFRRJ), Universidade Federal Rural do Rio de Janeiro, Instituto de Agronomia, Programa de P\u00f3s-Gradua\u00e7\u00e3o em Geografia, Serop\u00e9dica, RJ, Brasil.\u00a0<span style=\"font-weight: 400\"><strong><a href=\"http:\/\/lattes.cnpq.br\/3554715201484937\"> Clique Aqui<\/a> para acessar o CV Lattes.<\/strong><\/span><\/p>\n<p><strong><img loading=\"lazy\" decoding=\"async\" class=\"size-full wp-image-233 alignleft\" src=\"http:\/\/laboratorios.ufrrj.br\/labsafe\/wp-content\/uploads\/sites\/19\/2020\/04\/julia.png\" alt=\"\" width=\"150\" height=\"150\" srcset=\"https:\/\/laboratorios.ufrrj.br\/labsafe\/wp-content\/uploads\/sites\/19\/2020\/04\/julia.png 150w, https:\/\/laboratorios.ufrrj.br\/labsafe\/wp-content\/uploads\/sites\/19\/2020\/04\/julia-75x75.png 75w, https:\/\/laboratorios.ufrrj.br\/labsafe\/wp-content\/uploads\/sites\/19\/2020\/04\/julia-100x100.png 100w\" sizes=\"auto, (max-width: 150px) 100vw, 150px\" \/>J\u00daLIA ARA\u00daJO DE FIGUEIREDO\u00a0<\/strong><\/p>\n<p>Mestranda no programa de P\u00f3s-gradua\u00e7\u00e3o em Ci\u00eancias da Atividade F\u00edsica, Universidade Salgado de Oliveira, Niter\u00f3i, Brasil. <strong><a href=\"http:\/\/lattes.cnpq.br\/2031256820184084\">Clique Aqui<\/a> para acessar o CV Lattes.<\/strong><\/p>\n<p>&nbsp;<\/p>\n<p>&nbsp;<\/p>\n<p><strong><img loading=\"lazy\" decoding=\"async\" class=\"size-full wp-image-236 alignleft\" src=\"http:\/\/laboratorios.ufrrj.br\/labsafe\/wp-content\/uploads\/sites\/19\/2020\/04\/icon-joseeduardo.png\" alt=\"\" width=\"150\" height=\"150\" srcset=\"https:\/\/laboratorios.ufrrj.br\/labsafe\/wp-content\/uploads\/sites\/19\/2020\/04\/icon-joseeduardo.png 150w, https:\/\/laboratorios.ufrrj.br\/labsafe\/wp-content\/uploads\/sites\/19\/2020\/04\/icon-joseeduardo-75x75.png 75w, https:\/\/laboratorios.ufrrj.br\/labsafe\/wp-content\/uploads\/sites\/19\/2020\/04\/icon-joseeduardo-100x100.png 100w\" sizes=\"auto, (max-width: 150px) 100vw, 150px\" \/>JOS\u00c9 EDUARDO LATTARI RAYOL PRATI<\/strong><\/p>\n<p>Laborat\u00f3rio de Neuroci\u00eancias de Atividade F\u00edsica, Programa de P\u00f3s-Gradua\u00e7\u00e3o em Ci\u00eancias da Atividade F\u00edsica, Universidade Salgado de Oliveira, Niter\u00f3i, Brasil.\u00a0<span style=\"font-weight: 400\"><strong><a href=\"http:\/\/lattes.cnpq.br\/8861898765958365\"> Clique Aqui<\/a> para acessar o CV Lattes.<\/strong><\/span><\/p>\n<p>&nbsp;<\/p>\n<p>&nbsp;<\/p>\n<p><b><img loading=\"lazy\" decoding=\"async\" class=\"size-full wp-image-218 alignleft\" src=\"http:\/\/laboratorios.ufrrj.br\/labsafe\/wp-content\/uploads\/sites\/19\/2020\/03\/magno.png\" alt=\"\" width=\"150\" height=\"150\" srcset=\"https:\/\/laboratorios.ufrrj.br\/labsafe\/wp-content\/uploads\/sites\/19\/2020\/03\/magno.png 150w, https:\/\/laboratorios.ufrrj.br\/labsafe\/wp-content\/uploads\/sites\/19\/2020\/03\/magno-75x75.png 75w, https:\/\/laboratorios.ufrrj.br\/labsafe\/wp-content\/uploads\/sites\/19\/2020\/03\/magno-100x100.png 100w\" sizes=\"auto, (max-width: 150px) 100vw, 150px\" \/>MAGNO CONCEI\u00c7\u00c3O GARCIA<\/b><\/p>\n<p><span style=\"font-weight: 400\">Mestrando em Epidemiologia, Instituto de Medicina Social, Universidade do Estado do Rio de Janeiro &#8211; UERJ. Gradua\u00e7\u00e3o em Educa\u00e7\u00e3o F\u00edsica pela Universidade Federal Rural do Rio de Janeiro &#8211; UFRRJ, Rio de Janeiro, Brasil. <strong><a href=\"http:\/\/lattes.cnpq.br\/3624452486761121\">Clique Aqui<\/a> para acessar o CV Lattes.<\/strong><\/span><\/p>\n<p>&nbsp;<\/p>\n<p>&nbsp;<\/p>\n<p><strong><img loading=\"lazy\" decoding=\"async\" class=\"size-full wp-image-238 alignleft\" src=\"http:\/\/laboratorios.ufrrj.br\/labsafe\/wp-content\/uploads\/sites\/19\/2020\/04\/icon-mauro.png\" alt=\"\" width=\"150\" height=\"150\" srcset=\"https:\/\/laboratorios.ufrrj.br\/labsafe\/wp-content\/uploads\/sites\/19\/2020\/04\/icon-mauro.png 150w, https:\/\/laboratorios.ufrrj.br\/labsafe\/wp-content\/uploads\/sites\/19\/2020\/04\/icon-mauro-75x75.png 75w, https:\/\/laboratorios.ufrrj.br\/labsafe\/wp-content\/uploads\/sites\/19\/2020\/04\/icon-mauro-100x100.png 100w\" sizes=\"auto, (max-width: 150px) 100vw, 150px\" \/>MAURO FELIPPE FELIX MEDIANO<\/strong><\/p>\n<p>Laborat\u00f3rio de Pesquisa Cl\u00ednica em Doen\u00e7a de Chagas, Instituto Nacional de Doen\u00e7as Infecciosas Evrando Chagas, Funda\u00e7\u00e3o Oswaldo Cruz &#8211; FIOCRUZ, Rio de Janeiro, Brasil.\u00a0<span style=\"font-weight: 400\"><strong><a href=\"http:\/\/lattes.cnpq.br\/6999131332160074\"> Clique Aqui<\/a> para acessar o CV Lattes.<\/strong><\/span><\/p>\n<p>&nbsp;<\/p>\n<p>&nbsp;<\/p>\n<p><strong><img loading=\"lazy\" decoding=\"async\" class=\"size-full wp-image-239 alignleft\" src=\"http:\/\/laboratorios.ufrrj.br\/labsafe\/wp-content\/uploads\/sites\/19\/2020\/04\/icon-mikael.png\" alt=\"\" width=\"150\" height=\"150\" srcset=\"https:\/\/laboratorios.ufrrj.br\/labsafe\/wp-content\/uploads\/sites\/19\/2020\/04\/icon-mikael.png 150w, https:\/\/laboratorios.ufrrj.br\/labsafe\/wp-content\/uploads\/sites\/19\/2020\/04\/icon-mikael-75x75.png 75w, https:\/\/laboratorios.ufrrj.br\/labsafe\/wp-content\/uploads\/sites\/19\/2020\/04\/icon-mikael-100x100.png 100w\" sizes=\"auto, (max-width: 150px) 100vw, 150px\" \/>MIKAEL ROSTILA<\/strong><\/p>\n<p>Department of Public Health Sciences, Stockholm University, Stockholm, Sweden. Centre for Health Equity Studies (CHESS), Stockholm University\/Karolinska Institutet, Stockholm, Sweden.\u00a0<span style=\"font-weight: 400\"><strong><a href=\"https:\/\/www.su.se\/polopoly_fs\/1.392054.1553519976!\/menu\/standard\/file\/CV_Rostila%202019.pdf\"> Clique Aqui<\/a> para acessar o CV Lattes.<\/strong><\/span><\/p>\n<p>&nbsp;<\/p>\n<p><strong><img loading=\"lazy\" decoding=\"async\" class=\"size-full wp-image-240 alignleft\" src=\"http:\/\/laboratorios.ufrrj.br\/labsafe\/wp-content\/uploads\/sites\/19\/2020\/04\/roberta.png\" alt=\"\" width=\"150\" height=\"150\" srcset=\"https:\/\/laboratorios.ufrrj.br\/labsafe\/wp-content\/uploads\/sites\/19\/2020\/04\/roberta.png 150w, https:\/\/laboratorios.ufrrj.br\/labsafe\/wp-content\/uploads\/sites\/19\/2020\/04\/roberta-75x75.png 75w, https:\/\/laboratorios.ufrrj.br\/labsafe\/wp-content\/uploads\/sites\/19\/2020\/04\/roberta-100x100.png 100w\" sizes=\"auto, (max-width: 150px) 100vw, 150px\" \/>ROBERTA ARRUDA ALVES<\/strong><\/p>\n<p>Mestranda no Programa de P\u00f3s-gradua\u00e7\u00e3o em Ci\u00eancias da Atividade F\u00edsica, Universidade Salgado de Oliveira &#8211; UNIVERSO, Niter\u00f3i, Brasil.\u00a0<span style=\"font-weight: 400\"><strong><a href=\"http:\/\/lattes.cnpq.br\/5769722826240538\"> Clique Aqui<\/a> para acessar o CV Lattes.<\/strong><\/span><\/p>\n<p>&nbsp;<\/p>\n<p>&nbsp;<\/p>\n<p><strong><img loading=\"lazy\" decoding=\"async\" class=\"size-full wp-image-244 alignleft\" src=\"http:\/\/laboratorios.ufrrj.br\/labsafe\/wp-content\/uploads\/sites\/19\/2020\/04\/icon-rosane.png\" alt=\"\" width=\"150\" height=\"150\" srcset=\"https:\/\/laboratorios.ufrrj.br\/labsafe\/wp-content\/uploads\/sites\/19\/2020\/04\/icon-rosane.png 150w, https:\/\/laboratorios.ufrrj.br\/labsafe\/wp-content\/uploads\/sites\/19\/2020\/04\/icon-rosane-75x75.png 75w, https:\/\/laboratorios.ufrrj.br\/labsafe\/wp-content\/uploads\/sites\/19\/2020\/04\/icon-rosane-100x100.png 100w\" sizes=\"auto, (max-width: 150px) 100vw, 150px\" \/>ROSANE HARTER GRIEP<\/strong><\/p>\n<p>Laborat\u00f3rio de Educa\u00e7\u00e3o em Sa\u00fade e Meio Ambiente, Instituto Oswaldo Cruz, Funda\u00e7\u00e3o Oswaldo Cruz &#8211; FIOCRUZ, Rio de Janeiro, Brasil.\u00a0<span style=\"font-weight: 400\"><strong><a href=\"http:\/\/lattes.cnpq.br\/7964408437194114\"> Clique Aqui<\/a> para acessar o CV Lattes.<\/strong><\/span><\/p>\n<p>&nbsp;<\/p>\n<p>&nbsp;<\/p>\n<p><strong><img loading=\"lazy\" decoding=\"async\" class=\"size-full wp-image-241 alignleft\" src=\"http:\/\/laboratorios.ufrrj.br\/labsafe\/wp-content\/uploads\/sites\/19\/2020\/04\/icon-sergio.png\" alt=\"\" width=\"150\" height=\"150\" srcset=\"https:\/\/laboratorios.ufrrj.br\/labsafe\/wp-content\/uploads\/sites\/19\/2020\/04\/icon-sergio.png 150w, https:\/\/laboratorios.ufrrj.br\/labsafe\/wp-content\/uploads\/sites\/19\/2020\/04\/icon-sergio-75x75.png 75w, https:\/\/laboratorios.ufrrj.br\/labsafe\/wp-content\/uploads\/sites\/19\/2020\/04\/icon-sergio-100x100.png 100w\" sizes=\"auto, (max-width: 150px) 100vw, 150px\" \/>SERGIO EDUARDO DE CARVALHO MACHADO<\/strong><\/p>\n<p>Laborat\u00f3rio de Neuroci\u00eancias de Atividade F\u00edsica, Programa de P\u00f3s-Gradua\u00e7\u00e3o em Ci\u00eancias da Atividade F\u00edsica, Universidade Salgado de Oliveira &#8211; UNIVERSO, Niter\u00f3i, Brasil.\u00a0<span style=\"font-weight: 400\"><strong><a href=\"http:\/\/lattes.cnpq.br\/0095550072802463\"> Clique Aqui<\/a> para acessar o CV Lattes.<\/strong><\/span><\/p>\n<p>&nbsp;<\/p>\n<p>&nbsp;<\/p>\n<p><b><img loading=\"lazy\" decoding=\"async\" class=\"size-full wp-image-206 alignleft\" src=\"http:\/\/laboratorios.ufrrj.br\/labsafe\/wp-content\/uploads\/sites\/19\/2020\/03\/thaisa.png\" alt=\"\" width=\"150\" height=\"150\" srcset=\"https:\/\/laboratorios.ufrrj.br\/labsafe\/wp-content\/uploads\/sites\/19\/2020\/03\/thaisa.png 150w, https:\/\/laboratorios.ufrrj.br\/labsafe\/wp-content\/uploads\/sites\/19\/2020\/03\/thaisa-75x75.png 75w, https:\/\/laboratorios.ufrrj.br\/labsafe\/wp-content\/uploads\/sites\/19\/2020\/03\/thaisa-100x100.png 100w\" sizes=\"auto, (max-width: 150px) 100vw, 150px\" \/>THA\u00cdSA ALVES PENNA<\/b><\/p>\n<p><span style=\"font-weight: 400\">Mestranda em Ci\u00eancias da Atividade F\u00edsica pela Universidade Salgado de Oliveira &#8211; UNIVERSO,\u00a0 gradua\u00e7\u00e3o em Educa\u00e7\u00e3o F\u00edsica pela Universidade Federal Rural do Rio de Janeiro &#8211; UFRRJ, Rio de Janeiro, Brasil. <strong><a href=\"http:\/\/lattes.cnpq.br\/0716221305924554\">Clique Aqui<\/a> para acessar o CV Lattes.<\/strong><\/span><\/p>\n<p>&nbsp;<\/p>\n<p>&nbsp;<\/p>\n<p><strong><img loading=\"lazy\" decoding=\"async\" class=\"size-full wp-image-242 alignleft\" src=\"http:\/\/laboratorios.ufrrj.br\/labsafe\/wp-content\/uploads\/sites\/19\/2020\/04\/icon-vitor.png\" alt=\"\" width=\"150\" height=\"150\" srcset=\"https:\/\/laboratorios.ufrrj.br\/labsafe\/wp-content\/uploads\/sites\/19\/2020\/04\/icon-vitor.png 150w, https:\/\/laboratorios.ufrrj.br\/labsafe\/wp-content\/uploads\/sites\/19\/2020\/04\/icon-vitor-75x75.png 75w, https:\/\/laboratorios.ufrrj.br\/labsafe\/wp-content\/uploads\/sites\/19\/2020\/04\/icon-vitor-100x100.png 100w\" sizes=\"auto, (max-width: 150px) 100vw, 150px\" \/>VITOR BARRETO PARAVIDINO<\/strong><\/p>\n<p>Departamento de Epidemiologia, Instituto de Medicina Social, Universidade do Estado do Rio de Janeiro &#8211; UERJ. Escola Naval, Rio de Janeiro, Brasil.<span style=\"font-weight: 400\"><strong><a href=\"http:\/\/lattes.cnpq.br\/2572438708989185\"> Clique Aqui<\/a> para acessar o CV Lattes.<\/strong><\/span><\/p>\n<p>&nbsp;<\/p>\n<p>&nbsp;<\/p>\n<p><strong><img loading=\"lazy\" decoding=\"async\" class=\"size-full wp-image-243 alignleft\" src=\"http:\/\/laboratorios.ufrrj.br\/labsafe\/wp-content\/uploads\/sites\/19\/2020\/04\/icon-viviane.png\" alt=\"\" width=\"150\" height=\"150\" srcset=\"https:\/\/laboratorios.ufrrj.br\/labsafe\/wp-content\/uploads\/sites\/19\/2020\/04\/icon-viviane.png 150w, https:\/\/laboratorios.ufrrj.br\/labsafe\/wp-content\/uploads\/sites\/19\/2020\/04\/icon-viviane-75x75.png 75w, https:\/\/laboratorios.ufrrj.br\/labsafe\/wp-content\/uploads\/sites\/19\/2020\/04\/icon-viviane-100x100.png 100w\" sizes=\"auto, (max-width: 150px) 100vw, 150px\" \/>VIVIANE SCHULTZ STRAATMANN<\/strong><\/p>\n<p>Aging Research Center, Department of Neurobiology, Care sciences and Society (NVS), Karolinska Institutet, Stockholm University, Solna, Sweden.\u00a0<span style=\"font-weight: 400\"><strong><a href=\"https:\/\/staff.ki.se\/people\/vivstr?_ga=2.129627660.1855426097.1585848794-1022009615.1585600063\">Clique Aqui<\/a> para acessar o CV Lattes.<\/strong><\/span><\/p>\n<p>&nbsp;<\/p>\n<p>&nbsp;<\/p>\n<p><b><img loading=\"lazy\" decoding=\"async\" class=\"size-full wp-image-205 alignleft\" src=\"http:\/\/laboratorios.ufrrj.br\/labsafe\/wp-content\/uploads\/sites\/19\/2020\/03\/wesley.png\" alt=\"\" width=\"150\" height=\"150\" srcset=\"https:\/\/laboratorios.ufrrj.br\/labsafe\/wp-content\/uploads\/sites\/19\/2020\/03\/wesley.png 150w, https:\/\/laboratorios.ufrrj.br\/labsafe\/wp-content\/uploads\/sites\/19\/2020\/03\/wesley-75x75.png 75w, https:\/\/laboratorios.ufrrj.br\/labsafe\/wp-content\/uploads\/sites\/19\/2020\/03\/wesley-100x100.png 100w\" sizes=\"auto, (max-width: 150px) 100vw, 150px\" \/>WESLEY DE SOUZA DO VALE\u00a0<\/b><\/p>\n<p><span style=\"font-weight: 400\">Doutorando em Sa\u00fade Coletiva pela Universidade do Estado do Rio de Janeiro &#8211; UERJ, mestrado em <\/span><span style=\"font-weight: 400\">Ci\u00eancias da Atividade F\u00edsica da Universidade Salgado de Oliveira &#8211; UNIVERSO, gradua\u00e7\u00e3o em Educa\u00e7\u00e3o F\u00edsica pela Universidade Federal Rural do Rio de Janeiro &#8211; UFRRJ, Rio de Janeiro, Brasil.<strong><a href=\"http:\/\/lattes.cnpq.br\/7742839396786162\"> Clique Aqui<\/a> para acessar o CV Lattes.<\/strong><\/span><\/p>\n<p>&nbsp;<\/p>\n<p>&nbsp;<\/p>\n","protected":false},"excerpt":{"rendered":"<p>ANT\u00d4NIO CARLOS MONTEIRO PONCE DE LEON Departamento de Epidemologia, Instituto de Medicina Social &#8211; Universidade do Estado do Rio de <a class=\"read-more\" href=\"https:\/\/laboratorios.ufrrj.br\/labsafe\/pesquisadores\/ \" >&#8230; <span class=\"font-italic\">leia mais <i class=\"fas fa-angle-right\"><\/i><\/span><\/a><\/p>\n","protected":false},"author":21,"featured_media":0,"parent":0,"menu_order":0,"comment_status":"closed","ping_status":"closed","template":"","meta":{"_acf_changed":false,"footnotes":""},"class_list":["post-204","page","type-page","status-publish","hentry"],"acf":[],"yoast_head":"<!-- This site is optimized with the Yoast SEO plugin v26.8 - https:\/\/yoast.com\/product\/yoast-seo-wordpress\/ -->\n<title>Pesquisadores - LABSAFE<\/title>\n<meta name=\"robots\" content=\"index, follow, max-snippet:-1, max-image-preview:large, max-video-preview:-1\" \/>\n<link rel=\"canonical\" href=\"https:\/\/laboratorios.ufrrj.br\/labsafe\/pesquisadores\/\" \/>\n<meta property=\"og:locale\" content=\"pt_BR\" \/>\n<meta property=\"og:type\" content=\"article\" \/>\n<meta property=\"og:title\" content=\"Pesquisadores - LABSAFE\" \/>\n<meta property=\"og:description\" content=\"ANT\u00d4NIO CARLOS MONTEIRO PONCE DE LEON Departamento de Epidemologia, Instituto de Medicina Social &#8211; Universidade do Estado do Rio de ... leia mais\" \/>\n<meta property=\"og:url\" content=\"https:\/\/laboratorios.ufrrj.br\/labsafe\/pesquisadores\/\" \/>\n<meta property=\"og:site_name\" content=\"LABSAFE\" \/>\n<meta property=\"article:modified_time\" content=\"2020-04-06T13:50:09+00:00\" \/>\n<meta property=\"og:image\" content=\"https:\/\/laboratorios.ufrrj.br\/labsafe\/wp-content\/uploads\/sites\/19\/2020\/04\/icon-antonio.png\" \/>\n\t<meta property=\"og:image:width\" content=\"150\" \/>\n\t<meta property=\"og:image:height\" content=\"150\" \/>\n\t<meta property=\"og:image:type\" content=\"image\/png\" \/>\n<meta name=\"twitter:card\" content=\"summary_large_image\" \/>\n<meta name=\"twitter:label1\" content=\"Est. tempo de leitura\" \/>\n\t<meta name=\"twitter:data1\" content=\"3 minutos\" \/>\n<script type=\"application\/ld+json\" class=\"yoast-schema-graph\">{\"@context\":\"https:\/\/schema.org\",\"@graph\":[{\"@type\":\"WebPage\",\"@id\":\"https:\/\/laboratorios.ufrrj.br\/labsafe\/pesquisadores\/\",\"url\":\"https:\/\/laboratorios.ufrrj.br\/labsafe\/pesquisadores\/\",\"name\":\"Pesquisadores - LABSAFE\",\"isPartOf\":{\"@id\":\"https:\/\/laboratorios.ufrrj.br\/labsafe\/#website\"},\"primaryImageOfPage\":{\"@id\":\"https:\/\/laboratorios.ufrrj.br\/labsafe\/pesquisadores\/#primaryimage\"},\"image\":{\"@id\":\"https:\/\/laboratorios.ufrrj.br\/labsafe\/pesquisadores\/#primaryimage\"},\"thumbnailUrl\":\"http:\/\/laboratorios.ufrrj.br\/labsafe\/wp-content\/uploads\/sites\/19\/2020\/04\/icon-antonio.png\",\"datePublished\":\"2020-03-29T17:17:01+00:00\",\"dateModified\":\"2020-04-06T13:50:09+00:00\",\"breadcrumb\":{\"@id\":\"https:\/\/laboratorios.ufrrj.br\/labsafe\/pesquisadores\/#breadcrumb\"},\"inLanguage\":\"pt-BR\",\"potentialAction\":[{\"@type\":\"ReadAction\",\"target\":[\"https:\/\/laboratorios.ufrrj.br\/labsafe\/pesquisadores\/\"]}]},{\"@type\":\"ImageObject\",\"inLanguage\":\"pt-BR\",\"@id\":\"https:\/\/laboratorios.ufrrj.br\/labsafe\/pesquisadores\/#primaryimage\",\"url\":\"https:\/\/laboratorios.ufrrj.br\/labsafe\/wp-content\/uploads\/sites\/19\/2020\/04\/icon-antonio.png\",\"contentUrl\":\"https:\/\/laboratorios.ufrrj.br\/labsafe\/wp-content\/uploads\/sites\/19\/2020\/04\/icon-antonio.png\",\"width\":150,\"height\":150},{\"@type\":\"BreadcrumbList\",\"@id\":\"https:\/\/laboratorios.ufrrj.br\/labsafe\/pesquisadores\/#breadcrumb\",\"itemListElement\":[{\"@type\":\"ListItem\",\"position\":1,\"name\":\"In\u00edcio\",\"item\":\"https:\/\/laboratorios.ufrrj.br\/labsafe\/\"},{\"@type\":\"ListItem\",\"position\":2,\"name\":\"Pesquisadores\"}]},{\"@type\":\"WebSite\",\"@id\":\"https:\/\/laboratorios.ufrrj.br\/labsafe\/#website\",\"url\":\"https:\/\/laboratorios.ufrrj.br\/labsafe\/\",\"name\":\"LABSAFE\",\"description\":\"Laborat\u00f3rio de Dimens\u00f5es Aplicadas \u00e0 Atividade F\u00edsica\",\"potentialAction\":[{\"@type\":\"SearchAction\",\"target\":{\"@type\":\"EntryPoint\",\"urlTemplate\":\"https:\/\/laboratorios.ufrrj.br\/labsafe\/?s={search_term_string}\"},\"query-input\":{\"@type\":\"PropertyValueSpecification\",\"valueRequired\":true,\"valueName\":\"search_term_string\"}}],\"inLanguage\":\"pt-BR\"}]}<\/script>\n<!-- \/ Yoast SEO plugin. -->","yoast_head_json":{"title":"Pesquisadores - LABSAFE","robots":{"index":"index","follow":"follow","max-snippet":"max-snippet:-1","max-image-preview":"max-image-preview:large","max-video-preview":"max-video-preview:-1"},"canonical":"https:\/\/laboratorios.ufrrj.br\/labsafe\/pesquisadores\/","og_locale":"pt_BR","og_type":"article","og_title":"Pesquisadores - LABSAFE","og_description":"ANT\u00d4NIO CARLOS MONTEIRO PONCE DE LEON Departamento de Epidemologia, Instituto de Medicina Social &#8211; Universidade do Estado do Rio de ... leia mais","og_url":"https:\/\/laboratorios.ufrrj.br\/labsafe\/pesquisadores\/","og_site_name":"LABSAFE","article_modified_time":"2020-04-06T13:50:09+00:00","og_image":[{"width":150,"height":150,"url":"https:\/\/laboratorios.ufrrj.br\/labsafe\/wp-content\/uploads\/sites\/19\/2020\/04\/icon-antonio.png","type":"image\/png"}],"twitter_card":"summary_large_image","twitter_misc":{"Est. tempo de leitura":"3 minutos"},"schema":{"@context":"https:\/\/schema.org","@graph":[{"@type":"WebPage","@id":"https:\/\/laboratorios.ufrrj.br\/labsafe\/pesquisadores\/","url":"https:\/\/laboratorios.ufrrj.br\/labsafe\/pesquisadores\/","name":"Pesquisadores - LABSAFE","isPartOf":{"@id":"https:\/\/laboratorios.ufrrj.br\/labsafe\/#website"},"primaryImageOfPage":{"@id":"https:\/\/laboratorios.ufrrj.br\/labsafe\/pesquisadores\/#primaryimage"},"image":{"@id":"https:\/\/laboratorios.ufrrj.br\/labsafe\/pesquisadores\/#primaryimage"},"thumbnailUrl":"http:\/\/laboratorios.ufrrj.br\/labsafe\/wp-content\/uploads\/sites\/19\/2020\/04\/icon-antonio.png","datePublished":"2020-03-29T17:17:01+00:00","dateModified":"2020-04-06T13:50:09+00:00","breadcrumb":{"@id":"https:\/\/laboratorios.ufrrj.br\/labsafe\/pesquisadores\/#breadcrumb"},"inLanguage":"pt-BR","potentialAction":[{"@type":"ReadAction","target":["https:\/\/laboratorios.ufrrj.br\/labsafe\/pesquisadores\/"]}]},{"@type":"ImageObject","inLanguage":"pt-BR","@id":"https:\/\/laboratorios.ufrrj.br\/labsafe\/pesquisadores\/#primaryimage","url":"https:\/\/laboratorios.ufrrj.br\/labsafe\/wp-content\/uploads\/sites\/19\/2020\/04\/icon-antonio.png","contentUrl":"https:\/\/laboratorios.ufrrj.br\/labsafe\/wp-content\/uploads\/sites\/19\/2020\/04\/icon-antonio.png","width":150,"height":150},{"@type":"BreadcrumbList","@id":"https:\/\/laboratorios.ufrrj.br\/labsafe\/pesquisadores\/#breadcrumb","itemListElement":[{"@type":"ListItem","position":1,"name":"In\u00edcio","item":"https:\/\/laboratorios.ufrrj.br\/labsafe\/"},{"@type":"ListItem","position":2,"name":"Pesquisadores"}]},{"@type":"WebSite","@id":"https:\/\/laboratorios.ufrrj.br\/labsafe\/#website","url":"https:\/\/laboratorios.ufrrj.br\/labsafe\/","name":"LABSAFE","description":"Laborat\u00f3rio de Dimens\u00f5es Aplicadas \u00e0 Atividade F\u00edsica","potentialAction":[{"@type":"SearchAction","target":{"@type":"EntryPoint","urlTemplate":"https:\/\/laboratorios.ufrrj.br\/labsafe\/?s={search_term_string}"},"query-input":{"@type":"PropertyValueSpecification","valueRequired":true,"valueName":"search_term_string"}}],"inLanguage":"pt-BR"}]}},"_links":{"self":[{"href":"https:\/\/laboratorios.ufrrj.br\/labsafe\/wp-json\/wp\/v2\/pages\/204","targetHints":{"allow":["GET"]}}],"collection":[{"href":"https:\/\/laboratorios.ufrrj.br\/labsafe\/wp-json\/wp\/v2\/pages"}],"about":[{"href":"https:\/\/laboratorios.ufrrj.br\/labsafe\/wp-json\/wp\/v2\/types\/page"}],"author":[{"embeddable":true,"href":"https:\/\/laboratorios.ufrrj.br\/labsafe\/wp-json\/wp\/v2\/users\/21"}],"replies":[{"embeddable":true,"href":"https:\/\/laboratorios.ufrrj.br\/labsafe\/wp-json\/wp\/v2\/comments?post=204"}],"version-history":[{"count":9,"href":"https:\/\/laboratorios.ufrrj.br\/labsafe\/wp-json\/wp\/v2\/pages\/204\/revisions"}],"predecessor-version":[{"id":307,"href":"https:\/\/laboratorios.ufrrj.br\/labsafe\/wp-json\/wp\/v2\/pages\/204\/revisions\/307"}],"wp:attachment":[{"href":"https:\/\/laboratorios.ufrrj.br\/labsafe\/wp-json\/wp\/v2\/media?parent=204"}],"curies":[{"name":"wp","href":"https:\/\/api.w.org\/{rel}","templated":true}]}}