{"id":197,"date":"2020-03-27T18:18:09","date_gmt":"2020-03-27T21:18:09","guid":{"rendered":"http:\/\/laboratorios.ufrrj.br\/labsafe\/?page_id=197"},"modified":"2020-03-27T18:18:50","modified_gmt":"2020-03-27T21:18:50","slug":"coordenadores","status":"publish","type":"page","link":"https:\/\/laboratorios.ufrrj.br\/labsafe\/equipe\/coordenadores\/","title":{"rendered":"Coordenadores"},"content":{"rendered":"<p><strong><img loading=\"lazy\" decoding=\"async\" class=\"size-full wp-image-199 alignleft\" src=\"http:\/\/laboratorios.ufrrj.br\/labsafe\/wp-content\/uploads\/sites\/19\/2020\/03\/aldair-lattes2.png\" alt=\"\" width=\"150\" height=\"150\" srcset=\"https:\/\/laboratorios.ufrrj.br\/labsafe\/wp-content\/uploads\/sites\/19\/2020\/03\/aldair-lattes2.png 150w, https:\/\/laboratorios.ufrrj.br\/labsafe\/wp-content\/uploads\/sites\/19\/2020\/03\/aldair-lattes2-75x75.png 75w, https:\/\/laboratorios.ufrrj.br\/labsafe\/wp-content\/uploads\/sites\/19\/2020\/03\/aldair-lattes2-100x100.png 100w\" sizes=\"auto, (max-width: 150px) 100vw, 150px\" \/><\/strong><\/p>\n<p><strong>ALDAIR JOS\u00c9 DE OLIVEIRA | COORDENADOR | ELDAF<\/strong><\/p>\n<p>Gradua\u00e7\u00e3o em Educa\u00e7\u00e3o F\u00edsica pela Universidade Federal Rural do Rio de Janeiro (2001), mestrado em Educa\u00e7\u00e3o F\u00edsica pela Universidade Gama Filho (2004) e doutorado em Sa\u00fade Coletiva pela Universidade do Estado do Rio de Janeiro (2011) e p\u00f3s-doutorado em Sa\u00fade Coletiva pela Universidade do Estado do Rio de Janeiro (2013). Atualmente \u00e9 professor adjunto da Universidade Federal Rural do Rio de Janeiro do Departamento de Educa\u00e7\u00e3o F\u00edsica e Desportos.\u00a0<strong><a href=\"http:\/\/lattes.cnpq.br\/7669724967517451\">Clique Aqui<\/a> para acessar o CV Lattes.<\/strong><\/p>\n<p>&nbsp;<\/p>\n<p><strong><img loading=\"lazy\" decoding=\"async\" class=\"size-full wp-image-201 alignleft\" src=\"http:\/\/laboratorios.ufrrj.br\/labsafe\/wp-content\/uploads\/sites\/19\/2020\/03\/fabi-latte.png\" alt=\"\" width=\"150\" height=\"150\" srcset=\"https:\/\/laboratorios.ufrrj.br\/labsafe\/wp-content\/uploads\/sites\/19\/2020\/03\/fabi-latte.png 150w, https:\/\/laboratorios.ufrrj.br\/labsafe\/wp-content\/uploads\/sites\/19\/2020\/03\/fabi-latte-75x75.png 75w, https:\/\/laboratorios.ufrrj.br\/labsafe\/wp-content\/uploads\/sites\/19\/2020\/03\/fabi-latte-100x100.png 100w\" sizes=\"auto, (max-width: 150px) 100vw, 150px\" \/>FABIANE FROTA DA ROCHA MORGADO | COORDENADORA | GEPAC<\/strong><\/p>\n<p>Doutora em Educa\u00e7\u00e3o F\u00edsica pela Universidade Estadual de Campinas (2013). Mestre em Educa\u00e7\u00e3o F\u00edsica pela Universidade Federal de Juiz de Fora (2009). Especialista em Aspectos Metodol\u00f3gicos e Conceituais da Pesquisa\u00a0Cient\u00edfica pela Universidade Federal de Juiz de Fora (2007). Graduou-se em Licenciatura Plena em Educa\u00e7\u00e3o F\u00edsica pela Universidade Federal Rural do Rio de Janeiro &#8211; UFRRJ &#8211; (2004). Atualmente, \u00e9 professora Adjunta do Departamento de Educa\u00e7\u00e3o F\u00edsica e Desportos do Instituto de Educa\u00e7\u00e3o da UFRRJ. <strong><a href=\"http:\/\/lattes.cnpq.br\/1988074625618984\">Clique Aqui<\/a> para acessar o CV Lattes.\u00a0<\/strong><\/p>\n<p>&nbsp;<\/p>\n<p>&nbsp;<\/p>\n<p>&nbsp;<\/p>\n","protected":false},"excerpt":{"rendered":"<p>ALDAIR JOS\u00c9 DE OLIVEIRA | COORDENADOR | ELDAF Gradua\u00e7\u00e3o em Educa\u00e7\u00e3o F\u00edsica pela Universidade Federal Rural do Rio de Janeiro <a class=\"read-more\" href=\"https:\/\/laboratorios.ufrrj.br\/labsafe\/equipe\/coordenadores\/ \" >&#8230; <span class=\"font-italic\">leia mais <i class=\"fas fa-angle-right\"><\/i><\/span><\/a><\/p>\n","protected":false},"author":21,"featured_media":0,"parent":6,"menu_order":0,"comment_status":"closed","ping_status":"closed","template":"","meta":{"_acf_changed":false,"footnotes":""},"class_list":["post-197","page","type-page","status-publish","hentry"],"acf":[],"yoast_head":"<!-- This site is optimized with the Yoast SEO plugin v26.8 - https:\/\/yoast.com\/product\/yoast-seo-wordpress\/ -->\n<title>Coordenadores - LABSAFE<\/title>\n<meta name=\"robots\" content=\"index, follow, max-snippet:-1, max-image-preview:large, max-video-preview:-1\" \/>\n<link rel=\"canonical\" href=\"https:\/\/laboratorios.ufrrj.br\/labsafe\/equipe\/coordenadores\/\" \/>\n<meta property=\"og:locale\" content=\"pt_BR\" \/>\n<meta property=\"og:type\" content=\"article\" \/>\n<meta property=\"og:title\" content=\"Coordenadores - LABSAFE\" \/>\n<meta property=\"og:description\" content=\"ALDAIR JOS\u00c9 DE OLIVEIRA | COORDENADOR | ELDAF Gradua\u00e7\u00e3o em Educa\u00e7\u00e3o F\u00edsica pela Universidade Federal Rural do Rio de Janeiro ... leia mais\" \/>\n<meta property=\"og:url\" content=\"https:\/\/laboratorios.ufrrj.br\/labsafe\/equipe\/coordenadores\/\" \/>\n<meta property=\"og:site_name\" content=\"LABSAFE\" \/>\n<meta property=\"article:modified_time\" content=\"2020-03-27T21:18:50+00:00\" \/>\n<meta property=\"og:image\" content=\"https:\/\/laboratorios.ufrrj.br\/labsafe\/wp-content\/uploads\/sites\/19\/2020\/03\/aldair-lattes2.png\" \/>\n\t<meta property=\"og:image:width\" content=\"150\" \/>\n\t<meta property=\"og:image:height\" content=\"150\" \/>\n\t<meta property=\"og:image:type\" content=\"image\/png\" \/>\n<meta name=\"twitter:card\" content=\"summary_large_image\" \/>\n<meta name=\"twitter:label1\" content=\"Est. tempo de leitura\" \/>\n\t<meta name=\"twitter:data1\" content=\"1 minuto\" \/>\n<script type=\"application\/ld+json\" class=\"yoast-schema-graph\">{\"@context\":\"https:\/\/schema.org\",\"@graph\":[{\"@type\":\"WebPage\",\"@id\":\"https:\/\/laboratorios.ufrrj.br\/labsafe\/equipe\/coordenadores\/\",\"url\":\"https:\/\/laboratorios.ufrrj.br\/labsafe\/equipe\/coordenadores\/\",\"name\":\"Coordenadores - LABSAFE\",\"isPartOf\":{\"@id\":\"https:\/\/laboratorios.ufrrj.br\/labsafe\/#website\"},\"primaryImageOfPage\":{\"@id\":\"https:\/\/laboratorios.ufrrj.br\/labsafe\/equipe\/coordenadores\/#primaryimage\"},\"image\":{\"@id\":\"https:\/\/laboratorios.ufrrj.br\/labsafe\/equipe\/coordenadores\/#primaryimage\"},\"thumbnailUrl\":\"http:\/\/laboratorios.ufrrj.br\/labsafe\/wp-content\/uploads\/sites\/19\/2020\/03\/aldair-lattes2.png\",\"datePublished\":\"2020-03-27T21:18:09+00:00\",\"dateModified\":\"2020-03-27T21:18:50+00:00\",\"breadcrumb\":{\"@id\":\"https:\/\/laboratorios.ufrrj.br\/labsafe\/equipe\/coordenadores\/#breadcrumb\"},\"inLanguage\":\"pt-BR\",\"potentialAction\":[{\"@type\":\"ReadAction\",\"target\":[\"https:\/\/laboratorios.ufrrj.br\/labsafe\/equipe\/coordenadores\/\"]}]},{\"@type\":\"ImageObject\",\"inLanguage\":\"pt-BR\",\"@id\":\"https:\/\/laboratorios.ufrrj.br\/labsafe\/equipe\/coordenadores\/#primaryimage\",\"url\":\"https:\/\/laboratorios.ufrrj.br\/labsafe\/wp-content\/uploads\/sites\/19\/2020\/03\/aldair-lattes2.png\",\"contentUrl\":\"https:\/\/laboratorios.ufrrj.br\/labsafe\/wp-content\/uploads\/sites\/19\/2020\/03\/aldair-lattes2.png\",\"width\":150,\"height\":150},{\"@type\":\"BreadcrumbList\",\"@id\":\"https:\/\/laboratorios.ufrrj.br\/labsafe\/equipe\/coordenadores\/#breadcrumb\",\"itemListElement\":[{\"@type\":\"ListItem\",\"position\":1,\"name\":\"In\u00edcio\",\"item\":\"https:\/\/laboratorios.ufrrj.br\/labsafe\/\"},{\"@type\":\"ListItem\",\"position\":2,\"name\":\"Equipe\",\"item\":\"https:\/\/laboratorios.ufrrj.br\/labsafe\/equipe\/\"},{\"@type\":\"ListItem\",\"position\":3,\"name\":\"Coordenadores\"}]},{\"@type\":\"WebSite\",\"@id\":\"https:\/\/laboratorios.ufrrj.br\/labsafe\/#website\",\"url\":\"https:\/\/laboratorios.ufrrj.br\/labsafe\/\",\"name\":\"LABSAFE\",\"description\":\"Laborat\u00f3rio de Dimens\u00f5es Aplicadas \u00e0 Atividade F\u00edsica\",\"potentialAction\":[{\"@type\":\"SearchAction\",\"target\":{\"@type\":\"EntryPoint\",\"urlTemplate\":\"https:\/\/laboratorios.ufrrj.br\/labsafe\/?s={search_term_string}\"},\"query-input\":{\"@type\":\"PropertyValueSpecification\",\"valueRequired\":true,\"valueName\":\"search_term_string\"}}],\"inLanguage\":\"pt-BR\"}]}<\/script>\n<!-- \/ Yoast SEO plugin. -->","yoast_head_json":{"title":"Coordenadores - LABSAFE","robots":{"index":"index","follow":"follow","max-snippet":"max-snippet:-1","max-image-preview":"max-image-preview:large","max-video-preview":"max-video-preview:-1"},"canonical":"https:\/\/laboratorios.ufrrj.br\/labsafe\/equipe\/coordenadores\/","og_locale":"pt_BR","og_type":"article","og_title":"Coordenadores - LABSAFE","og_description":"ALDAIR JOS\u00c9 DE OLIVEIRA | COORDENADOR | ELDAF Gradua\u00e7\u00e3o em Educa\u00e7\u00e3o F\u00edsica pela Universidade Federal Rural do Rio de Janeiro ... leia mais","og_url":"https:\/\/laboratorios.ufrrj.br\/labsafe\/equipe\/coordenadores\/","og_site_name":"LABSAFE","article_modified_time":"2020-03-27T21:18:50+00:00","og_image":[{"width":150,"height":150,"url":"https:\/\/laboratorios.ufrrj.br\/labsafe\/wp-content\/uploads\/sites\/19\/2020\/03\/aldair-lattes2.png","type":"image\/png"}],"twitter_card":"summary_large_image","twitter_misc":{"Est. tempo de leitura":"1 minuto"},"schema":{"@context":"https:\/\/schema.org","@graph":[{"@type":"WebPage","@id":"https:\/\/laboratorios.ufrrj.br\/labsafe\/equipe\/coordenadores\/","url":"https:\/\/laboratorios.ufrrj.br\/labsafe\/equipe\/coordenadores\/","name":"Coordenadores - LABSAFE","isPartOf":{"@id":"https:\/\/laboratorios.ufrrj.br\/labsafe\/#website"},"primaryImageOfPage":{"@id":"https:\/\/laboratorios.ufrrj.br\/labsafe\/equipe\/coordenadores\/#primaryimage"},"image":{"@id":"https:\/\/laboratorios.ufrrj.br\/labsafe\/equipe\/coordenadores\/#primaryimage"},"thumbnailUrl":"http:\/\/laboratorios.ufrrj.br\/labsafe\/wp-content\/uploads\/sites\/19\/2020\/03\/aldair-lattes2.png","datePublished":"2020-03-27T21:18:09+00:00","dateModified":"2020-03-27T21:18:50+00:00","breadcrumb":{"@id":"https:\/\/laboratorios.ufrrj.br\/labsafe\/equipe\/coordenadores\/#breadcrumb"},"inLanguage":"pt-BR","potentialAction":[{"@type":"ReadAction","target":["https:\/\/laboratorios.ufrrj.br\/labsafe\/equipe\/coordenadores\/"]}]},{"@type":"ImageObject","inLanguage":"pt-BR","@id":"https:\/\/laboratorios.ufrrj.br\/labsafe\/equipe\/coordenadores\/#primaryimage","url":"https:\/\/laboratorios.ufrrj.br\/labsafe\/wp-content\/uploads\/sites\/19\/2020\/03\/aldair-lattes2.png","contentUrl":"https:\/\/laboratorios.ufrrj.br\/labsafe\/wp-content\/uploads\/sites\/19\/2020\/03\/aldair-lattes2.png","width":150,"height":150},{"@type":"BreadcrumbList","@id":"https:\/\/laboratorios.ufrrj.br\/labsafe\/equipe\/coordenadores\/#breadcrumb","itemListElement":[{"@type":"ListItem","position":1,"name":"In\u00edcio","item":"https:\/\/laboratorios.ufrrj.br\/labsafe\/"},{"@type":"ListItem","position":2,"name":"Equipe","item":"https:\/\/laboratorios.ufrrj.br\/labsafe\/equipe\/"},{"@type":"ListItem","position":3,"name":"Coordenadores"}]},{"@type":"WebSite","@id":"https:\/\/laboratorios.ufrrj.br\/labsafe\/#website","url":"https:\/\/laboratorios.ufrrj.br\/labsafe\/","name":"LABSAFE","description":"Laborat\u00f3rio de Dimens\u00f5es Aplicadas \u00e0 Atividade F\u00edsica","potentialAction":[{"@type":"SearchAction","target":{"@type":"EntryPoint","urlTemplate":"https:\/\/laboratorios.ufrrj.br\/labsafe\/?s={search_term_string}"},"query-input":{"@type":"PropertyValueSpecification","valueRequired":true,"valueName":"search_term_string"}}],"inLanguage":"pt-BR"}]}},"_links":{"self":[{"href":"https:\/\/laboratorios.ufrrj.br\/labsafe\/wp-json\/wp\/v2\/pages\/197","targetHints":{"allow":["GET"]}}],"collection":[{"href":"https:\/\/laboratorios.ufrrj.br\/labsafe\/wp-json\/wp\/v2\/pages"}],"about":[{"href":"https:\/\/laboratorios.ufrrj.br\/labsafe\/wp-json\/wp\/v2\/types\/page"}],"author":[{"embeddable":true,"href":"https:\/\/laboratorios.ufrrj.br\/labsafe\/wp-json\/wp\/v2\/users\/21"}],"replies":[{"embeddable":true,"href":"https:\/\/laboratorios.ufrrj.br\/labsafe\/wp-json\/wp\/v2\/comments?post=197"}],"version-history":[{"count":2,"href":"https:\/\/laboratorios.ufrrj.br\/labsafe\/wp-json\/wp\/v2\/pages\/197\/revisions"}],"predecessor-version":[{"id":202,"href":"https:\/\/laboratorios.ufrrj.br\/labsafe\/wp-json\/wp\/v2\/pages\/197\/revisions\/202"}],"up":[{"embeddable":true,"href":"https:\/\/laboratorios.ufrrj.br\/labsafe\/wp-json\/wp\/v2\/pages\/6"}],"wp:attachment":[{"href":"https:\/\/laboratorios.ufrrj.br\/labsafe\/wp-json\/wp\/v2\/media?parent=197"}],"curies":[{"name":"wp","href":"https:\/\/api.w.org\/{rel}","templated":true}]}}