{"id":10,"date":"2019-10-17T15:01:43","date_gmt":"2019-10-17T18:01:43","guid":{"rendered":"http:\/\/laboratorios.ufrrj.br\/labsafe\/?page_id=10"},"modified":"2020-04-04T18:17:20","modified_gmt":"2020-04-04T21:17:20","slug":"parceiros-financiadores","status":"publish","type":"page","link":"https:\/\/laboratorios.ufrrj.br\/labsafe\/parceiros-financiadores\/","title":{"rendered":"Parceiros Financiadores"},"content":{"rendered":"<p>&nbsp;<\/p>\n<p>&nbsp;<\/p>\n<p><img loading=\"lazy\" decoding=\"async\" class=\"size-medium wp-image-274 alignleft\" src=\"http:\/\/laboratorios.ufrrj.br\/labsafe\/wp-content\/uploads\/sites\/19\/2020\/04\/logo-aplicacao-horizontal-fundo-claro-300x300.jpg\" alt=\"\" width=\"300\" height=\"300\" srcset=\"https:\/\/laboratorios.ufrrj.br\/labsafe\/wp-content\/uploads\/sites\/19\/2020\/04\/logo-aplicacao-horizontal-fundo-claro-300x300.jpg 300w, https:\/\/laboratorios.ufrrj.br\/labsafe\/wp-content\/uploads\/sites\/19\/2020\/04\/logo-aplicacao-horizontal-fundo-claro-150x150.jpg 150w, https:\/\/laboratorios.ufrrj.br\/labsafe\/wp-content\/uploads\/sites\/19\/2020\/04\/logo-aplicacao-horizontal-fundo-claro-768x766.jpg 768w, https:\/\/laboratorios.ufrrj.br\/labsafe\/wp-content\/uploads\/sites\/19\/2020\/04\/logo-aplicacao-horizontal-fundo-claro-75x75.jpg 75w, https:\/\/laboratorios.ufrrj.br\/labsafe\/wp-content\/uploads\/sites\/19\/2020\/04\/logo-aplicacao-horizontal-fundo-claro-100x100.jpg 100w, https:\/\/laboratorios.ufrrj.br\/labsafe\/wp-content\/uploads\/sites\/19\/2020\/04\/logo-aplicacao-horizontal-fundo-claro.jpg 850w\" sizes=\"auto, (max-width: 300px) 100vw, 300px\" \/><strong>COORDENA\u00c7\u00c3O DE APERFEI\u00c7OAMENTO DE PESSOAL DE N\u00cdVEL SUPERIOR &#8211; CAPES<\/strong><\/p>\n<p>Endere\u00e7o: Setor Banc\u00e1rio Norte (SBN), Quadra 2, Bloco L, Lote 06, Edif\u00edcio CAPES \u2013 CEP: 70.040-031 \u2013 Bras\u00edlia<\/p>\n<p>Telefone:\u00a0\u00a0<span class=\"item-phone\">0800 616161\u00a0<\/span><\/p>\n<p>&nbsp;<\/p>\n<p>&nbsp;<\/p>\n<p>&nbsp;<\/p>\n<p>&nbsp;<\/p>\n<p>&nbsp;<\/p>\n<p><img loading=\"lazy\" decoding=\"async\" class=\"size-medium wp-image-275 alignleft\" src=\"http:\/\/laboratorios.ufrrj.br\/labsafe\/wp-content\/uploads\/sites\/19\/2020\/04\/logo_faperj_cor-300x121.jpg\" alt=\"\" width=\"300\" height=\"121\" srcset=\"https:\/\/laboratorios.ufrrj.br\/labsafe\/wp-content\/uploads\/sites\/19\/2020\/04\/logo_faperj_cor-300x121.jpg 300w, https:\/\/laboratorios.ufrrj.br\/labsafe\/wp-content\/uploads\/sites\/19\/2020\/04\/logo_faperj_cor-768x311.jpg 768w, https:\/\/laboratorios.ufrrj.br\/labsafe\/wp-content\/uploads\/sites\/19\/2020\/04\/logo_faperj_cor-1024x414.jpg 1024w\" sizes=\"auto, (max-width: 300px) 100vw, 300px\" \/><strong>FUNDA\u00c7\u00c3O DE AMPARO \u00c0 PESQUISA DO ESTADO DO RIO DE JANEIRO &#8211; FAPERJ<\/strong><\/p>\n<p>Endere\u00e7o: Edif\u00edcio Estado de S\u00e1 &#8211; 6\u00ba Andar, Av. Erasmo Braga, 118 &#8211; Centro, Rio de Janeiro &#8211; RJ, 20020-000<\/p>\n<p>Telefone:\u00a0<span class=\"w8qArf\">\u00a0<\/span><span class=\"LrzXr zdqRlf kno-fv\"><span class=\"zgWrF\">(21) 2333-2000<\/span><\/span><\/p>\n","protected":false},"excerpt":{"rendered":"<p>&nbsp; &nbsp; COORDENA\u00c7\u00c3O DE APERFEI\u00c7OAMENTO DE PESSOAL DE N\u00cdVEL SUPERIOR &#8211; CAPES Endere\u00e7o: Setor Banc\u00e1rio Norte (SBN), Quadra 2, Bloco <a class=\"read-more\" href=\"https:\/\/laboratorios.ufrrj.br\/labsafe\/parceiros-financiadores\/ \" >&#8230; <span class=\"font-italic\">leia mais <i class=\"fas fa-angle-right\"><\/i><\/span><\/a><\/p>\n","protected":false},"author":9,"featured_media":0,"parent":0,"menu_order":0,"comment_status":"closed","ping_status":"closed","template":"","meta":{"_acf_changed":false,"footnotes":""},"class_list":["post-10","page","type-page","status-publish","hentry"],"acf":[],"yoast_head":"<!-- This site is optimized with the Yoast SEO plugin v26.8 - https:\/\/yoast.com\/product\/yoast-seo-wordpress\/ -->\n<title>Parceiros Financiadores - LABSAFE<\/title>\n<meta name=\"robots\" content=\"index, follow, max-snippet:-1, max-image-preview:large, max-video-preview:-1\" \/>\n<link rel=\"canonical\" href=\"https:\/\/laboratorios.ufrrj.br\/labsafe\/parceiros-financiadores\/\" \/>\n<meta property=\"og:locale\" content=\"pt_BR\" \/>\n<meta property=\"og:type\" content=\"article\" \/>\n<meta property=\"og:title\" content=\"Parceiros Financiadores - LABSAFE\" \/>\n<meta property=\"og:description\" content=\"&nbsp; &nbsp; COORDENA\u00c7\u00c3O DE APERFEI\u00c7OAMENTO DE PESSOAL DE N\u00cdVEL SUPERIOR &#8211; CAPES Endere\u00e7o: Setor Banc\u00e1rio Norte (SBN), Quadra 2, Bloco ... leia mais\" \/>\n<meta property=\"og:url\" content=\"https:\/\/laboratorios.ufrrj.br\/labsafe\/parceiros-financiadores\/\" \/>\n<meta property=\"og:site_name\" content=\"LABSAFE\" \/>\n<meta property=\"article:modified_time\" content=\"2020-04-04T21:17:20+00:00\" \/>\n<meta property=\"og:image\" content=\"https:\/\/laboratorios.ufrrj.br\/labsafe\/wp-content\/uploads\/sites\/19\/2020\/04\/logo-aplicacao-horizontal-fundo-claro.jpg\" \/>\n\t<meta property=\"og:image:width\" content=\"850\" \/>\n\t<meta property=\"og:image:height\" content=\"848\" \/>\n\t<meta property=\"og:image:type\" content=\"image\/jpeg\" \/>\n<meta name=\"twitter:card\" content=\"summary_large_image\" \/>\n<script type=\"application\/ld+json\" class=\"yoast-schema-graph\">{\"@context\":\"https:\/\/schema.org\",\"@graph\":[{\"@type\":\"WebPage\",\"@id\":\"https:\/\/laboratorios.ufrrj.br\/labsafe\/parceiros-financiadores\/\",\"url\":\"https:\/\/laboratorios.ufrrj.br\/labsafe\/parceiros-financiadores\/\",\"name\":\"Parceiros Financiadores - LABSAFE\",\"isPartOf\":{\"@id\":\"https:\/\/laboratorios.ufrrj.br\/labsafe\/#website\"},\"primaryImageOfPage\":{\"@id\":\"https:\/\/laboratorios.ufrrj.br\/labsafe\/parceiros-financiadores\/#primaryimage\"},\"image\":{\"@id\":\"https:\/\/laboratorios.ufrrj.br\/labsafe\/parceiros-financiadores\/#primaryimage\"},\"thumbnailUrl\":\"http:\/\/laboratorios.ufrrj.br\/labsafe\/wp-content\/uploads\/sites\/19\/2020\/04\/logo-aplicacao-horizontal-fundo-claro-300x300.jpg\",\"datePublished\":\"2019-10-17T18:01:43+00:00\",\"dateModified\":\"2020-04-04T21:17:20+00:00\",\"breadcrumb\":{\"@id\":\"https:\/\/laboratorios.ufrrj.br\/labsafe\/parceiros-financiadores\/#breadcrumb\"},\"inLanguage\":\"pt-BR\",\"potentialAction\":[{\"@type\":\"ReadAction\",\"target\":[\"https:\/\/laboratorios.ufrrj.br\/labsafe\/parceiros-financiadores\/\"]}]},{\"@type\":\"ImageObject\",\"inLanguage\":\"pt-BR\",\"@id\":\"https:\/\/laboratorios.ufrrj.br\/labsafe\/parceiros-financiadores\/#primaryimage\",\"url\":\"https:\/\/laboratorios.ufrrj.br\/labsafe\/wp-content\/uploads\/sites\/19\/2020\/04\/logo-aplicacao-horizontal-fundo-claro.jpg\",\"contentUrl\":\"https:\/\/laboratorios.ufrrj.br\/labsafe\/wp-content\/uploads\/sites\/19\/2020\/04\/logo-aplicacao-horizontal-fundo-claro.jpg\",\"width\":850,\"height\":848},{\"@type\":\"BreadcrumbList\",\"@id\":\"https:\/\/laboratorios.ufrrj.br\/labsafe\/parceiros-financiadores\/#breadcrumb\",\"itemListElement\":[{\"@type\":\"ListItem\",\"position\":1,\"name\":\"In\u00edcio\",\"item\":\"https:\/\/laboratorios.ufrrj.br\/labsafe\/\"},{\"@type\":\"ListItem\",\"position\":2,\"name\":\"Parceiros Financiadores\"}]},{\"@type\":\"WebSite\",\"@id\":\"https:\/\/laboratorios.ufrrj.br\/labsafe\/#website\",\"url\":\"https:\/\/laboratorios.ufrrj.br\/labsafe\/\",\"name\":\"LABSAFE\",\"description\":\"Laborat\u00f3rio de Dimens\u00f5es Aplicadas \u00e0 Atividade F\u00edsica\",\"potentialAction\":[{\"@type\":\"SearchAction\",\"target\":{\"@type\":\"EntryPoint\",\"urlTemplate\":\"https:\/\/laboratorios.ufrrj.br\/labsafe\/?s={search_term_string}\"},\"query-input\":{\"@type\":\"PropertyValueSpecification\",\"valueRequired\":true,\"valueName\":\"search_term_string\"}}],\"inLanguage\":\"pt-BR\"}]}<\/script>\n<!-- \/ Yoast SEO plugin. -->","yoast_head_json":{"title":"Parceiros Financiadores - LABSAFE","robots":{"index":"index","follow":"follow","max-snippet":"max-snippet:-1","max-image-preview":"max-image-preview:large","max-video-preview":"max-video-preview:-1"},"canonical":"https:\/\/laboratorios.ufrrj.br\/labsafe\/parceiros-financiadores\/","og_locale":"pt_BR","og_type":"article","og_title":"Parceiros Financiadores - LABSAFE","og_description":"&nbsp; &nbsp; COORDENA\u00c7\u00c3O DE APERFEI\u00c7OAMENTO DE PESSOAL DE N\u00cdVEL SUPERIOR &#8211; CAPES Endere\u00e7o: Setor Banc\u00e1rio Norte (SBN), Quadra 2, Bloco ... leia mais","og_url":"https:\/\/laboratorios.ufrrj.br\/labsafe\/parceiros-financiadores\/","og_site_name":"LABSAFE","article_modified_time":"2020-04-04T21:17:20+00:00","og_image":[{"width":850,"height":848,"url":"https:\/\/laboratorios.ufrrj.br\/labsafe\/wp-content\/uploads\/sites\/19\/2020\/04\/logo-aplicacao-horizontal-fundo-claro.jpg","type":"image\/jpeg"}],"twitter_card":"summary_large_image","schema":{"@context":"https:\/\/schema.org","@graph":[{"@type":"WebPage","@id":"https:\/\/laboratorios.ufrrj.br\/labsafe\/parceiros-financiadores\/","url":"https:\/\/laboratorios.ufrrj.br\/labsafe\/parceiros-financiadores\/","name":"Parceiros Financiadores - LABSAFE","isPartOf":{"@id":"https:\/\/laboratorios.ufrrj.br\/labsafe\/#website"},"primaryImageOfPage":{"@id":"https:\/\/laboratorios.ufrrj.br\/labsafe\/parceiros-financiadores\/#primaryimage"},"image":{"@id":"https:\/\/laboratorios.ufrrj.br\/labsafe\/parceiros-financiadores\/#primaryimage"},"thumbnailUrl":"http:\/\/laboratorios.ufrrj.br\/labsafe\/wp-content\/uploads\/sites\/19\/2020\/04\/logo-aplicacao-horizontal-fundo-claro-300x300.jpg","datePublished":"2019-10-17T18:01:43+00:00","dateModified":"2020-04-04T21:17:20+00:00","breadcrumb":{"@id":"https:\/\/laboratorios.ufrrj.br\/labsafe\/parceiros-financiadores\/#breadcrumb"},"inLanguage":"pt-BR","potentialAction":[{"@type":"ReadAction","target":["https:\/\/laboratorios.ufrrj.br\/labsafe\/parceiros-financiadores\/"]}]},{"@type":"ImageObject","inLanguage":"pt-BR","@id":"https:\/\/laboratorios.ufrrj.br\/labsafe\/parceiros-financiadores\/#primaryimage","url":"https:\/\/laboratorios.ufrrj.br\/labsafe\/wp-content\/uploads\/sites\/19\/2020\/04\/logo-aplicacao-horizontal-fundo-claro.jpg","contentUrl":"https:\/\/laboratorios.ufrrj.br\/labsafe\/wp-content\/uploads\/sites\/19\/2020\/04\/logo-aplicacao-horizontal-fundo-claro.jpg","width":850,"height":848},{"@type":"BreadcrumbList","@id":"https:\/\/laboratorios.ufrrj.br\/labsafe\/parceiros-financiadores\/#breadcrumb","itemListElement":[{"@type":"ListItem","position":1,"name":"In\u00edcio","item":"https:\/\/laboratorios.ufrrj.br\/labsafe\/"},{"@type":"ListItem","position":2,"name":"Parceiros Financiadores"}]},{"@type":"WebSite","@id":"https:\/\/laboratorios.ufrrj.br\/labsafe\/#website","url":"https:\/\/laboratorios.ufrrj.br\/labsafe\/","name":"LABSAFE","description":"Laborat\u00f3rio de Dimens\u00f5es Aplicadas \u00e0 Atividade F\u00edsica","potentialAction":[{"@type":"SearchAction","target":{"@type":"EntryPoint","urlTemplate":"https:\/\/laboratorios.ufrrj.br\/labsafe\/?s={search_term_string}"},"query-input":{"@type":"PropertyValueSpecification","valueRequired":true,"valueName":"search_term_string"}}],"inLanguage":"pt-BR"}]}},"_links":{"self":[{"href":"https:\/\/laboratorios.ufrrj.br\/labsafe\/wp-json\/wp\/v2\/pages\/10","targetHints":{"allow":["GET"]}}],"collection":[{"href":"https:\/\/laboratorios.ufrrj.br\/labsafe\/wp-json\/wp\/v2\/pages"}],"about":[{"href":"https:\/\/laboratorios.ufrrj.br\/labsafe\/wp-json\/wp\/v2\/types\/page"}],"author":[{"embeddable":true,"href":"https:\/\/laboratorios.ufrrj.br\/labsafe\/wp-json\/wp\/v2\/users\/9"}],"replies":[{"embeddable":true,"href":"https:\/\/laboratorios.ufrrj.br\/labsafe\/wp-json\/wp\/v2\/comments?post=10"}],"version-history":[{"count":3,"href":"https:\/\/laboratorios.ufrrj.br\/labsafe\/wp-json\/wp\/v2\/pages\/10\/revisions"}],"predecessor-version":[{"id":276,"href":"https:\/\/laboratorios.ufrrj.br\/labsafe\/wp-json\/wp\/v2\/pages\/10\/revisions\/276"}],"wp:attachment":[{"href":"https:\/\/laboratorios.ufrrj.br\/labsafe\/wp-json\/wp\/v2\/media?parent=10"}],"curies":[{"name":"wp","href":"https:\/\/api.w.org\/{rel}","templated":true}]}}