{"id":9,"date":"2015-01-06T13:36:26","date_gmt":"2015-01-06T13:36:26","guid":{"rendered":"http:\/\/laboratorios.ufrrj.br\/laab-rural\/?page_id=9"},"modified":"2015-04-15T15:32:19","modified_gmt":"2015-04-15T15:32:19","slug":"sobre-o-laboratorio","status":"publish","type":"page","link":"https:\/\/laboratorios.ufrrj.br\/laab-rural\/sobre-o-laboratorio\/","title":{"rendered":"Sobre o Laborat\u00f3rio"},"content":{"rendered":"<p>&nbsp;<\/p>\n<p>O <strong>Laborat\u00f3rio Anal\u00edtico de Alimentos e Bebidas <\/strong>da Universidade Federal Rural do Rio de Janeiro, foi criado em 2003<strong>, no Departamento de Tecnologia de Alimentos da Universidade Federal Rural do Rio de Janeiro, ap\u00f3s o t\u00e9rmino do Conv\u00eanio entre\u00a0 entre a Universidade Rural e a Delegacia Federal de Agricultura, passando a chamar-se LAAB-Rural.\u00a0 T<\/strong>em como objetivo atender \u00e0 comunidade regional atrav\u00e9s da realiza\u00e7\u00e3o de ensaios microbiol\u00f3gicos, microsc\u00f3picos e f\u00edsico-qu\u00edmicos, em \u00e1guas, alimentos. <strong>Atendemos diversas empresas e a comunidade atrav\u00e9s da realiza\u00e7\u00e3o de uma s\u00e9rie de atividades de extens\u00e3o tecnol\u00f3gica entre as quais destacamos.<\/strong><\/p>\n<p>&nbsp;<\/p>\n<p><strong>An\u00e1lises f\u00edsico-quimicas e microbiol\u00f3gicas de:<\/strong><\/p>\n<table>\n<tbody>\n<tr>\n<td width=\"179\">\n<ul>\n<li>\u00c1gua;<\/li>\n<\/ul>\n<\/td>\n<td width=\"459\">\n<ul>\n<li>\u00a0Alimentos de origem animal e vegetal;<\/li>\n<\/ul>\n<\/td>\n<\/tr>\n<tr>\n<td width=\"179\">\n<ul>\n<li>Ra\u00e7\u00f5es;<\/li>\n<\/ul>\n<\/td>\n<td width=\"459\">\n<ul>\n<li>\u00a0Rotulagem nutricional atrav\u00e9s de an\u00e1lises, incluindo gordura trans;<\/li>\n<\/ul>\n<\/td>\n<\/tr>\n<tr>\n<td width=\"179\">\n<ul>\n<li>Bebidas alco\u00f3licas;<\/li>\n<\/ul>\n<\/td>\n<td width=\"459\">\n<ul>\n<li>Dreeping test (absor\u00e7\u00e3o de \u00e1gua em carca\u00e7as de frango);<\/li>\n<\/ul>\n<\/td>\n<\/tr>\n<tr>\n<td width=\"179\">\n<ul>\n<li>Sucos e refrescos;<\/li>\n<\/ul>\n<\/td>\n<td width=\"459\">\n<ul>\n<li><em>Swab<\/em> de superf\u00edcies e m\u00e3os.<\/li>\n<\/ul>\n<\/td>\n<\/tr>\n<tr>\n<td width=\"179\">\n<ul>\n<li>Refrigerantes;<\/li>\n<\/ul>\n<\/td>\n<td width=\"459\">\u00a0<\/td>\n<\/tr>\n<\/tbody>\n<\/table>\n<p>&nbsp;<\/p>\n<p><strong>Assessoria t\u00e9cnica \u00e0 empresas para:<\/strong><\/p>\n<ul>\n<li>Implanta\u00e7\u00e3o de Boas Pr\u00e1ticas de Fabrica\u00e7\u00e3o (BPF);<\/li>\n<li>Avalia\u00e7\u00e3o de vida de prateleira de novos produtos;<\/li>\n<li>Realiza\u00e7\u00e3o de an\u00e1lises para empresas que participam de licita\u00e7\u00f5es p\u00fablicas.<\/li>\n<\/ul>\n<p>&nbsp;<\/p>\n<p>O Laborat\u00f3rio atende com crit\u00e9rio de sigilo e confidencialidade, aos mais diversos clientes, incluindo ind\u00fastrias de alimentos, cozinhas industriais, supermercados, hospitais, restaurantes e prefeituras, entre outros. Atualmente o LAAB est\u00e1 implementando o Sistema de Qualidade, com base na norma ISO\/IEC 17025. Contando com uma equipe t\u00e9cnica multidisciplinar e altamente qualificada, o LAAB oferece a seus clientes atendimento personalizado, orientando e informando sobre a legisla\u00e7\u00e3o em vigor e os crit\u00e9rios de qualidade de alimentos<\/p>\n<p>&nbsp;<\/p>\n<p>&nbsp;<\/p>\n","protected":false},"excerpt":{"rendered":"<p>&nbsp; O Laborat\u00f3rio Anal\u00edtico de Alimentos e Bebidas da Universidade Federal Rural do Rio de Janeiro, foi criado em 2003, no Departamento [&hellip;]<\/p>\n","protected":false},"author":3,"featured_media":0,"parent":0,"menu_order":0,"comment_status":"open","ping_status":"open","template":"","meta":{"_acf_changed":false,"ngg_post_thumbnail":0,"footnotes":"","_links_to":"","_links_to_target":""},"class_list":["post-9","page","type-page","status-publish","hentry"],"acf":[],"yoast_head":"<!-- This site is optimized with the Yoast SEO plugin v26.8 - https:\/\/yoast.com\/product\/yoast-seo-wordpress\/ -->\n<title>Sobre o Laborat\u00f3rio - Laborat\u00f3rio Anal\u00edtico de Alimentos e Bebidas<\/title>\n<meta name=\"robots\" content=\"index, follow, max-snippet:-1, max-image-preview:large, max-video-preview:-1\" \/>\n<link rel=\"canonical\" href=\"https:\/\/laboratorios.ufrrj.br\/laab-rural\/sobre-o-laboratorio\/\" \/>\n<meta property=\"og:locale\" content=\"pt_BR\" \/>\n<meta property=\"og:type\" content=\"article\" \/>\n<meta property=\"og:title\" content=\"Sobre o Laborat\u00f3rio - Laborat\u00f3rio Anal\u00edtico de Alimentos e Bebidas\" \/>\n<meta property=\"og:description\" content=\"&nbsp; O Laborat\u00f3rio Anal\u00edtico de Alimentos e Bebidas da Universidade Federal Rural do Rio de Janeiro, foi criado em 2003, no Departamento [&hellip;]\" \/>\n<meta property=\"og:url\" content=\"https:\/\/laboratorios.ufrrj.br\/laab-rural\/sobre-o-laboratorio\/\" \/>\n<meta property=\"og:site_name\" content=\"Laborat\u00f3rio Anal\u00edtico de Alimentos e Bebidas\" \/>\n<meta property=\"article:modified_time\" content=\"2015-04-15T15:32:19+00:00\" \/>\n<meta name=\"twitter:card\" content=\"summary_large_image\" \/>\n<meta name=\"twitter:label1\" content=\"Est. tempo de leitura\" \/>\n\t<meta name=\"twitter:data1\" content=\"1 minuto\" \/>\n<script type=\"application\/ld+json\" class=\"yoast-schema-graph\">{\"@context\":\"https:\/\/schema.org\",\"@graph\":[{\"@type\":\"WebPage\",\"@id\":\"https:\/\/laboratorios.ufrrj.br\/laab-rural\/sobre-o-laboratorio\/\",\"url\":\"https:\/\/laboratorios.ufrrj.br\/laab-rural\/sobre-o-laboratorio\/\",\"name\":\"Sobre o Laborat\u00f3rio - Laborat\u00f3rio Anal\u00edtico de Alimentos e Bebidas\",\"isPartOf\":{\"@id\":\"https:\/\/laboratorios.ufrrj.br\/laab-rural\/#website\"},\"datePublished\":\"2015-01-06T13:36:26+00:00\",\"dateModified\":\"2015-04-15T15:32:19+00:00\",\"breadcrumb\":{\"@id\":\"https:\/\/laboratorios.ufrrj.br\/laab-rural\/sobre-o-laboratorio\/#breadcrumb\"},\"inLanguage\":\"pt-BR\",\"potentialAction\":[{\"@type\":\"ReadAction\",\"target\":[\"https:\/\/laboratorios.ufrrj.br\/laab-rural\/sobre-o-laboratorio\/\"]}]},{\"@type\":\"BreadcrumbList\",\"@id\":\"https:\/\/laboratorios.ufrrj.br\/laab-rural\/sobre-o-laboratorio\/#breadcrumb\",\"itemListElement\":[{\"@type\":\"ListItem\",\"position\":1,\"name\":\"In\u00edcio\",\"item\":\"https:\/\/laboratorios.ufrrj.br\/laab-rural\/\"},{\"@type\":\"ListItem\",\"position\":2,\"name\":\"Sobre o Laborat\u00f3rio\"}]},{\"@type\":\"WebSite\",\"@id\":\"https:\/\/laboratorios.ufrrj.br\/laab-rural\/#website\",\"url\":\"https:\/\/laboratorios.ufrrj.br\/laab-rural\/\",\"name\":\"Laborat\u00f3rio Anal\u00edtico de Alimentos e Bebidas\",\"description\":\"\",\"potentialAction\":[{\"@type\":\"SearchAction\",\"target\":{\"@type\":\"EntryPoint\",\"urlTemplate\":\"https:\/\/laboratorios.ufrrj.br\/laab-rural\/?s={search_term_string}\"},\"query-input\":{\"@type\":\"PropertyValueSpecification\",\"valueRequired\":true,\"valueName\":\"search_term_string\"}}],\"inLanguage\":\"pt-BR\"}]}<\/script>\n<!-- \/ Yoast SEO plugin. -->","yoast_head_json":{"title":"Sobre o Laborat\u00f3rio - Laborat\u00f3rio Anal\u00edtico de Alimentos e Bebidas","robots":{"index":"index","follow":"follow","max-snippet":"max-snippet:-1","max-image-preview":"max-image-preview:large","max-video-preview":"max-video-preview:-1"},"canonical":"https:\/\/laboratorios.ufrrj.br\/laab-rural\/sobre-o-laboratorio\/","og_locale":"pt_BR","og_type":"article","og_title":"Sobre o Laborat\u00f3rio - Laborat\u00f3rio Anal\u00edtico de Alimentos e Bebidas","og_description":"&nbsp; O Laborat\u00f3rio Anal\u00edtico de Alimentos e Bebidas da Universidade Federal Rural do Rio de Janeiro, foi criado em 2003, no Departamento [&hellip;]","og_url":"https:\/\/laboratorios.ufrrj.br\/laab-rural\/sobre-o-laboratorio\/","og_site_name":"Laborat\u00f3rio Anal\u00edtico de Alimentos e Bebidas","article_modified_time":"2015-04-15T15:32:19+00:00","twitter_card":"summary_large_image","twitter_misc":{"Est. tempo de leitura":"1 minuto"},"schema":{"@context":"https:\/\/schema.org","@graph":[{"@type":"WebPage","@id":"https:\/\/laboratorios.ufrrj.br\/laab-rural\/sobre-o-laboratorio\/","url":"https:\/\/laboratorios.ufrrj.br\/laab-rural\/sobre-o-laboratorio\/","name":"Sobre o Laborat\u00f3rio - Laborat\u00f3rio Anal\u00edtico de Alimentos e Bebidas","isPartOf":{"@id":"https:\/\/laboratorios.ufrrj.br\/laab-rural\/#website"},"datePublished":"2015-01-06T13:36:26+00:00","dateModified":"2015-04-15T15:32:19+00:00","breadcrumb":{"@id":"https:\/\/laboratorios.ufrrj.br\/laab-rural\/sobre-o-laboratorio\/#breadcrumb"},"inLanguage":"pt-BR","potentialAction":[{"@type":"ReadAction","target":["https:\/\/laboratorios.ufrrj.br\/laab-rural\/sobre-o-laboratorio\/"]}]},{"@type":"BreadcrumbList","@id":"https:\/\/laboratorios.ufrrj.br\/laab-rural\/sobre-o-laboratorio\/#breadcrumb","itemListElement":[{"@type":"ListItem","position":1,"name":"In\u00edcio","item":"https:\/\/laboratorios.ufrrj.br\/laab-rural\/"},{"@type":"ListItem","position":2,"name":"Sobre o Laborat\u00f3rio"}]},{"@type":"WebSite","@id":"https:\/\/laboratorios.ufrrj.br\/laab-rural\/#website","url":"https:\/\/laboratorios.ufrrj.br\/laab-rural\/","name":"Laborat\u00f3rio Anal\u00edtico de Alimentos e Bebidas","description":"","potentialAction":[{"@type":"SearchAction","target":{"@type":"EntryPoint","urlTemplate":"https:\/\/laboratorios.ufrrj.br\/laab-rural\/?s={search_term_string}"},"query-input":{"@type":"PropertyValueSpecification","valueRequired":true,"valueName":"search_term_string"}}],"inLanguage":"pt-BR"}]}},"_links":{"self":[{"href":"https:\/\/laboratorios.ufrrj.br\/laab-rural\/wp-json\/wp\/v2\/pages\/9","targetHints":{"allow":["GET"]}}],"collection":[{"href":"https:\/\/laboratorios.ufrrj.br\/laab-rural\/wp-json\/wp\/v2\/pages"}],"about":[{"href":"https:\/\/laboratorios.ufrrj.br\/laab-rural\/wp-json\/wp\/v2\/types\/page"}],"author":[{"embeddable":true,"href":"https:\/\/laboratorios.ufrrj.br\/laab-rural\/wp-json\/wp\/v2\/users\/3"}],"replies":[{"embeddable":true,"href":"https:\/\/laboratorios.ufrrj.br\/laab-rural\/wp-json\/wp\/v2\/comments?post=9"}],"version-history":[{"count":15,"href":"https:\/\/laboratorios.ufrrj.br\/laab-rural\/wp-json\/wp\/v2\/pages\/9\/revisions"}],"predecessor-version":[{"id":117,"href":"https:\/\/laboratorios.ufrrj.br\/laab-rural\/wp-json\/wp\/v2\/pages\/9\/revisions\/117"}],"wp:attachment":[{"href":"https:\/\/laboratorios.ufrrj.br\/laab-rural\/wp-json\/wp\/v2\/media?parent=9"}],"curies":[{"name":"wp","href":"https:\/\/api.w.org\/{rel}","templated":true}]}}