{"id":23,"date":"2015-01-06T13:38:41","date_gmt":"2015-01-06T13:38:41","guid":{"rendered":"http:\/\/laboratorios.ufrrj.br\/laab-rural\/?page_id=23"},"modified":"2026-01-27T22:01:09","modified_gmt":"2026-01-27T22:01:09","slug":"como-chegar","status":"publish","type":"page","link":"https:\/\/laboratorios.ufrrj.br\/laab-rural\/como-chegar\/","title":{"rendered":"Como Chegar"},"content":{"rendered":"<p><a href=\"http:\/\/r1.ufrrj.br\/wp\/ppgcta\/files\/2012\/04\/UFRRJ-mapa.png\"><img loading=\"lazy\" decoding=\"async\" class=\"aligncenter size-full wp-image-252\" src=\"http:\/\/r1.ufrrj.br\/wp\/ppgcta\/files\/2012\/04\/UFRRJ-mapa.png\" alt=\"\" width=\"544\" height=\"547\"><\/a><\/p>\n<p><strong>Laborat\u00f3rio de An\u00e1lise de Alimentos e Bebidas (LAAB-Rural)&nbsp; Rodovia BR 465, km 7, Serop\u00e9dica &#8211; RJ CEP: 23.890-000. . Localizado no Instituto de Tecnologia (IT), Departamento de Tecnologia de Alimentos (DTA).&nbsp; <\/strong><\/p>\n<p>&nbsp;<\/p>\n<p>&nbsp;<\/p>\n","protected":false},"excerpt":{"rendered":"<p>Laborat\u00f3rio de An\u00e1lise de Alimentos e Bebidas (LAAB-Rural)&nbsp; Rodovia BR 465, km 7, Serop\u00e9dica &#8211; RJ CEP: 23.890-000. . Localizado no Instituto [&hellip;]<\/p>\n","protected":false},"author":3,"featured_media":0,"parent":0,"menu_order":0,"comment_status":"open","ping_status":"open","template":"","meta":{"_acf_changed":false,"ngg_post_thumbnail":0,"footnotes":"","_links_to":"","_links_to_target":""},"class_list":["post-23","page","type-page","status-publish","hentry"],"acf":[],"yoast_head":"<!-- This site is optimized with the Yoast SEO plugin v26.8 - https:\/\/yoast.com\/product\/yoast-seo-wordpress\/ -->\n<title>Como Chegar - Laborat\u00f3rio Anal\u00edtico de Alimentos e Bebidas<\/title>\n<meta name=\"robots\" content=\"index, follow, max-snippet:-1, max-image-preview:large, max-video-preview:-1\" \/>\n<link rel=\"canonical\" href=\"https:\/\/laboratorios.ufrrj.br\/laab-rural\/como-chegar\/\" \/>\n<meta property=\"og:locale\" content=\"pt_BR\" \/>\n<meta property=\"og:type\" content=\"article\" \/>\n<meta property=\"og:title\" content=\"Como Chegar - Laborat\u00f3rio Anal\u00edtico de Alimentos e Bebidas\" \/>\n<meta property=\"og:description\" content=\"Laborat\u00f3rio de An\u00e1lise de Alimentos e Bebidas (LAAB-Rural)&nbsp; Rodovia BR 465, km 7, Serop\u00e9dica &#8211; RJ CEP: 23.890-000. . Localizado no Instituto [&hellip;]\" \/>\n<meta property=\"og:url\" content=\"https:\/\/laboratorios.ufrrj.br\/laab-rural\/como-chegar\/\" \/>\n<meta property=\"og:site_name\" content=\"Laborat\u00f3rio Anal\u00edtico de Alimentos e Bebidas\" \/>\n<meta property=\"article:modified_time\" content=\"2026-01-27T22:01:09+00:00\" \/>\n<meta name=\"twitter:card\" content=\"summary_large_image\" \/>\n<meta name=\"twitter:label1\" content=\"Est. tempo de leitura\" \/>\n\t<meta name=\"twitter:data1\" content=\"1 minuto\" \/>\n<script type=\"application\/ld+json\" class=\"yoast-schema-graph\">{\"@context\":\"https:\/\/schema.org\",\"@graph\":[{\"@type\":\"WebPage\",\"@id\":\"https:\/\/laboratorios.ufrrj.br\/laab-rural\/como-chegar\/\",\"url\":\"https:\/\/laboratorios.ufrrj.br\/laab-rural\/como-chegar\/\",\"name\":\"Como Chegar - Laborat\u00f3rio Anal\u00edtico de Alimentos e Bebidas\",\"isPartOf\":{\"@id\":\"https:\/\/laboratorios.ufrrj.br\/laab-rural\/#website\"},\"primaryImageOfPage\":{\"@id\":\"https:\/\/laboratorios.ufrrj.br\/laab-rural\/como-chegar\/#primaryimage\"},\"image\":{\"@id\":\"https:\/\/laboratorios.ufrrj.br\/laab-rural\/como-chegar\/#primaryimage\"},\"thumbnailUrl\":\"http:\/\/r1.ufrrj.br\/wp\/ppgcta\/files\/2012\/04\/UFRRJ-mapa.png\",\"datePublished\":\"2015-01-06T13:38:41+00:00\",\"dateModified\":\"2026-01-27T22:01:09+00:00\",\"breadcrumb\":{\"@id\":\"https:\/\/laboratorios.ufrrj.br\/laab-rural\/como-chegar\/#breadcrumb\"},\"inLanguage\":\"pt-BR\",\"potentialAction\":[{\"@type\":\"ReadAction\",\"target\":[\"https:\/\/laboratorios.ufrrj.br\/laab-rural\/como-chegar\/\"]}]},{\"@type\":\"ImageObject\",\"inLanguage\":\"pt-BR\",\"@id\":\"https:\/\/laboratorios.ufrrj.br\/laab-rural\/como-chegar\/#primaryimage\",\"url\":\"http:\/\/r1.ufrrj.br\/wp\/ppgcta\/files\/2012\/04\/UFRRJ-mapa.png\",\"contentUrl\":\"http:\/\/r1.ufrrj.br\/wp\/ppgcta\/files\/2012\/04\/UFRRJ-mapa.png\"},{\"@type\":\"BreadcrumbList\",\"@id\":\"https:\/\/laboratorios.ufrrj.br\/laab-rural\/como-chegar\/#breadcrumb\",\"itemListElement\":[{\"@type\":\"ListItem\",\"position\":1,\"name\":\"In\u00edcio\",\"item\":\"https:\/\/laboratorios.ufrrj.br\/laab-rural\/\"},{\"@type\":\"ListItem\",\"position\":2,\"name\":\"Como Chegar\"}]},{\"@type\":\"WebSite\",\"@id\":\"https:\/\/laboratorios.ufrrj.br\/laab-rural\/#website\",\"url\":\"https:\/\/laboratorios.ufrrj.br\/laab-rural\/\",\"name\":\"Laborat\u00f3rio Anal\u00edtico de Alimentos e Bebidas\",\"description\":\"\",\"potentialAction\":[{\"@type\":\"SearchAction\",\"target\":{\"@type\":\"EntryPoint\",\"urlTemplate\":\"https:\/\/laboratorios.ufrrj.br\/laab-rural\/?s={search_term_string}\"},\"query-input\":{\"@type\":\"PropertyValueSpecification\",\"valueRequired\":true,\"valueName\":\"search_term_string\"}}],\"inLanguage\":\"pt-BR\"}]}<\/script>\n<!-- \/ Yoast SEO plugin. -->","yoast_head_json":{"title":"Como Chegar - Laborat\u00f3rio Anal\u00edtico de Alimentos e Bebidas","robots":{"index":"index","follow":"follow","max-snippet":"max-snippet:-1","max-image-preview":"max-image-preview:large","max-video-preview":"max-video-preview:-1"},"canonical":"https:\/\/laboratorios.ufrrj.br\/laab-rural\/como-chegar\/","og_locale":"pt_BR","og_type":"article","og_title":"Como Chegar - Laborat\u00f3rio Anal\u00edtico de Alimentos e Bebidas","og_description":"Laborat\u00f3rio de An\u00e1lise de Alimentos e Bebidas (LAAB-Rural)&nbsp; Rodovia BR 465, km 7, Serop\u00e9dica &#8211; RJ CEP: 23.890-000. . Localizado no Instituto [&hellip;]","og_url":"https:\/\/laboratorios.ufrrj.br\/laab-rural\/como-chegar\/","og_site_name":"Laborat\u00f3rio Anal\u00edtico de Alimentos e Bebidas","article_modified_time":"2026-01-27T22:01:09+00:00","twitter_card":"summary_large_image","twitter_misc":{"Est. tempo de leitura":"1 minuto"},"schema":{"@context":"https:\/\/schema.org","@graph":[{"@type":"WebPage","@id":"https:\/\/laboratorios.ufrrj.br\/laab-rural\/como-chegar\/","url":"https:\/\/laboratorios.ufrrj.br\/laab-rural\/como-chegar\/","name":"Como Chegar - Laborat\u00f3rio Anal\u00edtico de Alimentos e Bebidas","isPartOf":{"@id":"https:\/\/laboratorios.ufrrj.br\/laab-rural\/#website"},"primaryImageOfPage":{"@id":"https:\/\/laboratorios.ufrrj.br\/laab-rural\/como-chegar\/#primaryimage"},"image":{"@id":"https:\/\/laboratorios.ufrrj.br\/laab-rural\/como-chegar\/#primaryimage"},"thumbnailUrl":"http:\/\/r1.ufrrj.br\/wp\/ppgcta\/files\/2012\/04\/UFRRJ-mapa.png","datePublished":"2015-01-06T13:38:41+00:00","dateModified":"2026-01-27T22:01:09+00:00","breadcrumb":{"@id":"https:\/\/laboratorios.ufrrj.br\/laab-rural\/como-chegar\/#breadcrumb"},"inLanguage":"pt-BR","potentialAction":[{"@type":"ReadAction","target":["https:\/\/laboratorios.ufrrj.br\/laab-rural\/como-chegar\/"]}]},{"@type":"ImageObject","inLanguage":"pt-BR","@id":"https:\/\/laboratorios.ufrrj.br\/laab-rural\/como-chegar\/#primaryimage","url":"http:\/\/r1.ufrrj.br\/wp\/ppgcta\/files\/2012\/04\/UFRRJ-mapa.png","contentUrl":"http:\/\/r1.ufrrj.br\/wp\/ppgcta\/files\/2012\/04\/UFRRJ-mapa.png"},{"@type":"BreadcrumbList","@id":"https:\/\/laboratorios.ufrrj.br\/laab-rural\/como-chegar\/#breadcrumb","itemListElement":[{"@type":"ListItem","position":1,"name":"In\u00edcio","item":"https:\/\/laboratorios.ufrrj.br\/laab-rural\/"},{"@type":"ListItem","position":2,"name":"Como Chegar"}]},{"@type":"WebSite","@id":"https:\/\/laboratorios.ufrrj.br\/laab-rural\/#website","url":"https:\/\/laboratorios.ufrrj.br\/laab-rural\/","name":"Laborat\u00f3rio Anal\u00edtico de Alimentos e Bebidas","description":"","potentialAction":[{"@type":"SearchAction","target":{"@type":"EntryPoint","urlTemplate":"https:\/\/laboratorios.ufrrj.br\/laab-rural\/?s={search_term_string}"},"query-input":{"@type":"PropertyValueSpecification","valueRequired":true,"valueName":"search_term_string"}}],"inLanguage":"pt-BR"}]}},"_links":{"self":[{"href":"https:\/\/laboratorios.ufrrj.br\/laab-rural\/wp-json\/wp\/v2\/pages\/23","targetHints":{"allow":["GET"]}}],"collection":[{"href":"https:\/\/laboratorios.ufrrj.br\/laab-rural\/wp-json\/wp\/v2\/pages"}],"about":[{"href":"https:\/\/laboratorios.ufrrj.br\/laab-rural\/wp-json\/wp\/v2\/types\/page"}],"author":[{"embeddable":true,"href":"https:\/\/laboratorios.ufrrj.br\/laab-rural\/wp-json\/wp\/v2\/users\/3"}],"replies":[{"embeddable":true,"href":"https:\/\/laboratorios.ufrrj.br\/laab-rural\/wp-json\/wp\/v2\/comments?post=23"}],"version-history":[{"count":5,"href":"https:\/\/laboratorios.ufrrj.br\/laab-rural\/wp-json\/wp\/v2\/pages\/23\/revisions"}],"predecessor-version":[{"id":373,"href":"https:\/\/laboratorios.ufrrj.br\/laab-rural\/wp-json\/wp\/v2\/pages\/23\/revisions\/373"}],"wp:attachment":[{"href":"https:\/\/laboratorios.ufrrj.br\/laab-rural\/wp-json\/wp\/v2\/media?parent=23"}],"curies":[{"name":"wp","href":"https:\/\/api.w.org\/{rel}","templated":true}]}}