{"id":15,"date":"2015-01-06T13:37:10","date_gmt":"2015-01-06T13:37:10","guid":{"rendered":"http:\/\/laboratorios.ufrrj.br\/laab-rural\/?page_id=15"},"modified":"2015-04-16T14:09:14","modified_gmt":"2015-04-16T14:09:14","slug":"formularios","status":"publish","type":"page","link":"https:\/\/laboratorios.ufrrj.br\/laab-rural\/formularios\/","title":{"rendered":"Formul\u00e1rios"},"content":{"rendered":"<p>Estamos disponibilizando formul\u00e1rios para solicita\u00e7\u00e3o de an\u00e1lises contendo informa\u00e7\u00f5es que atendem o o Minist\u00e9rio da Agricultura Pecu\u00e1ria e Abastecimento (MAPA) e Secretaria da Agricultura do Estado do Rio de Janeiro.<\/p>\n<p>&nbsp;<\/p>\n<p><a href=\"http:\/\/laboratorios.ufrrj.br\/laab-rural\/wp-content\/uploads\/sites\/3\/2015\/01\/pdf.gif\"><img loading=\"lazy\" decoding=\"async\" class=\"alignnone size-full wp-image-66\" src=\"http:\/\/laboratorios.ufrrj.br\/laab-rural\/wp-content\/uploads\/sites\/3\/2015\/01\/pdf.gif\" alt=\"pdf\" width=\"40\" height=\"14\" \/><\/a>\u00a0\u00a0<a href=\"http:\/\/laboratorios.ufrrj.br\/laab-rural\/wp-content\/uploads\/sites\/3\/2015\/01\/Formfiscalizador.pdf\">Formul\u00e1rio para an\u00e1lises de controle fiscal<\/a><\/p>\n<p>&nbsp;<\/p>\n<p><a href=\"http:\/\/laboratorios.ufrrj.br\/laab-rural\/wp-content\/uploads\/sites\/3\/2015\/01\/pdf.gif\"><img loading=\"lazy\" decoding=\"async\" class=\"alignnone size-full wp-image-66\" src=\"http:\/\/laboratorios.ufrrj.br\/laab-rural\/wp-content\/uploads\/sites\/3\/2015\/01\/pdf.gif\" alt=\"pdf\" width=\"40\" height=\"14\" \/><\/a>\u00a0\u00a0<a href=\"http:\/\/laboratorios.ufrrj.br\/laab-rural\/wp-content\/uploads\/sites\/3\/2015\/01\/Formparticulares.pdf\">Formul\u00e1rio para an\u00e1lises particulares<\/a><\/p>\n","protected":false},"excerpt":{"rendered":"<p>Estamos disponibilizando formul\u00e1rios para solicita\u00e7\u00e3o de an\u00e1lises contendo informa\u00e7\u00f5es que atendem o o Minist\u00e9rio da Agricultura Pecu\u00e1ria e Abastecimento (MAPA) e Secretaria [&hellip;]<\/p>\n","protected":false},"author":3,"featured_media":0,"parent":0,"menu_order":0,"comment_status":"open","ping_status":"open","template":"","meta":{"_acf_changed":false,"ngg_post_thumbnail":0,"footnotes":"","_links_to":"","_links_to_target":""},"class_list":["post-15","page","type-page","status-publish","hentry"],"acf":[],"yoast_head":"<!-- This site is optimized with the Yoast SEO plugin v26.8 - https:\/\/yoast.com\/product\/yoast-seo-wordpress\/ -->\n<title>Formul\u00e1rios - Laborat\u00f3rio Anal\u00edtico de Alimentos e Bebidas<\/title>\n<meta name=\"robots\" content=\"index, follow, max-snippet:-1, max-image-preview:large, max-video-preview:-1\" \/>\n<link rel=\"canonical\" href=\"https:\/\/laboratorios.ufrrj.br\/laab-rural\/formularios\/\" \/>\n<meta property=\"og:locale\" content=\"pt_BR\" \/>\n<meta property=\"og:type\" content=\"article\" \/>\n<meta property=\"og:title\" content=\"Formul\u00e1rios - Laborat\u00f3rio Anal\u00edtico de Alimentos e Bebidas\" \/>\n<meta property=\"og:description\" content=\"Estamos disponibilizando formul\u00e1rios para solicita\u00e7\u00e3o de an\u00e1lises contendo informa\u00e7\u00f5es que atendem o o Minist\u00e9rio da Agricultura Pecu\u00e1ria e Abastecimento (MAPA) e Secretaria [&hellip;]\" \/>\n<meta property=\"og:url\" content=\"https:\/\/laboratorios.ufrrj.br\/laab-rural\/formularios\/\" \/>\n<meta property=\"og:site_name\" content=\"Laborat\u00f3rio Anal\u00edtico de Alimentos e Bebidas\" \/>\n<meta property=\"article:modified_time\" content=\"2015-04-16T14:09:14+00:00\" \/>\n<meta property=\"og:image\" content=\"https:\/\/laboratorios.ufrrj.br\/laab-rural\/wp-content\/uploads\/sites\/3\/2015\/01\/pdf.gif\" \/>\n\t<meta property=\"og:image:width\" content=\"40\" \/>\n\t<meta property=\"og:image:height\" content=\"14\" \/>\n\t<meta property=\"og:image:type\" content=\"image\/gif\" \/>\n<meta name=\"twitter:card\" content=\"summary_large_image\" \/>\n<script type=\"application\/ld+json\" class=\"yoast-schema-graph\">{\"@context\":\"https:\/\/schema.org\",\"@graph\":[{\"@type\":\"WebPage\",\"@id\":\"https:\/\/laboratorios.ufrrj.br\/laab-rural\/formularios\/\",\"url\":\"https:\/\/laboratorios.ufrrj.br\/laab-rural\/formularios\/\",\"name\":\"Formul\u00e1rios - Laborat\u00f3rio Anal\u00edtico de Alimentos e Bebidas\",\"isPartOf\":{\"@id\":\"https:\/\/laboratorios.ufrrj.br\/laab-rural\/#website\"},\"primaryImageOfPage\":{\"@id\":\"https:\/\/laboratorios.ufrrj.br\/laab-rural\/formularios\/#primaryimage\"},\"image\":{\"@id\":\"https:\/\/laboratorios.ufrrj.br\/laab-rural\/formularios\/#primaryimage\"},\"thumbnailUrl\":\"http:\/\/laboratorios.ufrrj.br\/laab-rural\/wp-content\/uploads\/sites\/3\/2015\/01\/pdf.gif\",\"datePublished\":\"2015-01-06T13:37:10+00:00\",\"dateModified\":\"2015-04-16T14:09:14+00:00\",\"breadcrumb\":{\"@id\":\"https:\/\/laboratorios.ufrrj.br\/laab-rural\/formularios\/#breadcrumb\"},\"inLanguage\":\"pt-BR\",\"potentialAction\":[{\"@type\":\"ReadAction\",\"target\":[\"https:\/\/laboratorios.ufrrj.br\/laab-rural\/formularios\/\"]}]},{\"@type\":\"ImageObject\",\"inLanguage\":\"pt-BR\",\"@id\":\"https:\/\/laboratorios.ufrrj.br\/laab-rural\/formularios\/#primaryimage\",\"url\":\"http:\/\/laboratorios.ufrrj.br\/laab-rural\/wp-content\/uploads\/sites\/3\/2015\/01\/pdf.gif\",\"contentUrl\":\"http:\/\/laboratorios.ufrrj.br\/laab-rural\/wp-content\/uploads\/sites\/3\/2015\/01\/pdf.gif\"},{\"@type\":\"BreadcrumbList\",\"@id\":\"https:\/\/laboratorios.ufrrj.br\/laab-rural\/formularios\/#breadcrumb\",\"itemListElement\":[{\"@type\":\"ListItem\",\"position\":1,\"name\":\"In\u00edcio\",\"item\":\"https:\/\/laboratorios.ufrrj.br\/laab-rural\/\"},{\"@type\":\"ListItem\",\"position\":2,\"name\":\"Formul\u00e1rios\"}]},{\"@type\":\"WebSite\",\"@id\":\"https:\/\/laboratorios.ufrrj.br\/laab-rural\/#website\",\"url\":\"https:\/\/laboratorios.ufrrj.br\/laab-rural\/\",\"name\":\"Laborat\u00f3rio Anal\u00edtico de Alimentos e Bebidas\",\"description\":\"\",\"potentialAction\":[{\"@type\":\"SearchAction\",\"target\":{\"@type\":\"EntryPoint\",\"urlTemplate\":\"https:\/\/laboratorios.ufrrj.br\/laab-rural\/?s={search_term_string}\"},\"query-input\":{\"@type\":\"PropertyValueSpecification\",\"valueRequired\":true,\"valueName\":\"search_term_string\"}}],\"inLanguage\":\"pt-BR\"}]}<\/script>\n<!-- \/ Yoast SEO plugin. -->","yoast_head_json":{"title":"Formul\u00e1rios - Laborat\u00f3rio Anal\u00edtico de Alimentos e Bebidas","robots":{"index":"index","follow":"follow","max-snippet":"max-snippet:-1","max-image-preview":"max-image-preview:large","max-video-preview":"max-video-preview:-1"},"canonical":"https:\/\/laboratorios.ufrrj.br\/laab-rural\/formularios\/","og_locale":"pt_BR","og_type":"article","og_title":"Formul\u00e1rios - Laborat\u00f3rio Anal\u00edtico de Alimentos e Bebidas","og_description":"Estamos disponibilizando formul\u00e1rios para solicita\u00e7\u00e3o de an\u00e1lises contendo informa\u00e7\u00f5es que atendem o o Minist\u00e9rio da Agricultura Pecu\u00e1ria e Abastecimento (MAPA) e Secretaria [&hellip;]","og_url":"https:\/\/laboratorios.ufrrj.br\/laab-rural\/formularios\/","og_site_name":"Laborat\u00f3rio Anal\u00edtico de Alimentos e Bebidas","article_modified_time":"2015-04-16T14:09:14+00:00","og_image":[{"width":40,"height":14,"url":"https:\/\/laboratorios.ufrrj.br\/laab-rural\/wp-content\/uploads\/sites\/3\/2015\/01\/pdf.gif","type":"image\/gif"}],"twitter_card":"summary_large_image","schema":{"@context":"https:\/\/schema.org","@graph":[{"@type":"WebPage","@id":"https:\/\/laboratorios.ufrrj.br\/laab-rural\/formularios\/","url":"https:\/\/laboratorios.ufrrj.br\/laab-rural\/formularios\/","name":"Formul\u00e1rios - Laborat\u00f3rio Anal\u00edtico de Alimentos e Bebidas","isPartOf":{"@id":"https:\/\/laboratorios.ufrrj.br\/laab-rural\/#website"},"primaryImageOfPage":{"@id":"https:\/\/laboratorios.ufrrj.br\/laab-rural\/formularios\/#primaryimage"},"image":{"@id":"https:\/\/laboratorios.ufrrj.br\/laab-rural\/formularios\/#primaryimage"},"thumbnailUrl":"http:\/\/laboratorios.ufrrj.br\/laab-rural\/wp-content\/uploads\/sites\/3\/2015\/01\/pdf.gif","datePublished":"2015-01-06T13:37:10+00:00","dateModified":"2015-04-16T14:09:14+00:00","breadcrumb":{"@id":"https:\/\/laboratorios.ufrrj.br\/laab-rural\/formularios\/#breadcrumb"},"inLanguage":"pt-BR","potentialAction":[{"@type":"ReadAction","target":["https:\/\/laboratorios.ufrrj.br\/laab-rural\/formularios\/"]}]},{"@type":"ImageObject","inLanguage":"pt-BR","@id":"https:\/\/laboratorios.ufrrj.br\/laab-rural\/formularios\/#primaryimage","url":"http:\/\/laboratorios.ufrrj.br\/laab-rural\/wp-content\/uploads\/sites\/3\/2015\/01\/pdf.gif","contentUrl":"http:\/\/laboratorios.ufrrj.br\/laab-rural\/wp-content\/uploads\/sites\/3\/2015\/01\/pdf.gif"},{"@type":"BreadcrumbList","@id":"https:\/\/laboratorios.ufrrj.br\/laab-rural\/formularios\/#breadcrumb","itemListElement":[{"@type":"ListItem","position":1,"name":"In\u00edcio","item":"https:\/\/laboratorios.ufrrj.br\/laab-rural\/"},{"@type":"ListItem","position":2,"name":"Formul\u00e1rios"}]},{"@type":"WebSite","@id":"https:\/\/laboratorios.ufrrj.br\/laab-rural\/#website","url":"https:\/\/laboratorios.ufrrj.br\/laab-rural\/","name":"Laborat\u00f3rio Anal\u00edtico de Alimentos e Bebidas","description":"","potentialAction":[{"@type":"SearchAction","target":{"@type":"EntryPoint","urlTemplate":"https:\/\/laboratorios.ufrrj.br\/laab-rural\/?s={search_term_string}"},"query-input":{"@type":"PropertyValueSpecification","valueRequired":true,"valueName":"search_term_string"}}],"inLanguage":"pt-BR"}]}},"_links":{"self":[{"href":"https:\/\/laboratorios.ufrrj.br\/laab-rural\/wp-json\/wp\/v2\/pages\/15","targetHints":{"allow":["GET"]}}],"collection":[{"href":"https:\/\/laboratorios.ufrrj.br\/laab-rural\/wp-json\/wp\/v2\/pages"}],"about":[{"href":"https:\/\/laboratorios.ufrrj.br\/laab-rural\/wp-json\/wp\/v2\/types\/page"}],"author":[{"embeddable":true,"href":"https:\/\/laboratorios.ufrrj.br\/laab-rural\/wp-json\/wp\/v2\/users\/3"}],"replies":[{"embeddable":true,"href":"https:\/\/laboratorios.ufrrj.br\/laab-rural\/wp-json\/wp\/v2\/comments?post=15"}],"version-history":[{"count":5,"href":"https:\/\/laboratorios.ufrrj.br\/laab-rural\/wp-json\/wp\/v2\/pages\/15\/revisions"}],"predecessor-version":[{"id":114,"href":"https:\/\/laboratorios.ufrrj.br\/laab-rural\/wp-json\/wp\/v2\/pages\/15\/revisions\/114"}],"wp:attachment":[{"href":"https:\/\/laboratorios.ufrrj.br\/laab-rural\/wp-json\/wp\/v2\/media?parent=15"}],"curies":[{"name":"wp","href":"https:\/\/api.w.org\/{rel}","templated":true}]}}