{"id":13,"date":"2015-01-06T13:36:53","date_gmt":"2015-01-06T13:36:53","guid":{"rendered":"http:\/\/laboratorios.ufrrj.br\/laab-rural\/?page_id=13"},"modified":"2015-04-15T15:42:59","modified_gmt":"2015-04-15T15:42:59","slug":"servicos","status":"publish","type":"page","link":"https:\/\/laboratorios.ufrrj.br\/laab-rural\/servicos\/","title":{"rendered":"Servi\u00e7os"},"content":{"rendered":"<h4 style=\"text-align: justify\">O LAAB realiza an\u00e1lises em \u00e1gua, produtos de origem animal e vegetal, bebidas alco\u00f3licas, caf\u00e9, sucos, refrescos, refrigerantes, ra\u00e7\u00f5es, etc. seguindo as metodologias nacionais e internacionais preconizadas por \u00f3rg\u00e3os oficiais. S\u00e3o empregados os os M\u00e9todos Oficiais do Laborat\u00f3rio Nacional de Refer\u00eancia Animal (LANARA) para Controle de Produtos de Origem Animal e seus Ingredientes, m\u00e9todos do Instituto Adolfo Lutz e da Funda\u00e7\u00e3o Oswaldo Cruz (Fiocruz). Entre as metodologias internacionais utilizamos as preconizadas pela Comiss\u00e3o Internacional de Especifica\u00e7\u00f5es Microbiol\u00f3gicas para Alimentos (I.C.M.S.F.); &#8220;Compendium of Methods for the Microbiological Examination of Foods&#8221; e &#8220;Standard Methods for the Examination of Water and Wastewater\u201d da Associa\u00e7\u00e3o Americana de Sa\u00fade P\u00fablica (APHA); &#8220;Bacteriological Analytical Manual&#8221; (BAM) da Administra\u00e7\u00e3o de Drogas e Alimentos dos EUA (FDA); m\u00e9todos oficiais da \u201cAssociation of Official Analyticall Chemists International\u201d (AOAC); Organiza\u00e7\u00e3o Internacional de Normaliza\u00e7\u00e3o (ISO); e Federa\u00e7\u00e3o Internacional de Latic\u00ednios (FIL).<\/h4>\n<h4>O LAAB est\u00e1 apto para realizar ensaios microbiol\u00f3gicos, microsc\u00f3picos e f\u00edsico-qu\u00edmicos, destacando-se os seguintes servi\u00e7os:<\/h4>\n<p><strong>ENSAIOS MICROBIOL\u00d3GICOS<\/strong><\/p>\n<p><strong>ENSAIOS F\u00cdSICO-QU\u00cdMICOS<\/strong><\/p>\n<p><strong>ENSAIOS MICROSC\u00d3PICOS<\/strong><\/p>\n<p>&nbsp;<\/p>\n<p style=\"text-align: center\"><strong>ENSAIOS MICROBIOL\u00d3GICOS<\/strong><\/p>\n<p>AN\u00c1LISES MICROBIOL\u00d3GICAS DE ALIMENTOS<\/p>\n<ul>\n<li>Pesquisa de <em>Salmonella<\/em> sp<\/li>\n<li><em>Bacillus cereus <\/em><\/li>\n<li><em>Clostridium perfringens<\/em><\/li>\n<li>Estafilococos coagulase positiva<\/li>\n<li>Clostridio sulfito-redutor<\/li>\n<li>Bolores e leveduras<\/li>\n<li>N\u00famero Mais Prov\u00e1vel (NMP) de coliformes a 45\u00b0C<\/li>\n<li>N\u00famero Mais Prov\u00e1vel (NMP) de coliformes a 35\u00b0C<\/li>\n<li><em>Escherichia coli<\/em><\/li>\n<li>Contagem total mes\u00f3filos aer\u00f3bios e anaer\u00f3bios facultativos ou Contagem Padr\u00e3o em Placa<\/li>\n<li>Contagem de microrganismos psicrotr\u00f3ficos<\/li>\n<li>Contagem de microrganismos lipol\u00edticos<\/li>\n<li>Contagem de microrganismos proteol\u00edticos<\/li>\n<li>Contagem de esporos (aer\u00f3bios totais e flat-sour, anaer\u00f3bios, term\u00f3filos e mes\u00f3filos)<\/li>\n<li>Esterilidade comercial de produtos \u00e1cidos e de baixa acidez<\/li>\n<\/ul>\n<p>AN\u00c1LISES MICROBIOL\u00d3GICAS DE \u00c1GUAS, (incluindo \u00e1gua de abastecimento, mineral e adicionada de sais)<\/p>\n<ul>\n<li>Bact\u00e9rias Heterotr\u00f3ficas<\/li>\n<li>Coliformes Totais<\/li>\n<li><em> E. coli<\/em><\/li>\n<li>Clostr\u00eddio sulfito redutor<\/li>\n<li><em>Pseudomonas<\/em><\/li>\n<li><em>Enterococcus<\/em><\/li>\n<\/ul>\n<p>AVALIA\u00c7\u00c3O DA EFICI\u00caNCIA DA HIGIENIZA\u00c7\u00c3O (superf\u00edcies, equipamentos, utens\u00edlios e m\u00e3os de manipuladores de alimentos)<\/p>\n<ul>\n<li>M\u00e9todo da Rinsagem<\/li>\n<li>M\u00e9todo do Swab<\/li>\n<\/ul>\n<p>AVALIA\u00c7\u00c3O MICROBIOL\u00d3GICA DE AMBIENTES DE PROCESSAMENTO<\/p>\n<ul>\n<li>M\u00e9todo da Sedimenta\u00e7\u00e3o Simples<\/li>\n<\/ul>\n<p>&nbsp;<\/p>\n<p style=\"text-align: center\"><strong>ENSAIOS MICROSC\u00d3PICOS<\/strong><\/p>\n<p>DETERMINA\u00c7\u00c3O DE MAT\u00c9RIA ESTRANHA (sujidades, p\u00ealos de roedores, fragmentos de insetos, etc.) em:<\/p>\n<ul>\n<li>farinha de trigo<\/li>\n<li>macarr\u00e3o<\/li>\n<li>sucos, polpa de tomate<\/li>\n<li>p\u00f3s em geral para preparo de alimentos, etc.<\/li>\n<\/ul>\n<p>&nbsp;<\/p>\n<p style=\"text-align: center\"><strong>ENSAIOS F\u00cdSICO-QU\u00cdMICOS<br \/><\/strong><\/p>\n<p>DERMINA\u00c7\u00c3O DE CLORO TOTAL E RESIDUAL LIVRE<\/p>\n<ul>\n<li>M\u00e9todo Colorim\u00e9trico da Dietil fenilenodiamina (DPD)<\/li>\n<li>Titula\u00e7\u00e3o Iodom\u00e9trica<\/li>\n<\/ul>\n<p>ROTULAGEM NUTRICIONAL<\/p>\n<ul>\n<li>Produtos de origem animal<\/li>\n<li>Produtos de origem vegetal<\/li>\n<\/ul>\n<p>AN\u00c1LISES F\u00cdSICO QU\u00cdMICAS<\/p>\n<ul>\n<li>Acidez<\/li>\n<li>\u00c1cido s\u00f3rbico<\/li>\n<li>\u00c1cidos graxos (quantifica\u00e7\u00e3o das formas cis e trans)<\/li>\n<li>Amido<\/li>\n<li>Bromato<\/li>\n<li>BVT (bases vol\u00e1teis totais)<\/li>\n<li>Cafe\u00edna<\/li>\n<li>C\u00e1lcio<\/li>\n<li>Carboidratos<\/li>\n<li>Cloretos<\/li>\n<li>Colesterol<\/li>\n<li>Corante artificial<\/li>\n<li>Dureza,<\/li>\n<li>Estabilidade ao alizarol<\/li>\n<li>Estabilidade ao etanol<\/li>\n<li>Extrato seco desengordurado<\/li>\n<li><\/li>\n<li>Ferro<\/li>\n<li>Fosfatase<\/li>\n<li>F\u00f3sforo<\/li>\n<li>Histamina<\/li>\n<li>\u00cdndice criosc\u00f3pico<\/li>\n<li>\u00cdndice de iodo<\/li>\n<li>\u00cdndice de per\u00f3xido<\/li>\n<li>Lactose<\/li>\n<li>Lip\u00eddeos<\/li>\n<li>Mat\u00e9ria org\u00e2nica (DQO)<\/li>\n<li>Merc\u00fario em pescado (an\u00e1lise semi-quantitativa)<\/li>\n<li>Nitrito<\/li>\n<li>Peroxidase<\/li>\n<li>pH<\/li>\n<li>Pot\u00e1ssio<\/li>\n<li>Prote\u00edna<\/li>\n<li>Prova de coc\u00e7\u00e3o,<\/li>\n<li>Prova de filtra\u00e7\u00e3o,<\/li>\n<li>Ran\u00e7o<\/li>\n<li>Res\u00edduo mineral fixo<\/li>\n<li>S\u00f3dio<\/li>\n<li>S\u00f3lidos insol\u00faveis,<\/li>\n<li>S\u00f3lidos totais<\/li>\n<li>Sulfatos<\/li>\n<li>Teste de \u00e9ber (am\u00f4nia)<\/li>\n<li>Teste de g\u00e1s sulfidrico<\/li>\n<li>Teste do gotejamento (dripping test)<\/li>\n<li>Umidade<\/li>\n<\/ul>\n<p>&nbsp;<\/p>\n<p>&nbsp;<\/p>\n<p>DEMAIS AN\u00c1LISES<\/p>\n<p>Consulte-nos sobre a disponibilidade de atendimento<\/p>\n<p>Laab-rural@hotmail.com (inserir o link do e-mail do LAAB)<\/p>\n","protected":false},"excerpt":{"rendered":"<p>O LAAB realiza an\u00e1lises em \u00e1gua, produtos de origem animal e vegetal, bebidas alco\u00f3licas, caf\u00e9, sucos, refrescos, refrigerantes, ra\u00e7\u00f5es, etc. seguindo as [&hellip;]<\/p>\n","protected":false},"author":3,"featured_media":0,"parent":0,"menu_order":0,"comment_status":"open","ping_status":"open","template":"","meta":{"_acf_changed":false,"ngg_post_thumbnail":0,"footnotes":"","_links_to":"","_links_to_target":""},"class_list":["post-13","page","type-page","status-publish","hentry"],"acf":[],"yoast_head":"<!-- This site is optimized with the Yoast SEO plugin v26.8 - https:\/\/yoast.com\/product\/yoast-seo-wordpress\/ -->\n<title>Servi\u00e7os - Laborat\u00f3rio Anal\u00edtico de Alimentos e Bebidas<\/title>\n<meta name=\"robots\" content=\"index, follow, max-snippet:-1, max-image-preview:large, max-video-preview:-1\" \/>\n<link rel=\"canonical\" href=\"https:\/\/laboratorios.ufrrj.br\/laab-rural\/servicos\/\" \/>\n<meta property=\"og:locale\" content=\"pt_BR\" \/>\n<meta property=\"og:type\" content=\"article\" \/>\n<meta property=\"og:title\" content=\"Servi\u00e7os - Laborat\u00f3rio Anal\u00edtico de Alimentos e Bebidas\" \/>\n<meta property=\"og:description\" content=\"O LAAB realiza an\u00e1lises em \u00e1gua, produtos de origem animal e vegetal, bebidas alco\u00f3licas, caf\u00e9, sucos, refrescos, refrigerantes, ra\u00e7\u00f5es, etc. seguindo as [&hellip;]\" \/>\n<meta property=\"og:url\" content=\"https:\/\/laboratorios.ufrrj.br\/laab-rural\/servicos\/\" \/>\n<meta property=\"og:site_name\" content=\"Laborat\u00f3rio Anal\u00edtico de Alimentos e Bebidas\" \/>\n<meta property=\"article:modified_time\" content=\"2015-04-15T15:42:59+00:00\" \/>\n<meta name=\"twitter:card\" content=\"summary_large_image\" \/>\n<meta name=\"twitter:label1\" content=\"Est. tempo de leitura\" \/>\n\t<meta name=\"twitter:data1\" content=\"3 minutos\" \/>\n<script type=\"application\/ld+json\" class=\"yoast-schema-graph\">{\"@context\":\"https:\/\/schema.org\",\"@graph\":[{\"@type\":\"WebPage\",\"@id\":\"https:\/\/laboratorios.ufrrj.br\/laab-rural\/servicos\/\",\"url\":\"https:\/\/laboratorios.ufrrj.br\/laab-rural\/servicos\/\",\"name\":\"Servi\u00e7os - Laborat\u00f3rio Anal\u00edtico de Alimentos e Bebidas\",\"isPartOf\":{\"@id\":\"https:\/\/laboratorios.ufrrj.br\/laab-rural\/#website\"},\"datePublished\":\"2015-01-06T13:36:53+00:00\",\"dateModified\":\"2015-04-15T15:42:59+00:00\",\"breadcrumb\":{\"@id\":\"https:\/\/laboratorios.ufrrj.br\/laab-rural\/servicos\/#breadcrumb\"},\"inLanguage\":\"pt-BR\",\"potentialAction\":[{\"@type\":\"ReadAction\",\"target\":[\"https:\/\/laboratorios.ufrrj.br\/laab-rural\/servicos\/\"]}]},{\"@type\":\"BreadcrumbList\",\"@id\":\"https:\/\/laboratorios.ufrrj.br\/laab-rural\/servicos\/#breadcrumb\",\"itemListElement\":[{\"@type\":\"ListItem\",\"position\":1,\"name\":\"In\u00edcio\",\"item\":\"https:\/\/laboratorios.ufrrj.br\/laab-rural\/\"},{\"@type\":\"ListItem\",\"position\":2,\"name\":\"Servi\u00e7os\"}]},{\"@type\":\"WebSite\",\"@id\":\"https:\/\/laboratorios.ufrrj.br\/laab-rural\/#website\",\"url\":\"https:\/\/laboratorios.ufrrj.br\/laab-rural\/\",\"name\":\"Laborat\u00f3rio Anal\u00edtico de Alimentos e Bebidas\",\"description\":\"\",\"potentialAction\":[{\"@type\":\"SearchAction\",\"target\":{\"@type\":\"EntryPoint\",\"urlTemplate\":\"https:\/\/laboratorios.ufrrj.br\/laab-rural\/?s={search_term_string}\"},\"query-input\":{\"@type\":\"PropertyValueSpecification\",\"valueRequired\":true,\"valueName\":\"search_term_string\"}}],\"inLanguage\":\"pt-BR\"}]}<\/script>\n<!-- \/ Yoast SEO plugin. -->","yoast_head_json":{"title":"Servi\u00e7os - Laborat\u00f3rio Anal\u00edtico de Alimentos e Bebidas","robots":{"index":"index","follow":"follow","max-snippet":"max-snippet:-1","max-image-preview":"max-image-preview:large","max-video-preview":"max-video-preview:-1"},"canonical":"https:\/\/laboratorios.ufrrj.br\/laab-rural\/servicos\/","og_locale":"pt_BR","og_type":"article","og_title":"Servi\u00e7os - Laborat\u00f3rio Anal\u00edtico de Alimentos e Bebidas","og_description":"O LAAB realiza an\u00e1lises em \u00e1gua, produtos de origem animal e vegetal, bebidas alco\u00f3licas, caf\u00e9, sucos, refrescos, refrigerantes, ra\u00e7\u00f5es, etc. seguindo as [&hellip;]","og_url":"https:\/\/laboratorios.ufrrj.br\/laab-rural\/servicos\/","og_site_name":"Laborat\u00f3rio Anal\u00edtico de Alimentos e Bebidas","article_modified_time":"2015-04-15T15:42:59+00:00","twitter_card":"summary_large_image","twitter_misc":{"Est. tempo de leitura":"3 minutos"},"schema":{"@context":"https:\/\/schema.org","@graph":[{"@type":"WebPage","@id":"https:\/\/laboratorios.ufrrj.br\/laab-rural\/servicos\/","url":"https:\/\/laboratorios.ufrrj.br\/laab-rural\/servicos\/","name":"Servi\u00e7os - Laborat\u00f3rio Anal\u00edtico de Alimentos e Bebidas","isPartOf":{"@id":"https:\/\/laboratorios.ufrrj.br\/laab-rural\/#website"},"datePublished":"2015-01-06T13:36:53+00:00","dateModified":"2015-04-15T15:42:59+00:00","breadcrumb":{"@id":"https:\/\/laboratorios.ufrrj.br\/laab-rural\/servicos\/#breadcrumb"},"inLanguage":"pt-BR","potentialAction":[{"@type":"ReadAction","target":["https:\/\/laboratorios.ufrrj.br\/laab-rural\/servicos\/"]}]},{"@type":"BreadcrumbList","@id":"https:\/\/laboratorios.ufrrj.br\/laab-rural\/servicos\/#breadcrumb","itemListElement":[{"@type":"ListItem","position":1,"name":"In\u00edcio","item":"https:\/\/laboratorios.ufrrj.br\/laab-rural\/"},{"@type":"ListItem","position":2,"name":"Servi\u00e7os"}]},{"@type":"WebSite","@id":"https:\/\/laboratorios.ufrrj.br\/laab-rural\/#website","url":"https:\/\/laboratorios.ufrrj.br\/laab-rural\/","name":"Laborat\u00f3rio Anal\u00edtico de Alimentos e Bebidas","description":"","potentialAction":[{"@type":"SearchAction","target":{"@type":"EntryPoint","urlTemplate":"https:\/\/laboratorios.ufrrj.br\/laab-rural\/?s={search_term_string}"},"query-input":{"@type":"PropertyValueSpecification","valueRequired":true,"valueName":"search_term_string"}}],"inLanguage":"pt-BR"}]}},"_links":{"self":[{"href":"https:\/\/laboratorios.ufrrj.br\/laab-rural\/wp-json\/wp\/v2\/pages\/13","targetHints":{"allow":["GET"]}}],"collection":[{"href":"https:\/\/laboratorios.ufrrj.br\/laab-rural\/wp-json\/wp\/v2\/pages"}],"about":[{"href":"https:\/\/laboratorios.ufrrj.br\/laab-rural\/wp-json\/wp\/v2\/types\/page"}],"author":[{"embeddable":true,"href":"https:\/\/laboratorios.ufrrj.br\/laab-rural\/wp-json\/wp\/v2\/users\/3"}],"replies":[{"embeddable":true,"href":"https:\/\/laboratorios.ufrrj.br\/laab-rural\/wp-json\/wp\/v2\/comments?post=13"}],"version-history":[{"count":3,"href":"https:\/\/laboratorios.ufrrj.br\/laab-rural\/wp-json\/wp\/v2\/pages\/13\/revisions"}],"predecessor-version":[{"id":119,"href":"https:\/\/laboratorios.ufrrj.br\/laab-rural\/wp-json\/wp\/v2\/pages\/13\/revisions\/119"}],"wp:attachment":[{"href":"https:\/\/laboratorios.ufrrj.br\/laab-rural\/wp-json\/wp\/v2\/media?parent=13"}],"curies":[{"name":"wp","href":"https:\/\/api.w.org\/{rel}","templated":true}]}}