{"id":31,"date":"2021-09-21T14:54:55","date_gmt":"2021-09-21T17:54:55","guid":{"rendered":"https:\/\/laboratorios.ufrrj.br\/farmaciaescola\/?page_id=31"},"modified":"2024-12-04T14:38:59","modified_gmt":"2024-12-04T17:38:59","slug":"farmacia-escola-magistral","status":"publish","type":"page","link":"https:\/\/laboratorios.ufrrj.br\/farmaciaescola\/farmacia-escola-magistral\/","title":{"rendered":"Farm\u00e1cia Escola Magistral"},"content":{"rendered":"\n<p class=\"has-text-align-center\"><a href=\"https:\/\/youtu.be\/Grbo7Zzgq5Q\" data-type=\"URL\" target=\"_blank\" rel=\"noreferrer noopener\"><strong>Conhe\u00e7a como est\u00e3o ficando nossas instala\u00e7\u00f5es<\/strong><\/a><\/p>\n\n\n\n<p>A FEM (Farm\u00e1cia Escola Magistral) \u00e9 parte integrante do projeto pedag\u00f3gico do curso de gradua\u00e7\u00e3o em Farm\u00e1cia da UFRRJ e tem como objetivo disponibilizar compet\u00eancias e servi\u00e7os, oferecendo est\u00e1gios curriculares e atividades complementares voltados para o desenvolvimento do Ensino, da Pesquisa e da Extens\u00e3o para os estudantes regularmente matriculados no curso de Farm\u00e1cia da UFRRJ em conformidade com as normas sanit\u00e1rias vigentes e da universidade. <\/p>\n\n\n\n<p>Ao p\u00fablico ser\u00e3o oferecidas a venda de medicamentos manipulados.<\/p>\n\n\n\n<p class=\"has-medium-font-size\" style=\"font-style:normal;font-weight:900\">Dados da FEM<\/p>\n\n\n\n<p><strong>Raz\u00e3o Social: <\/strong>Universidade Federal Rural do Rio de Janeiro&nbsp;<\/p>\n\n\n\n<p><strong>CNPJ:<\/strong> 29.427.465\/0001-05<\/p>\n\n\n\n<p><strong>Nome Fantasia:<\/strong> Farm\u00e1cia Escola Magistral<\/p>\n\n\n\n<p><strong>Endere\u00e7o:<\/strong> R. UAJ &#8211; Ufrrj, Serop\u00e9dica &#8211; RJ, 23897-090<\/p>\n\n\n\n<p><strong>Telefone e WhatsApp: <\/strong>(21) 26814799<\/p>\n\n\n\n<p><strong>Instagram:<\/strong> <a href=\"https:\/\/www.instagram.com\/fem.ufrrj\/\">@FEM.UFRRJ<\/a><\/p>\n\n\n\n<p><strong>e-mail: <\/strong><a href=\"mailto:farmacia.escola.magistral@ufrrj.br\">farmacia.escola.magistral@ufrrj.br<\/a><\/p>\n\n\n\n<p class=\"has-text-align-right\"><strong>Comit\u00ea Gestor<\/strong>:<\/p>\n\n\n\n<p class=\"has-text-align-right\">Viviane de Souza Magalh\u00e3es &#8211; respons\u00e1vel t\u00e9cnica<\/p>\n\n\n\n<p class=\"has-text-align-right\">Erika Yoko Suzuki &#8211; respons\u00e1vel t\u00e9cnica substituta<\/p>\n\n\n\n<p class=\"has-text-align-right\">Luiz Henrique Guerreiro Rosado <\/p>\n\n\n\n<p class=\"has-text-align-right\">Yara Peluso Cid<\/p>\n\n\n\n<p><a rel=\"noreferrer noopener\" href=\"https:\/\/drive.google.com\/file\/d\/1cp1b7wlbKKKUQ5Lg6gmLqOTRhSQ8hfme\/view?usp=sharing\" data-type=\"URL\" data-id=\"https:\/\/drive.google.com\/file\/d\/1cp1b7wlbKKKUQ5Lg6gmLqOTRhSQ8hfme\/view?usp=sharing\" target=\"_blank\">Regimento Interno<\/a>                                     <\/p>\n\n\n\n<p><a rel=\"noreferrer noopener\" href=\"https:\/\/drive.google.com\/file\/d\/1le3y4Qsd44HQUgut80zr4ngprR3_Gfl9\/view?usp=sharing\" target=\"_blank\">Normas de Funcionamento<\/a><\/p>\n\n\n\n<p><a href=\"https:\/\/forms.gle\/Xvwn3nHKmfJZvFJW8\">Formul\u00e1rio para manifesta\u00e7\u00e3o de interesse de uso do Laborat\u00f3rio Multiusu\u00e1rio<\/a><\/p>\n\n\n\n<p><a href=\"https:\/\/calendar.app.google\/GV5o96Z7f7QLEHKM7\">Agendamento de uso de Laborat\u00f3rio Multiusu\u00e1rio<\/a><\/p>\n\n\n<div class=\"wp-block-image\">\n<figure class=\"alignleft size-large is-resized\"><img loading=\"lazy\" decoding=\"async\" src=\"https:\/\/laboratorios.ufrrj.br\/farmaciaescola\/wp-content\/uploads\/sites\/32\/2023\/08\/logo_horizontal_cor-1-1024x671.png\" alt=\"\" class=\"wp-image-185\" width=\"296\" height=\"194\" srcset=\"https:\/\/laboratorios.ufrrj.br\/farmaciaescola\/wp-content\/uploads\/sites\/32\/2023\/08\/logo_horizontal_cor-1-1024x671.png 1024w, https:\/\/laboratorios.ufrrj.br\/farmaciaescola\/wp-content\/uploads\/sites\/32\/2023\/08\/logo_horizontal_cor-1-300x197.png 300w, https:\/\/laboratorios.ufrrj.br\/farmaciaescola\/wp-content\/uploads\/sites\/32\/2023\/08\/logo_horizontal_cor-1-768x503.png 768w, https:\/\/laboratorios.ufrrj.br\/farmaciaescola\/wp-content\/uploads\/sites\/32\/2023\/08\/logo_horizontal_cor-1-1536x1006.png 1536w, https:\/\/laboratorios.ufrrj.br\/farmaciaescola\/wp-content\/uploads\/sites\/32\/2023\/08\/logo_horizontal_cor-1-2048x1342.png 2048w\" sizes=\"auto, (max-width: 296px) 100vw, 296px\" \/><\/figure>\n<\/div>","protected":false},"excerpt":{"rendered":"<p>Conhe\u00e7a como est\u00e3o ficando nossas instala\u00e7\u00f5es A FEM (Farm\u00e1cia Escola Magistral) \u00e9 parte integrante do projeto pedag\u00f3gico do curso de <a class=\"read-more\" href=\"https:\/\/laboratorios.ufrrj.br\/farmaciaescola\/farmacia-escola-magistral\/ \" >&#8230; <span class=\"font-italic\">leia mais <i class=\"fas fa-angle-right\"><\/i><\/span><\/a><\/p>\n","protected":false},"author":9,"featured_media":0,"parent":0,"menu_order":0,"comment_status":"closed","ping_status":"closed","template":"","meta":{"_acf_changed":false,"footnotes":""},"class_list":["post-31","page","type-page","status-publish","hentry"],"acf":[],"yoast_head":"<!-- This site is optimized with the Yoast SEO plugin v26.8 - https:\/\/yoast.com\/product\/yoast-seo-wordpress\/ -->\n<title>Farm\u00e1cia Escola Magistral - Laborat\u00f3rio Farm\u00e1cia Escola<\/title>\n<meta name=\"robots\" content=\"index, follow, max-snippet:-1, max-image-preview:large, max-video-preview:-1\" \/>\n<link rel=\"canonical\" href=\"https:\/\/laboratorios.ufrrj.br\/farmaciaescola\/farmacia-escola-magistral\/\" \/>\n<meta property=\"og:locale\" content=\"pt_BR\" \/>\n<meta property=\"og:type\" content=\"article\" \/>\n<meta property=\"og:title\" content=\"Farm\u00e1cia Escola Magistral - Laborat\u00f3rio Farm\u00e1cia Escola\" \/>\n<meta property=\"og:description\" content=\"Conhe\u00e7a como est\u00e3o ficando nossas instala\u00e7\u00f5es A FEM (Farm\u00e1cia Escola Magistral) \u00e9 parte integrante do projeto pedag\u00f3gico do curso de ... leia mais\" \/>\n<meta property=\"og:url\" content=\"https:\/\/laboratorios.ufrrj.br\/farmaciaescola\/farmacia-escola-magistral\/\" \/>\n<meta property=\"og:site_name\" content=\"Laborat\u00f3rio Farm\u00e1cia Escola\" \/>\n<meta property=\"article:modified_time\" content=\"2024-12-04T17:38:59+00:00\" \/>\n<meta property=\"og:image\" content=\"https:\/\/laboratorios.ufrrj.br\/farmaciaescola\/wp-content\/uploads\/sites\/32\/2023\/08\/logo_horizontal_cor-1.png\" \/>\n\t<meta property=\"og:image:width\" content=\"2077\" \/>\n\t<meta property=\"og:image:height\" content=\"1361\" \/>\n\t<meta property=\"og:image:type\" content=\"image\/png\" \/>\n<meta name=\"twitter:card\" content=\"summary_large_image\" \/>\n<meta name=\"twitter:label1\" content=\"Est. tempo de leitura\" \/>\n\t<meta name=\"twitter:data1\" content=\"1 minuto\" \/>\n<script type=\"application\/ld+json\" class=\"yoast-schema-graph\">{\"@context\":\"https:\/\/schema.org\",\"@graph\":[{\"@type\":\"WebPage\",\"@id\":\"https:\/\/laboratorios.ufrrj.br\/farmaciaescola\/farmacia-escola-magistral\/\",\"url\":\"https:\/\/laboratorios.ufrrj.br\/farmaciaescola\/farmacia-escola-magistral\/\",\"name\":\"Farm\u00e1cia Escola Magistral - Laborat\u00f3rio Farm\u00e1cia Escola\",\"isPartOf\":{\"@id\":\"https:\/\/laboratorios.ufrrj.br\/farmaciaescola\/#website\"},\"primaryImageOfPage\":{\"@id\":\"https:\/\/laboratorios.ufrrj.br\/farmaciaescola\/farmacia-escola-magistral\/#primaryimage\"},\"image\":{\"@id\":\"https:\/\/laboratorios.ufrrj.br\/farmaciaescola\/farmacia-escola-magistral\/#primaryimage\"},\"thumbnailUrl\":\"https:\/\/laboratorios.ufrrj.br\/farmaciaescola\/wp-content\/uploads\/sites\/32\/2023\/08\/logo_horizontal_cor-1-1024x671.png\",\"datePublished\":\"2021-09-21T17:54:55+00:00\",\"dateModified\":\"2024-12-04T17:38:59+00:00\",\"breadcrumb\":{\"@id\":\"https:\/\/laboratorios.ufrrj.br\/farmaciaescola\/farmacia-escola-magistral\/#breadcrumb\"},\"inLanguage\":\"pt-BR\",\"potentialAction\":[{\"@type\":\"ReadAction\",\"target\":[\"https:\/\/laboratorios.ufrrj.br\/farmaciaescola\/farmacia-escola-magistral\/\"]}]},{\"@type\":\"ImageObject\",\"inLanguage\":\"pt-BR\",\"@id\":\"https:\/\/laboratorios.ufrrj.br\/farmaciaescola\/farmacia-escola-magistral\/#primaryimage\",\"url\":\"https:\/\/laboratorios.ufrrj.br\/farmaciaescola\/wp-content\/uploads\/sites\/32\/2023\/08\/logo_horizontal_cor-1.png\",\"contentUrl\":\"https:\/\/laboratorios.ufrrj.br\/farmaciaescola\/wp-content\/uploads\/sites\/32\/2023\/08\/logo_horizontal_cor-1.png\",\"width\":2077,\"height\":1361},{\"@type\":\"BreadcrumbList\",\"@id\":\"https:\/\/laboratorios.ufrrj.br\/farmaciaescola\/farmacia-escola-magistral\/#breadcrumb\",\"itemListElement\":[{\"@type\":\"ListItem\",\"position\":1,\"name\":\"In\u00edcio\",\"item\":\"https:\/\/laboratorios.ufrrj.br\/farmaciaescola\/\"},{\"@type\":\"ListItem\",\"position\":2,\"name\":\"Farm\u00e1cia Escola Magistral\"}]},{\"@type\":\"WebSite\",\"@id\":\"https:\/\/laboratorios.ufrrj.br\/farmaciaescola\/#website\",\"url\":\"https:\/\/laboratorios.ufrrj.br\/farmaciaescola\/\",\"name\":\"Laborat\u00f3rio Farm\u00e1cia Escola\",\"description\":\"UFRRJ\",\"potentialAction\":[{\"@type\":\"SearchAction\",\"target\":{\"@type\":\"EntryPoint\",\"urlTemplate\":\"https:\/\/laboratorios.ufrrj.br\/farmaciaescola\/?s={search_term_string}\"},\"query-input\":{\"@type\":\"PropertyValueSpecification\",\"valueRequired\":true,\"valueName\":\"search_term_string\"}}],\"inLanguage\":\"pt-BR\"}]}<\/script>\n<!-- \/ Yoast SEO plugin. -->","yoast_head_json":{"title":"Farm\u00e1cia Escola Magistral - Laborat\u00f3rio Farm\u00e1cia Escola","robots":{"index":"index","follow":"follow","max-snippet":"max-snippet:-1","max-image-preview":"max-image-preview:large","max-video-preview":"max-video-preview:-1"},"canonical":"https:\/\/laboratorios.ufrrj.br\/farmaciaescola\/farmacia-escola-magistral\/","og_locale":"pt_BR","og_type":"article","og_title":"Farm\u00e1cia Escola Magistral - Laborat\u00f3rio Farm\u00e1cia Escola","og_description":"Conhe\u00e7a como est\u00e3o ficando nossas instala\u00e7\u00f5es A FEM (Farm\u00e1cia Escola Magistral) \u00e9 parte integrante do projeto pedag\u00f3gico do curso de ... leia mais","og_url":"https:\/\/laboratorios.ufrrj.br\/farmaciaescola\/farmacia-escola-magistral\/","og_site_name":"Laborat\u00f3rio Farm\u00e1cia Escola","article_modified_time":"2024-12-04T17:38:59+00:00","og_image":[{"width":2077,"height":1361,"url":"https:\/\/laboratorios.ufrrj.br\/farmaciaescola\/wp-content\/uploads\/sites\/32\/2023\/08\/logo_horizontal_cor-1.png","type":"image\/png"}],"twitter_card":"summary_large_image","twitter_misc":{"Est. tempo de leitura":"1 minuto"},"schema":{"@context":"https:\/\/schema.org","@graph":[{"@type":"WebPage","@id":"https:\/\/laboratorios.ufrrj.br\/farmaciaescola\/farmacia-escola-magistral\/","url":"https:\/\/laboratorios.ufrrj.br\/farmaciaescola\/farmacia-escola-magistral\/","name":"Farm\u00e1cia Escola Magistral - Laborat\u00f3rio Farm\u00e1cia Escola","isPartOf":{"@id":"https:\/\/laboratorios.ufrrj.br\/farmaciaescola\/#website"},"primaryImageOfPage":{"@id":"https:\/\/laboratorios.ufrrj.br\/farmaciaescola\/farmacia-escola-magistral\/#primaryimage"},"image":{"@id":"https:\/\/laboratorios.ufrrj.br\/farmaciaescola\/farmacia-escola-magistral\/#primaryimage"},"thumbnailUrl":"https:\/\/laboratorios.ufrrj.br\/farmaciaescola\/wp-content\/uploads\/sites\/32\/2023\/08\/logo_horizontal_cor-1-1024x671.png","datePublished":"2021-09-21T17:54:55+00:00","dateModified":"2024-12-04T17:38:59+00:00","breadcrumb":{"@id":"https:\/\/laboratorios.ufrrj.br\/farmaciaescola\/farmacia-escola-magistral\/#breadcrumb"},"inLanguage":"pt-BR","potentialAction":[{"@type":"ReadAction","target":["https:\/\/laboratorios.ufrrj.br\/farmaciaescola\/farmacia-escola-magistral\/"]}]},{"@type":"ImageObject","inLanguage":"pt-BR","@id":"https:\/\/laboratorios.ufrrj.br\/farmaciaescola\/farmacia-escola-magistral\/#primaryimage","url":"https:\/\/laboratorios.ufrrj.br\/farmaciaescola\/wp-content\/uploads\/sites\/32\/2023\/08\/logo_horizontal_cor-1.png","contentUrl":"https:\/\/laboratorios.ufrrj.br\/farmaciaescola\/wp-content\/uploads\/sites\/32\/2023\/08\/logo_horizontal_cor-1.png","width":2077,"height":1361},{"@type":"BreadcrumbList","@id":"https:\/\/laboratorios.ufrrj.br\/farmaciaescola\/farmacia-escola-magistral\/#breadcrumb","itemListElement":[{"@type":"ListItem","position":1,"name":"In\u00edcio","item":"https:\/\/laboratorios.ufrrj.br\/farmaciaescola\/"},{"@type":"ListItem","position":2,"name":"Farm\u00e1cia Escola Magistral"}]},{"@type":"WebSite","@id":"https:\/\/laboratorios.ufrrj.br\/farmaciaescola\/#website","url":"https:\/\/laboratorios.ufrrj.br\/farmaciaescola\/","name":"Laborat\u00f3rio Farm\u00e1cia Escola","description":"UFRRJ","potentialAction":[{"@type":"SearchAction","target":{"@type":"EntryPoint","urlTemplate":"https:\/\/laboratorios.ufrrj.br\/farmaciaescola\/?s={search_term_string}"},"query-input":{"@type":"PropertyValueSpecification","valueRequired":true,"valueName":"search_term_string"}}],"inLanguage":"pt-BR"}]}},"_links":{"self":[{"href":"https:\/\/laboratorios.ufrrj.br\/farmaciaescola\/wp-json\/wp\/v2\/pages\/31","targetHints":{"allow":["GET"]}}],"collection":[{"href":"https:\/\/laboratorios.ufrrj.br\/farmaciaescola\/wp-json\/wp\/v2\/pages"}],"about":[{"href":"https:\/\/laboratorios.ufrrj.br\/farmaciaescola\/wp-json\/wp\/v2\/types\/page"}],"author":[{"embeddable":true,"href":"https:\/\/laboratorios.ufrrj.br\/farmaciaescola\/wp-json\/wp\/v2\/users\/9"}],"replies":[{"embeddable":true,"href":"https:\/\/laboratorios.ufrrj.br\/farmaciaescola\/wp-json\/wp\/v2\/comments?post=31"}],"version-history":[{"count":24,"href":"https:\/\/laboratorios.ufrrj.br\/farmaciaescola\/wp-json\/wp\/v2\/pages\/31\/revisions"}],"predecessor-version":[{"id":330,"href":"https:\/\/laboratorios.ufrrj.br\/farmaciaescola\/wp-json\/wp\/v2\/pages\/31\/revisions\/330"}],"wp:attachment":[{"href":"https:\/\/laboratorios.ufrrj.br\/farmaciaescola\/wp-json\/wp\/v2\/media?parent=31"}],"curies":[{"name":"wp","href":"https:\/\/api.w.org\/{rel}","templated":true}]}}