{"id":16,"date":"2021-09-01T14:27:42","date_gmt":"2021-09-01T17:27:42","guid":{"rendered":"https:\/\/laboratorios.ufrrj.br\/farmaciaescola\/?page_id=16"},"modified":"2024-01-10T15:17:18","modified_gmt":"2024-01-10T18:17:18","slug":"apresentacao","status":"publish","type":"page","link":"https:\/\/laboratorios.ufrrj.br\/farmaciaescola\/apresentacao\/","title":{"rendered":"Apresenta\u00e7\u00e3o"},"content":{"rendered":"<div class=\"wp-block-image\">\n<figure class=\"aligncenter size-large is-resized\"><img loading=\"lazy\" decoding=\"async\" src=\"https:\/\/laboratorios.ufrrj.br\/farmaciaescola\/wp-content\/uploads\/sites\/32\/2023\/09\/Site-1024x341.png\" alt=\"\" class=\"wp-image-226\" width=\"722\" height=\"240\" srcset=\"https:\/\/laboratorios.ufrrj.br\/farmaciaescola\/wp-content\/uploads\/sites\/32\/2023\/09\/Site-1024x341.png 1024w, https:\/\/laboratorios.ufrrj.br\/farmaciaescola\/wp-content\/uploads\/sites\/32\/2023\/09\/Site-300x100.png 300w, https:\/\/laboratorios.ufrrj.br\/farmaciaescola\/wp-content\/uploads\/sites\/32\/2023\/09\/Site-768x256.png 768w, https:\/\/laboratorios.ufrrj.br\/farmaciaescola\/wp-content\/uploads\/sites\/32\/2023\/09\/Site.png 1500w\" sizes=\"auto, (max-width: 722px) 100vw, 722px\" \/><\/figure>\n<\/div>\n\n\n<p>A Farm\u00e1cia Escola \u00e9 um programa educacional que integra projetos e servi\u00e7os, buscando estabelecer uma ponte entre o conhecimento acad\u00eamico da universidade e as demandas da comunidade de Serop\u00e9dica. <\/p>\n\n\n\n<p>Os servi\u00e7os, em breve dispon\u00edveis na Farm\u00e1cia Escola, est\u00e3o listados abaixo. Caso tenha curiosidade, v\u00e1 at\u00e9 a aba &#8220;Servi\u00e7os&#8221; no menu e conhe\u00e7a um pouco de cada projeto. Estamos ansiosos para compartilhar essa jornada com voc\u00ea!<\/p>\n\n\n<div class=\"wp-block-image\">\n<figure class=\"aligncenter size-large is-resized\"><img loading=\"lazy\" decoding=\"async\" src=\"https:\/\/laboratorios.ufrrj.br\/farmaciaescola\/wp-content\/uploads\/sites\/32\/2023\/09\/Servicos-edited.png\" alt=\"\" class=\"wp-image-252\" width=\"856\" height=\"277\" \/><\/figure>\n<\/div>\n\n\n<figure class=\"wp-block-image size-large is-resized\"><img loading=\"lazy\" decoding=\"async\" src=\"https:\/\/laboratorios.ufrrj.br\/farmaciaescola\/wp-content\/uploads\/sites\/32\/2023\/09\/logo_horizontal_cor-1024x705.png\" alt=\"\" class=\"wp-image-223\" width=\"842\" height=\"580\" srcset=\"https:\/\/laboratorios.ufrrj.br\/farmaciaescola\/wp-content\/uploads\/sites\/32\/2023\/09\/logo_horizontal_cor-1024x705.png 1024w, https:\/\/laboratorios.ufrrj.br\/farmaciaescola\/wp-content\/uploads\/sites\/32\/2023\/09\/logo_horizontal_cor-300x206.png 300w, https:\/\/laboratorios.ufrrj.br\/farmaciaescola\/wp-content\/uploads\/sites\/32\/2023\/09\/logo_horizontal_cor-768x528.png 768w, https:\/\/laboratorios.ufrrj.br\/farmaciaescola\/wp-content\/uploads\/sites\/32\/2023\/09\/logo_horizontal_cor-1536x1057.png 1536w, https:\/\/laboratorios.ufrrj.br\/farmaciaescola\/wp-content\/uploads\/sites\/32\/2023\/09\/logo_horizontal_cor-2048x1409.png 2048w\" sizes=\"auto, (max-width: 842px) 100vw, 842px\" \/><\/figure>\n\n\n","protected":false},"excerpt":{"rendered":"<p>A Farm\u00e1cia Escola \u00e9 um programa educacional que integra projetos e servi\u00e7os, buscando estabelecer uma ponte entre o conhecimento acad\u00eamico <a class=\"read-more\" href=\"https:\/\/laboratorios.ufrrj.br\/farmaciaescola\/apresentacao\/ \" >&#8230; <span class=\"font-italic\">leia mais <i class=\"fas fa-angle-right\"><\/i><\/span><\/a><\/p>\n","protected":false},"author":9,"featured_media":0,"parent":0,"menu_order":0,"comment_status":"closed","ping_status":"closed","template":"","meta":{"_acf_changed":false,"footnotes":""},"class_list":["post-16","page","type-page","status-publish","hentry"],"acf":[],"yoast_head":"<!-- This site is optimized with the Yoast SEO plugin v26.8 - https:\/\/yoast.com\/product\/yoast-seo-wordpress\/ -->\n<title>Apresenta\u00e7\u00e3o - Laborat\u00f3rio Farm\u00e1cia Escola<\/title>\n<meta name=\"robots\" content=\"index, follow, max-snippet:-1, max-image-preview:large, max-video-preview:-1\" \/>\n<link rel=\"canonical\" href=\"https:\/\/laboratorios.ufrrj.br\/farmaciaescola\/apresentacao\/\" \/>\n<meta property=\"og:locale\" content=\"pt_BR\" \/>\n<meta property=\"og:type\" content=\"article\" \/>\n<meta property=\"og:title\" content=\"Apresenta\u00e7\u00e3o - Laborat\u00f3rio Farm\u00e1cia Escola\" \/>\n<meta property=\"og:description\" content=\"A Farm\u00e1cia Escola \u00e9 um programa educacional que integra projetos e servi\u00e7os, buscando estabelecer uma ponte entre o conhecimento acad\u00eamico ... leia mais\" \/>\n<meta property=\"og:url\" content=\"https:\/\/laboratorios.ufrrj.br\/farmaciaescola\/apresentacao\/\" \/>\n<meta property=\"og:site_name\" content=\"Laborat\u00f3rio Farm\u00e1cia Escola\" \/>\n<meta property=\"article:modified_time\" content=\"2024-01-10T18:17:18+00:00\" \/>\n<meta property=\"og:image\" content=\"https:\/\/laboratorios.ufrrj.br\/farmaciaescola\/wp-content\/uploads\/sites\/32\/2023\/09\/Site.png\" \/>\n\t<meta property=\"og:image:width\" content=\"1500\" \/>\n\t<meta property=\"og:image:height\" content=\"500\" \/>\n\t<meta property=\"og:image:type\" content=\"image\/png\" \/>\n<meta name=\"twitter:card\" content=\"summary_large_image\" \/>\n<script type=\"application\/ld+json\" class=\"yoast-schema-graph\">{\"@context\":\"https:\/\/schema.org\",\"@graph\":[{\"@type\":\"WebPage\",\"@id\":\"https:\/\/laboratorios.ufrrj.br\/farmaciaescola\/apresentacao\/\",\"url\":\"https:\/\/laboratorios.ufrrj.br\/farmaciaescola\/apresentacao\/\",\"name\":\"Apresenta\u00e7\u00e3o - Laborat\u00f3rio Farm\u00e1cia Escola\",\"isPartOf\":{\"@id\":\"https:\/\/laboratorios.ufrrj.br\/farmaciaescola\/#website\"},\"primaryImageOfPage\":{\"@id\":\"https:\/\/laboratorios.ufrrj.br\/farmaciaescola\/apresentacao\/#primaryimage\"},\"image\":{\"@id\":\"https:\/\/laboratorios.ufrrj.br\/farmaciaescola\/apresentacao\/#primaryimage\"},\"thumbnailUrl\":\"https:\/\/laboratorios.ufrrj.br\/farmaciaescola\/wp-content\/uploads\/sites\/32\/2023\/09\/Site-1024x341.png\",\"datePublished\":\"2021-09-01T17:27:42+00:00\",\"dateModified\":\"2024-01-10T18:17:18+00:00\",\"breadcrumb\":{\"@id\":\"https:\/\/laboratorios.ufrrj.br\/farmaciaescola\/apresentacao\/#breadcrumb\"},\"inLanguage\":\"pt-BR\",\"potentialAction\":[{\"@type\":\"ReadAction\",\"target\":[\"https:\/\/laboratorios.ufrrj.br\/farmaciaescola\/apresentacao\/\"]}]},{\"@type\":\"ImageObject\",\"inLanguage\":\"pt-BR\",\"@id\":\"https:\/\/laboratorios.ufrrj.br\/farmaciaescola\/apresentacao\/#primaryimage\",\"url\":\"https:\/\/laboratorios.ufrrj.br\/farmaciaescola\/wp-content\/uploads\/sites\/32\/2023\/09\/Site.png\",\"contentUrl\":\"https:\/\/laboratorios.ufrrj.br\/farmaciaescola\/wp-content\/uploads\/sites\/32\/2023\/09\/Site.png\",\"width\":1500,\"height\":500},{\"@type\":\"BreadcrumbList\",\"@id\":\"https:\/\/laboratorios.ufrrj.br\/farmaciaescola\/apresentacao\/#breadcrumb\",\"itemListElement\":[{\"@type\":\"ListItem\",\"position\":1,\"name\":\"In\u00edcio\",\"item\":\"https:\/\/laboratorios.ufrrj.br\/farmaciaescola\/\"},{\"@type\":\"ListItem\",\"position\":2,\"name\":\"Apresenta\u00e7\u00e3o\"}]},{\"@type\":\"WebSite\",\"@id\":\"https:\/\/laboratorios.ufrrj.br\/farmaciaescola\/#website\",\"url\":\"https:\/\/laboratorios.ufrrj.br\/farmaciaescola\/\",\"name\":\"Laborat\u00f3rio Farm\u00e1cia Escola\",\"description\":\"UFRRJ\",\"potentialAction\":[{\"@type\":\"SearchAction\",\"target\":{\"@type\":\"EntryPoint\",\"urlTemplate\":\"https:\/\/laboratorios.ufrrj.br\/farmaciaescola\/?s={search_term_string}\"},\"query-input\":{\"@type\":\"PropertyValueSpecification\",\"valueRequired\":true,\"valueName\":\"search_term_string\"}}],\"inLanguage\":\"pt-BR\"}]}<\/script>\n<!-- \/ Yoast SEO plugin. -->","yoast_head_json":{"title":"Apresenta\u00e7\u00e3o - Laborat\u00f3rio Farm\u00e1cia Escola","robots":{"index":"index","follow":"follow","max-snippet":"max-snippet:-1","max-image-preview":"max-image-preview:large","max-video-preview":"max-video-preview:-1"},"canonical":"https:\/\/laboratorios.ufrrj.br\/farmaciaescola\/apresentacao\/","og_locale":"pt_BR","og_type":"article","og_title":"Apresenta\u00e7\u00e3o - Laborat\u00f3rio Farm\u00e1cia Escola","og_description":"A Farm\u00e1cia Escola \u00e9 um programa educacional que integra projetos e servi\u00e7os, buscando estabelecer uma ponte entre o conhecimento acad\u00eamico ... leia mais","og_url":"https:\/\/laboratorios.ufrrj.br\/farmaciaescola\/apresentacao\/","og_site_name":"Laborat\u00f3rio Farm\u00e1cia Escola","article_modified_time":"2024-01-10T18:17:18+00:00","og_image":[{"width":1500,"height":500,"url":"https:\/\/laboratorios.ufrrj.br\/farmaciaescola\/wp-content\/uploads\/sites\/32\/2023\/09\/Site.png","type":"image\/png"}],"twitter_card":"summary_large_image","schema":{"@context":"https:\/\/schema.org","@graph":[{"@type":"WebPage","@id":"https:\/\/laboratorios.ufrrj.br\/farmaciaescola\/apresentacao\/","url":"https:\/\/laboratorios.ufrrj.br\/farmaciaescola\/apresentacao\/","name":"Apresenta\u00e7\u00e3o - Laborat\u00f3rio Farm\u00e1cia Escola","isPartOf":{"@id":"https:\/\/laboratorios.ufrrj.br\/farmaciaescola\/#website"},"primaryImageOfPage":{"@id":"https:\/\/laboratorios.ufrrj.br\/farmaciaescola\/apresentacao\/#primaryimage"},"image":{"@id":"https:\/\/laboratorios.ufrrj.br\/farmaciaescola\/apresentacao\/#primaryimage"},"thumbnailUrl":"https:\/\/laboratorios.ufrrj.br\/farmaciaescola\/wp-content\/uploads\/sites\/32\/2023\/09\/Site-1024x341.png","datePublished":"2021-09-01T17:27:42+00:00","dateModified":"2024-01-10T18:17:18+00:00","breadcrumb":{"@id":"https:\/\/laboratorios.ufrrj.br\/farmaciaescola\/apresentacao\/#breadcrumb"},"inLanguage":"pt-BR","potentialAction":[{"@type":"ReadAction","target":["https:\/\/laboratorios.ufrrj.br\/farmaciaescola\/apresentacao\/"]}]},{"@type":"ImageObject","inLanguage":"pt-BR","@id":"https:\/\/laboratorios.ufrrj.br\/farmaciaescola\/apresentacao\/#primaryimage","url":"https:\/\/laboratorios.ufrrj.br\/farmaciaescola\/wp-content\/uploads\/sites\/32\/2023\/09\/Site.png","contentUrl":"https:\/\/laboratorios.ufrrj.br\/farmaciaescola\/wp-content\/uploads\/sites\/32\/2023\/09\/Site.png","width":1500,"height":500},{"@type":"BreadcrumbList","@id":"https:\/\/laboratorios.ufrrj.br\/farmaciaescola\/apresentacao\/#breadcrumb","itemListElement":[{"@type":"ListItem","position":1,"name":"In\u00edcio","item":"https:\/\/laboratorios.ufrrj.br\/farmaciaescola\/"},{"@type":"ListItem","position":2,"name":"Apresenta\u00e7\u00e3o"}]},{"@type":"WebSite","@id":"https:\/\/laboratorios.ufrrj.br\/farmaciaescola\/#website","url":"https:\/\/laboratorios.ufrrj.br\/farmaciaescola\/","name":"Laborat\u00f3rio Farm\u00e1cia Escola","description":"UFRRJ","potentialAction":[{"@type":"SearchAction","target":{"@type":"EntryPoint","urlTemplate":"https:\/\/laboratorios.ufrrj.br\/farmaciaescola\/?s={search_term_string}"},"query-input":{"@type":"PropertyValueSpecification","valueRequired":true,"valueName":"search_term_string"}}],"inLanguage":"pt-BR"}]}},"_links":{"self":[{"href":"https:\/\/laboratorios.ufrrj.br\/farmaciaescola\/wp-json\/wp\/v2\/pages\/16","targetHints":{"allow":["GET"]}}],"collection":[{"href":"https:\/\/laboratorios.ufrrj.br\/farmaciaescola\/wp-json\/wp\/v2\/pages"}],"about":[{"href":"https:\/\/laboratorios.ufrrj.br\/farmaciaescola\/wp-json\/wp\/v2\/types\/page"}],"author":[{"embeddable":true,"href":"https:\/\/laboratorios.ufrrj.br\/farmaciaescola\/wp-json\/wp\/v2\/users\/9"}],"replies":[{"embeddable":true,"href":"https:\/\/laboratorios.ufrrj.br\/farmaciaescola\/wp-json\/wp\/v2\/comments?post=16"}],"version-history":[{"count":16,"href":"https:\/\/laboratorios.ufrrj.br\/farmaciaescola\/wp-json\/wp\/v2\/pages\/16\/revisions"}],"predecessor-version":[{"id":301,"href":"https:\/\/laboratorios.ufrrj.br\/farmaciaescola\/wp-json\/wp\/v2\/pages\/16\/revisions\/301"}],"wp:attachment":[{"href":"https:\/\/laboratorios.ufrrj.br\/farmaciaescola\/wp-json\/wp\/v2\/media?parent=16"}],"curies":[{"name":"wp","href":"https:\/\/api.w.org\/{rel}","templated":true}]}}