{"id":116,"date":"2022-10-03T16:10:45","date_gmt":"2022-10-03T19:10:45","guid":{"rendered":"https:\/\/laboratorios.ufrrj.br\/climaengeo\/?page_id=116"},"modified":"2022-10-20T21:50:52","modified_gmt":"2022-10-21T00:50:52","slug":"estacao-meteorologica","status":"publish","type":"page","link":"https:\/\/laboratorios.ufrrj.br\/climaengeo\/estacao-meteorologica\/","title":{"rendered":"Esta\u00e7\u00e3o Meteorol\u00f3gica"},"content":{"rendered":"\n<div class=\"wp-block-image\"><figure class=\"aligncenter size-large is-resized\"><img loading=\"lazy\" decoding=\"async\" src=\"https:\/\/laboratorios.ufrrj.br\/climaengeo\/wp-content\/uploads\/sites\/24\/2022\/10\/06-3-1024x577.jpg\" alt=\"\" class=\"wp-image-160\" width=\"661\" height=\"372\" srcset=\"https:\/\/laboratorios.ufrrj.br\/climaengeo\/wp-content\/uploads\/sites\/24\/2022\/10\/06-3-1024x577.jpg 1024w, https:\/\/laboratorios.ufrrj.br\/climaengeo\/wp-content\/uploads\/sites\/24\/2022\/10\/06-3-300x169.jpg 300w, https:\/\/laboratorios.ufrrj.br\/climaengeo\/wp-content\/uploads\/sites\/24\/2022\/10\/06-3-768x433.jpg 768w, https:\/\/laboratorios.ufrrj.br\/climaengeo\/wp-content\/uploads\/sites\/24\/2022\/10\/06-3.jpg 1081w\" sizes=\"auto, (max-width: 661px) 100vw, 661px\" \/><figcaption>Esta\u00e7\u00e3o Meteorol\u00f3gica do IM\/UFRRJ, 2022.<br>Fonte: Cristiane Cardoso.<\/figcaption><\/figure><\/div>\n\n\n\n<h2 class=\"has-text-align-center wp-block-heading\"><strong>Voc\u00ea sabe o que \u00e9 uma esta\u00e7\u00e3o meteorol\u00f3gica?<\/strong><\/h2>\n\n\n<p style=\"text-align: justify\">\u00a0 \u00a0 \u00a0 Uma esta\u00e7\u00e3o meteorol\u00f3gica \u00e9 um equipamento repleto de aparelhos que captam as informa\u00e7\u00f5es sobre o tempo atmosf\u00e9rico Elas captam essas informa\u00e7\u00f5es em tempo real e as armazenam em um banco de dados. Atrav\u00e9s dela podemos realizar a previs\u00e3o do tempo, isto \u00e9, as condi\u00e7\u00f5es do tempo atmosf\u00e9rico para o futuro.<\/p>\n<p style=\"text-align: justify\"><strong>Lembre-se:<\/strong> o tempo atmosf\u00e9rico \u00e9 aquele que sentimos diariamente quando achamos que est\u00e1 frio ou calor, se est\u00e1 chovendo ou n\u00e3o, se tem vento ou temos uma calmaria, quais tipos de nuvens que podemos ver no c\u00e9u\u2026 S\u00e3o as condi\u00e7\u00f5es referentes ao agora, o que est\u00e1 acontecendo.<\/p>\n<p style=\"text-align: justify\">\u00a0 \u00a0 \u00a0 Ent\u00e3o\u2026 o que seria clima? Clima, de forma simples, \u00e9 o padr\u00e3o que o tempo atmosf\u00e9rico demonstra num certo per\u00edodo de tempo em dias, semanas, meses ou anos. As esta\u00e7\u00f5es do ano s\u00e3o um excelente exemplo: no sudeste brasileiro, o ver\u00e3o \u00e9 caracterizado por altas temperaturas e chuvas intensas, que ocorrem em poucas horas (curtos per\u00edodos de tempo). Isso, ao longo de muitos anos, caracteriza nosso clima como tropical \u00famido ou tropical litor\u00e2neo: altas temperaturas e altos \u00edndices pluviom\u00e9tricos (chuvas).<\/p>\n<p style=\"text-align: justify\">\u00a0 \u00a0 \u00a0<strong>Afinal de contas, o que faz uma esta\u00e7\u00e3o meteorol\u00f3gica?<\/strong> Uma esta\u00e7\u00e3o meteorol\u00f3gica possui diversos aparelhos meteorol\u00f3gicos que coletam e armazenam dados e calculam e realizam a previs\u00e3o de ocorr\u00eancias atmosf\u00e9ricas futuras. Uma esta\u00e7\u00e3o meteorol\u00f3gica serve para monitorar o tempo a partir dessas coletas e previs\u00f5es para que se possa compreender melhor o clima local. Ela serve, num geral, para o monitoramento do tempo e para o planejamento das nossas a\u00e7\u00f5es.<\/p>\n<p style=\"text-align: justify\">\u00a0 \u00a0 \u00a0 \u00a0Esse monitoramento nos ajuda a planejar coisas simples como a roupa que vamos vestir ou se vamos carregar um guarda chuva ou \u00f3culos de sol na bolsa e tamb\u00e9m nos ajuda a planejar coisas mais complexas como os alimentos que podemos plantar e colher, as vias urbanas que podemos passar de carro, se \u00e9 poss\u00edvel navegar nos rios, lagos e mares ou voar de avi\u00e3o, se podemos construir uma casa ou edif\u00edcio, e, n\u00e3o menos importante, se podemos estar em um devido local sem risco de vida.<\/p>\n<p style=\"text-align: justify\">\u00a0 \u00a0 \u00a0<strong> Aten\u00e7\u00e3o!<\/strong> Saber a previs\u00e3o do tempo \u00e9 de extrema import\u00e2ncia para que possamos saber se \u00e9 seguro ou n\u00e3o estarmos presentes em um local. Muitos locais alagam em \u00e9pocas de chuva ou correm risco de desabar e saber quando vai chover e a quantidade de chuva que pode ocorrer pode ajudar a salvar vidas!<\/p>\n<h2>\u00a0<\/h2>\n<h2 style=\"text-align: center\"><b>Instrumentos Meteorol\u00f3gicos<\/b><\/h2>\n<p><strong>Term\u00f4metro<\/strong><\/p>\n<p style=\"text-align: justify\"><span style=\"font-weight: 400\">\u00c9 um aparelho que mede a temperatura do ar. No Brasil usamos a escala de oC para registrar essa temperatura.\u00a0<\/span><span style=\"font-weight: 400\">Term\u00f3grafo \u00e9 o instrumento que mede e registra todas as varia\u00e7\u00f5es de temperatura em um gr\u00e1fico, podendo-se verificar os instantes em que ocorreram as temperaturas m\u00e1xima e m\u00ednima (INMET).<\/span><\/p>\n<p><strong>Pluvi\u00f3grafo<\/strong><\/p>\n<p style=\"text-align: justify\"><span style=\"font-weight: 400\">\u00c9 um aparelho que mede a quantidade de chuva. Esse dado \u00e9 importante para ter uma ideia da precipita\u00e7\u00e3o que cai sobre um determinado lugar. Quantos mm choveu num intervalo de 15 minutos, em 1 hora, em 24 horas \u00e9 fundamental para entendermos a din\u00e2mica do lugar e ajudar a popula\u00e7\u00e3o em casos de eventos intensos.<\/span><\/p>\n<p style=\"text-align: justify\"><span style=\"font-weight: 400\">De acordo com Torres (2008), o pluvi\u00f3grafo registra a cada instante de tempo a precipita\u00e7\u00e3o pluvial, informando sobre o total de chuva e a intensidade (mm\/h). \u00c0 medida que o dep\u00f3sito se enche de \u00e1gua, a b\u00f3ia se eleva, acionando uma pena que registra a precipita\u00e7\u00e3o num gr\u00e1fico acoplado em um tambor.\u00a0<\/span><\/p>\n<p><b>\u00c0 t\u00edtulo de conhecimento:<\/b><span style=\"font-weight: 400\"> chuva tamb\u00e9m \u00e9 um tipo de precipita\u00e7\u00e3o e existem outras formas de precipita\u00e7\u00e3o como a neve e o granizo.<\/span><\/p>\n<p style=\"text-align: justify\"><b>Outra quest\u00e3o:<\/b><span style=\"font-weight: 400\"> o que significa 140 mm de chuva num intervalo de 15 minutos, 1 hora, 24 horas, um m\u00eas ou um ano? Num intervalo de 15 minutos, 1 hora ou 24 horas pode se tratar de um evento extremo, algo at\u00edpico numa cidade, pode gerar um caos para as cidades. No intervalo mensal, \u00e9 uma caracter\u00edstica de um clima tropical litor\u00e2neo. J\u00e1 num intervalo anual, pode se tratar de uma \u00e1rea des\u00e9rtica!<\/span><\/p>\n<p><strong>Anem\u00f3grafo<\/strong><\/p>\n<p style=\"text-align: justify\"><span style=\"font-weight: 400\">Segundo Varej\u00e3o (2006), o anem\u00f3grafo tem a finalidade de registrar a velocidade e a dire\u00e7\u00e3o do vento de forma simult\u00e2nea.<\/span><\/p>\n<p><strong>Bar\u00f3grafo<\/strong><\/p>\n<p style=\"text-align: justify\"><span style=\"font-weight: 400\">O bar\u00f3grafo \u00e9 um instrumento que registra continuamente a press\u00e3o atmosf\u00e9rica em mil\u00edmetros de merc\u00fario ou em milibares(TORRES, 2008).<\/span><\/p>\n<p><span style=\"font-weight: 400\"><strong>Higr\u00f3grafo<\/strong> &#8211; sensor de humidade relativa do ar<\/span><\/p>\n<p style=\"text-align: justify\"><span style=\"font-weight: 400\">De acordo com Varej\u00e3o (2006), o higr\u00f3grafo \u00e9 o instrumento que permite obter diretamente a umidade relativa do ar atrav\u00e9s de um sistema de alavanca que aciona um suporte de pena registradora que se move sobre um tambor rotativo.<\/span><\/p>\n<p><strong>Temohig\u00f3grafo<\/strong><\/p>\n<p style=\"text-align: justify\"><span style=\"font-weight: 400\">Registra, simultaneamente, a temperatura (\u00b0C) e a umidade relativa do ar (%).(INMET). Os termohigr\u00f3grafos s\u00e3o instrumentos mec\u00e2nicos duplos, isto \u00e9, possuem um sensor de umidade, que funciona exatamente como no caso anterior, al\u00e9m de um sensor de temperatura, normalmente uma l\u00e2mina bimet\u00e1lica,curva.(VAREJ\u00c3O, 2006).<\/span><\/p>\n<p><strong>REFER\u00caNCIAS:<\/strong><\/p>\n<p><span style=\"font-weight: 400\">Manual do Observador Meteorol\u00f3gico.3\u00b0 ed.. (Niter\u00f3i, RJ). A Diretoria, 2015.<\/span><\/p>\n<p style=\"text-align: justify\"><span style=\"font-weight: 400\">SOBRE METEOROLOGIA. INMET, 2022. Dispon\u00edvel em: &lt;https:\/\/portal.inmet.gov.br\/sobre-meteorologia&gt;. Acesso em: 28 de setembro de 2022.<\/span><\/p>\n<p><span style=\"font-weight: 400\">TORRES, F. T. P. ; MACHADO, P. J. O. . Introdu\u00e7\u00e3o \u00e0 Climatologia. Ub\u00e1: Geographica, 2008.<\/span><\/p>\n<p><span style=\"font-weight: 400\">VAREJ\u00c3O-SILVA, M\u00e1rio Adelmo . Meteorologia e Climatologia Vers\u00e3o Digital 2. , 2006.<\/span><\/p>\n\n<div class=\"has-text-align-right wp-block-post-date\"><time datetime=\"2022-10-03T16:10:45-03:00\">3 de outubro de 2022<\/time><\/div>\n\n\n<ul class=\"wp-block-social-links is-layout-flex wp-block-social-links-is-layout-flex\"><li class=\"wp-social-link wp-social-link-instagram  wp-block-social-link\"><a href=\"https:\/\/www.instagram.com\/geia_ufrrj\/\" class=\"wp-block-social-link-anchor\"><svg width=\"24\" height=\"24\" viewBox=\"0 0 24 24\" version=\"1.1\" xmlns=\"http:\/\/www.w3.org\/2000\/svg\" aria-hidden=\"true\" focusable=\"false\"><path d=\"M12,4.622c2.403,0,2.688,0.009,3.637,0.052c0.877,0.04,1.354,0.187,1.671,0.31c0.42,0.163,0.72,0.358,1.035,0.673 c0.315,0.315,0.51,0.615,0.673,1.035c0.123,0.317,0.27,0.794,0.31,1.671c0.043,0.949,0.052,1.234,0.052,3.637 s-0.009,2.688-0.052,3.637c-0.04,0.877-0.187,1.354-0.31,1.671c-0.163,0.42-0.358,0.72-0.673,1.035 c-0.315,0.315-0.615,0.51-1.035,0.673c-0.317,0.123-0.794,0.27-1.671,0.31c-0.949,0.043-1.233,0.052-3.637,0.052 s-2.688-0.009-3.637-0.052c-0.877-0.04-1.354-0.187-1.671-0.31c-0.42-0.163-0.72-0.358-1.035-0.673 c-0.315-0.315-0.51-0.615-0.673-1.035c-0.123-0.317-0.27-0.794-0.31-1.671C4.631,14.688,4.622,14.403,4.622,12 s0.009-2.688,0.052-3.637c0.04-0.877,0.187-1.354,0.31-1.671c0.163-0.42,0.358-0.72,0.673-1.035 c0.315-0.315,0.615-0.51,1.035-0.673c0.317-0.123,0.794-0.27,1.671-0.31C9.312,4.631,9.597,4.622,12,4.622 M12,3 C9.556,3,9.249,3.01,8.289,3.054C7.331,3.098,6.677,3.25,6.105,3.472C5.513,3.702,5.011,4.01,4.511,4.511 c-0.5,0.5-0.808,1.002-1.038,1.594C3.25,6.677,3.098,7.331,3.054,8.289C3.01,9.249,3,9.556,3,12c0,2.444,0.01,2.751,0.054,3.711 c0.044,0.958,0.196,1.612,0.418,2.185c0.23,0.592,0.538,1.094,1.038,1.594c0.5,0.5,1.002,0.808,1.594,1.038 c0.572,0.222,1.227,0.375,2.185,0.418C9.249,20.99,9.556,21,12,21s2.751-0.01,3.711-0.054c0.958-0.044,1.612-0.196,2.185-0.418 c0.592-0.23,1.094-0.538,1.594-1.038c0.5-0.5,0.808-1.002,1.038-1.594c0.222-0.572,0.375-1.227,0.418-2.185 C20.99,14.751,21,14.444,21,12s-0.01-2.751-0.054-3.711c-0.044-0.958-0.196-1.612-0.418-2.185c-0.23-0.592-0.538-1.094-1.038-1.594 c-0.5-0.5-1.002-0.808-1.594-1.038c-0.572-0.222-1.227-0.375-2.185-0.418C14.751,3.01,14.444,3,12,3L12,3z M12,7.378 c-2.552,0-4.622,2.069-4.622,4.622S9.448,16.622,12,16.622s4.622-2.069,4.622-4.622S14.552,7.378,12,7.378z M12,15 c-1.657,0-3-1.343-3-3s1.343-3,3-3s3,1.343,3,3S13.657,15,12,15z M16.804,6.116c-0.596,0-1.08,0.484-1.08,1.08 s0.484,1.08,1.08,1.08c0.596,0,1.08-0.484,1.08-1.08S17.401,6.116,16.804,6.116z\"><\/path><\/svg><span class=\"wp-block-social-link-label screen-reader-text\">Instagram<\/span><\/a><\/li>\n\n<li class=\"wp-social-link wp-social-link-youtube  wp-block-social-link\"><a href=\"https:\/\/www.youtube.com\/c\/geiaufrrj\" class=\"wp-block-social-link-anchor\"><svg width=\"24\" height=\"24\" viewBox=\"0 0 24 24\" version=\"1.1\" xmlns=\"http:\/\/www.w3.org\/2000\/svg\" aria-hidden=\"true\" focusable=\"false\"><path d=\"M21.8,8.001c0,0-0.195-1.378-0.795-1.985c-0.76-0.797-1.613-0.801-2.004-0.847c-2.799-0.202-6.997-0.202-6.997-0.202 h-0.009c0,0-4.198,0-6.997,0.202C4.608,5.216,3.756,5.22,2.995,6.016C2.395,6.623,2.2,8.001,2.2,8.001S2,9.62,2,11.238v1.517 c0,1.618,0.2,3.237,0.2,3.237s0.195,1.378,0.795,1.985c0.761,0.797,1.76,0.771,2.205,0.855c1.6,0.153,6.8,0.201,6.8,0.201 s4.203-0.006,7.001-0.209c0.391-0.047,1.243-0.051,2.004-0.847c0.6-0.607,0.795-1.985,0.795-1.985s0.2-1.618,0.2-3.237v-1.517 C22,9.62,21.8,8.001,21.8,8.001z M9.935,14.594l-0.001-5.62l5.404,2.82L9.935,14.594z\"><\/path><\/svg><span class=\"wp-block-social-link-label screen-reader-text\">Youtube<\/span><\/a><\/li><\/ul>\n","protected":false},"excerpt":{"rendered":"<p>Voc\u00ea sabe o que \u00e9 uma esta\u00e7\u00e3o meteorol\u00f3gica? \u00a0 \u00a0 \u00a0 Uma esta\u00e7\u00e3o meteorol\u00f3gica \u00e9 um equipamento repleto de aparelhos <a class=\"read-more\" href=\"https:\/\/laboratorios.ufrrj.br\/climaengeo\/estacao-meteorologica\/ \" >&#8230; <span class=\"font-italic\">leia mais <i class=\"fas fa-angle-right\"><\/i><\/span><\/a><\/p>\n","protected":false},"author":26,"featured_media":0,"parent":0,"menu_order":0,"comment_status":"closed","ping_status":"closed","template":"","meta":{"_acf_changed":false,"footnotes":""},"class_list":["post-116","page","type-page","status-publish","hentry"],"acf":[],"yoast_head":"<!-- This site is optimized with the Yoast SEO plugin v26.8 - https:\/\/yoast.com\/product\/yoast-seo-wordpress\/ -->\n<title>Esta\u00e7\u00e3o Meteorol\u00f3gica - Laborat\u00f3rio de Climatologia e Ensino de Geografia - ClimaEnGeo<\/title>\n<meta name=\"robots\" content=\"index, follow, max-snippet:-1, max-image-preview:large, max-video-preview:-1\" \/>\n<link rel=\"canonical\" href=\"https:\/\/laboratorios.ufrrj.br\/climaengeo\/estacao-meteorologica\/\" \/>\n<meta property=\"og:locale\" content=\"pt_BR\" \/>\n<meta property=\"og:type\" content=\"article\" \/>\n<meta property=\"og:title\" content=\"Esta\u00e7\u00e3o Meteorol\u00f3gica - Laborat\u00f3rio de Climatologia e Ensino de Geografia - ClimaEnGeo\" \/>\n<meta property=\"og:description\" content=\"Voc\u00ea sabe o que \u00e9 uma esta\u00e7\u00e3o meteorol\u00f3gica? \u00a0 \u00a0 \u00a0 Uma esta\u00e7\u00e3o meteorol\u00f3gica \u00e9 um equipamento repleto de aparelhos ... leia mais\" \/>\n<meta property=\"og:url\" content=\"https:\/\/laboratorios.ufrrj.br\/climaengeo\/estacao-meteorologica\/\" \/>\n<meta property=\"og:site_name\" content=\"Laborat\u00f3rio de Climatologia e Ensino de Geografia - ClimaEnGeo\" \/>\n<meta property=\"article:modified_time\" content=\"2022-10-21T00:50:52+00:00\" \/>\n<meta property=\"og:image\" content=\"https:\/\/laboratorios.ufrrj.br\/climaengeo\/wp-content\/uploads\/sites\/24\/2022\/10\/06-3.jpg\" \/>\n\t<meta property=\"og:image:width\" content=\"1081\" \/>\n\t<meta property=\"og:image:height\" content=\"609\" \/>\n\t<meta property=\"og:image:type\" content=\"image\/jpeg\" \/>\n<meta name=\"twitter:card\" content=\"summary_large_image\" \/>\n<meta name=\"twitter:label1\" content=\"Est. tempo de leitura\" \/>\n\t<meta name=\"twitter:data1\" content=\"5 minutos\" \/>\n<script type=\"application\/ld+json\" class=\"yoast-schema-graph\">{\"@context\":\"https:\/\/schema.org\",\"@graph\":[{\"@type\":\"WebPage\",\"@id\":\"https:\/\/laboratorios.ufrrj.br\/climaengeo\/estacao-meteorologica\/\",\"url\":\"https:\/\/laboratorios.ufrrj.br\/climaengeo\/estacao-meteorologica\/\",\"name\":\"Esta\u00e7\u00e3o Meteorol\u00f3gica - Laborat\u00f3rio de Climatologia e Ensino de Geografia - ClimaEnGeo\",\"isPartOf\":{\"@id\":\"https:\/\/laboratorios.ufrrj.br\/climaengeo\/#website\"},\"primaryImageOfPage\":{\"@id\":\"https:\/\/laboratorios.ufrrj.br\/climaengeo\/estacao-meteorologica\/#primaryimage\"},\"image\":{\"@id\":\"https:\/\/laboratorios.ufrrj.br\/climaengeo\/estacao-meteorologica\/#primaryimage\"},\"thumbnailUrl\":\"https:\/\/laboratorios.ufrrj.br\/climaengeo\/wp-content\/uploads\/sites\/24\/2022\/10\/06-3-1024x577.jpg\",\"datePublished\":\"2022-10-03T19:10:45+00:00\",\"dateModified\":\"2022-10-21T00:50:52+00:00\",\"breadcrumb\":{\"@id\":\"https:\/\/laboratorios.ufrrj.br\/climaengeo\/estacao-meteorologica\/#breadcrumb\"},\"inLanguage\":\"pt-BR\",\"potentialAction\":[{\"@type\":\"ReadAction\",\"target\":[\"https:\/\/laboratorios.ufrrj.br\/climaengeo\/estacao-meteorologica\/\"]}]},{\"@type\":\"ImageObject\",\"inLanguage\":\"pt-BR\",\"@id\":\"https:\/\/laboratorios.ufrrj.br\/climaengeo\/estacao-meteorologica\/#primaryimage\",\"url\":\"https:\/\/laboratorios.ufrrj.br\/climaengeo\/wp-content\/uploads\/sites\/24\/2022\/10\/06-3.jpg\",\"contentUrl\":\"https:\/\/laboratorios.ufrrj.br\/climaengeo\/wp-content\/uploads\/sites\/24\/2022\/10\/06-3.jpg\",\"width\":1081,\"height\":609},{\"@type\":\"BreadcrumbList\",\"@id\":\"https:\/\/laboratorios.ufrrj.br\/climaengeo\/estacao-meteorologica\/#breadcrumb\",\"itemListElement\":[{\"@type\":\"ListItem\",\"position\":1,\"name\":\"In\u00edcio\",\"item\":\"https:\/\/laboratorios.ufrrj.br\/climaengeo\/\"},{\"@type\":\"ListItem\",\"position\":2,\"name\":\"Esta\u00e7\u00e3o Meteorol\u00f3gica\"}]},{\"@type\":\"WebSite\",\"@id\":\"https:\/\/laboratorios.ufrrj.br\/climaengeo\/#website\",\"url\":\"https:\/\/laboratorios.ufrrj.br\/climaengeo\/\",\"name\":\"Laborat\u00f3rio de Climatologia e Ensino de Geografia - ClimaEnGeo\",\"description\":\"Campus Nova Igua\u00e7u \u2013 UFRRJ\",\"potentialAction\":[{\"@type\":\"SearchAction\",\"target\":{\"@type\":\"EntryPoint\",\"urlTemplate\":\"https:\/\/laboratorios.ufrrj.br\/climaengeo\/?s={search_term_string}\"},\"query-input\":{\"@type\":\"PropertyValueSpecification\",\"valueRequired\":true,\"valueName\":\"search_term_string\"}}],\"inLanguage\":\"pt-BR\"}]}<\/script>\n<!-- \/ Yoast SEO plugin. -->","yoast_head_json":{"title":"Esta\u00e7\u00e3o Meteorol\u00f3gica - Laborat\u00f3rio de Climatologia e Ensino de Geografia - ClimaEnGeo","robots":{"index":"index","follow":"follow","max-snippet":"max-snippet:-1","max-image-preview":"max-image-preview:large","max-video-preview":"max-video-preview:-1"},"canonical":"https:\/\/laboratorios.ufrrj.br\/climaengeo\/estacao-meteorologica\/","og_locale":"pt_BR","og_type":"article","og_title":"Esta\u00e7\u00e3o Meteorol\u00f3gica - Laborat\u00f3rio de Climatologia e Ensino de Geografia - ClimaEnGeo","og_description":"Voc\u00ea sabe o que \u00e9 uma esta\u00e7\u00e3o meteorol\u00f3gica? \u00a0 \u00a0 \u00a0 Uma esta\u00e7\u00e3o meteorol\u00f3gica \u00e9 um equipamento repleto de aparelhos ... leia mais","og_url":"https:\/\/laboratorios.ufrrj.br\/climaengeo\/estacao-meteorologica\/","og_site_name":"Laborat\u00f3rio de Climatologia e Ensino de Geografia - ClimaEnGeo","article_modified_time":"2022-10-21T00:50:52+00:00","og_image":[{"width":1081,"height":609,"url":"https:\/\/laboratorios.ufrrj.br\/climaengeo\/wp-content\/uploads\/sites\/24\/2022\/10\/06-3.jpg","type":"image\/jpeg"}],"twitter_card":"summary_large_image","twitter_misc":{"Est. tempo de leitura":"5 minutos"},"schema":{"@context":"https:\/\/schema.org","@graph":[{"@type":"WebPage","@id":"https:\/\/laboratorios.ufrrj.br\/climaengeo\/estacao-meteorologica\/","url":"https:\/\/laboratorios.ufrrj.br\/climaengeo\/estacao-meteorologica\/","name":"Esta\u00e7\u00e3o Meteorol\u00f3gica - Laborat\u00f3rio de Climatologia e Ensino de Geografia - ClimaEnGeo","isPartOf":{"@id":"https:\/\/laboratorios.ufrrj.br\/climaengeo\/#website"},"primaryImageOfPage":{"@id":"https:\/\/laboratorios.ufrrj.br\/climaengeo\/estacao-meteorologica\/#primaryimage"},"image":{"@id":"https:\/\/laboratorios.ufrrj.br\/climaengeo\/estacao-meteorologica\/#primaryimage"},"thumbnailUrl":"https:\/\/laboratorios.ufrrj.br\/climaengeo\/wp-content\/uploads\/sites\/24\/2022\/10\/06-3-1024x577.jpg","datePublished":"2022-10-03T19:10:45+00:00","dateModified":"2022-10-21T00:50:52+00:00","breadcrumb":{"@id":"https:\/\/laboratorios.ufrrj.br\/climaengeo\/estacao-meteorologica\/#breadcrumb"},"inLanguage":"pt-BR","potentialAction":[{"@type":"ReadAction","target":["https:\/\/laboratorios.ufrrj.br\/climaengeo\/estacao-meteorologica\/"]}]},{"@type":"ImageObject","inLanguage":"pt-BR","@id":"https:\/\/laboratorios.ufrrj.br\/climaengeo\/estacao-meteorologica\/#primaryimage","url":"https:\/\/laboratorios.ufrrj.br\/climaengeo\/wp-content\/uploads\/sites\/24\/2022\/10\/06-3.jpg","contentUrl":"https:\/\/laboratorios.ufrrj.br\/climaengeo\/wp-content\/uploads\/sites\/24\/2022\/10\/06-3.jpg","width":1081,"height":609},{"@type":"BreadcrumbList","@id":"https:\/\/laboratorios.ufrrj.br\/climaengeo\/estacao-meteorologica\/#breadcrumb","itemListElement":[{"@type":"ListItem","position":1,"name":"In\u00edcio","item":"https:\/\/laboratorios.ufrrj.br\/climaengeo\/"},{"@type":"ListItem","position":2,"name":"Esta\u00e7\u00e3o Meteorol\u00f3gica"}]},{"@type":"WebSite","@id":"https:\/\/laboratorios.ufrrj.br\/climaengeo\/#website","url":"https:\/\/laboratorios.ufrrj.br\/climaengeo\/","name":"Laborat\u00f3rio de Climatologia e Ensino de Geografia - ClimaEnGeo","description":"Campus Nova Igua\u00e7u \u2013 UFRRJ","potentialAction":[{"@type":"SearchAction","target":{"@type":"EntryPoint","urlTemplate":"https:\/\/laboratorios.ufrrj.br\/climaengeo\/?s={search_term_string}"},"query-input":{"@type":"PropertyValueSpecification","valueRequired":true,"valueName":"search_term_string"}}],"inLanguage":"pt-BR"}]}},"_links":{"self":[{"href":"https:\/\/laboratorios.ufrrj.br\/climaengeo\/wp-json\/wp\/v2\/pages\/116","targetHints":{"allow":["GET"]}}],"collection":[{"href":"https:\/\/laboratorios.ufrrj.br\/climaengeo\/wp-json\/wp\/v2\/pages"}],"about":[{"href":"https:\/\/laboratorios.ufrrj.br\/climaengeo\/wp-json\/wp\/v2\/types\/page"}],"author":[{"embeddable":true,"href":"https:\/\/laboratorios.ufrrj.br\/climaengeo\/wp-json\/wp\/v2\/users\/26"}],"replies":[{"embeddable":true,"href":"https:\/\/laboratorios.ufrrj.br\/climaengeo\/wp-json\/wp\/v2\/comments?post=116"}],"version-history":[{"count":5,"href":"https:\/\/laboratorios.ufrrj.br\/climaengeo\/wp-json\/wp\/v2\/pages\/116\/revisions"}],"predecessor-version":[{"id":194,"href":"https:\/\/laboratorios.ufrrj.br\/climaengeo\/wp-json\/wp\/v2\/pages\/116\/revisions\/194"}],"wp:attachment":[{"href":"https:\/\/laboratorios.ufrrj.br\/climaengeo\/wp-json\/wp\/v2\/media?parent=116"}],"curies":[{"name":"wp","href":"https:\/\/api.w.org\/{rel}","templated":true}]}}